{"id":4664,"date":"2025-03-09T13:31:53","date_gmt":"2025-03-09T13:31:53","guid":{"rendered":"https:\/\/artstella-elixirs-floraux.com\/product\/ets-plantes-59-1-ml\/"},"modified":"2025-04-05T14:43:42","modified_gmt":"2025-04-05T14:43:42","slug":"ets-plantes-59-1-ml","status":"publish","type":"product","link":"https:\/\/artstella-elixirs-floraux.com\/en\/product\/ets-plantes-59-1-ml\/","title":{"rendered":"ETS+ PLANTES 59.1 ML"},"content":{"rendered":"<p><strong>Ingr\u00e9dients\u00a0:<\/strong><\/p>\n<p>. Infusion solaire du sch\u00e9ma\u00a0 \u00ab\u00a0Urgence Plantes \u00bb<\/p>\n<p>. Eau de source<\/p>\n<p>. Alcool de raisin 19.88%<\/p>\n<p>\u00a0<\/p>\n<p><strong>Pr\u00e9sentataion\u00a0<\/strong>: Flacon verre brun 59,1ml + pipette compte-gouttes<\/p>\n<p>\u00a0<\/p>\n<p><strong>Utilisation\u00a0:<\/strong>\u00a0\u00a033 gouttes pour 5 litres d\u2019eau (pour l\u2019arrosage, l\u2019enracinement ou pour une pulv\u00e9risation foliaire), 9 gouttes pour 1 litre d\u2019eau, 6 gouttes pour un demi litre d\u2019eau, 3 gouttes pour un quart litre d\u2019eau.<\/p>\n<p>\u00a0<\/p>\n<p>Fabriqu\u00e9 par Perelandra Ltd \u2013 Virginie &#8211; USA<\/p>\n<p>Import\u00e9 par Jardins Cocr\u00e9atifs \u2013 15 rue Dumeau \u2013 33210 Langon<\/p>","protected":false},"excerpt":{"rendered":"<p>ETS+ PLANTES 60 ML<\/p>\n<p>Pr\u00e9paration \u00e9labor\u00e9e pour r\u00e9pondre aux situations d&rsquo;urgence des v\u00e9g\u00e9taux (plantes, arbres, fleurs&#8230;)<\/p>","protected":false},"featured_media":4665,"template":"","meta":[],"product_brand":[],"product_cat":[160],"product_tag":[],"class_list":{"0":"post-4664","1":"product","2":"type-product","3":"status-publish","4":"has-post-thumbnail","6":"product_cat-les-elixirs-ets","8":"first","9":"instock","10":"taxable","11":"shipping-taxable","12":"purchasable","13":"product-type-simple"},"etheme_brands":{"errors":{"invalid_taxonomy":["Invalid taxonomy."]},"error_data":[]},"jetpack_sharing_enabled":true,"jetpack-related-posts":[{"id":4668,"url":"https:\/\/artstella-elixirs-floraux.com\/en\/product\/ets-sol-59-1-ml\/","url_meta":{"origin":4664,"position":0},"title":"ETS+ SOL 59.1 ML","author":"eveapprill","date":"9 March 2025","format":false,"excerpt":"ETS+ SOL 60 ML Pr\u00e9paration \u00e9labor\u00e9e pour r\u00e9pondre aux situations d'urgence de la terre","rel":"","context":"Similar post","block_context":{"text":"Similar post","link":""},"img":{"alt_text":"","src":"https:\/\/i0.wp.com\/artstella-elixirs-floraux.com\/wp-content\/uploads\/2025\/03\/wp-image1264.png?resize=350%2C200&ssl=1","width":350,"height":200},"classes":[]},{"id":4666,"url":"https:\/\/artstella-elixirs-floraux.com\/en\/product\/ets-sol-14-9-ml\/","url_meta":{"origin":4664,"position":1},"title":"ETS+ SOL 14.9 ML","author":"eveapprill","date":"9 March 2025","format":false,"excerpt":"ETS+ SOL 14.9 ML Pr\u00e9paration \u00e9labor\u00e9e pour r\u00e9pondre aux situations d'urgence de la terre \u00a0 \u00a0","rel":"","context":"Similar post","block_context":{"text":"Similar post","link":""},"img":{"alt_text":"","src":"https:\/\/i0.wp.com\/artstella-elixirs-floraux.com\/wp-content\/uploads\/2025\/03\/wp-image1263.png?resize=350%2C200&ssl=1","width":350,"height":200},"classes":[]},{"id":4658,"url":"https:\/\/artstella-elixirs-floraux.com\/en\/product\/ets-humains-59-1-ml\/","url_meta":{"origin":4664,"position":2},"title":"ETS+ HUMAINS 59.1 ML","author":"eveapprill","date":"9 March 2025","format":false,"excerpt":"ETS+ HUMAINS 60 ML Equilibrer et stabiliser les quatre plans humains dans les situations perturbantes","rel":"","context":"Similar post","block_context":{"text":"Similar post","link":""},"img":{"alt_text":"","src":"https:\/\/i0.wp.com\/artstella-elixirs-floraux.com\/wp-content\/uploads\/2025\/03\/wp-image1259.png?resize=350%2C200&ssl=1","width":350,"height":200},"classes":[]},{"id":4660,"url":"https:\/\/artstella-elixirs-floraux.com\/en\/product\/ets-humains-14-2-ml\/","url_meta":{"origin":4664,"position":3},"title":"ETS+ HUMAINS 14.2 ML","author":"eveapprill","date":"9 March 2025","format":false,"excerpt":"ETS+ HUMAINS 14.2 ML","rel":"","context":"Similar post","block_context":{"text":"Similar post","link":""},"img":{"alt_text":"","src":"https:\/\/i0.wp.com\/artstella-elixirs-floraux.com\/wp-content\/uploads\/2025\/03\/wp-image1260.png?resize=350%2C200&ssl=1","width":350,"height":200},"classes":[]},{"id":4662,"url":"https:\/\/artstella-elixirs-floraux.com\/en\/product\/ets-animaux-14-2-ml\/","url_meta":{"origin":4664,"position":4},"title":"ETS+ ANIMAUX 14.2 ML","author":"eveapprill","date":"9 March 2025","format":false,"excerpt":"ETS+ ANIMAUX 14.2 ML Equilibrer et stabiliser les quatre plans de l'animal dans les situations perturbantes","rel":"","context":"Similar post","block_context":{"text":"Similar post","link":""},"img":{"alt_text":"","src":"https:\/\/i0.wp.com\/artstella-elixirs-floraux.com\/wp-content\/uploads\/2025\/03\/wp-image1261.png?resize=350%2C200&ssl=1","width":350,"height":200},"classes":[]},{"id":6135,"url":"https:\/\/artstella-elixirs-floraux.com\/en\/product\/ets-animaux-59-1-ml-perelandra\/","url_meta":{"origin":4664,"position":5},"title":"ETS + ANIMAUX 59.1 ML PERELANDRA","author":"eveapprill","date":"9 March 2025","format":false,"excerpt":"Equilibrer et stabiliser les quatre plans de l'animal dans les situations perturbantes","rel":"","context":"Similar post","block_context":{"text":"Similar post","link":""},"img":{"alt_text":"","src":"https:\/\/i0.wp.com\/artstella-elixirs-floraux.com\/wp-content\/uploads\/2025\/03\/wp-image2150.png?resize=350%2C200&ssl=1","width":350,"height":200,"srcset":"https:\/\/i0.wp.com\/artstella-elixirs-floraux.com\/wp-content\/uploads\/2025\/03\/wp-image2150.png?resize=350%2C200&ssl=1 1x, https:\/\/i0.wp.com\/artstella-elixirs-floraux.com\/wp-content\/uploads\/2025\/03\/wp-image2150.png?resize=525%2C300&ssl=1 1.5x, https:\/\/i0.wp.com\/artstella-elixirs-floraux.com\/wp-content\/uploads\/2025\/03\/wp-image2150.png?resize=700%2C400&ssl=1 2x"},"classes":[]}],"_links":{"self":[{"href":"https:\/\/artstella-elixirs-floraux.com\/en\/wp-json\/wp\/v2\/product\/4664","targetHints":{"allow":["GET"]}}],"collection":[{"href":"https:\/\/artstella-elixirs-floraux.com\/en\/wp-json\/wp\/v2\/product"}],"about":[{"href":"https:\/\/artstella-elixirs-floraux.com\/en\/wp-json\/wp\/v2\/types\/product"}],"version-history":[{"count":0,"href":"https:\/\/artstella-elixirs-floraux.com\/en\/wp-json\/wp\/v2\/product\/4664\/revisions"}],"wp:featuredmedia":[{"embeddable":true,"href":"https:\/\/artstella-elixirs-floraux.com\/en\/wp-json\/wp\/v2\/media\/4665"}],"wp:attachment":[{"href":"https:\/\/artstella-elixirs-floraux.com\/en\/wp-json\/wp\/v2\/media?parent=4664"}],"wp:term":[{"taxonomy":"product_brand","embeddable":true,"href":"https:\/\/artstella-elixirs-floraux.com\/en\/wp-json\/wp\/v2\/product_brand?post=4664"},{"taxonomy":"product_cat","embeddable":true,"href":"https:\/\/artstella-elixirs-floraux.com\/en\/wp-json\/wp\/v2\/product_cat?post=4664"},{"taxonomy":"product_tag","embeddable":true,"href":"https:\/\/artstella-elixirs-floraux.com\/en\/wp-json\/wp\/v2\/product_tag?post=4664"}],"curies":[{"name":"wp","href":"https:\/\/api.w.org\/{rel}","templated":true}]}}