{"id":4676,"date":"2025-03-09T13:32:02","date_gmt":"2025-03-09T13:32:02","guid":{"rendered":"https:\/\/artstella-elixirs-floraux.com\/product\/coffret-perelandra-garden-essences\/"},"modified":"2025-09-01T20:06:56","modified_gmt":"2025-09-01T20:06:56","slug":"coffret-perelandra-garden-essences","status":"publish","type":"product","link":"https:\/\/artstella-elixirs-floraux.com\/en\/product\/coffret-perelandra-garden-essences\/","title":{"rendered":"COFFRET PERELANDRA GARDEN ESSENCES"},"content":{"rendered":"<p><strong>Coffert de 18 essences Perelandra\u00a0<\/strong>:\u00a0Broccoli, Cauliflower, Celery, Chives, Comfrey, Corn, Cucumber, Dill, Nasturtium, Okra, Salvia, Snap pea, Summer squash, Sweet bell pepper, Tomato, Yellow yarrow, Zinnia, Zuchinni.<\/p>\n<p><strong>Ingr\u00e9dients :<\/strong>\u00a0Eau dynamis\u00e9e+ infusion solaire de Celery, Chives, Comfrey, Corn, Cucumber, Dill, Nasturtium, Okra, Salvia, Snap Pea, Summer squash, Swett Bell Pepper, Tomato, Yellow Yarrow, Zinnia, Zuchini\u00a0 + alcool de raisin 13.3%.<\/p>\n<p><strong>Utilisation :<\/strong>\u00a01 \u00e0 2 gouttes \u00e0 chaque prise.<\/p>\n<p><strong>Contenance :<\/strong>\u00a018 flacons en verre brun de 14,2ml + pipette\u00a0compte-gouttes<\/p>\n<p>Fabricant: Perelandra Ltd &#8211; VIRGINIE USA<\/p>","protected":false},"excerpt":{"rendered":"<p>COFFRET PERELANDRA GARDEN ESSENCES<\/p>\n<p>Jeu de 18 essences (14.2ml) \u00e0 base de fleurs de l\u00e9gumes, fleurs ornementales et aromatiques d\u00e9vellop\u00e9es dans le jardin de Perelandra.<\/p>","protected":false},"featured_media":4677,"template":"","meta":[],"product_brand":[],"product_cat":[113,327],"product_tag":[],"class_list":{"0":"post-4676","1":"product","2":"type-product","3":"status-publish","4":"has-post-thumbnail","6":"product_cat-les-elixirs-de-jardin","7":"product_cat-coffrets-perelandra","9":"first","10":"instock","11":"taxable","12":"shipping-taxable","13":"purchasable","14":"product-type-simple"},"etheme_brands":{"errors":{"invalid_taxonomy":["Invalid taxonomy."]},"error_data":[]},"jetpack_sharing_enabled":true,"jetpack-related-posts":[{"id":4680,"url":"https:\/\/artstella-elixirs-floraux.com\/en\/product\/coffret-roses-2-perelandra\/","url_meta":{"origin":4676,"position":0},"title":"COFFRET ROSES 2 PERELANDRA","author":"eveapprill","date":"9 March 2025","format":false,"excerpt":"COFFRET ROSES 2 PERELANDRA Coffret de 8 flacons de Rose II Essences","rel":"","context":"Similar post","block_context":{"text":"Similar post","link":""},"img":{"alt_text":"","src":"https:\/\/i0.wp.com\/artstella-elixirs-floraux.com\/wp-content\/uploads\/2025\/03\/wp-image1270.png?resize=350%2C200&ssl=1","width":350,"height":200},"classes":[]},{"id":4678,"url":"https:\/\/artstella-elixirs-floraux.com\/en\/product\/coffret-roses-1-perelandra-15-ml\/","url_meta":{"origin":4676,"position":1},"title":"COFFRET ROSES 1 PERELANDRA 15 ML","author":"eveapprill","date":"9 March 2025","format":false,"excerpt":"COFFRET ROSES 1 PERELANDRA 15 ML 8 flacons de 14.2ml de Rose I Essences","rel":"","context":"Similar post","block_context":{"text":"Similar post","link":""},"img":{"alt_text":"","src":"https:\/\/i0.wp.com\/artstella-elixirs-floraux.com\/wp-content\/uploads\/2025\/03\/wp-image1269.png?resize=350%2C200&ssl=1","width":350,"height":200},"classes":[]},{"id":4682,"url":"https:\/\/artstella-elixirs-floraux.com\/en\/product\/nature-program-essence-coffret\/","url_meta":{"origin":4676,"position":2},"title":"NATURE PROGRAM ESSENCE COFFRET","author":"eveapprill","date":"9 March 2025","format":false,"excerpt":"NATURE PROGRAM ESSENCE COFFRET Coffret de 9 flacons de 14.2ml","rel":"","context":"Similar post","block_context":{"text":"Similar post","link":""},"img":{"alt_text":"","src":"https:\/\/i0.wp.com\/artstella-elixirs-floraux.com\/wp-content\/uploads\/2025\/03\/wp-image1271.png?resize=350%2C200&ssl=1","width":350,"height":200},"classes":[]},{"id":4674,"url":"https:\/\/artstella-elixirs-floraux.com\/en\/product\/perelandra-roses-ii-15ml\/","url_meta":{"origin":4676,"position":3},"title":"PERELANDRA ROSES II 15ML","author":"eveapprill","date":"27 May 2025","format":false,"excerpt":"PERELANDRA ROSES II 15ML Coffret de 8 flacons de Rose II Essences","rel":"","context":"Similar post","block_context":{"text":"Similar post","link":""},"img":{"alt_text":"","src":"https:\/\/i0.wp.com\/artstella-elixirs-floraux.com\/wp-content\/uploads\/2025\/03\/wp-image1267.png?resize=350%2C200&ssl=1","width":350,"height":200},"classes":[]},{"id":4684,"url":"https:\/\/artstella-elixirs-floraux.com\/en\/product\/coffret-soul-ray\/","url_meta":{"origin":4676,"position":4},"title":"COFFRET SOUL RAY","author":"eveapprill","date":"9 March 2025","format":false,"excerpt":"COFFRET SOUL RAY Coffret de 8 flacons de Soul Ray Essences","rel":"","context":"Similar post","block_context":{"text":"Similar post","link":""},"img":{"alt_text":"","src":"https:\/\/i0.wp.com\/artstella-elixirs-floraux.com\/wp-content\/uploads\/2025\/03\/wp-image1272.png?resize=350%2C200&ssl=1","width":350,"height":200},"classes":[]},{"id":4762,"url":"https:\/\/artstella-elixirs-floraux.com\/en\/product\/snap-pea-14-2ml-npe\/","url_meta":{"origin":4676,"position":5},"title":"SNAP PEA 14.2ML NPE","author":"eveapprill","date":"9 March 2025","format":false,"excerpt":"SNAP PEA 15 ML NPE","rel":"","context":"Similar post","block_context":{"text":"Similar post","link":""},"img":{"alt_text":"","src":"https:\/\/i0.wp.com\/artstella-elixirs-floraux.com\/wp-content\/uploads\/2025\/03\/wp-image1314.png?resize=350%2C200&ssl=1","width":350,"height":200},"classes":[]}],"_links":{"self":[{"href":"https:\/\/artstella-elixirs-floraux.com\/en\/wp-json\/wp\/v2\/product\/4676","targetHints":{"allow":["GET"]}}],"collection":[{"href":"https:\/\/artstella-elixirs-floraux.com\/en\/wp-json\/wp\/v2\/product"}],"about":[{"href":"https:\/\/artstella-elixirs-floraux.com\/en\/wp-json\/wp\/v2\/types\/product"}],"version-history":[{"count":1,"href":"https:\/\/artstella-elixirs-floraux.com\/en\/wp-json\/wp\/v2\/product\/4676\/revisions"}],"predecessor-version":[{"id":11359,"href":"https:\/\/artstella-elixirs-floraux.com\/en\/wp-json\/wp\/v2\/product\/4676\/revisions\/11359"}],"wp:featuredmedia":[{"embeddable":true,"href":"https:\/\/artstella-elixirs-floraux.com\/en\/wp-json\/wp\/v2\/media\/4677"}],"wp:attachment":[{"href":"https:\/\/artstella-elixirs-floraux.com\/en\/wp-json\/wp\/v2\/media?parent=4676"}],"wp:term":[{"taxonomy":"product_brand","embeddable":true,"href":"https:\/\/artstella-elixirs-floraux.com\/en\/wp-json\/wp\/v2\/product_brand?post=4676"},{"taxonomy":"product_cat","embeddable":true,"href":"https:\/\/artstella-elixirs-floraux.com\/en\/wp-json\/wp\/v2\/product_cat?post=4676"},{"taxonomy":"product_tag","embeddable":true,"href":"https:\/\/artstella-elixirs-floraux.com\/en\/wp-json\/wp\/v2\/product_tag?post=4676"}],"curies":[{"name":"wp","href":"https:\/\/api.w.org\/{rel}","templated":true}]}}