{"id":4725,"date":"2025-03-09T13:32:34","date_gmt":"2025-03-09T13:32:34","guid":{"rendered":"https:\/\/artstella-elixirs-floraux.com\/product\/blazed-improved-14-2ml-roseii\/"},"modified":"2025-04-05T14:41:25","modified_gmt":"2025-04-05T14:41:25","slug":"blazed-improved-14-2ml-roseii","status":"publish","type":"product","link":"https:\/\/artstella-elixirs-floraux.com\/en\/product\/blazed-improved-14-2ml-roseii\/","title":{"rendered":"BLAZED IMPROVED 14.2ML ROSEII"},"content":{"rendered":"<p>Ingr\u00e9dients :<\/p>\n<p>Infusion solaire du sch\u00e9ma de \u00ab\u00a0Blaze Improved\u00a0\u00bb : 0,5%<\/p>\n<p>Eau de source<\/p>\n<p>Alcool de raisin : 13,33 %<\/p>\n<p>Flacon en verre brun de 14,2 ml + pipette compte-gouttes<\/p>\n<p>\u00a0<\/p>\n<p>Utilisation : 1 \u00e0 2 gouttes suivant les besoins.<\/p>\n<p>\u00a0<\/p>\n<p>Fabricant : Perelandra &#8211; Etats-unis<\/p>","protected":false},"excerpt":{"rendered":"<p>BLAZED IMPROVED 15 ML ROSEII<\/p>","protected":false},"featured_media":4726,"template":"","meta":[],"product_brand":[],"product_cat":[163],"product_tag":[],"class_list":{"0":"post-4725","1":"product","2":"type-product","3":"status-publish","4":"has-post-thumbnail","6":"product_cat-les-elixirs-de-roses-2","8":"first","9":"instock","10":"taxable","11":"shipping-taxable","12":"purchasable","13":"product-type-simple"},"etheme_brands":{"errors":{"invalid_taxonomy":["Invalid taxonomy."]},"error_data":[]},"jetpack_sharing_enabled":true,"jetpack-related-posts":[{"id":4674,"url":"https:\/\/artstella-elixirs-floraux.com\/en\/product\/perelandra-roses-ii-15ml\/","url_meta":{"origin":4725,"position":0},"title":"PERELANDRA ROSES II 15ML","author":"eveapprill","date":"27 May 2025","format":false,"excerpt":"PERELANDRA ROSES II 15ML Coffret de 8 flacons de Rose II Essences","rel":"","context":"Similar post","block_context":{"text":"Similar post","link":""},"img":{"alt_text":"","src":"https:\/\/i0.wp.com\/artstella-elixirs-floraux.com\/wp-content\/uploads\/2025\/03\/wp-image1267.png?resize=350%2C200&ssl=1","width":350,"height":200},"classes":[]},{"id":4680,"url":"https:\/\/artstella-elixirs-floraux.com\/en\/product\/coffret-roses-2-perelandra\/","url_meta":{"origin":4725,"position":1},"title":"COFFRET ROSES 2 PERELANDRA","author":"eveapprill","date":"9 March 2025","format":false,"excerpt":"COFFRET ROSES 2 PERELANDRA Coffret de 8 flacons de Rose II Essences","rel":"","context":"Similar post","block_context":{"text":"Similar post","link":""},"img":{"alt_text":"","src":"https:\/\/i0.wp.com\/artstella-elixirs-floraux.com\/wp-content\/uploads\/2025\/03\/wp-image1270.png?resize=350%2C200&ssl=1","width":350,"height":200},"classes":[]},{"id":4664,"url":"https:\/\/artstella-elixirs-floraux.com\/en\/product\/ets-plantes-59-1-ml\/","url_meta":{"origin":4725,"position":2},"title":"ETS+ PLANTES 59.1 ML","author":"eveapprill","date":"9 March 2025","format":false,"excerpt":"ETS+ PLANTES 60 ML Pr\u00e9paration \u00e9labor\u00e9e pour r\u00e9pondre aux situations d'urgence des v\u00e9g\u00e9taux (plantes, arbres, fleurs...)","rel":"","context":"Similar post","block_context":{"text":"Similar post","link":""},"img":{"alt_text":"","src":"https:\/\/i0.wp.com\/artstella-elixirs-floraux.com\/wp-content\/uploads\/2025\/03\/wp-image1262.png?resize=350%2C200&ssl=1","width":350,"height":200},"classes":[]},{"id":4666,"url":"https:\/\/artstella-elixirs-floraux.com\/en\/product\/ets-sol-14-9-ml\/","url_meta":{"origin":4725,"position":3},"title":"ETS+ SOL 14.9 ML","author":"eveapprill","date":"9 March 2025","format":false,"excerpt":"ETS+ SOL 14.9 ML Pr\u00e9paration \u00e9labor\u00e9e pour r\u00e9pondre aux situations d'urgence de la terre \u00a0 \u00a0","rel":"","context":"Similar post","block_context":{"text":"Similar post","link":""},"img":{"alt_text":"","src":"https:\/\/i0.wp.com\/artstella-elixirs-floraux.com\/wp-content\/uploads\/2025\/03\/wp-image1263.png?resize=350%2C200&ssl=1","width":350,"height":200},"classes":[]},{"id":4668,"url":"https:\/\/artstella-elixirs-floraux.com\/en\/product\/ets-sol-59-1-ml\/","url_meta":{"origin":4725,"position":4},"title":"ETS+ SOL 59.1 ML","author":"eveapprill","date":"9 March 2025","format":false,"excerpt":"ETS+ SOL 60 ML Pr\u00e9paration \u00e9labor\u00e9e pour r\u00e9pondre aux situations d'urgence de la terre","rel":"","context":"Similar post","block_context":{"text":"Similar post","link":""},"img":{"alt_text":"","src":"https:\/\/i0.wp.com\/artstella-elixirs-floraux.com\/wp-content\/uploads\/2025\/03\/wp-image1264.png?resize=350%2C200&ssl=1","width":350,"height":200},"classes":[]},{"id":4797,"url":"https:\/\/artstella-elixirs-floraux.com\/en\/product\/digestive-mbp-59-1-ml\/","url_meta":{"origin":4725,"position":5},"title":"DIGESTIVE MBP 59.1 ML","author":"eveapprill","date":"9 March 2025","format":false,"excerpt":"DIGESTIVE MBP 59.1 ML Equilibrer et stabiliser l\u2019architecture \u00e9nerg\u00e9tique du syst\u00e8me \u00ab Digestif \u00bb. \u00a0 \u00a0","rel":"","context":"Similar post","block_context":{"text":"Similar post","link":""},"img":{"alt_text":"","src":"https:\/\/i0.wp.com\/artstella-elixirs-floraux.com\/wp-content\/uploads\/2025\/03\/wp-image1331.png?resize=350%2C200&ssl=1","width":350,"height":200},"classes":[]}],"_links":{"self":[{"href":"https:\/\/artstella-elixirs-floraux.com\/en\/wp-json\/wp\/v2\/product\/4725","targetHints":{"allow":["GET"]}}],"collection":[{"href":"https:\/\/artstella-elixirs-floraux.com\/en\/wp-json\/wp\/v2\/product"}],"about":[{"href":"https:\/\/artstella-elixirs-floraux.com\/en\/wp-json\/wp\/v2\/types\/product"}],"version-history":[{"count":0,"href":"https:\/\/artstella-elixirs-floraux.com\/en\/wp-json\/wp\/v2\/product\/4725\/revisions"}],"wp:featuredmedia":[{"embeddable":true,"href":"https:\/\/artstella-elixirs-floraux.com\/en\/wp-json\/wp\/v2\/media\/4726"}],"wp:attachment":[{"href":"https:\/\/artstella-elixirs-floraux.com\/en\/wp-json\/wp\/v2\/media?parent=4725"}],"wp:term":[{"taxonomy":"product_brand","embeddable":true,"href":"https:\/\/artstella-elixirs-floraux.com\/en\/wp-json\/wp\/v2\/product_brand?post=4725"},{"taxonomy":"product_cat","embeddable":true,"href":"https:\/\/artstella-elixirs-floraux.com\/en\/wp-json\/wp\/v2\/product_cat?post=4725"},{"taxonomy":"product_tag","embeddable":true,"href":"https:\/\/artstella-elixirs-floraux.com\/en\/wp-json\/wp\/v2\/product_tag?post=4725"}],"curies":[{"name":"wp","href":"https:\/\/api.w.org\/{rel}","templated":true}]}}