{"id":4797,"date":"2025-03-09T13:33:35","date_gmt":"2025-03-09T13:33:35","guid":{"rendered":"https:\/\/artstella-elixirs-floraux.com\/product\/digestive-mbp-59-1-ml\/"},"modified":"2025-04-05T14:46:39","modified_gmt":"2025-04-05T14:46:39","slug":"digestive-mbp-59-1-ml","status":"publish","type":"product","link":"https:\/\/artstella-elixirs-floraux.com\/en\/product\/digestive-mbp-59-1-ml\/","title":{"rendered":"DIGESTIVE MBP 59.1 ML"},"content":{"rendered":"<p>ngr\u00e9dients\u00a0:<\/p>\n<p>. Infusion solaire du sch\u00e9ma \u00ab Digestif \u00bb<\/p>\n<p>. Eau de source<\/p>\n<p>. Alcool de raisin 13.33%<\/p>\n<p>Flacon verre brun 59.1ml + pipette compte-gouttes.<\/p>\n<p>ou \u00a0<span style=\"font-size:11px;line-height:1.5em\">Fflacon verre brun 14, 2ml + pipette compte-gouttes.<\/span><\/p>\n<p>Utilisation\u00a0: quelques \u00a0gouttes suivant besoin.<\/p>\n<p>Fabriqu\u00e9 par Perelandra Ltd \u2013 USA,<\/p>","protected":false},"excerpt":{"rendered":"<p>DIGESTIVE MBP 59.1 ML<\/p>\n<div class=\"rte align_justify\">\n<p>Equilibrer et stabiliser l\u2019architecture \u00e9nerg\u00e9tique du syst\u00e8me \u00ab Digestif \u00bb.<\/p>\n<div>\u00a0<\/div>\n<\/div>\n<p class=\"buttons_bottom_block\">\u00a0<\/p>","protected":false},"featured_media":4798,"template":"","meta":[],"product_brand":[],"product_cat":[114],"product_tag":[],"class_list":{"0":"post-4797","1":"product","2":"type-product","3":"status-publish","4":"has-post-thumbnail","6":"product_cat-les-elixirs-mbp","8":"first","9":"instock","10":"taxable","11":"shipping-taxable","12":"purchasable","13":"product-type-simple"},"etheme_brands":{"errors":{"invalid_taxonomy":["Invalid taxonomy."]},"error_data":[]},"jetpack_sharing_enabled":true,"jetpack-related-posts":[{"id":4804,"url":"https:\/\/artstella-elixirs-floraux.com\/en\/product\/tegumentaire-mbp-59-1-ml\/","url_meta":{"origin":4797,"position":0},"title":"TEGUMENTAIRE MBP 59.1 ML","author":"eveapprill","date":"9 March 2025","format":false,"excerpt":"TEGUMENTAIRE MBP 59.1 ML Equilibrer et stabiliser l\u2019architecture \u00e9nerg\u00e9tique du syst\u00e8me \u00ab T\u00e9gumentaire \u00bb.","rel":"","context":"Similar post","block_context":{"text":"Similar post","link":""},"img":{"alt_text":"","src":"https:\/\/i0.wp.com\/artstella-elixirs-floraux.com\/wp-content\/uploads\/2025\/03\/wp-image1334.png?resize=350%2C200&ssl=1","width":350,"height":200},"classes":[]},{"id":4806,"url":"https:\/\/artstella-elixirs-floraux.com\/en\/product\/lymphatique-mbp-59-1-ml\/","url_meta":{"origin":4797,"position":1},"title":"LYMPHATIQUE MBP 59.1 ML","author":"eveapprill","date":"9 March 2025","format":false,"excerpt":"LYMPHATIQUE MBP 59.1 ML Equilibrer et stabiliser l\u2019architecture \u00e9nerg\u00e9tique du syst\u00e8me \u00ab Lymphatique \u00bb. \u00a0 \u00a0","rel":"","context":"Similar post","block_context":{"text":"Similar post","link":""},"img":{"alt_text":"","src":"https:\/\/i0.wp.com\/artstella-elixirs-floraux.com\/wp-content\/uploads\/2025\/03\/wp-image1335.png?resize=350%2C200&ssl=1","width":350,"height":200},"classes":[]},{"id":4802,"url":"https:\/\/artstella-elixirs-floraux.com\/en\/product\/immunitaire-mbp-59-1-ml\/","url_meta":{"origin":4797,"position":2},"title":"IMMUNITAIRE MBP 59.1 ML","author":"eveapprill","date":"9 March 2025","format":false,"excerpt":"IMMUNITAIRE MBP 59.1 ML Equilibrer et stabiliser l\u2019architecture \u00e9nerg\u00e9tique du syst\u00e8me \u00ab Immunitaire \u00bb. \u00a0 \u00a0","rel":"","context":"Similar post","block_context":{"text":"Similar post","link":""},"img":{"alt_text":"","src":"https:\/\/i0.wp.com\/artstella-elixirs-floraux.com\/wp-content\/uploads\/2025\/03\/wp-image1333.png?resize=350%2C200&ssl=1","width":350,"height":200},"classes":[]},{"id":4808,"url":"https:\/\/artstella-elixirs-floraux.com\/en\/product\/musculaire-mbp-59-1-ml\/","url_meta":{"origin":4797,"position":3},"title":"MUSCULAIRE MBP 59.1 ML","author":"eveapprill","date":"9 March 2025","format":false,"excerpt":"MUSCULAIRE MBP 59.1ML Equilibrer et stabiliser l\u2019architecture \u00e9nerg\u00e9tique du syst\u00e8me \u00ab Musculaire \u00bb.","rel":"","context":"Similar post","block_context":{"text":"Similar post","link":""},"img":{"alt_text":"","src":"https:\/\/i0.wp.com\/artstella-elixirs-floraux.com\/wp-content\/uploads\/2025\/03\/wp-image1336.png?resize=350%2C200&ssl=1","width":350,"height":200},"classes":[]},{"id":4799,"url":"https:\/\/artstella-elixirs-floraux.com\/en\/product\/endocrinien-mbp-59-1-ml\/","url_meta":{"origin":4797,"position":4},"title":"ENDOCRINIEN MBP 59.1 ML","author":"eveapprill","date":"9 March 2025","format":false,"excerpt":"ENDOCRINIEN 59.1ML MBP Equilibrer et stabiliser l\u2019architecture \u00e9nerg\u00e9tique du syst\u00e8me \u00ab Endocrinien \u00bb.","rel":"","context":"Similar post","block_context":{"text":"Similar post","link":""},"img":{"alt_text":"","src":"https:\/\/i0.wp.com\/artstella-elixirs-floraux.com\/wp-content\/uploads\/2025\/03\/wp-image1332.png?resize=350%2C200&ssl=1","width":350,"height":200},"classes":[]},{"id":4815,"url":"https:\/\/artstella-elixirs-floraux.com\/en\/product\/repro-f-mbp-59-1-ml\/","url_meta":{"origin":4797,"position":5},"title":"REPRO F MBP 59.1 ML","author":"eveapprill","date":"9 March 2025","format":false,"excerpt":"REPRO F 59.1ML Equilibrer et stabiliser l\u2019architecture \u00e9nerg\u00e9tique du syst\u00e8me \u00ab Reproducteur F\u00e9minin \u00bb. \u00a0 \u00a0","rel":"","context":"Similar post","block_context":{"text":"Similar post","link":""},"img":{"alt_text":"","src":"https:\/\/i0.wp.com\/artstella-elixirs-floraux.com\/wp-content\/uploads\/2025\/03\/wp-image1339.png?resize=350%2C200&ssl=1","width":350,"height":200},"classes":[]}],"_links":{"self":[{"href":"https:\/\/artstella-elixirs-floraux.com\/en\/wp-json\/wp\/v2\/product\/4797","targetHints":{"allow":["GET"]}}],"collection":[{"href":"https:\/\/artstella-elixirs-floraux.com\/en\/wp-json\/wp\/v2\/product"}],"about":[{"href":"https:\/\/artstella-elixirs-floraux.com\/en\/wp-json\/wp\/v2\/types\/product"}],"version-history":[{"count":0,"href":"https:\/\/artstella-elixirs-floraux.com\/en\/wp-json\/wp\/v2\/product\/4797\/revisions"}],"wp:featuredmedia":[{"embeddable":true,"href":"https:\/\/artstella-elixirs-floraux.com\/en\/wp-json\/wp\/v2\/media\/4798"}],"wp:attachment":[{"href":"https:\/\/artstella-elixirs-floraux.com\/en\/wp-json\/wp\/v2\/media?parent=4797"}],"wp:term":[{"taxonomy":"product_brand","embeddable":true,"href":"https:\/\/artstella-elixirs-floraux.com\/en\/wp-json\/wp\/v2\/product_brand?post=4797"},{"taxonomy":"product_cat","embeddable":true,"href":"https:\/\/artstella-elixirs-floraux.com\/en\/wp-json\/wp\/v2\/product_cat?post=4797"},{"taxonomy":"product_tag","embeddable":true,"href":"https:\/\/artstella-elixirs-floraux.com\/en\/wp-json\/wp\/v2\/product_tag?post=4797"}],"curies":[{"name":"wp","href":"https:\/\/api.w.org\/{rel}","templated":true}]}}