{"id":4810,"date":"2025-03-09T13:33:43","date_gmt":"2025-03-09T13:33:43","guid":{"rendered":"https:\/\/artstella-elixirs-floraux.com\/product\/nerveux-mbp\/"},"modified":"2026-01-04T21:24:26","modified_gmt":"2026-01-04T21:24:26","slug":"nerveux-mbp","status":"publish","type":"product","link":"https:\/\/artstella-elixirs-floraux.com\/en\/product\/nerveux-mbp\/","title":{"rendered":"NERVEUX MBP"},"content":{"rendered":"<p>Ingr\u00e9dients\u00a0:<\/p>\n<p>. Infusion solaire du sch\u00e9ma \u00ab Nrerveux \u00bb<\/p>\n<p>. Eau de source<\/p>\n<p>. Alcool de raisin 13.33%<\/p>\n<p>Flacon verre brun 59.1ml + pipette compte-gouttes.<\/p>\n<p><span style=\"font-size: 11px; line-height: 1.5em;\">Ou flacon verre brun 14.2ml + pipette compte-gouttes.<\/span><\/p>\n<p><span style=\"font-size: 11px; line-height: 1.5em;\">Utilisation\u00a0: quelques gouttes suivant besoin.<\/span><\/p>\n<p>Fabriqu\u00e9 par Perelandra Ltd \u2013 USA,<\/p>","protected":false},"excerpt":{"rendered":"<p>NERVEUX MBP 59.1<\/p>\n<div class=\"rte align_justify\">\n<p>Equilibrer et stabiliser l\u2019architecture \u00e9nerg\u00e9tique du syst\u00e8me \u00ab Nerveux \u00bb.<\/p>\n<div><\/div>\n<\/div>\n<p class=\"buttons_bottom_block\">","protected":false},"featured_media":4811,"template":"","meta":[],"product_brand":[],"product_cat":[114],"product_tag":[],"class_list":{"0":"post-4810","1":"product","2":"type-product","3":"status-publish","4":"has-post-thumbnail","6":"product_cat-les-elixirs-mbp","8":"first","9":"instock","10":"taxable","11":"shipping-taxable","12":"purchasable","13":"product-type-simple"},"etheme_brands":{"errors":{"invalid_taxonomy":["Invalid taxonomy."]},"error_data":[]},"jetpack_sharing_enabled":true,"jetpack-related-posts":[{"id":4819,"url":"https:\/\/artstella-elixirs-floraux.com\/en\/product\/squelette-mbp-59-1ml\/","url_meta":{"origin":4810,"position":0},"title":"SQUELETTE MBP 59.1ML","author":"eveapprill","date":"9 March 2025","format":false,"excerpt":"SQUELETTE MBP\u00a0 Equilibrer et stabiliser l\u2019architecture \u00e9nerg\u00e9tique du syst\u00e8me \u00ab Squelette \u00bb.","rel":"","context":"Similar post","block_context":{"text":"Similar post","link":""},"img":{"alt_text":"","src":"https:\/\/i0.wp.com\/artstella-elixirs-floraux.com\/wp-content\/uploads\/2025\/03\/wp-image1341.png?resize=350%2C200&ssl=1","width":350,"height":200},"classes":[]},{"id":4822,"url":"https:\/\/artstella-elixirs-floraux.com\/en\/product\/urinaire-59-1ml-mbp\/","url_meta":{"origin":4810,"position":1},"title":"URINAIRE 59.1ML MBP","author":"eveapprill","date":"9 March 2025","format":false,"excerpt":"URINAIRE 59.1ML MBP Equilibrer et stabiliser l\u2019architecture \u00e9nerg\u00e9tique du syst\u00e8me \u00ab Urinaire \u00bb.","rel":"","context":"Similar post","block_context":{"text":"Similar post","link":""},"img":{"alt_text":"","src":"https:\/\/i0.wp.com\/artstella-elixirs-floraux.com\/wp-content\/uploads\/2025\/03\/wp-image1342.png?resize=350%2C200&ssl=1","width":350,"height":200},"classes":[]},{"id":4808,"url":"https:\/\/artstella-elixirs-floraux.com\/en\/product\/musculaire-mbp-59-1-ml\/","url_meta":{"origin":4810,"position":2},"title":"MUSCULAIRE MBP 59.1 ML","author":"eveapprill","date":"9 March 2025","format":false,"excerpt":"MUSCULAIRE MBP 59.1ML Equilibrer et stabiliser l\u2019architecture \u00e9nerg\u00e9tique du syst\u00e8me \u00ab Musculaire \u00bb.","rel":"","context":"Similar post","block_context":{"text":"Similar post","link":""},"img":{"alt_text":"","src":"https:\/\/i0.wp.com\/artstella-elixirs-floraux.com\/wp-content\/uploads\/2025\/03\/wp-image1336.png?resize=350%2C200&ssl=1","width":350,"height":200},"classes":[]},{"id":4799,"url":"https:\/\/artstella-elixirs-floraux.com\/en\/product\/endocrinien-mbp-59-1-ml\/","url_meta":{"origin":4810,"position":3},"title":"ENDOCRINIEN MBP 59.1 ML","author":"eveapprill","date":"9 March 2025","format":false,"excerpt":"ENDOCRINIEN 59.1ML MBP Equilibrer et stabiliser l\u2019architecture \u00e9nerg\u00e9tique du syst\u00e8me \u00ab Endocrinien \u00bb.","rel":"","context":"Similar post","block_context":{"text":"Similar post","link":""},"img":{"alt_text":"","src":"https:\/\/i0.wp.com\/artstella-elixirs-floraux.com\/wp-content\/uploads\/2025\/03\/wp-image1332.png?resize=350%2C200&ssl=1","width":350,"height":200},"classes":[]},{"id":4804,"url":"https:\/\/artstella-elixirs-floraux.com\/en\/product\/tegumentaire-mbp-59-1-ml\/","url_meta":{"origin":4810,"position":4},"title":"TEGUMENTAIRE MBP 59.1 ML","author":"eveapprill","date":"9 March 2025","format":false,"excerpt":"TEGUMENTAIRE MBP 59.1 ML Equilibrer et stabiliser l\u2019architecture \u00e9nerg\u00e9tique du syst\u00e8me \u00ab T\u00e9gumentaire \u00bb.","rel":"","context":"Similar post","block_context":{"text":"Similar post","link":""},"img":{"alt_text":"","src":"https:\/\/i0.wp.com\/artstella-elixirs-floraux.com\/wp-content\/uploads\/2025\/03\/wp-image1334.png?resize=350%2C200&ssl=1","width":350,"height":200},"classes":[]},{"id":4806,"url":"https:\/\/artstella-elixirs-floraux.com\/en\/product\/lymphatique-mbp-59-1-ml\/","url_meta":{"origin":4810,"position":5},"title":"LYMPHATIQUE MBP 59.1 ML","author":"eveapprill","date":"9 March 2025","format":false,"excerpt":"LYMPHATIQUE MBP 59.1 ML Equilibrer et stabiliser l\u2019architecture \u00e9nerg\u00e9tique du syst\u00e8me \u00ab Lymphatique \u00bb. \u00a0 \u00a0","rel":"","context":"Similar post","block_context":{"text":"Similar post","link":""},"img":{"alt_text":"","src":"https:\/\/i0.wp.com\/artstella-elixirs-floraux.com\/wp-content\/uploads\/2025\/03\/wp-image1335.png?resize=350%2C200&ssl=1","width":350,"height":200},"classes":[]}],"_links":{"self":[{"href":"https:\/\/artstella-elixirs-floraux.com\/en\/wp-json\/wp\/v2\/product\/4810","targetHints":{"allow":["GET"]}}],"collection":[{"href":"https:\/\/artstella-elixirs-floraux.com\/en\/wp-json\/wp\/v2\/product"}],"about":[{"href":"https:\/\/artstella-elixirs-floraux.com\/en\/wp-json\/wp\/v2\/types\/product"}],"version-history":[{"count":1,"href":"https:\/\/artstella-elixirs-floraux.com\/en\/wp-json\/wp\/v2\/product\/4810\/revisions"}],"predecessor-version":[{"id":11921,"href":"https:\/\/artstella-elixirs-floraux.com\/en\/wp-json\/wp\/v2\/product\/4810\/revisions\/11921"}],"wp:featuredmedia":[{"embeddable":true,"href":"https:\/\/artstella-elixirs-floraux.com\/en\/wp-json\/wp\/v2\/media\/4811"}],"wp:attachment":[{"href":"https:\/\/artstella-elixirs-floraux.com\/en\/wp-json\/wp\/v2\/media?parent=4810"}],"wp:term":[{"taxonomy":"product_brand","embeddable":true,"href":"https:\/\/artstella-elixirs-floraux.com\/en\/wp-json\/wp\/v2\/product_brand?post=4810"},{"taxonomy":"product_cat","embeddable":true,"href":"https:\/\/artstella-elixirs-floraux.com\/en\/wp-json\/wp\/v2\/product_cat?post=4810"},{"taxonomy":"product_tag","embeddable":true,"href":"https:\/\/artstella-elixirs-floraux.com\/en\/wp-json\/wp\/v2\/product_tag?post=4810"}],"curies":[{"name":"wp","href":"https:\/\/api.w.org\/{rel}","templated":true}]}}