{"id":4813,"date":"2025-03-09T13:33:45","date_gmt":"2025-03-09T13:33:45","guid":{"rendered":"https:\/\/artstella-elixirs-floraux.com\/product\/repro-m-mbp-59-1-ml\/"},"modified":"2025-04-05T14:46:38","modified_gmt":"2025-04-05T14:46:38","slug":"repro-m-mbp-59-1-ml","status":"publish","type":"product","link":"https:\/\/artstella-elixirs-floraux.com\/en\/product\/repro-m-mbp-59-1-ml\/","title":{"rendered":"REPRO M MBP 59.1 ML"},"content":{"rendered":"<p>Ingr\u00e9dients\u00a0:<\/p>\n<p>. Infusion solaire du sch\u00e9ma \u00ab Reproducteur Masculin \u00bb<\/p>\n<p>. Eau de source<\/p>\n<p>. Alcool de raisin 13.33%<\/p>\n<p>Flacon verre brun 59.1ml + pipette compte-gouttes.<\/p>\n<p><span style=\"font-size:11px;line-height:1.5em\">\u00a0<\/span><\/p>\n<p><span style=\"font-size:11px;line-height:1.5em\">\u00a0<\/span><\/p>\n<p><span style=\"font-size:11px;line-height:1.5em\">Utilisation\u00a0: quelques gouttes suivant besoin.<\/span><\/p>\n<p>\u00a0<\/p>\n<p>Fabriqu\u00e9 par Perelandra Ltd \u2013 USA,<\/p>","protected":false},"excerpt":{"rendered":"<p>REPRO M MBP\u00a0<\/p>\n<p>\u00a0<\/p>\n<p>Equilibrer et stabiliser l\u2019architecture \u00e9nerg\u00e9tique du syst\u00e8me \u00ab Reproducteur Masculin \u00bb.<\/p>","protected":false},"featured_media":4814,"template":"","meta":[],"product_brand":[],"product_cat":[114],"product_tag":[],"class_list":{"0":"post-4813","1":"product","2":"type-product","3":"status-publish","4":"has-post-thumbnail","6":"product_cat-les-elixirs-mbp","8":"first","9":"instock","10":"taxable","11":"shipping-taxable","12":"purchasable","13":"product-type-simple"},"etheme_brands":{"errors":{"invalid_taxonomy":["Invalid taxonomy."]},"error_data":[]},"jetpack_sharing_enabled":true,"jetpack-related-posts":[{"id":4822,"url":"https:\/\/artstella-elixirs-floraux.com\/en\/product\/urinaire-59-1ml-mbp\/","url_meta":{"origin":4813,"position":0},"title":"URINAIRE 59.1ML MBP","author":"eveapprill","date":"9 March 2025","format":false,"excerpt":"URINAIRE 59.1ML MBP Equilibrer et stabiliser l\u2019architecture \u00e9nerg\u00e9tique du syst\u00e8me \u00ab Urinaire \u00bb.","rel":"","context":"Similar post","block_context":{"text":"Similar post","link":""},"img":{"alt_text":"","src":"https:\/\/i0.wp.com\/artstella-elixirs-floraux.com\/wp-content\/uploads\/2025\/03\/wp-image1342.png?resize=350%2C200&ssl=1","width":350,"height":200},"classes":[]},{"id":4810,"url":"https:\/\/artstella-elixirs-floraux.com\/en\/product\/nerveux-mbp\/","url_meta":{"origin":4813,"position":1},"title":"NERVEUX MBP","author":"eveapprill","date":"9 March 2025","format":false,"excerpt":"NERVEUX MBP 59.1 Equilibrer et stabiliser l\u2019architecture \u00e9nerg\u00e9tique du syst\u00e8me \u00ab Nerveux \u00bb.","rel":"","context":"Similar post","block_context":{"text":"Similar post","link":""},"img":{"alt_text":"","src":"https:\/\/i0.wp.com\/artstella-elixirs-floraux.com\/wp-content\/uploads\/2025\/03\/wp-image1337.png?resize=350%2C200&ssl=1","width":350,"height":200},"classes":[]},{"id":4819,"url":"https:\/\/artstella-elixirs-floraux.com\/en\/product\/squelette-mbp-59-1ml\/","url_meta":{"origin":4813,"position":2},"title":"SQUELETTE MBP 59.1ML","author":"eveapprill","date":"9 March 2025","format":false,"excerpt":"SQUELETTE MBP\u00a0 Equilibrer et stabiliser l\u2019architecture \u00e9nerg\u00e9tique du syst\u00e8me \u00ab Squelette \u00bb.","rel":"","context":"Similar post","block_context":{"text":"Similar post","link":""},"img":{"alt_text":"","src":"https:\/\/i0.wp.com\/artstella-elixirs-floraux.com\/wp-content\/uploads\/2025\/03\/wp-image1341.png?resize=350%2C200&ssl=1","width":350,"height":200},"classes":[]},{"id":4808,"url":"https:\/\/artstella-elixirs-floraux.com\/en\/product\/musculaire-mbp-59-1-ml\/","url_meta":{"origin":4813,"position":3},"title":"MUSCULAIRE MBP 59.1 ML","author":"eveapprill","date":"9 March 2025","format":false,"excerpt":"MUSCULAIRE MBP 59.1ML Equilibrer et stabiliser l\u2019architecture \u00e9nerg\u00e9tique du syst\u00e8me \u00ab Musculaire \u00bb.","rel":"","context":"Similar post","block_context":{"text":"Similar post","link":""},"img":{"alt_text":"","src":"https:\/\/i0.wp.com\/artstella-elixirs-floraux.com\/wp-content\/uploads\/2025\/03\/wp-image1336.png?resize=350%2C200&ssl=1","width":350,"height":200},"classes":[]},{"id":4799,"url":"https:\/\/artstella-elixirs-floraux.com\/en\/product\/endocrinien-mbp-59-1-ml\/","url_meta":{"origin":4813,"position":4},"title":"ENDOCRINIEN MBP 59.1 ML","author":"eveapprill","date":"9 March 2025","format":false,"excerpt":"ENDOCRINIEN 59.1ML MBP Equilibrer et stabiliser l\u2019architecture \u00e9nerg\u00e9tique du syst\u00e8me \u00ab Endocrinien \u00bb.","rel":"","context":"Similar post","block_context":{"text":"Similar post","link":""},"img":{"alt_text":"","src":"https:\/\/i0.wp.com\/artstella-elixirs-floraux.com\/wp-content\/uploads\/2025\/03\/wp-image1332.png?resize=350%2C200&ssl=1","width":350,"height":200},"classes":[]},{"id":4797,"url":"https:\/\/artstella-elixirs-floraux.com\/en\/product\/digestive-mbp-59-1-ml\/","url_meta":{"origin":4813,"position":5},"title":"DIGESTIVE MBP 59.1 ML","author":"eveapprill","date":"9 March 2025","format":false,"excerpt":"DIGESTIVE MBP 59.1 ML Equilibrer et stabiliser l\u2019architecture \u00e9nerg\u00e9tique du syst\u00e8me \u00ab Digestif \u00bb. \u00a0 \u00a0","rel":"","context":"Similar post","block_context":{"text":"Similar post","link":""},"img":{"alt_text":"","src":"https:\/\/i0.wp.com\/artstella-elixirs-floraux.com\/wp-content\/uploads\/2025\/03\/wp-image1331.png?resize=350%2C200&ssl=1","width":350,"height":200},"classes":[]}],"_links":{"self":[{"href":"https:\/\/artstella-elixirs-floraux.com\/en\/wp-json\/wp\/v2\/product\/4813","targetHints":{"allow":["GET"]}}],"collection":[{"href":"https:\/\/artstella-elixirs-floraux.com\/en\/wp-json\/wp\/v2\/product"}],"about":[{"href":"https:\/\/artstella-elixirs-floraux.com\/en\/wp-json\/wp\/v2\/types\/product"}],"version-history":[{"count":0,"href":"https:\/\/artstella-elixirs-floraux.com\/en\/wp-json\/wp\/v2\/product\/4813\/revisions"}],"wp:featuredmedia":[{"embeddable":true,"href":"https:\/\/artstella-elixirs-floraux.com\/en\/wp-json\/wp\/v2\/media\/4814"}],"wp:attachment":[{"href":"https:\/\/artstella-elixirs-floraux.com\/en\/wp-json\/wp\/v2\/media?parent=4813"}],"wp:term":[{"taxonomy":"product_brand","embeddable":true,"href":"https:\/\/artstella-elixirs-floraux.com\/en\/wp-json\/wp\/v2\/product_brand?post=4813"},{"taxonomy":"product_cat","embeddable":true,"href":"https:\/\/artstella-elixirs-floraux.com\/en\/wp-json\/wp\/v2\/product_cat?post=4813"},{"taxonomy":"product_tag","embeddable":true,"href":"https:\/\/artstella-elixirs-floraux.com\/en\/wp-json\/wp\/v2\/product_tag?post=4813"}],"curies":[{"name":"wp","href":"https:\/\/api.w.org\/{rel}","templated":true}]}}