{"id":4821,"date":"2025-04-05T14:51:13","date_gmt":"2025-04-05T14:51:13","guid":{"rendered":"https:\/\/artstella-elixirs-floraux.com\/?post_type=product&#038;p=4821"},"modified":"2025-06-08T12:47:44","modified_gmt":"2025-06-08T12:47:44","slug":"tegumentaire-mbp-15-ml","status":"publish","type":"product","link":"https:\/\/artstella-elixirs-floraux.com\/en\/product\/tegumentaire-mbp-15-ml\/","title":{"rendered":"TEGUMENTAIRE MBP 15 ML"},"content":{"rendered":"","protected":false},"excerpt":{"rendered":"<p>TEGUMENTAIRE MBP 15 ML<\/p>","protected":false},"featured_media":0,"template":"","meta":[],"product_brand":[],"product_cat":[114],"product_tag":[],"class_list":{"0":"post-4821","1":"product","2":"type-product","3":"status-publish","5":"product_cat-les-elixirs-mbp","7":"first","8":"instock","9":"taxable","10":"shipping-taxable","11":"purchasable","12":"product-type-simple"},"etheme_brands":{"errors":{"invalid_taxonomy":["Invalid taxonomy."]},"error_data":[]},"jetpack_sharing_enabled":true,"jetpack-related-posts":[{"id":4804,"url":"https:\/\/artstella-elixirs-floraux.com\/en\/product\/tegumentaire-mbp-59-1-ml\/","url_meta":{"origin":4821,"position":0},"title":"TEGUMENTAIRE MBP 59.1 ML","author":"eveapprill","date":"9 March 2025","format":false,"excerpt":"TEGUMENTAIRE MBP 59.1 ML Equilibrer et stabiliser l\u2019architecture \u00e9nerg\u00e9tique du syst\u00e8me \u00ab T\u00e9gumentaire \u00bb.","rel":"","context":"Similar post","block_context":{"text":"Similar post","link":""},"img":{"alt_text":"","src":"https:\/\/i0.wp.com\/artstella-elixirs-floraux.com\/wp-content\/uploads\/2025\/03\/wp-image1334.png?resize=350%2C200&ssl=1","width":350,"height":200},"classes":[]},{"id":4795,"url":"https:\/\/artstella-elixirs-floraux.com\/en\/product\/cellulaire-mbp-59-1-ml\/","url_meta":{"origin":4821,"position":1},"title":"CELLULAIRE MBP 59.1 ML","author":"eveapprill","date":"9 March 2025","format":false,"excerpt":"CELLULAIRE MBP 59.1 ML Equilibrer et stabiliser l\u2019architecture \u00e9nerg\u00e9tique du syst\u00e8me \u00ab\u00a0Cellulaire \u00bb. \u00a0","rel":"","context":"Similar post","block_context":{"text":"Similar post","link":""},"img":{"alt_text":"","src":"https:\/\/i0.wp.com\/artstella-elixirs-floraux.com\/wp-content\/uploads\/2025\/03\/wp-image1330.png?resize=350%2C200&ssl=1","width":350,"height":200},"classes":[]},{"id":4802,"url":"https:\/\/artstella-elixirs-floraux.com\/en\/product\/immunitaire-mbp-59-1-ml\/","url_meta":{"origin":4821,"position":2},"title":"IMMUNITAIRE MBP 59.1 ML","author":"eveapprill","date":"9 March 2025","format":false,"excerpt":"IMMUNITAIRE MBP 59.1 ML Equilibrer et stabiliser l\u2019architecture \u00e9nerg\u00e9tique du syst\u00e8me \u00ab Immunitaire \u00bb. \u00a0 \u00a0","rel":"","context":"Similar post","block_context":{"text":"Similar post","link":""},"img":{"alt_text":"","src":"https:\/\/i0.wp.com\/artstella-elixirs-floraux.com\/wp-content\/uploads\/2025\/03\/wp-image1333.png?resize=350%2C200&ssl=1","width":350,"height":200},"classes":[]},{"id":4797,"url":"https:\/\/artstella-elixirs-floraux.com\/en\/product\/digestive-mbp-59-1-ml\/","url_meta":{"origin":4821,"position":3},"title":"DIGESTIVE MBP 59.1 ML","author":"eveapprill","date":"9 March 2025","format":false,"excerpt":"DIGESTIVE MBP 59.1 ML Equilibrer et stabiliser l\u2019architecture \u00e9nerg\u00e9tique du syst\u00e8me \u00ab Digestif \u00bb. \u00a0 \u00a0","rel":"","context":"Similar post","block_context":{"text":"Similar post","link":""},"img":{"alt_text":"","src":"https:\/\/i0.wp.com\/artstella-elixirs-floraux.com\/wp-content\/uploads\/2025\/03\/wp-image1331.png?resize=350%2C200&ssl=1","width":350,"height":200},"classes":[]},{"id":4806,"url":"https:\/\/artstella-elixirs-floraux.com\/en\/product\/lymphatique-mbp-59-1-ml\/","url_meta":{"origin":4821,"position":4},"title":"LYMPHATIQUE MBP 59.1 ML","author":"eveapprill","date":"9 March 2025","format":false,"excerpt":"LYMPHATIQUE MBP 59.1 ML Equilibrer et stabiliser l\u2019architecture \u00e9nerg\u00e9tique du syst\u00e8me \u00ab Lymphatique \u00bb. \u00a0 \u00a0","rel":"","context":"Similar post","block_context":{"text":"Similar post","link":""},"img":{"alt_text":"","src":"https:\/\/i0.wp.com\/artstella-elixirs-floraux.com\/wp-content\/uploads\/2025\/03\/wp-image1335.png?resize=350%2C200&ssl=1","width":350,"height":200},"classes":[]},{"id":4813,"url":"https:\/\/artstella-elixirs-floraux.com\/en\/product\/repro-m-mbp-59-1-ml\/","url_meta":{"origin":4821,"position":5},"title":"REPRO M MBP 59.1 ML","author":"eveapprill","date":"9 March 2025","format":false,"excerpt":"REPRO M MBP\u00a0 \u00a0 Equilibrer et stabiliser l\u2019architecture \u00e9nerg\u00e9tique du syst\u00e8me \u00ab Reproducteur Masculin \u00bb.","rel":"","context":"Similar post","block_context":{"text":"Similar post","link":""},"img":{"alt_text":"","src":"https:\/\/i0.wp.com\/artstella-elixirs-floraux.com\/wp-content\/uploads\/2025\/03\/wp-image1338.png?resize=350%2C200&ssl=1","width":350,"height":200},"classes":[]}],"_links":{"self":[{"href":"https:\/\/artstella-elixirs-floraux.com\/en\/wp-json\/wp\/v2\/product\/4821","targetHints":{"allow":["GET"]}}],"collection":[{"href":"https:\/\/artstella-elixirs-floraux.com\/en\/wp-json\/wp\/v2\/product"}],"about":[{"href":"https:\/\/artstella-elixirs-floraux.com\/en\/wp-json\/wp\/v2\/types\/product"}],"version-history":[{"count":0,"href":"https:\/\/artstella-elixirs-floraux.com\/en\/wp-json\/wp\/v2\/product\/4821\/revisions"}],"wp:attachment":[{"href":"https:\/\/artstella-elixirs-floraux.com\/en\/wp-json\/wp\/v2\/media?parent=4821"}],"wp:term":[{"taxonomy":"product_brand","embeddable":true,"href":"https:\/\/artstella-elixirs-floraux.com\/en\/wp-json\/wp\/v2\/product_brand?post=4821"},{"taxonomy":"product_cat","embeddable":true,"href":"https:\/\/artstella-elixirs-floraux.com\/en\/wp-json\/wp\/v2\/product_cat?post=4821"},{"taxonomy":"product_tag","embeddable":true,"href":"https:\/\/artstella-elixirs-floraux.com\/en\/wp-json\/wp\/v2\/product_tag?post=4821"}],"curies":[{"name":"wp","href":"https:\/\/api.w.org\/{rel}","templated":true}]}}