{"id":4824,"date":"2025-03-09T13:33:53","date_gmt":"2025-03-09T13:33:53","guid":{"rendered":"https:\/\/artstella-elixirs-floraux.com\/product\/guide-perelandra\/"},"modified":"2025-03-09T13:33:53","modified_gmt":"2025-03-09T13:33:53","slug":"guide-perelandra","status":"publish","type":"product","link":"https:\/\/artstella-elixirs-floraux.com\/en\/product\/guide-perelandra\/","title":{"rendered":"GUIDE PERELANDRA"},"content":{"rendered":"<p>Ce livret de 54 pages apporte les d\u00e9finitions exhaustives de chacune des essences des 5 gammes de base de Perelandra. Vous y trouverez aussi l&rsquo;explication du test de kin\u00e9siologie, le test de base des \u00e9lixirs floraux, le description du coning dans son principe, ainsi qu&rsquo;un protocole de r\u00e9\u00e9quilibrage des essences qui ont pu \u00eatre soumises \u00e0 une exposition aux appareils de d\u00e9tection dans les a\u00e9roports (ce n&rsquo;est pas un processus qui traite des pollutions chimiques ou bact\u00e9riologiques pouvant \u00eatre inflig\u00e9es \u00e0 vos essences)<\/p>\n<p>code isbn : 2-914326-05-X<\/p>\n<p>Auteur : Machaelle Small Wrigh<\/p>\n<p>Isbn : 2-914326-05-X<\/p>\n<p>Format : 21 x 15 cm<\/p>\n<p>Pages : 56<\/p>","protected":false},"excerpt":{"rendered":"<p>GUIDE PERELANDRA<\/p>\n<p>Guide pratique et d\u00e9finitions des essences de Perelandra<\/p>","protected":false},"featured_media":4825,"template":"","meta":[],"product_brand":[],"product_cat":[165],"product_tag":[],"class_list":{"0":"post-4824","1":"product","2":"type-product","3":"status-publish","4":"has-post-thumbnail","6":"product_cat-livres-et-cartes-perelandra","8":"first","9":"instock","10":"taxable","11":"shipping-taxable","12":"purchasable","13":"product-type-simple"},"etheme_brands":{"errors":{"invalid_taxonomy":["Invalid taxonomy."]},"error_data":[]},"jetpack_sharing_enabled":true,"jetpack-related-posts":[{"id":4831,"url":"https:\/\/artstella-elixirs-floraux.com\/en\/product\/le-jardin-de-perelandra-tome-1\/","url_meta":{"origin":4824,"position":0},"title":"LE JARDIN DE PERELANDRA TOME 1","author":"","date":"9 March 2025","format":false,"excerpt":"LE JARDIN DE PERELANDRA TOME 1 Guide complet du Jardinage avec les Intelligences de la nature","rel":"","context":"Similar post","block_context":{"text":"Similar post","link":""},"img":{"alt_text":"","src":"https:\/\/i0.wp.com\/artstella-elixirs-floraux.com\/wp-content\/uploads\/2025\/03\/wp-image1344.png?resize=350%2C200&ssl=1","width":350,"height":200},"classes":[]},{"id":4835,"url":"https:\/\/artstella-elixirs-floraux.com\/en\/product\/map-perelandra\/","url_meta":{"origin":4824,"position":1},"title":"MAP PERELANDRA","author":"","date":"9 March 2025","format":false,"excerpt":"MAP PERELANDRA Programme Co-Cr\u00e9atif d\u2019 Assistance M\u00e9dicale de Perelandra","rel":"","context":"Similar post","block_context":{"text":"Similar post","link":""},"img":{"alt_text":"","src":"https:\/\/i0.wp.com\/artstella-elixirs-floraux.com\/wp-content\/uploads\/2025\/03\/wp-image1347.png?resize=350%2C200&ssl=1","width":350,"height":200},"classes":[]},{"id":4833,"url":"https:\/\/artstella-elixirs-floraux.com\/en\/product\/le-jardin-de-perelandra-tome-2\/","url_meta":{"origin":4824,"position":2},"title":"LE JARDIN DE PERELANDRA TOME 2","author":"","date":"9 March 2025","format":false,"excerpt":"LE JARDIN DE PERELANDRA TOME 2 Processus \u00e9nerg\u00e9tiques co-cr\u00e9atifs pour votre jardin","rel":"","context":"Similar post","block_context":{"text":"Similar post","link":""},"img":{"alt_text":"","src":"https:\/\/i0.wp.com\/artstella-elixirs-floraux.com\/wp-content\/uploads\/2025\/03\/wp-image1346.png?resize=350%2C200&ssl=1","width":350,"height":200},"classes":[]},{"id":4676,"url":"https:\/\/artstella-elixirs-floraux.com\/en\/product\/coffret-perelandra-garden-essences\/","url_meta":{"origin":4824,"position":3},"title":"COFFRET PERELANDRA GARDEN ESSENCES","author":"eveapprill","date":"9 March 2025","format":false,"excerpt":"COFFRET PERELANDRA GARDEN ESSENCES Jeu de 18 essences (14.2ml) \u00e0 base de fleurs de l\u00e9gumes, fleurs ornementales et aromatiques d\u00e9vellop\u00e9es dans le jardin de Perelandra.","rel":"","context":"Similar post","block_context":{"text":"Similar post","link":""},"img":{"alt_text":"","src":"https:\/\/i0.wp.com\/artstella-elixirs-floraux.com\/wp-content\/uploads\/2025\/03\/wp-image1268.png?resize=350%2C200&ssl=1","width":350,"height":200},"classes":[]},{"id":4672,"url":"https:\/\/artstella-elixirs-floraux.com\/en\/product\/essence-of-perelandra-59-1-ml\/","url_meta":{"origin":4824,"position":4},"title":"ESSENCE OF PERELANDRA 59.1 ML","author":"eveapprill","date":"9 March 2025","format":false,"excerpt":"ESSENCE OF PERELANDRA 60 ML \u00a0 Donner \u00e0 l\u2019utilisateur contact avec l\u2019\u00e9quilibre abouti d\u2019une relation cocr\u00e9ative.","rel":"","context":"Similar post","block_context":{"text":"Similar post","link":""},"img":{"alt_text":"","src":"https:\/\/i0.wp.com\/artstella-elixirs-floraux.com\/wp-content\/uploads\/2025\/03\/wp-image1266.png?resize=350%2C200&ssl=1","width":350,"height":200},"classes":[]},{"id":4723,"url":"https:\/\/artstella-elixirs-floraux.com\/en\/product\/bowl-14-2ml-perelandra\/","url_meta":{"origin":4824,"position":5},"title":"BOWL 14.2ML PERELANDRA","author":"eveapprill","date":"9 March 2025","format":false,"excerpt":"BOWL 15 ML PERELANDRA","rel":"","context":"Similar post","block_context":{"text":"Similar post","link":""},"img":{"alt_text":"","src":"https:\/\/i0.wp.com\/artstella-elixirs-floraux.com\/wp-content\/uploads\/2025\/03\/wp-image1288.png?resize=350%2C200&ssl=1","width":350,"height":200},"classes":[]}],"_links":{"self":[{"href":"https:\/\/artstella-elixirs-floraux.com\/en\/wp-json\/wp\/v2\/product\/4824","targetHints":{"allow":["GET"]}}],"collection":[{"href":"https:\/\/artstella-elixirs-floraux.com\/en\/wp-json\/wp\/v2\/product"}],"about":[{"href":"https:\/\/artstella-elixirs-floraux.com\/en\/wp-json\/wp\/v2\/types\/product"}],"version-history":[{"count":0,"href":"https:\/\/artstella-elixirs-floraux.com\/en\/wp-json\/wp\/v2\/product\/4824\/revisions"}],"wp:featuredmedia":[{"embeddable":true,"href":"https:\/\/artstella-elixirs-floraux.com\/en\/wp-json\/wp\/v2\/media\/4825"}],"wp:attachment":[{"href":"https:\/\/artstella-elixirs-floraux.com\/en\/wp-json\/wp\/v2\/media?parent=4824"}],"wp:term":[{"taxonomy":"product_brand","embeddable":true,"href":"https:\/\/artstella-elixirs-floraux.com\/en\/wp-json\/wp\/v2\/product_brand?post=4824"},{"taxonomy":"product_cat","embeddable":true,"href":"https:\/\/artstella-elixirs-floraux.com\/en\/wp-json\/wp\/v2\/product_cat?post=4824"},{"taxonomy":"product_tag","embeddable":true,"href":"https:\/\/artstella-elixirs-floraux.com\/en\/wp-json\/wp\/v2\/product_tag?post=4824"}],"curies":[{"name":"wp","href":"https:\/\/api.w.org\/{rel}","templated":true}]}}