{"id":4827,"date":"2025-03-09T13:33:55","date_gmt":"2025-03-09T13:33:55","guid":{"rendered":"https:\/\/artstella-elixirs-floraux.com\/product\/nos-emotions-les-fleurs-f-deporte\/"},"modified":"2025-06-08T13:58:02","modified_gmt":"2025-06-08T13:58:02","slug":"nos-emotions-les-fleurs-f-deporte","status":"publish","type":"product","link":"https:\/\/artstella-elixirs-floraux.com\/en\/product\/nos-emotions-les-fleurs-f-deporte\/","title":{"rendered":"NOS EMOTIONS LES FLEURS F DEPORTE"},"content":{"rendered":"<p><strong>Livre de d\u00e9finitions et d&rsquo;utilisation des Fleurs de Bach.<\/strong><br \/>\nLe Dr Bach a developp\u00e9 une m\u00e9thode unique et naturelle pour que chacun renoue avec ses forces et qualit\u00e9s d&rsquo;origine. D\u00e9couvrez les 39 \u00e9lixirs, leurs modes de pr\u00e9paration qui vous permettront de retrouver bien-\u00eatre et \u00e9panouissement personnel de fa\u00e7on simple et claire.<\/p>\n<p>Auteur : Fran\u00e7ois Deporte aux Editions Co-Cr\u00e9atives.<\/p>\n<p>Isbn : 2-914326-13-0<\/p>\n<p>Format :21 x 10,5 cm<\/p>\n<p>Pages : 64<\/p>","protected":false},"excerpt":{"rendered":"<p>NOS EMOTIONS LES FLEURS F DEPORTE<\/p>\n<p>Livre de d\u00e9finitions et d&rsquo;utilisation des Fleurs de Bach<\/p>","protected":false},"featured_media":4828,"template":"","meta":[],"product_brand":[],"product_cat":[166],"product_tag":[],"class_list":{"0":"post-4827","1":"product","2":"type-product","3":"status-publish","4":"has-post-thumbnail","6":"product_cat-fleurs-de-bach","8":"first","9":"instock","10":"taxable","11":"shipping-taxable","12":"purchasable","13":"product-type-simple"},"etheme_brands":{"errors":{"invalid_taxonomy":["Invalid taxonomy."]},"error_data":[]},"jetpack_sharing_enabled":true,"jetpack-related-posts":[{"id":6016,"url":"https:\/\/artstella-elixirs-floraux.com\/en\/product\/lessentiel-des-fleurs-de-bach\/","url_meta":{"origin":4827,"position":0},"title":"L&rsquo;essentiel des Fleurs de Bach","author":"eveapprill","date":"9 March 2025","format":false,"excerpt":"L'essentiel des Fleurs de Bach Editions Le Courrier du Livre Introduit de fa\u00e7on simple et pratique \u00e0 l'essentiel de ce qu'il faut conna\u00eetre sur ces rem\u00e8des floraux.","rel":"","context":"Similar post","block_context":{"text":"Similar post","link":""},"img":{"alt_text":"","src":"https:\/\/i0.wp.com\/artstella-elixirs-floraux.com\/wp-content\/uploads\/2025\/03\/wp-image2028.png?resize=350%2C200&ssl=1","width":350,"height":200},"classes":[]},{"id":5498,"url":"https:\/\/artstella-elixirs-floraux.com\/en\/product\/la-guerison-par-les-fleurs\/","url_meta":{"origin":4827,"position":1},"title":"La gu\u00e9rison par les fleurs","author":"eveapprill","date":"9 March 2025","format":false,"excerpt":"La gu\u00e9rison par les fleurs par le Dr Edward Bach","rel":"","context":"Similar post","block_context":{"text":"Similar post","link":""},"img":{"alt_text":"","src":"https:\/\/i0.wp.com\/artstella-elixirs-floraux.com\/wp-content\/uploads\/2025\/03\/wp-image1745.png?resize=350%2C200&ssl=1","width":350,"height":200},"classes":[]},{"id":6345,"url":"https:\/\/artstella-elixirs-floraux.com\/en\/product\/le-repertoire-des-humeurs-fleurs-de-bach\/","url_meta":{"origin":4827,"position":2},"title":"Le R\u00e9pertoire des humeurs Fleurs de Bach","author":"eveapprill","date":"9 March 2025","format":false,"excerpt":"Le R\u00e9pertoire des humeurs et des rem\u00e8des et dictionnaire des Fleurs de Bach par FJ Wheeler et T W Jones","rel":"","context":"Similar post","block_context":{"text":"Similar post","link":""},"img":{"alt_text":"","src":"https:\/\/i0.wp.com\/artstella-elixirs-floraux.com\/wp-content\/uploads\/2025\/03\/wp-image2348.png?resize=350%2C200&ssl=1","width":350,"height":200,"srcset":"https:\/\/i0.wp.com\/artstella-elixirs-floraux.com\/wp-content\/uploads\/2025\/03\/wp-image2348.png?resize=350%2C200&ssl=1 1x, https:\/\/i0.wp.com\/artstella-elixirs-floraux.com\/wp-content\/uploads\/2025\/03\/wp-image2348.png?resize=525%2C300&ssl=1 1.5x, https:\/\/i0.wp.com\/artstella-elixirs-floraux.com\/wp-content\/uploads\/2025\/03\/wp-image2348.png?resize=700%2C400&ssl=1 2x"},"classes":[]},{"id":5500,"url":"https:\/\/artstella-elixirs-floraux.com\/en\/product\/les-essences-de-fleurs-de-bach-la-memoire-de-leau\/","url_meta":{"origin":4827,"position":3},"title":"les essences de fleurs de bach &amp; la m\u00e9moire de l&rsquo;eau","author":"eveapprill","date":"9 March 2025","format":false,"excerpt":"Nouveau : Les Essences de Fleurs de Bach et la M\u00e9moire de l\u2019Eau, de Julian Barnard,\u00a0 parution\u00a0 Ulmus Ltd Traduction par G\u00e9rard Wolf","rel":"","context":"Similar post","block_context":{"text":"Similar post","link":""},"img":{"alt_text":"","src":"https:\/\/i0.wp.com\/artstella-elixirs-floraux.com\/wp-content\/uploads\/2025\/03\/wp-image1746.png?resize=350%2C200&ssl=1","width":350,"height":200},"classes":[]},{"id":6020,"url":"https:\/\/artstella-elixirs-floraux.com\/en\/product\/therapie-originale-des-fleurs-de-bach\/","url_meta":{"origin":4827,"position":4},"title":"Th\u00e9rapie originale des fleurs de Bach","author":"eveapprill","date":"9 March 2025","format":false,"excerpt":"Th\u00e9rapie originale des fleurs de Bach par Mechthild Scheffer Editions M\u00e9dicis Ce jeu de 38 cartes pr\u00e9sente la th\u00e9rapie par les fleurs de Bach dans ses grandes lignes","rel":"","context":"Similar post","block_context":{"text":"Similar post","link":""},"img":{"alt_text":"","src":"","width":0,"height":0},"classes":[]},{"id":6012,"url":"https:\/\/artstella-elixirs-floraux.com\/en\/product\/prendre-soin-de-son-animal-avec-les-fleurs-de-bach\/","url_meta":{"origin":4827,"position":5},"title":"Prendre soin de son animal avec les fleurs de Bach","author":"eveapprill","date":"9 March 2025","format":false,"excerpt":"Prendre soin de son animal avec les fleurs de Bach et autres \u00e9lixirs fmloraux Par Beatrice Navarre - Colin v\u00e9t\u00e9rinaire et Ga\u00eblle Bertruc comportementaliste.","rel":"","context":"Similar post","block_context":{"text":"Similar post","link":""},"img":{"alt_text":"","src":"https:\/\/i0.wp.com\/artstella-elixirs-floraux.com\/wp-content\/uploads\/2025\/03\/wp-image2026.png?resize=350%2C200&ssl=1","width":350,"height":200},"classes":[]}],"_links":{"self":[{"href":"https:\/\/artstella-elixirs-floraux.com\/en\/wp-json\/wp\/v2\/product\/4827","targetHints":{"allow":["GET"]}}],"collection":[{"href":"https:\/\/artstella-elixirs-floraux.com\/en\/wp-json\/wp\/v2\/product"}],"about":[{"href":"https:\/\/artstella-elixirs-floraux.com\/en\/wp-json\/wp\/v2\/types\/product"}],"version-history":[{"count":0,"href":"https:\/\/artstella-elixirs-floraux.com\/en\/wp-json\/wp\/v2\/product\/4827\/revisions"}],"wp:featuredmedia":[{"embeddable":true,"href":"https:\/\/artstella-elixirs-floraux.com\/en\/wp-json\/wp\/v2\/media\/4828"}],"wp:attachment":[{"href":"https:\/\/artstella-elixirs-floraux.com\/en\/wp-json\/wp\/v2\/media?parent=4827"}],"wp:term":[{"taxonomy":"product_brand","embeddable":true,"href":"https:\/\/artstella-elixirs-floraux.com\/en\/wp-json\/wp\/v2\/product_brand?post=4827"},{"taxonomy":"product_cat","embeddable":true,"href":"https:\/\/artstella-elixirs-floraux.com\/en\/wp-json\/wp\/v2\/product_cat?post=4827"},{"taxonomy":"product_tag","embeddable":true,"href":"https:\/\/artstella-elixirs-floraux.com\/en\/wp-json\/wp\/v2\/product_tag?post=4827"}],"curies":[{"name":"wp","href":"https:\/\/api.w.org\/{rel}","templated":true}]}}