{"id":4842,"date":"2025-03-09T13:34:16","date_gmt":"2025-03-09T13:34:16","guid":{"rendered":"https:\/\/artstella-elixirs-floraux.com\/product\/pendentif-electro-clair\/"},"modified":"2025-06-08T13:58:02","modified_gmt":"2025-06-08T13:58:02","slug":"pendentif-electro-clair","status":"publish","type":"product","link":"https:\/\/artstella-elixirs-floraux.com\/en\/product\/pendentif-electro-clair\/","title":{"rendered":"Pendentif \u00ab Electro \u00bb (clair)"},"content":{"rendered":"","protected":false},"excerpt":{"rendered":"<p>\u00a0<\/p>\n<p style=\"text-align: left\" align=\"center\"><strong>Pendentif \u00ab\u00a0Electro\u00a0\u00bb (clair)<\/strong><\/p>\n<p>Pendentif en verre souffl\u00e9 couleur clair, anti-rayonnement, rempli avec les \u00e9lixirs <strong>d\u2019Electro<\/strong> (concentr\u00e9s).\u00a0<\/p>","protected":false},"featured_media":4843,"template":"","meta":[],"product_brand":[],"product_cat":[167],"product_tag":[],"class_list":{"0":"post-4842","1":"product","2":"type-product","3":"status-publish","4":"has-post-thumbnail","6":"product_cat-pendentifs-bush","8":"first","9":"instock","10":"taxable","11":"shipping-taxable","12":"purchasable","13":"product-type-simple"},"etheme_brands":{"errors":{"invalid_taxonomy":["Invalid taxonomy."]},"error_data":[]},"jetpack_sharing_enabled":true,"jetpack-related-posts":[{"id":4844,"url":"https:\/\/artstella-elixirs-floraux.com\/en\/product\/pendentif-electro-violet\/","url_meta":{"origin":4842,"position":0},"title":"Pendentif \u00ab Electro \u00bb (violet)","author":"eveapprill","date":"9 March 2025","format":false,"excerpt":"Pendentif \u00ab\u00a0Electro\u00a0\u00bb (violet) Pendentif en verre souffl\u00e9 couleur violet, anti-rayonnement, rempli avec les \u00e9lixirs d\u2019Electro (concentr\u00e9s).","rel":"","context":"Similar post","block_context":{"text":"Similar post","link":""},"img":{"alt_text":"","src":"https:\/\/i0.wp.com\/artstella-elixirs-floraux.com\/wp-content\/uploads\/2025\/03\/wp-image1356.png?resize=350%2C200&ssl=1","width":350,"height":200,"srcset":"https:\/\/i0.wp.com\/artstella-elixirs-floraux.com\/wp-content\/uploads\/2025\/03\/wp-image1356.png?resize=350%2C200&ssl=1 1x, https:\/\/i0.wp.com\/artstella-elixirs-floraux.com\/wp-content\/uploads\/2025\/03\/wp-image1356.png?resize=525%2C300&ssl=1 1.5x"},"classes":[]},{"id":4856,"url":"https:\/\/artstella-elixirs-floraux.com\/en\/product\/pendentif-enfant-electro-bleu\/","url_meta":{"origin":4842,"position":1},"title":"Pendentif enfant \u2013 \u00ab Electro \u00bb (bleu)","author":"eveapprill","date":"9 March 2025","format":false,"excerpt":"Pendentif enfant \u2013 \u00ab\u00a0Electro\u00a0\u00bb (bleu) Pendentif pour enfant de plus de 8 ans en verre souffl\u00e9 couleur bleu, rempli avec les \u00e9lixirs d\u2019Electro (concentr\u00e9s)","rel":"","context":"Similar post","block_context":{"text":"Similar post","link":""},"img":{"alt_text":"","src":"https:\/\/i0.wp.com\/artstella-elixirs-floraux.com\/wp-content\/uploads\/2025\/03\/wp-image1362.png?resize=350%2C200&ssl=1","width":350,"height":200,"srcset":"https:\/\/i0.wp.com\/artstella-elixirs-floraux.com\/wp-content\/uploads\/2025\/03\/wp-image1362.png?resize=350%2C200&ssl=1 1x, https:\/\/i0.wp.com\/artstella-elixirs-floraux.com\/wp-content\/uploads\/2025\/03\/wp-image1362.png?resize=525%2C300&ssl=1 1.5x"},"classes":[]},{"id":4858,"url":"https:\/\/artstella-elixirs-floraux.com\/en\/product\/pendentif-enfant-electro-rose\/","url_meta":{"origin":4842,"position":2},"title":"Pendentif enfant \u2013 \u00ab Electro \u00bb (rose","author":"eveapprill","date":"9 March 2025","format":false,"excerpt":"Pendentif enfant \u2013 \u00ab\u00a0Electro\u00a0\u00bb (rose) Pendentif pour enfant de plus de 8 ans en verre souffl\u00e9 couleur rose, rempli avec les \u00e9lixirs d\u2019Electro (concentr\u00e9s) \u00a0","rel":"","context":"Similar post","block_context":{"text":"Similar post","link":""},"img":{"alt_text":"","src":"https:\/\/i0.wp.com\/artstella-elixirs-floraux.com\/wp-content\/uploads\/2025\/03\/wp-image1363.png?resize=350%2C200&ssl=1","width":350,"height":200,"srcset":"https:\/\/i0.wp.com\/artstella-elixirs-floraux.com\/wp-content\/uploads\/2025\/03\/wp-image1363.png?resize=350%2C200&ssl=1 1x, https:\/\/i0.wp.com\/artstella-elixirs-floraux.com\/wp-content\/uploads\/2025\/03\/wp-image1363.png?resize=525%2C300&ssl=1 1.5x"},"classes":[]},{"id":4860,"url":"https:\/\/artstella-elixirs-floraux.com\/en\/product\/pendentif-enfant-electro-vert\/","url_meta":{"origin":4842,"position":3},"title":"Pendentif enfant \u2013 \u00ab Electro \u00bb (vert)","author":"eveapprill","date":"9 March 2025","format":false,"excerpt":"Pendentif enfant\u00a0\u2013 \u00ab\u00a0Electro\u00a0\u00bb (vert) Pendentif pour enfant de plus de 8 ans en verre souffl\u00e9 couleur vert, rempli avec les \u00e9lixirs d\u2019Electro (concentr\u00e9s)","rel":"","context":"Similar post","block_context":{"text":"Similar post","link":""},"img":{"alt_text":"","src":"https:\/\/i0.wp.com\/artstella-elixirs-floraux.com\/wp-content\/uploads\/2025\/03\/wp-image1364.png?resize=350%2C200&ssl=1","width":350,"height":200,"srcset":"https:\/\/i0.wp.com\/artstella-elixirs-floraux.com\/wp-content\/uploads\/2025\/03\/wp-image1364.png?resize=350%2C200&ssl=1 1x, https:\/\/i0.wp.com\/artstella-elixirs-floraux.com\/wp-content\/uploads\/2025\/03\/wp-image1364.png?resize=525%2C300&ssl=1 1.5x"},"classes":[]},{"id":2731,"url":"https:\/\/artstella-elixirs-floraux.com\/en\/product\/electro-bush-australien-30ml\/","url_meta":{"origin":4842,"position":4},"title":"ELECTRO BUSH AUSTRALIEN 30ml","author":"eveapprill","date":"9 March 2025","format":false,"excerpt":"Electro Peut \u00eatre utilis\u00e9 pour r\u00e9duire les effets n\u00e9fastes des radiations solaires et \u00e9lectromagn\u00e9tiques, ainsi que ceux induits par les radioth\u00e9rapies, les appareils \u00e9lectriques... Compos\u00e9 de Bush Fuschia, Crowea, Paw Paw, Fringed Violet, Mulla Mulla et Waratah.","rel":"","context":"Similar post","block_context":{"text":"Similar post","link":""},"img":{"alt_text":"","src":"https:\/\/i0.wp.com\/artstella-elixirs-floraux.com\/wp-content\/uploads\/2025\/03\/f82f91ab-588d-435b-af47-a9b6f992264f.jpg?resize=350%2C200&ssl=1","width":350,"height":200,"srcset":"https:\/\/i0.wp.com\/artstella-elixirs-floraux.com\/wp-content\/uploads\/2025\/03\/f82f91ab-588d-435b-af47-a9b6f992264f.jpg?resize=350%2C200&ssl=1 1x, https:\/\/i0.wp.com\/artstella-elixirs-floraux.com\/wp-content\/uploads\/2025\/03\/f82f91ab-588d-435b-af47-a9b6f992264f.jpg?resize=525%2C300&ssl=1 1.5x, https:\/\/i0.wp.com\/artstella-elixirs-floraux.com\/wp-content\/uploads\/2025\/03\/f82f91ab-588d-435b-af47-a9b6f992264f.jpg?resize=700%2C400&ssl=1 2x"},"classes":[]},{"id":6097,"url":"https:\/\/artstella-elixirs-floraux.com\/en\/product\/pendentif-isis\/","url_meta":{"origin":4842,"position":5},"title":"Pendentif \u00ab\u00a0ISIS\u00a0\u00bb","author":"eveapprill","date":"9 March 2025","format":false,"excerpt":"Pendentif \u00ab ISIS\u00bb Pendentif en verre souffl\u00e9 rempli avec l'\u00e9lixirs ISIS qui soutient l'\u00e9quilibre du f\u00e9minin","rel":"","context":"Similar post","block_context":{"text":"Similar post","link":""},"img":{"alt_text":"","src":"https:\/\/i0.wp.com\/artstella-elixirs-floraux.com\/wp-content\/uploads\/2025\/03\/wp-image2131.png?resize=350%2C200&ssl=1","width":350,"height":200,"srcset":"https:\/\/i0.wp.com\/artstella-elixirs-floraux.com\/wp-content\/uploads\/2025\/03\/wp-image2131.png?resize=350%2C200&ssl=1 1x, https:\/\/i0.wp.com\/artstella-elixirs-floraux.com\/wp-content\/uploads\/2025\/03\/wp-image2131.png?resize=525%2C300&ssl=1 1.5x, https:\/\/i0.wp.com\/artstella-elixirs-floraux.com\/wp-content\/uploads\/2025\/03\/wp-image2131.png?resize=700%2C400&ssl=1 2x"},"classes":[]}],"_links":{"self":[{"href":"https:\/\/artstella-elixirs-floraux.com\/en\/wp-json\/wp\/v2\/product\/4842","targetHints":{"allow":["GET"]}}],"collection":[{"href":"https:\/\/artstella-elixirs-floraux.com\/en\/wp-json\/wp\/v2\/product"}],"about":[{"href":"https:\/\/artstella-elixirs-floraux.com\/en\/wp-json\/wp\/v2\/types\/product"}],"version-history":[{"count":0,"href":"https:\/\/artstella-elixirs-floraux.com\/en\/wp-json\/wp\/v2\/product\/4842\/revisions"}],"wp:featuredmedia":[{"embeddable":true,"href":"https:\/\/artstella-elixirs-floraux.com\/en\/wp-json\/wp\/v2\/media\/4843"}],"wp:attachment":[{"href":"https:\/\/artstella-elixirs-floraux.com\/en\/wp-json\/wp\/v2\/media?parent=4842"}],"wp:term":[{"taxonomy":"product_brand","embeddable":true,"href":"https:\/\/artstella-elixirs-floraux.com\/en\/wp-json\/wp\/v2\/product_brand?post=4842"},{"taxonomy":"product_cat","embeddable":true,"href":"https:\/\/artstella-elixirs-floraux.com\/en\/wp-json\/wp\/v2\/product_cat?post=4842"},{"taxonomy":"product_tag","embeddable":true,"href":"https:\/\/artstella-elixirs-floraux.com\/en\/wp-json\/wp\/v2\/product_tag?post=4842"}],"curies":[{"name":"wp","href":"https:\/\/api.w.org\/{rel}","templated":true}]}}