{"id":4856,"date":"2025-03-09T13:34:24","date_gmt":"2025-03-09T13:34:24","guid":{"rendered":"https:\/\/artstella-elixirs-floraux.com\/product\/pendentif-enfant-electro-bleu\/"},"modified":"2025-06-08T13:58:01","modified_gmt":"2025-06-08T13:58:01","slug":"pendentif-enfant-electro-bleu","status":"publish","type":"product","link":"https:\/\/artstella-elixirs-floraux.com\/en\/product\/pendentif-enfant-electro-bleu\/","title":{"rendered":"Pendentif enfant \u2013 \u00ab Electro \u00bb (bleu)"},"content":{"rendered":"","protected":false},"excerpt":{"rendered":"<p style=\"text-align: left\" align=\"center\"><strong>Pendentif enfant \u2013 \u00ab\u00a0Electro\u00a0\u00bb (bleu)<\/strong><\/p>\n<p>Pendentif pour enfant <strong>de plus de 8 ans <\/strong>en verre souffl\u00e9 couleur bleu, rempli avec les \u00e9lixirs <strong>d\u2019Electro<\/strong> (concentr\u00e9s)<strong> <br \/><\/strong><\/p>","protected":false},"featured_media":4857,"template":"","meta":[],"product_brand":[],"product_cat":[167],"product_tag":[],"class_list":{"0":"post-4856","1":"product","2":"type-product","3":"status-publish","4":"has-post-thumbnail","6":"product_cat-pendentifs-bush","8":"first","9":"instock","10":"taxable","11":"shipping-taxable","12":"purchasable","13":"product-type-simple"},"etheme_brands":{"errors":{"invalid_taxonomy":["Invalid taxonomy."]},"error_data":[]},"jetpack_sharing_enabled":true,"jetpack-related-posts":[{"id":4858,"url":"https:\/\/artstella-elixirs-floraux.com\/en\/product\/pendentif-enfant-electro-rose\/","url_meta":{"origin":4856,"position":0},"title":"Pendentif enfant \u2013 \u00ab Electro \u00bb (rose","author":"eveapprill","date":"9 March 2025","format":false,"excerpt":"Pendentif enfant \u2013 \u00ab\u00a0Electro\u00a0\u00bb (rose) Pendentif pour enfant de plus de 8 ans en verre souffl\u00e9 couleur rose, rempli avec les \u00e9lixirs d\u2019Electro (concentr\u00e9s) \u00a0","rel":"","context":"Similar post","block_context":{"text":"Similar post","link":""},"img":{"alt_text":"","src":"https:\/\/i0.wp.com\/artstella-elixirs-floraux.com\/wp-content\/uploads\/2025\/03\/wp-image1363.png?resize=350%2C200&ssl=1","width":350,"height":200,"srcset":"https:\/\/i0.wp.com\/artstella-elixirs-floraux.com\/wp-content\/uploads\/2025\/03\/wp-image1363.png?resize=350%2C200&ssl=1 1x, https:\/\/i0.wp.com\/artstella-elixirs-floraux.com\/wp-content\/uploads\/2025\/03\/wp-image1363.png?resize=525%2C300&ssl=1 1.5x"},"classes":[]},{"id":4860,"url":"https:\/\/artstella-elixirs-floraux.com\/en\/product\/pendentif-enfant-electro-vert\/","url_meta":{"origin":4856,"position":1},"title":"Pendentif enfant \u2013 \u00ab Electro \u00bb (vert)","author":"eveapprill","date":"9 March 2025","format":false,"excerpt":"Pendentif enfant\u00a0\u2013 \u00ab\u00a0Electro\u00a0\u00bb (vert) Pendentif pour enfant de plus de 8 ans en verre souffl\u00e9 couleur vert, rempli avec les \u00e9lixirs d\u2019Electro (concentr\u00e9s)","rel":"","context":"Similar post","block_context":{"text":"Similar post","link":""},"img":{"alt_text":"","src":"https:\/\/i0.wp.com\/artstella-elixirs-floraux.com\/wp-content\/uploads\/2025\/03\/wp-image1364.png?resize=350%2C200&ssl=1","width":350,"height":200,"srcset":"https:\/\/i0.wp.com\/artstella-elixirs-floraux.com\/wp-content\/uploads\/2025\/03\/wp-image1364.png?resize=350%2C200&ssl=1 1x, https:\/\/i0.wp.com\/artstella-elixirs-floraux.com\/wp-content\/uploads\/2025\/03\/wp-image1364.png?resize=525%2C300&ssl=1 1.5x"},"classes":[]},{"id":4842,"url":"https:\/\/artstella-elixirs-floraux.com\/en\/product\/pendentif-electro-clair\/","url_meta":{"origin":4856,"position":2},"title":"Pendentif \u00ab Electro \u00bb (clair)","author":"eveapprill","date":"9 March 2025","format":false,"excerpt":"\u00a0 Pendentif \u00ab\u00a0Electro\u00a0\u00bb (clair) Pendentif en verre souffl\u00e9 couleur clair, anti-rayonnement, rempli avec les \u00e9lixirs d\u2019Electro (concentr\u00e9s).\u00a0","rel":"","context":"Similar post","block_context":{"text":"Similar post","link":""},"img":{"alt_text":"","src":"https:\/\/i0.wp.com\/artstella-elixirs-floraux.com\/wp-content\/uploads\/2025\/03\/wp-image1355.png?resize=350%2C200&ssl=1","width":350,"height":200,"srcset":"https:\/\/i0.wp.com\/artstella-elixirs-floraux.com\/wp-content\/uploads\/2025\/03\/wp-image1355.png?resize=350%2C200&ssl=1 1x, https:\/\/i0.wp.com\/artstella-elixirs-floraux.com\/wp-content\/uploads\/2025\/03\/wp-image1355.png?resize=525%2C300&ssl=1 1.5x"},"classes":[]},{"id":4844,"url":"https:\/\/artstella-elixirs-floraux.com\/en\/product\/pendentif-electro-violet\/","url_meta":{"origin":4856,"position":3},"title":"Pendentif \u00ab Electro \u00bb (violet)","author":"eveapprill","date":"9 March 2025","format":false,"excerpt":"Pendentif \u00ab\u00a0Electro\u00a0\u00bb (violet) Pendentif en verre souffl\u00e9 couleur violet, anti-rayonnement, rempli avec les \u00e9lixirs d\u2019Electro (concentr\u00e9s).","rel":"","context":"Similar post","block_context":{"text":"Similar post","link":""},"img":{"alt_text":"","src":"https:\/\/i0.wp.com\/artstella-elixirs-floraux.com\/wp-content\/uploads\/2025\/03\/wp-image1356.png?resize=350%2C200&ssl=1","width":350,"height":200,"srcset":"https:\/\/i0.wp.com\/artstella-elixirs-floraux.com\/wp-content\/uploads\/2025\/03\/wp-image1356.png?resize=350%2C200&ssl=1 1x, https:\/\/i0.wp.com\/artstella-elixirs-floraux.com\/wp-content\/uploads\/2025\/03\/wp-image1356.png?resize=525%2C300&ssl=1 1.5x"},"classes":[]},{"id":2731,"url":"https:\/\/artstella-elixirs-floraux.com\/en\/product\/electro-bush-australien-30ml\/","url_meta":{"origin":4856,"position":4},"title":"ELECTRO BUSH AUSTRALIEN 30ml","author":"eveapprill","date":"9 March 2025","format":false,"excerpt":"Electro Peut \u00eatre utilis\u00e9 pour r\u00e9duire les effets n\u00e9fastes des radiations solaires et \u00e9lectromagn\u00e9tiques, ainsi que ceux induits par les radioth\u00e9rapies, les appareils \u00e9lectriques... Compos\u00e9 de Bush Fuschia, Crowea, Paw Paw, Fringed Violet, Mulla Mulla et Waratah.","rel":"","context":"Similar post","block_context":{"text":"Similar post","link":""},"img":{"alt_text":"","src":"https:\/\/i0.wp.com\/artstella-elixirs-floraux.com\/wp-content\/uploads\/2025\/03\/f82f91ab-588d-435b-af47-a9b6f992264f.jpg?resize=350%2C200&ssl=1","width":350,"height":200,"srcset":"https:\/\/i0.wp.com\/artstella-elixirs-floraux.com\/wp-content\/uploads\/2025\/03\/f82f91ab-588d-435b-af47-a9b6f992264f.jpg?resize=350%2C200&ssl=1 1x, https:\/\/i0.wp.com\/artstella-elixirs-floraux.com\/wp-content\/uploads\/2025\/03\/f82f91ab-588d-435b-af47-a9b6f992264f.jpg?resize=525%2C300&ssl=1 1.5x, https:\/\/i0.wp.com\/artstella-elixirs-floraux.com\/wp-content\/uploads\/2025\/03\/f82f91ab-588d-435b-af47-a9b6f992264f.jpg?resize=700%2C400&ssl=1 2x"},"classes":[]},{"id":5994,"url":"https:\/\/artstella-elixirs-floraux.com\/en\/product\/collier-stabilite-energetique\/","url_meta":{"origin":4856,"position":5},"title":"COLLIER \u00ab\u00a0STABILITE ENERGETIQUE\u00a0\u00bb","author":"eveapprill","date":"9 March 2025","format":false,"excerpt":"Ce pendentif fait main offre une grande protection \u00e9nerg\u00e9tique\u00a0.","rel":"","context":"Similar post","block_context":{"text":"Similar post","link":""},"img":{"alt_text":"","src":"https:\/\/i0.wp.com\/artstella-elixirs-floraux.com\/wp-content\/uploads\/2025\/03\/wp-image2016.png?resize=350%2C200&ssl=1","width":350,"height":200},"classes":[]}],"_links":{"self":[{"href":"https:\/\/artstella-elixirs-floraux.com\/en\/wp-json\/wp\/v2\/product\/4856","targetHints":{"allow":["GET"]}}],"collection":[{"href":"https:\/\/artstella-elixirs-floraux.com\/en\/wp-json\/wp\/v2\/product"}],"about":[{"href":"https:\/\/artstella-elixirs-floraux.com\/en\/wp-json\/wp\/v2\/types\/product"}],"version-history":[{"count":0,"href":"https:\/\/artstella-elixirs-floraux.com\/en\/wp-json\/wp\/v2\/product\/4856\/revisions"}],"wp:featuredmedia":[{"embeddable":true,"href":"https:\/\/artstella-elixirs-floraux.com\/en\/wp-json\/wp\/v2\/media\/4857"}],"wp:attachment":[{"href":"https:\/\/artstella-elixirs-floraux.com\/en\/wp-json\/wp\/v2\/media?parent=4856"}],"wp:term":[{"taxonomy":"product_brand","embeddable":true,"href":"https:\/\/artstella-elixirs-floraux.com\/en\/wp-json\/wp\/v2\/product_brand?post=4856"},{"taxonomy":"product_cat","embeddable":true,"href":"https:\/\/artstella-elixirs-floraux.com\/en\/wp-json\/wp\/v2\/product_cat?post=4856"},{"taxonomy":"product_tag","embeddable":true,"href":"https:\/\/artstella-elixirs-floraux.com\/en\/wp-json\/wp\/v2\/product_tag?post=4856"}],"curies":[{"name":"wp","href":"https:\/\/api.w.org\/{rel}","templated":true}]}}