{"id":4858,"date":"2025-03-09T13:34:26","date_gmt":"2025-03-09T13:34:26","guid":{"rendered":"https:\/\/artstella-elixirs-floraux.com\/product\/pendentif-enfant-electro-rose\/"},"modified":"2025-06-08T13:58:01","modified_gmt":"2025-06-08T13:58:01","slug":"pendentif-enfant-electro-rose","status":"publish","type":"product","link":"https:\/\/artstella-elixirs-floraux.com\/en\/product\/pendentif-enfant-electro-rose\/","title":{"rendered":"Pendentif enfant \u2013 \u00ab Electro \u00bb (rose"},"content":{"rendered":"","protected":false},"excerpt":{"rendered":"<p style=\"text-align: left\" align=\"center\"><strong>Pendentif enfant \u2013 \u00ab\u00a0Electro\u00a0\u00bb (rose)<\/strong><\/p>\n<p style=\"text-align: left\" align=\"center\">Pendentif pour enfant <strong>de plus de 8 ans <\/strong>en verre souffl\u00e9 couleur rose, rempli avec les \u00e9lixirs <strong>d\u2019Electro<\/strong> (concentr\u00e9s)<\/p>\n<p style=\"text-align: center\">\u00a0<\/p>","protected":false},"featured_media":4859,"template":"","meta":[],"product_brand":[],"product_cat":[167],"product_tag":[],"class_list":{"0":"post-4858","1":"product","2":"type-product","3":"status-publish","4":"has-post-thumbnail","6":"product_cat-pendentifs-bush","8":"first","9":"instock","10":"taxable","11":"shipping-taxable","12":"purchasable","13":"product-type-simple"},"etheme_brands":{"errors":{"invalid_taxonomy":["Invalid taxonomy."]},"error_data":[]},"jetpack_sharing_enabled":true,"jetpack-related-posts":[{"id":4856,"url":"https:\/\/artstella-elixirs-floraux.com\/en\/product\/pendentif-enfant-electro-bleu\/","url_meta":{"origin":4858,"position":0},"title":"Pendentif enfant \u2013 \u00ab Electro \u00bb (bleu)","author":"eveapprill","date":"9 March 2025","format":false,"excerpt":"Pendentif enfant \u2013 \u00ab\u00a0Electro\u00a0\u00bb (bleu) Pendentif pour enfant de plus de 8 ans en verre souffl\u00e9 couleur bleu, rempli avec les \u00e9lixirs d\u2019Electro (concentr\u00e9s)","rel":"","context":"Similar post","block_context":{"text":"Similar post","link":""},"img":{"alt_text":"","src":"https:\/\/i0.wp.com\/artstella-elixirs-floraux.com\/wp-content\/uploads\/2025\/03\/wp-image1362.png?resize=350%2C200&ssl=1","width":350,"height":200,"srcset":"https:\/\/i0.wp.com\/artstella-elixirs-floraux.com\/wp-content\/uploads\/2025\/03\/wp-image1362.png?resize=350%2C200&ssl=1 1x, https:\/\/i0.wp.com\/artstella-elixirs-floraux.com\/wp-content\/uploads\/2025\/03\/wp-image1362.png?resize=525%2C300&ssl=1 1.5x"},"classes":[]},{"id":4860,"url":"https:\/\/artstella-elixirs-floraux.com\/en\/product\/pendentif-enfant-electro-vert\/","url_meta":{"origin":4858,"position":1},"title":"Pendentif enfant \u2013 \u00ab Electro \u00bb (vert)","author":"eveapprill","date":"9 March 2025","format":false,"excerpt":"Pendentif enfant\u00a0\u2013 \u00ab\u00a0Electro\u00a0\u00bb (vert) Pendentif pour enfant de plus de 8 ans en verre souffl\u00e9 couleur vert, rempli avec les \u00e9lixirs d\u2019Electro (concentr\u00e9s)","rel":"","context":"Similar post","block_context":{"text":"Similar post","link":""},"img":{"alt_text":"","src":"https:\/\/i0.wp.com\/artstella-elixirs-floraux.com\/wp-content\/uploads\/2025\/03\/wp-image1364.png?resize=350%2C200&ssl=1","width":350,"height":200,"srcset":"https:\/\/i0.wp.com\/artstella-elixirs-floraux.com\/wp-content\/uploads\/2025\/03\/wp-image1364.png?resize=350%2C200&ssl=1 1x, https:\/\/i0.wp.com\/artstella-elixirs-floraux.com\/wp-content\/uploads\/2025\/03\/wp-image1364.png?resize=525%2C300&ssl=1 1.5x"},"classes":[]},{"id":4842,"url":"https:\/\/artstella-elixirs-floraux.com\/en\/product\/pendentif-electro-clair\/","url_meta":{"origin":4858,"position":2},"title":"Pendentif \u00ab Electro \u00bb (clair)","author":"eveapprill","date":"9 March 2025","format":false,"excerpt":"\u00a0 Pendentif \u00ab\u00a0Electro\u00a0\u00bb (clair) Pendentif en verre souffl\u00e9 couleur clair, anti-rayonnement, rempli avec les \u00e9lixirs d\u2019Electro (concentr\u00e9s).\u00a0","rel":"","context":"Similar post","block_context":{"text":"Similar post","link":""},"img":{"alt_text":"","src":"https:\/\/i0.wp.com\/artstella-elixirs-floraux.com\/wp-content\/uploads\/2025\/03\/wp-image1355.png?resize=350%2C200&ssl=1","width":350,"height":200,"srcset":"https:\/\/i0.wp.com\/artstella-elixirs-floraux.com\/wp-content\/uploads\/2025\/03\/wp-image1355.png?resize=350%2C200&ssl=1 1x, https:\/\/i0.wp.com\/artstella-elixirs-floraux.com\/wp-content\/uploads\/2025\/03\/wp-image1355.png?resize=525%2C300&ssl=1 1.5x"},"classes":[]},{"id":4844,"url":"https:\/\/artstella-elixirs-floraux.com\/en\/product\/pendentif-electro-violet\/","url_meta":{"origin":4858,"position":3},"title":"Pendentif \u00ab Electro \u00bb (violet)","author":"eveapprill","date":"9 March 2025","format":false,"excerpt":"Pendentif \u00ab\u00a0Electro\u00a0\u00bb (violet) Pendentif en verre souffl\u00e9 couleur violet, anti-rayonnement, rempli avec les \u00e9lixirs d\u2019Electro (concentr\u00e9s).","rel":"","context":"Similar post","block_context":{"text":"Similar post","link":""},"img":{"alt_text":"","src":"https:\/\/i0.wp.com\/artstella-elixirs-floraux.com\/wp-content\/uploads\/2025\/03\/wp-image1356.png?resize=350%2C200&ssl=1","width":350,"height":200,"srcset":"https:\/\/i0.wp.com\/artstella-elixirs-floraux.com\/wp-content\/uploads\/2025\/03\/wp-image1356.png?resize=350%2C200&ssl=1 1x, https:\/\/i0.wp.com\/artstella-elixirs-floraux.com\/wp-content\/uploads\/2025\/03\/wp-image1356.png?resize=525%2C300&ssl=1 1.5x"},"classes":[]},{"id":4854,"url":"https:\/\/artstella-elixirs-floraux.com\/en\/product\/pendentif-love-rose\/","url_meta":{"origin":4858,"position":4},"title":"Pendentif \u00ab\u00a0LOVE\u00a0\u00bb rose","author":"eveapprill","date":"9 March 2025","format":false,"excerpt":"Pendentif \u00ab\u00a0Love\u00a0\u00bb Pendentif de verre souffl\u00e9 en forme de c\u0153ur couleur rose, rempli avec les \u00e9lixirs Sydney Rose, Five Corners et Pink Flannel Flower, les \u00e9lixirs de l\u2019ouverture et de la protection du c\u0153ur","rel":"","context":"Similar post","block_context":{"text":"Similar post","link":""},"img":{"alt_text":"","src":"https:\/\/i0.wp.com\/artstella-elixirs-floraux.com\/wp-content\/uploads\/2025\/03\/wp-image1361.png?resize=350%2C200&ssl=1","width":350,"height":200,"srcset":"https:\/\/i0.wp.com\/artstella-elixirs-floraux.com\/wp-content\/uploads\/2025\/03\/wp-image1361.png?resize=350%2C200&ssl=1 1x, https:\/\/i0.wp.com\/artstella-elixirs-floraux.com\/wp-content\/uploads\/2025\/03\/wp-image1361.png?resize=525%2C300&ssl=1 1.5x"},"classes":[]},{"id":4525,"url":"https:\/\/artstella-elixirs-floraux.com\/en\/product\/collier-dauphin-rose-phi\/","url_meta":{"origin":4858,"position":5},"title":"COLLIER DAUPHIN ROSE PHI","author":"eveapprill","date":"9 March 2025","format":false,"excerpt":"Le pendentif \"Dauphin Rose\" En verre souffl\u00e9 rouge.Apporte une \u00e9nergie de douceur et de tendresse envers soi-m\u00eame. Harmonise les blessures \u00e9motionnelles en soutenant l\u2019\u00e9nergie f\u00e9minine. Il am\u00e9liore le contact avec la nature.","rel":"","context":"Similar post","block_context":{"text":"Similar post","link":""},"img":{"alt_text":"","src":"https:\/\/i0.wp.com\/artstella-elixirs-floraux.com\/wp-content\/uploads\/2025\/03\/wp-image1146.png?resize=350%2C200&ssl=1","width":350,"height":200},"classes":[]}],"_links":{"self":[{"href":"https:\/\/artstella-elixirs-floraux.com\/en\/wp-json\/wp\/v2\/product\/4858","targetHints":{"allow":["GET"]}}],"collection":[{"href":"https:\/\/artstella-elixirs-floraux.com\/en\/wp-json\/wp\/v2\/product"}],"about":[{"href":"https:\/\/artstella-elixirs-floraux.com\/en\/wp-json\/wp\/v2\/types\/product"}],"version-history":[{"count":0,"href":"https:\/\/artstella-elixirs-floraux.com\/en\/wp-json\/wp\/v2\/product\/4858\/revisions"}],"wp:featuredmedia":[{"embeddable":true,"href":"https:\/\/artstella-elixirs-floraux.com\/en\/wp-json\/wp\/v2\/media\/4859"}],"wp:attachment":[{"href":"https:\/\/artstella-elixirs-floraux.com\/en\/wp-json\/wp\/v2\/media?parent=4858"}],"wp:term":[{"taxonomy":"product_brand","embeddable":true,"href":"https:\/\/artstella-elixirs-floraux.com\/en\/wp-json\/wp\/v2\/product_brand?post=4858"},{"taxonomy":"product_cat","embeddable":true,"href":"https:\/\/artstella-elixirs-floraux.com\/en\/wp-json\/wp\/v2\/product_cat?post=4858"},{"taxonomy":"product_tag","embeddable":true,"href":"https:\/\/artstella-elixirs-floraux.com\/en\/wp-json\/wp\/v2\/product_tag?post=4858"}],"curies":[{"name":"wp","href":"https:\/\/api.w.org\/{rel}","templated":true}]}}