{"id":4876,"date":"2025-03-09T13:34:41","date_gmt":"2025-03-09T13:34:41","guid":{"rendered":"https:\/\/artstella-elixirs-floraux.com\/product\/bleeding-heart-alaskan\/"},"modified":"2025-04-09T14:32:54","modified_gmt":"2025-04-09T14:32:54","slug":"bleeding-heart-alaskan","status":"publish","type":"product","link":"https:\/\/artstella-elixirs-floraux.com\/en\/product\/bleeding-heart-alaskan\/","title":{"rendered":"BLEEDING HEART ALASKAN"},"content":{"rendered":"<p>Des qualit\u00e9s qui gu\u00e9rissent : favorise la bont\u00e9 ; nous aide \u00e0 r\u00e9soudre les polarit\u00e9s de l&rsquo;amour\/s\u00e9paration et de la joie\/souffrance en ouvrant le c\u0153ur \u00e0 la compassion pour tous les \u00eatres.<\/p>","protected":false},"excerpt":{"rendered":"<div><strong><span style=\"font-size: 12pt;\">BLEEDING HEART<\/span><\/strong><\/div>\n<p>Indications : sentiment rejet\u00e9 par l&rsquo;individu ; coeur ferm\u00e9 aux autres ; manque de compassion pour nous-m\u00eames et les autres ; divisions dans nos relations.<\/p>","protected":false},"featured_media":4877,"template":"","meta":[],"product_brand":[],"product_cat":[115],"product_tag":[],"class_list":{"0":"post-4876","1":"product","2":"type-product","3":"status-publish","4":"has-post-thumbnail","6":"product_cat-les-elixirs-de-fleurs-supplementaires","8":"first","9":"instock","10":"taxable","11":"shipping-taxable","12":"purchasable","13":"product-type-variable"},"etheme_brands":{"errors":{"invalid_taxonomy":["Invalid taxonomy."]},"error_data":[]},"jetpack_sharing_enabled":true,"jetpack-related-posts":[{"id":4529,"url":"https:\/\/artstella-elixirs-floraux.com\/en\/product\/collier-coeur-heart-phi\/","url_meta":{"origin":4876,"position":0},"title":"COLLIER COEUR\/HEART PHI","author":"eveapprill","date":"9 March 2025","format":false,"excerpt":"Le pendentif \u00ab\u00a0Heart\u00a0\u00bb\u00a0: Equilibre du c\u0153ur En verre souffl\u00e9 transparent avec une perle de quartz rose","rel":"","context":"Similar post","block_context":{"text":"Similar post","link":""},"img":{"alt_text":"","src":"","width":0,"height":0},"classes":[]},{"id":3697,"url":"https:\/\/artstella-elixirs-floraux.com\/en\/product\/75-wisdom-of-compassion-ltoe-15-ml\/","url_meta":{"origin":4876,"position":1},"title":"WISDOM OF COMPASSION LTOE 15 ML","author":"eveapprill","date":"9 March 2025","format":false,"excerpt":"Wisdom of Compassion\/ Sagesse et compassion il fut cr\u00e9\u00e9 un soir de pleine lune, je jour anniversaire de l\u2019illumination du Bouddha. L\u2019orchid\u00e9e a demand\u00e9 doucement, mais clairement, qu\u2019on en fasse un \u00e9lixir afin de partager son message de compassion envers tous.","rel":"","context":"Similar post","block_context":{"text":"Similar post","link":""},"img":{"alt_text":"","src":"https:\/\/i0.wp.com\/artstella-elixirs-floraux.com\/wp-content\/uploads\/2025\/03\/cb85053d-2957-46e4-aff2-8c69846c56ad.jpg?resize=350%2C200&ssl=1","width":350,"height":200,"srcset":"https:\/\/i0.wp.com\/artstella-elixirs-floraux.com\/wp-content\/uploads\/2025\/03\/cb85053d-2957-46e4-aff2-8c69846c56ad.jpg?resize=350%2C200&ssl=1 1x, https:\/\/i0.wp.com\/artstella-elixirs-floraux.com\/wp-content\/uploads\/2025\/03\/cb85053d-2957-46e4-aff2-8c69846c56ad.jpg?resize=525%2C300&ssl=1 1.5x, https:\/\/i0.wp.com\/artstella-elixirs-floraux.com\/wp-content\/uploads\/2025\/03\/cb85053d-2957-46e4-aff2-8c69846c56ad.jpg?resize=700%2C400&ssl=1 2x"},"classes":[]},{"id":4064,"url":"https:\/\/artstella-elixirs-floraux.com\/en\/product\/quinoa-15-ml-sylfos\/","url_meta":{"origin":4876,"position":2},"title":"QUINOA SYLFOS","author":"eveapprill","date":"9 March 2025","format":false,"excerpt":"QUINOA Chenopodium quinoa Ouverture du coeur, compassion. Favorise une ouverture du coeur profonde et sinc\u00e8re en d\u00e9veloppant l\u2019acceptation de soi et la compassion envers autrui.","rel":"","context":"Similar post","block_context":{"text":"Similar post","link":""},"img":{"alt_text":"","src":"","width":0,"height":0},"classes":[]},{"id":6355,"url":"https:\/\/artstella-elixirs-floraux.com\/en\/product\/compassionate-heart-ltoe-15ml\/","url_meta":{"origin":4876,"position":3},"title":"Compassionate Heart Ltoe 15ml","author":"eveapprill","date":"9 March 2025","format":false,"excerpt":"Donald Dennis 16.00 Normal 0 21 false false false FR X-NONE X-NONE \/* Style Definitions *\/ table.MsoNormalTable {mso-style-name:\"Tableau Normal\"; mso-tstyle-rowband-size:0; mso-tstyle-colband-size:0; mso-style-noshow:yes; mso-style-priority:99; mso-style-parent:\"\"; mso-padding-alt:0cm 5.4pt 0cm 5.4pt; mso-para-margin-top:0cm; mso-para-margin-right:0cm; mso-para-margin-bottom:8.0pt; mso-para-margin-left:0cm; line-height:107%; mso-pagination:widow-orphan; font-size:11.0pt; font-family:\"Calibri\",sans-serif; mso-ascii-font-family:Calibri; mso-ascii-theme-font:minor-latin; mso-hansi-font-family:Calibri; mso-hansi-theme-font:minor-latin; mso-bidi-font-family:\"Times New Roman\"; mso-bidi-theme-font:minor-bidi; mso-fareast-language:EN-US;} Compassionate Heart Doritaenopsis Rong Guan\u2026","rel":"","context":"Similar post","block_context":{"text":"Similar post","link":""},"img":{"alt_text":"","src":"https:\/\/i0.wp.com\/artstella-elixirs-floraux.com\/wp-content\/uploads\/2025\/03\/wp-image2361.png?resize=350%2C200&ssl=1","width":350,"height":200,"srcset":"https:\/\/i0.wp.com\/artstella-elixirs-floraux.com\/wp-content\/uploads\/2025\/03\/wp-image2361.png?resize=350%2C200&ssl=1 1x, https:\/\/i0.wp.com\/artstella-elixirs-floraux.com\/wp-content\/uploads\/2025\/03\/wp-image2361.png?resize=525%2C300&ssl=1 1.5x, https:\/\/i0.wp.com\/artstella-elixirs-floraux.com\/wp-content\/uploads\/2025\/03\/wp-image2361.png?resize=700%2C400&ssl=1 2x, https:\/\/i0.wp.com\/artstella-elixirs-floraux.com\/wp-content\/uploads\/2025\/03\/wp-image2361.png?resize=1050%2C600&ssl=1 3x, https:\/\/i0.wp.com\/artstella-elixirs-floraux.com\/wp-content\/uploads\/2025\/03\/wp-image2361.png?resize=1400%2C800&ssl=1 4x"},"classes":[]},{"id":4108,"url":"https:\/\/artstella-elixirs-floraux.com\/en\/product\/pudu-sylfos-chamaniques-15-ml\/","url_meta":{"origin":4876,"position":4},"title":"PUDU SYLFOS CHAMANIQUES 15 ML","author":"eveapprill","date":"9 March 2025","format":false,"excerpt":"\u00a0PUDU Compassion \u2013 Sensibilit\u00e9 \u2013 Enfant int\u00e9rieur. La gentillesse et la douceur permettent de soigner les blessures (les n\u00f4tres et celles des autres) et de toucher les c\u0153urs, m\u00eame les plus durs. L\u2019\u00e9lixir aide \u00e0 entrer en contact avec son \u00eatre int\u00e9rieur, son \u00e2me enfantine, il redonne le pouvoir d\u2019\u00eatre\u2026","rel":"","context":"Similar post","block_context":{"text":"Similar post","link":""},"img":{"alt_text":"","src":"","width":0,"height":0},"classes":[]},{"id":4395,"url":"https:\/\/artstella-elixirs-floraux.com\/en\/product\/loving-compassion-30-ml-wea\/","url_meta":{"origin":4876,"position":5},"title":"LOVING COMPASSION 30 ML WEA","author":"eveapprill","date":"9 March 2025","format":false,"excerpt":"Loving Compassion (l'amour compassionnel) Aide \u00e0 ressentir et exprimer une profonde compassion pour soi et les autres.","rel":"","context":"Similar post","block_context":{"text":"Similar post","link":""},"img":{"alt_text":"","src":"","width":0,"height":0},"classes":[]}],"_links":{"self":[{"href":"https:\/\/artstella-elixirs-floraux.com\/en\/wp-json\/wp\/v2\/product\/4876","targetHints":{"allow":["GET"]}}],"collection":[{"href":"https:\/\/artstella-elixirs-floraux.com\/en\/wp-json\/wp\/v2\/product"}],"about":[{"href":"https:\/\/artstella-elixirs-floraux.com\/en\/wp-json\/wp\/v2\/types\/product"}],"version-history":[{"count":0,"href":"https:\/\/artstella-elixirs-floraux.com\/en\/wp-json\/wp\/v2\/product\/4876\/revisions"}],"wp:featuredmedia":[{"embeddable":true,"href":"https:\/\/artstella-elixirs-floraux.com\/en\/wp-json\/wp\/v2\/media\/4877"}],"wp:attachment":[{"href":"https:\/\/artstella-elixirs-floraux.com\/en\/wp-json\/wp\/v2\/media?parent=4876"}],"wp:term":[{"taxonomy":"product_brand","embeddable":true,"href":"https:\/\/artstella-elixirs-floraux.com\/en\/wp-json\/wp\/v2\/product_brand?post=4876"},{"taxonomy":"product_cat","embeddable":true,"href":"https:\/\/artstella-elixirs-floraux.com\/en\/wp-json\/wp\/v2\/product_cat?post=4876"},{"taxonomy":"product_tag","embeddable":true,"href":"https:\/\/artstella-elixirs-floraux.com\/en\/wp-json\/wp\/v2\/product_tag?post=4876"}],"curies":[{"name":"wp","href":"https:\/\/api.w.org\/{rel}","templated":true}]}}