{"id":4880,"date":"2025-03-09T13:34:45","date_gmt":"2025-03-09T13:34:45","guid":{"rendered":"https:\/\/artstella-elixirs-floraux.com\/product\/blue-poppy-alaskan-sup\/"},"modified":"2025-04-09T14:31:20","modified_gmt":"2025-04-09T14:31:20","slug":"blue-poppy-alaskan-sup","status":"publish","type":"product","link":"https:\/\/artstella-elixirs-floraux.com\/en\/product\/blue-poppy-alaskan-sup\/","title":{"rendered":"BLUE POPPY ALASKAN SUP"},"content":{"rendered":"<p>Healing Qualities: helps us unify all aspects of our masculine and feminine characteristics within our physical bodies; promotes purity of passion in service to Spirit.<\/p>","protected":false},"excerpt":{"rendered":"<p><strong><span style=\"font-size: 12pt;\">BLUE POPPY<\/span><\/strong><\/p>\n<p>Indications: weak or dysfunctional connection between the spiritual and sexual aspects of self; lack of balance between the inner male and female.<\/p>","protected":false},"featured_media":4881,"template":"","meta":[],"product_brand":[],"product_cat":[115],"product_tag":[],"class_list":{"0":"post-4880","1":"product","2":"type-product","3":"status-publish","4":"has-post-thumbnail","6":"product_cat-les-elixirs-de-fleurs-supplementaires","8":"first","9":"instock","10":"taxable","11":"shipping-taxable","12":"purchasable","13":"product-type-variable"},"etheme_brands":{"errors":{"invalid_taxonomy":["Invalid taxonomy."]},"error_data":[]},"jetpack_sharing_enabled":true,"jetpack-related-posts":[{"id":2194,"url":"https:\/\/artstella-elixirs-floraux.com\/en\/product\/icelandic-poppy-alaskan\/","url_meta":{"origin":4880,"position":0},"title":"Icelandic poppy Alaskan","author":"eveapprill","date":"9 March 2025","format":false,"excerpt":"Icelandic poppy. Papaver nudicaule Peu de conscience de l'identit\u00e9 spirituelle ; aspects de survie, de sexualit\u00e9 et de spiritualit\u00e9 non int\u00e9gr\u00e9s, manque d'\u00e9nergie spirituelle dans les chakras inf\u00e9rieurs.","rel":"","context":"Similar post","block_context":{"text":"Similar post","link":""},"img":{"alt_text":"","src":"https:\/\/i0.wp.com\/artstella-elixirs-floraux.com\/wp-content\/uploads\/2025\/03\/wp-image544.png?resize=350%2C200&ssl=1","width":350,"height":200},"classes":[]},{"id":5464,"url":"https:\/\/artstella-elixirs-floraux.com\/en\/product\/escholzia-california-poppy-10ml\/","url_meta":{"origin":4880,"position":1},"title":"Escholzia &#8211; California poppy 10ML","author":"eveapprill","date":"9 March 2025","format":false,"excerpt":"Escholzia \/ Eschscholzia california (california poppy) SLAAPMUTSJE Pour faire confiance \u00e0 notre ressenti et \u00e0 notre c\u0153ur.\u00a0 Apporte chaleur, confiance et paix au niveau du c\u0153ur. Pour d\u00e9passer les aspects superficiels et rechercher la sagesse int\u00e9rieure.","rel":"","context":"Similar post","block_context":{"text":"Similar post","link":""},"img":{"alt_text":"","src":"","width":0,"height":0},"classes":[]},{"id":4983,"url":"https:\/\/artstella-elixirs-floraux.com\/en\/product\/red-purple-poppy-alaskan-f-sup\/","url_meta":{"origin":4880,"position":2},"title":"RED PURPLE POPPY ALASKAN F SUP","author":"eveapprill","date":"9 March 2025","format":false,"excerpt":"Red-Purple PoppyPapaver somniferum Pavot rouge Indications\u00a0: ind\u00e9cision; l\u00e9thargie; manque d\u2019inspiration; \u00e9nergie stagnante dans les chakras inf\u00e9rieurs\u00a0; ressentant un manque de guidance et de soutien des royaumes spirituels.","rel":"","context":"Similar post","block_context":{"text":"Similar post","link":""},"img":{"alt_text":"","src":"","width":0,"height":0},"classes":[]},{"id":4884,"url":"https:\/\/artstella-elixirs-floraux.com\/en\/product\/bog-candle-alaskan-sup\/","url_meta":{"origin":4880,"position":3},"title":"BOG CANDLE ALASKAN SUP","author":"eveapprill","date":"9 March 2025","format":false,"excerpt":"BOG CANDLE Indications : pris dans la confusion, honte, la peur et la culpabilit\u00e9 ; tendances sujettes aux destructeurs ou d\u00e9gradant ; extr\u00eamement faible estime de soi.","rel":"","context":"Similar post","block_context":{"text":"Similar post","link":""},"img":{"alt_text":"","src":"https:\/\/i0.wp.com\/artstella-elixirs-floraux.com\/wp-content\/uploads\/2025\/03\/wp-image1376.png?resize=350%2C200&ssl=1","width":350,"height":200},"classes":[]},{"id":2248,"url":"https:\/\/artstella-elixirs-floraux.com\/en\/product\/opium-poppy-alaskan\/","url_meta":{"origin":4880,"position":4},"title":"Opium poppy Alaskan","author":"eveapprill","date":"9 March 2025","format":false,"excerpt":"Opium poppy. Papaver commutatum Ne trouve pas l'\u00e9quilibre entre l'activit\u00e9 et le repos ; ext\u00e9nu\u00e9 ; ne retient rien des exp\u00e9riences pass\u00e9es, difficult\u00e9 \u00e0 les int\u00e9grer.","rel":"","context":"Similar post","block_context":{"text":"Similar post","link":""},"img":{"alt_text":"","src":"https:\/\/i0.wp.com\/artstella-elixirs-floraux.com\/wp-content\/uploads\/2025\/03\/wp-image572.png?resize=350%2C200&ssl=1","width":350,"height":200},"classes":[]},{"id":4974,"url":"https:\/\/artstella-elixirs-floraux.com\/en\/product\/purple-poppy-30-ml-alas-f-sup\/","url_meta":{"origin":4880,"position":5},"title":"PURPLE POPPY 30 ML ALAS F SUP","author":"eveapprill","date":"9 April 2025","format":false,"excerpt":"","rel":"","context":"Similar post","block_context":{"text":"Similar post","link":""},"img":{"alt_text":"","src":"","width":0,"height":0},"classes":[]}],"_links":{"self":[{"href":"https:\/\/artstella-elixirs-floraux.com\/en\/wp-json\/wp\/v2\/product\/4880","targetHints":{"allow":["GET"]}}],"collection":[{"href":"https:\/\/artstella-elixirs-floraux.com\/en\/wp-json\/wp\/v2\/product"}],"about":[{"href":"https:\/\/artstella-elixirs-floraux.com\/en\/wp-json\/wp\/v2\/types\/product"}],"version-history":[{"count":0,"href":"https:\/\/artstella-elixirs-floraux.com\/en\/wp-json\/wp\/v2\/product\/4880\/revisions"}],"wp:featuredmedia":[{"embeddable":true,"href":"https:\/\/artstella-elixirs-floraux.com\/en\/wp-json\/wp\/v2\/media\/4881"}],"wp:attachment":[{"href":"https:\/\/artstella-elixirs-floraux.com\/en\/wp-json\/wp\/v2\/media?parent=4880"}],"wp:term":[{"taxonomy":"product_brand","embeddable":true,"href":"https:\/\/artstella-elixirs-floraux.com\/en\/wp-json\/wp\/v2\/product_brand?post=4880"},{"taxonomy":"product_cat","embeddable":true,"href":"https:\/\/artstella-elixirs-floraux.com\/en\/wp-json\/wp\/v2\/product_cat?post=4880"},{"taxonomy":"product_tag","embeddable":true,"href":"https:\/\/artstella-elixirs-floraux.com\/en\/wp-json\/wp\/v2\/product_tag?post=4880"}],"curies":[{"name":"wp","href":"https:\/\/api.w.org\/{rel}","templated":true}]}}