{"id":4896,"date":"2025-03-09T13:35:00","date_gmt":"2025-03-09T13:35:00","guid":{"rendered":"https:\/\/artstella-elixirs-floraux.com\/product\/club-moss-alaska-f-sup\/"},"modified":"2025-04-09T14:25:08","modified_gmt":"2025-04-09T14:25:08","slug":"club-moss-alaska-f-sup","status":"publish","type":"product","link":"https:\/\/artstella-elixirs-floraux.com\/en\/product\/club-moss-alaska-f-sup\/","title":{"rendered":"CLUB MOSS ALASKA F SUP"},"content":{"rendered":"<p>Des qualit\u00e9s qui gu\u00e9rissent : nous aide \u00e0 \u00e9tablir une connexion directe, le temps pr\u00e9sent sur la terre ; nous aide \u00e0 aller \u00e0 des niveaux plus profonds de d\u00e9tente, de plaisir et de manifestation ; se solidifie \u00e0 une base de l&rsquo;\u00e9nergie dans le corps pour la poursuite du d\u00e9veloppement des fonctions sup\u00e9rieures ;<\/p>","protected":false},"excerpt":{"rendered":"<p><strong><span style=\"font-size: 12pt;\">Club Moss<\/span><\/strong><\/p>\n<p>Indications : sans fondement ; r\u00e9sistance \u00e0 sa pr\u00e9sence sur la terre ; peu ou pas conscience de son lien avec la plan\u00e8te<\/p>","protected":false},"featured_media":4897,"template":"","meta":[],"product_brand":[],"product_cat":[115],"product_tag":[],"class_list":{"0":"post-4896","1":"product","2":"type-product","3":"status-publish","4":"has-post-thumbnail","6":"product_cat-les-elixirs-de-fleurs-supplementaires","8":"first","9":"instock","10":"taxable","11":"shipping-taxable","12":"purchasable","13":"product-type-variable"},"etheme_brands":{"errors":{"invalid_taxonomy":["Invalid taxonomy."]},"error_data":[]},"jetpack_sharing_enabled":true,"jetpack-related-posts":[{"id":2292,"url":"https:\/\/artstella-elixirs-floraux.com\/en\/product\/sphagnum-moss-alaskan\/","url_meta":{"origin":4896,"position":0},"title":"Sphagnum moss Alaskan","author":"eveapprill","date":"9 March 2025","format":false,"excerpt":"Sphagnum moss. Sphagnum sp. Sphaigne Juge et critique \u00e0 l'exc\u00e8s ; obs\u00e9d\u00e9 par les d\u00e9tails quotidiens de nos processus de gu\u00e9rison ; incapacit\u00e9 \u00e0 voir le c\u00f4t\u00e9 positif des exp\u00e9riences de transformation.","rel":"","context":"Similar post","block_context":{"text":"Similar post","link":""},"img":{"alt_text":"","src":"https:\/\/i0.wp.com\/artstella-elixirs-floraux.com\/wp-content\/uploads\/2025\/03\/wp-image584.png?resize=350%2C200&ssl=1","width":350,"height":200},"classes":[]},{"id":3625,"url":"https:\/\/artstella-elixirs-floraux.com\/en\/product\/narnia-sphagnum-moss-ltoe-15-ml\/","url_meta":{"origin":4896,"position":1},"title":"Narnia Sphagnum Moss  LTOE 15 ml","author":"eveapprill","date":"9 March 2025","format":false,"excerpt":"Narnia Sphagnum Moss \/ Sphaigne Il \u00e9tait une fois une for\u00eat enchant\u00e9e dans le Sussex, et au c\u0153ur de cette for\u00eat une tache d\u2019un vert magnifique\u00a0: de la sphaigne.","rel":"","context":"Similar post","block_context":{"text":"Similar post","link":""},"img":{"alt_text":"Narnia Sphagnum Moss LTOE 15 ml","src":"https:\/\/i0.wp.com\/artstella-elixirs-floraux.com\/wp-content\/uploads\/2025\/03\/f1fbc256-e898-4600-b8f4-6cd87e7aa4b2.jpg?resize=350%2C200&ssl=1","width":350,"height":200,"srcset":"https:\/\/i0.wp.com\/artstella-elixirs-floraux.com\/wp-content\/uploads\/2025\/03\/f1fbc256-e898-4600-b8f4-6cd87e7aa4b2.jpg?resize=350%2C200&ssl=1 1x, https:\/\/i0.wp.com\/artstella-elixirs-floraux.com\/wp-content\/uploads\/2025\/03\/f1fbc256-e898-4600-b8f4-6cd87e7aa4b2.jpg?resize=525%2C300&ssl=1 1.5x, https:\/\/i0.wp.com\/artstella-elixirs-floraux.com\/wp-content\/uploads\/2025\/03\/f1fbc256-e898-4600-b8f4-6cd87e7aa4b2.jpg?resize=700%2C400&ssl=1 2x"},"classes":[]},{"id":4987,"url":"https:\/\/artstella-elixirs-floraux.com\/en\/product\/reindeer-moss-alaska-f-sup\/","url_meta":{"origin":4896,"position":2},"title":"REINDEER MOSS ALASKA F SUP","author":"eveapprill","date":"9 March 2025","format":false,"excerpt":"Reindeer Moss Cladina rangiferina Lichen des caribous Indications\u00a0: d\u00e9racinement\u00a0; d\u00e9connexion\u00a0; d\u00e9plac\u00e9\u00a0; tristesse\u00a0; d\u00e9couragement, d\u00e9sespoir\u00a0; changements importants et soudains dans la vie hors de notre contr\u00f4le tel que perdre sa maison, son travail.","rel":"","context":"Similar post","block_context":{"text":"Similar post","link":""},"img":{"alt_text":"","src":"","width":0,"height":0},"classes":[]},{"id":4908,"url":"https:\/\/artstella-elixirs-floraux.com\/en\/product\/devils-club-alaskan-f-sup\/","url_meta":{"origin":4896,"position":3},"title":"DEVIL&rsquo;S CLUB ALASKAN F SUP","author":"eveapprill","date":"9 March 2025","format":false,"excerpt":"DEVIL'S CLUB Indications : pauvres limites \u00e9nergiques ; conflits territoriaux ; se sentir comme il n'y a pas assez de place pour \u00eatre pleinement pr\u00e9sent ; d\u00e9finition de son espace personnel est une lutte constante.","rel":"","context":"Similar post","block_context":{"text":"Similar post","link":""},"img":{"alt_text":"","src":"https:\/\/i0.wp.com\/artstella-elixirs-floraux.com\/wp-content\/uploads\/2025\/03\/wp-image1382.png?resize=350%2C200&ssl=1","width":350,"height":200},"classes":[]},{"id":5550,"url":"https:\/\/artstella-elixirs-floraux.com\/en\/product\/jacaranda-15-ml-sylfos\/","url_meta":{"origin":4896,"position":4},"title":"JACARANDA 15 ML SYLFOS","author":"eveapprill","date":"9 March 2025","format":false,"excerpt":"JACARAND\u00c1 \u00a0Jacaranda mimosifolia \u00a0 \u00a0 Nous \u00e9l\u00e8ve vers le ciel, afin de nous inonder de nos talents et ensuite, en s\u2019inclinant vers la Terre noua aide \u00e0 pouvoir exprimer les qualit\u00e9s que nous avons re\u00e7ues,","rel":"","context":"Similar post","block_context":{"text":"Similar post","link":""},"img":{"alt_text":"","src":"","width":0,"height":0},"classes":[]},{"id":2452,"url":"https:\/\/artstella-elixirs-floraux.com\/en\/product\/chrysoprase\/","url_meta":{"origin":4896,"position":5},"title":"CHRYSOPRASE","author":"eveapprill","date":"9 March 2025","format":false,"excerpt":"CHRYSOPRASE Am\u00e8ne le c\u0153ur \u00e0 s\u2019unir harmonieusement avec la fr\u00e9quence de l\u2019\u00e9nergie verte de la plan\u00e8te ; synchronise les corps subtils avec l\u2019\u00e9nergie du c\u0153ur de la Terre ; nous aide \u00e0 accepter la Terre comme notre maison","rel":"","context":"Similar post","block_context":{"text":"Similar post","link":""},"img":{"alt_text":"","src":"https:\/\/i0.wp.com\/artstella-elixirs-floraux.com\/wp-content\/uploads\/2025\/03\/wp-image188.png?resize=350%2C200&ssl=1","width":350,"height":200,"srcset":"https:\/\/i0.wp.com\/artstella-elixirs-floraux.com\/wp-content\/uploads\/2025\/03\/wp-image188.png?resize=350%2C200&ssl=1 1x, https:\/\/i0.wp.com\/artstella-elixirs-floraux.com\/wp-content\/uploads\/2025\/03\/wp-image188.png?resize=525%2C300&ssl=1 1.5x, https:\/\/i0.wp.com\/artstella-elixirs-floraux.com\/wp-content\/uploads\/2025\/03\/wp-image188.png?resize=700%2C400&ssl=1 2x"},"classes":[]}],"_links":{"self":[{"href":"https:\/\/artstella-elixirs-floraux.com\/en\/wp-json\/wp\/v2\/product\/4896","targetHints":{"allow":["GET"]}}],"collection":[{"href":"https:\/\/artstella-elixirs-floraux.com\/en\/wp-json\/wp\/v2\/product"}],"about":[{"href":"https:\/\/artstella-elixirs-floraux.com\/en\/wp-json\/wp\/v2\/types\/product"}],"version-history":[{"count":0,"href":"https:\/\/artstella-elixirs-floraux.com\/en\/wp-json\/wp\/v2\/product\/4896\/revisions"}],"wp:featuredmedia":[{"embeddable":true,"href":"https:\/\/artstella-elixirs-floraux.com\/en\/wp-json\/wp\/v2\/media\/4897"}],"wp:attachment":[{"href":"https:\/\/artstella-elixirs-floraux.com\/en\/wp-json\/wp\/v2\/media?parent=4896"}],"wp:term":[{"taxonomy":"product_brand","embeddable":true,"href":"https:\/\/artstella-elixirs-floraux.com\/en\/wp-json\/wp\/v2\/product_brand?post=4896"},{"taxonomy":"product_cat","embeddable":true,"href":"https:\/\/artstella-elixirs-floraux.com\/en\/wp-json\/wp\/v2\/product_cat?post=4896"},{"taxonomy":"product_tag","embeddable":true,"href":"https:\/\/artstella-elixirs-floraux.com\/en\/wp-json\/wp\/v2\/product_tag?post=4896"}],"curies":[{"name":"wp","href":"https:\/\/api.w.org\/{rel}","templated":true}]}}