{"id":4900,"date":"2025-03-09T13:35:04","date_gmt":"2025-03-09T13:35:04","guid":{"rendered":"https:\/\/artstella-elixirs-floraux.com\/product\/comfrey-alaskan-f-sup\/"},"modified":"2025-04-09T14:24:03","modified_gmt":"2025-04-09T14:24:03","slug":"comfrey-alaskan-f-sup","status":"publish","type":"product","link":"https:\/\/artstella-elixirs-floraux.com\/en\/product\/comfrey-alaskan-f-sup\/","title":{"rendered":"COMFREY ALASKAN F SUP"},"content":{"rendered":"<p style=\"text-align: left;\">Des qualit\u00e9s qui gu\u00e9rissent : prend en charge la gu\u00e9rison \u00e0 tous les niveaux ; gu\u00e9rit les dommages de corps \u00e9th\u00e9rique lorsqu&rsquo;il y a eu une blessure au cours de ce ou d&rsquo;une autre vie ; favorise l&rsquo;incarnation de plus hautes \u00e9nergies spirituelles et l&rsquo;expression de notre potentiel divin.<\/p>","protected":false},"excerpt":{"rendered":"<p><strong><span style=\"font-size: 12pt;\">COMFREY<\/span><\/strong><\/p>\n<p>Indications : conscience du corps faible ; traumatismes non r\u00e9solus et les blessures du pass\u00e9 ; Difficult\u00e9 \u00e0 gu\u00e9rir de vieilles blessures ; perte d&rsquo;\u00e9nergie sans raison apparente.<\/p>","protected":false},"featured_media":4901,"template":"","meta":[],"product_brand":[],"product_cat":[115],"product_tag":[],"class_list":{"0":"post-4900","1":"product","2":"type-product","3":"status-publish","4":"has-post-thumbnail","6":"product_cat-les-elixirs-de-fleurs-supplementaires","8":"first","9":"instock","10":"taxable","11":"shipping-taxable","12":"purchasable","13":"product-type-variable"},"etheme_brands":{"errors":{"invalid_taxonomy":["Invalid taxonomy."]},"error_data":[]},"jetpack_sharing_enabled":true,"jetpack-related-posts":[{"id":2235,"url":"https:\/\/artstella-elixirs-floraux.com\/en\/product\/northern-ladys-slipper-alaskan\/","url_meta":{"origin":4900,"position":0},"title":"Northern lady\u2019s slipper Alaskan","author":"eveapprill","date":"9 March 2025","format":false,"excerpt":"Northern lady\u2019s slipper. Cypripedium passerinum Lien corps\/\u00e2me fragile ; exp\u00e9rience de naissance traumatisante, souffrance et trauma profond\u00e9ment vrill\u00e9s au corps.","rel":"","context":"Similar post","block_context":{"text":"Similar post","link":""},"img":{"alt_text":"","src":"https:\/\/i0.wp.com\/artstella-elixirs-floraux.com\/wp-content\/uploads\/2025\/03\/wp-image568.png?resize=350%2C200&ssl=1","width":350,"height":200},"classes":[]},{"id":5566,"url":"https:\/\/artstella-elixirs-floraux.com\/en\/product\/ravenelle-sylfos-15-ml\/","url_meta":{"origin":4900,"position":1},"title":"RAVENELLE SYLFOS 15 ML","author":"eveapprill","date":"9 March 2025","format":false,"excerpt":"RAVENELLE\u00a0 Raphanus raphanistrum RABANO \u00a0 \u00a0 Pour gu\u00e9rir les blessures dans la relation avec le p\u00e8re ou l\u2019image masculine.","rel":"","context":"Similar post","block_context":{"text":"Similar post","link":""},"img":{"alt_text":"","src":"","width":0,"height":0},"classes":[]},{"id":4747,"url":"https:\/\/artstella-elixirs-floraux.com\/en\/product\/comfrey-14-2ml-npe\/","url_meta":{"origin":4900,"position":2},"title":"COMFREY 14.2ML NPE","author":"eveapprill","date":"9 March 2025","format":false,"excerpt":"COMFREY 15 ML NPE","rel":"","context":"Similar post","block_context":{"text":"Similar post","link":""},"img":{"alt_text":"","src":"https:\/\/i0.wp.com\/artstella-elixirs-floraux.com\/wp-content\/uploads\/2025\/03\/wp-image1306.png?resize=350%2C200&ssl=1","width":350,"height":200},"classes":[]},{"id":12348,"url":"https:\/\/artstella-elixirs-floraux.com\/en\/product\/labradorite-labradorita-15ml-sylfos\/","url_meta":{"origin":4900,"position":3},"title":"LABRADORITE &#8211; LABRADORITA 15ml Sylfos","author":"eveapprill","date":"16 March 2026","format":false,"excerpt":"Le Quartz rose apaise la douleur \u00e9motionnelle et aide \u00e0 gu\u00e9rir les blessures du c\u0153ur. Il favorise l'amour de soi, le pardon et l'ouverture affective. Il est utile en cas de deuil, de rupture ou de difficult\u00e9s relationnelles. Son \u00e9nergie transforme la duret\u00e9 en tendresse et la tristesse en r\u00e9conciliation.","rel":"","context":"Similar post","block_context":{"text":"Similar post","link":""},"img":{"alt_text":"","src":"https:\/\/i0.wp.com\/artstella-elixirs-floraux.com\/wp-content\/uploads\/2026\/03\/Labradorita_1.png?resize=350%2C200&ssl=1","width":350,"height":200},"classes":[]},{"id":4868,"url":"https:\/\/artstella-elixirs-floraux.com\/en\/product\/alpine-arnica-alas-f-sup\/","url_meta":{"origin":4900,"position":4},"title":"ALPINE ARNICA ALAS F SUP","author":"eveapprill","date":"9 March 2025","format":false,"excerpt":"Alpine Arnica Indications : au cours de l'identification avec les traumatismes \u00e9motionnels et les blessures du pass\u00e9 ; douleur sans comprendre.","rel":"","context":"Similar post","block_context":{"text":"Similar post","link":""},"img":{"alt_text":"","src":"https:\/\/i0.wp.com\/artstella-elixirs-floraux.com\/wp-content\/uploads\/2025\/03\/wp-image1372.png?resize=350%2C200&ssl=1","width":350,"height":200},"classes":[]},{"id":2327,"url":"https:\/\/artstella-elixirs-floraux.com\/en\/product\/tundra-twayblade-alaskan\/","url_meta":{"origin":4900,"position":5},"title":"Tundra twayblade Alaskan","author":"eveapprill","date":"9 March 2025","format":false,"excerpt":"Tundra twayblade. Listera cordata Douleur et angoisse profondes r\u00e9sultant de blessures du pass\u00e9, fermeture du c\u0153ur pour \u00e9viter de ressentir la souffrance qui y demeure.","rel":"","context":"Similar post","block_context":{"text":"Similar post","link":""},"img":{"alt_text":"","src":"https:\/\/i0.wp.com\/artstella-elixirs-floraux.com\/wp-content\/uploads\/2025\/03\/wp-image595.png?resize=350%2C200&ssl=1","width":350,"height":200},"classes":[]}],"_links":{"self":[{"href":"https:\/\/artstella-elixirs-floraux.com\/en\/wp-json\/wp\/v2\/product\/4900","targetHints":{"allow":["GET"]}}],"collection":[{"href":"https:\/\/artstella-elixirs-floraux.com\/en\/wp-json\/wp\/v2\/product"}],"about":[{"href":"https:\/\/artstella-elixirs-floraux.com\/en\/wp-json\/wp\/v2\/types\/product"}],"version-history":[{"count":0,"href":"https:\/\/artstella-elixirs-floraux.com\/en\/wp-json\/wp\/v2\/product\/4900\/revisions"}],"wp:featuredmedia":[{"embeddable":true,"href":"https:\/\/artstella-elixirs-floraux.com\/en\/wp-json\/wp\/v2\/media\/4901"}],"wp:attachment":[{"href":"https:\/\/artstella-elixirs-floraux.com\/en\/wp-json\/wp\/v2\/media?parent=4900"}],"wp:term":[{"taxonomy":"product_brand","embeddable":true,"href":"https:\/\/artstella-elixirs-floraux.com\/en\/wp-json\/wp\/v2\/product_brand?post=4900"},{"taxonomy":"product_cat","embeddable":true,"href":"https:\/\/artstella-elixirs-floraux.com\/en\/wp-json\/wp\/v2\/product_cat?post=4900"},{"taxonomy":"product_tag","embeddable":true,"href":"https:\/\/artstella-elixirs-floraux.com\/en\/wp-json\/wp\/v2\/product_tag?post=4900"}],"curies":[{"name":"wp","href":"https:\/\/api.w.org\/{rel}","templated":true}]}}