{"id":4929,"date":"2025-03-09T13:35:31","date_gmt":"2025-03-09T13:35:31","guid":{"rendered":"https:\/\/artstella-elixirs-floraux.com\/product\/goatsbeard-alas-f-sup\/"},"modified":"2025-04-09T13:10:54","modified_gmt":"2025-04-09T13:10:54","slug":"goatsbeard-alas-f-sup","status":"publish","type":"product","link":"https:\/\/artstella-elixirs-floraux.com\/en\/product\/goatsbeard-alas-f-sup\/","title":{"rendered":"GOATSBEARD ALAS F SUP"},"content":{"rendered":"","protected":false},"excerpt":{"rendered":"<p><strong>Goatsbeard <\/strong><em>Barbe de bouc <\/em>Pour trouver joie et optimisme ; Aide \u00e0 cr\u00e9er et manifester une r\u00e9alit\u00e9 positive ; aide \u00e0 d\u00e9charger l\u2019\u00e9nergie mentale en l\u2019ancrant et en la manifestant dans notre corps physique ; revitalise.<\/p>","protected":false},"featured_media":4930,"template":"","meta":[],"product_brand":[],"product_cat":[115],"product_tag":[],"class_list":{"0":"post-4929","1":"product","2":"type-product","3":"status-publish","4":"has-post-thumbnail","6":"product_cat-les-elixirs-de-fleurs-supplementaires","8":"first","9":"instock","10":"taxable","11":"shipping-taxable","12":"purchasable","13":"product-type-variable"},"etheme_brands":{"errors":{"invalid_taxonomy":["Invalid taxonomy."]},"error_data":[]},"jetpack_sharing_enabled":true,"jetpack-related-posts":[{"id":4110,"url":"https:\/\/artstella-elixirs-floraux.com\/en\/product\/puma-el-chamaniques-15-ml\/","url_meta":{"origin":4929,"position":0},"title":"PUMA EL CHAMANIQUES 15 ML","author":"eveapprill","date":"9 March 2025","format":false,"excerpt":"PUMA\u00a0 \" Le Gardien du Temple\" Leadership \u2013 Contr\u00f4le de l\u2019ego - Pouvoir L\u2019\u00e9lixir aide \u00e0 prendre nos responsabilit\u00e9s. Il soutient l\u2019action efficace et apporte l\u2019aide n\u00e9cessaire pour manifester nos r\u00eaves et nos visions.","rel":"","context":"Similar post","block_context":{"text":"Similar post","link":""},"img":{"alt_text":"","src":"","width":0,"height":0},"classes":[]},{"id":4255,"url":"https:\/\/artstella-elixirs-floraux.com\/en\/product\/rabbit-lapin-wea-30-ml\/","url_meta":{"origin":4929,"position":1},"title":"RABBIT\/LAPIN WEA 30 ML","author":"eveapprill","date":"9 March 2025","format":false,"excerpt":"Rabbit (lapin) Pour soutenir la cr\u00e9ation de l\u2019abondance \u00e0 tous les niveaux de sa vie. D\u00e9veloppe la cr\u00e9ativit\u00e9 et la manifestation dans tous les aspects de sa vie. D\u00e9veloppe la cr\u00e9ativit\u00e9 et la manifestation dans tous les aspects de la vie. Aide \u00e0 cr\u00e9er la vie de ses r\u00eaves.","rel":"","context":"Similar post","block_context":{"text":"Similar post","link":""},"img":{"alt_text":"","src":"https:\/\/i0.wp.com\/artstella-elixirs-floraux.com\/wp-content\/uploads\/2025\/03\/wp-image2271.png?resize=350%2C200&ssl=1","width":350,"height":200,"srcset":"https:\/\/i0.wp.com\/artstella-elixirs-floraux.com\/wp-content\/uploads\/2025\/03\/wp-image2271.png?resize=350%2C200&ssl=1 1x, https:\/\/i0.wp.com\/artstella-elixirs-floraux.com\/wp-content\/uploads\/2025\/03\/wp-image2271.png?resize=525%2C300&ssl=1 1.5x, https:\/\/i0.wp.com\/artstella-elixirs-floraux.com\/wp-content\/uploads\/2025\/03\/wp-image2271.png?resize=700%2C400&ssl=1 2x"},"classes":[]},{"id":4921,"url":"https:\/\/artstella-elixirs-floraux.com\/en\/product\/fairy-slipper-alaskan-f-sup\/","url_meta":{"origin":4929,"position":2},"title":"FAIRY SLIPPER ALASKAN F SUP","author":"eveapprill","date":"9 March 2025","format":false,"excerpt":"Fairy Slipper \u00a0Calypso bulbeuse Aide \u00e0 incarner notre pouvoir et notre beaut\u00e9 ; soutien afin de donner une direction claire \u00e0 notre individualit\u00e9 ; aide \u00e0 manifester notre sagesse par notre corps physique ; renforce le principe masculin tant chez l\u2019homme que chez la femme ; facilite une communication claire\u2026","rel":"","context":"Similar post","block_context":{"text":"Similar post","link":""},"img":{"alt_text":"","src":"https:\/\/i0.wp.com\/artstella-elixirs-floraux.com\/wp-content\/uploads\/2025\/03\/wp-image1386.png?resize=350%2C200&ssl=1","width":350,"height":200},"classes":[]},{"id":4896,"url":"https:\/\/artstella-elixirs-floraux.com\/en\/product\/club-moss-alaska-f-sup\/","url_meta":{"origin":4929,"position":3},"title":"CLUB MOSS ALASKA F SUP","author":"eveapprill","date":"9 March 2025","format":false,"excerpt":"Club Moss Indications : sans fondement ; r\u00e9sistance \u00e0 sa pr\u00e9sence sur la terre ; peu ou pas conscience de son lien avec la plan\u00e8te","rel":"","context":"Similar post","block_context":{"text":"Similar post","link":""},"img":{"alt_text":"","src":"https:\/\/i0.wp.com\/artstella-elixirs-floraux.com\/wp-content\/uploads\/2025\/03\/wp-image1379.png?resize=350%2C200&ssl=1","width":350,"height":200},"classes":[]},{"id":4245,"url":"https:\/\/artstella-elixirs-floraux.com\/en\/product\/mountain-lion-puma-wea-30-ml\/","url_meta":{"origin":4929,"position":4},"title":"MOUNTAIN LION\/PUMA WEA 30 ML","author":"eveapprill","date":"9 March 2025","format":false,"excerpt":"Mountain Lion (puma) Favorise l\u2019action d\u00e9termin\u00e9e. Est d\u2019un grand soutien pour manifester ses r\u00eaves et visions Aide \u00e0 rester vrai envers soi-m\u00eame. Favorise la capacit\u00e9 \u00e0 \u00ab\u00a0agir selon ses dires\u00a0\u00bb.","rel":"","context":"Similar post","block_context":{"text":"Similar post","link":""},"img":{"alt_text":"","src":"","width":0,"height":0},"classes":[]},{"id":4038,"url":"https:\/\/artstella-elixirs-floraux.com\/en\/product\/flor-de-un-dia-15-ml-sylfos\/","url_meta":{"origin":4929,"position":5},"title":"FLOR DE UN DIA \/ FLEUR DU TIGRE SYLFOS","author":"eveapprill","date":"9 March 2025","format":false,"excerpt":"FLOR DE UN D\u00cdA \/ FLEUR DU TIGRE Tigridia pavonea R\u00e9veil du Guerrier Int\u00e9rieur, oser, courage. Aide \u00e0 sortir de son cocon pseudo-protecteur tout en se sentant fort et prot\u00e9g\u00e9.","rel":"","context":"Similar post","block_context":{"text":"Similar post","link":""},"img":{"alt_text":"","src":"","width":0,"height":0},"classes":[]}],"_links":{"self":[{"href":"https:\/\/artstella-elixirs-floraux.com\/en\/wp-json\/wp\/v2\/product\/4929","targetHints":{"allow":["GET"]}}],"collection":[{"href":"https:\/\/artstella-elixirs-floraux.com\/en\/wp-json\/wp\/v2\/product"}],"about":[{"href":"https:\/\/artstella-elixirs-floraux.com\/en\/wp-json\/wp\/v2\/types\/product"}],"version-history":[{"count":0,"href":"https:\/\/artstella-elixirs-floraux.com\/en\/wp-json\/wp\/v2\/product\/4929\/revisions"}],"wp:featuredmedia":[{"embeddable":true,"href":"https:\/\/artstella-elixirs-floraux.com\/en\/wp-json\/wp\/v2\/media\/4930"}],"wp:attachment":[{"href":"https:\/\/artstella-elixirs-floraux.com\/en\/wp-json\/wp\/v2\/media?parent=4929"}],"wp:term":[{"taxonomy":"product_brand","embeddable":true,"href":"https:\/\/artstella-elixirs-floraux.com\/en\/wp-json\/wp\/v2\/product_brand?post=4929"},{"taxonomy":"product_cat","embeddable":true,"href":"https:\/\/artstella-elixirs-floraux.com\/en\/wp-json\/wp\/v2\/product_cat?post=4929"},{"taxonomy":"product_tag","embeddable":true,"href":"https:\/\/artstella-elixirs-floraux.com\/en\/wp-json\/wp\/v2\/product_tag?post=4929"}],"curies":[{"name":"wp","href":"https:\/\/api.w.org\/{rel}","templated":true}]}}