{"id":4934,"date":"2025-03-09T13:35:36","date_gmt":"2025-03-09T13:35:36","guid":{"rendered":"https:\/\/artstella-elixirs-floraux.com\/product\/ladies-mantle-alaskan-f-sup\/"},"modified":"2025-04-09T13:09:24","modified_gmt":"2025-04-09T13:09:24","slug":"ladies-mantle-alaskan-f-sup","status":"publish","type":"product","link":"https:\/\/artstella-elixirs-floraux.com\/en\/product\/ladies-mantle-alaskan-f-sup\/","title":{"rendered":"LADIES&rsquo; MANTLE ALASKAN F SUP"},"content":{"rendered":"","protected":false},"excerpt":{"rendered":"<p><strong>Ladies&rsquo; Mantle <\/strong><em>Alchemille commune <\/em>Aide au nettoyage de la tristesse et du d\u00e9sespoir ; renforce notre relation au f\u00e9minin sacr\u00e9 ; traite la connexion f\u00e9minine entre sensualit\u00e9, cr\u00e9ativit\u00e9 et divinit\u00e9 ; aide les hommes \u00e0 \u00e9quilibrer leur relation avec le pouvoir f\u00e9minin en eux-m\u00eames et chez les autres.<\/p>","protected":false},"featured_media":4935,"template":"","meta":[],"product_brand":[],"product_cat":[115],"product_tag":[],"class_list":{"0":"post-4934","1":"product","2":"type-product","3":"status-publish","4":"has-post-thumbnail","6":"product_cat-les-elixirs-de-fleurs-supplementaires","8":"first","9":"instock","10":"taxable","11":"shipping-taxable","12":"purchasable","13":"product-type-variable"},"etheme_brands":{"errors":{"invalid_taxonomy":["Invalid taxonomy."]},"error_data":[]},"jetpack_sharing_enabled":true,"jetpack-related-posts":[{"id":5152,"url":"https:\/\/artstella-elixirs-floraux.com\/en\/product\/pregnancy-support\/","url_meta":{"origin":4934,"position":0},"title":"PREGNANCY SUPPORT","author":"eveapprill","date":"9 March 2025","format":false,"excerpt":"A \u00e9t\u00e9 pr\u00e9par\u00e9e pour renforcer, stabiliser et \u00e9quilibrer la femme et l\u2019enfant pendant toute la grossesse.","rel":"","context":"Similar post","block_context":{"text":"Similar post","link":""},"img":{"alt_text":"","src":"https:\/\/i0.wp.com\/artstella-elixirs-floraux.com\/wp-content\/uploads\/2025\/03\/68e301b9-e3e5-48d0-bb93-47cb748b1245.jpg?resize=350%2C200&ssl=1","width":350,"height":200,"srcset":"https:\/\/i0.wp.com\/artstella-elixirs-floraux.com\/wp-content\/uploads\/2025\/03\/68e301b9-e3e5-48d0-bb93-47cb748b1245.jpg?resize=350%2C200&ssl=1 1x, https:\/\/i0.wp.com\/artstella-elixirs-floraux.com\/wp-content\/uploads\/2025\/03\/68e301b9-e3e5-48d0-bb93-47cb748b1245.jpg?resize=525%2C300&ssl=1 1.5x, https:\/\/i0.wp.com\/artstella-elixirs-floraux.com\/wp-content\/uploads\/2025\/03\/68e301b9-e3e5-48d0-bb93-47cb748b1245.jpg?resize=700%2C400&ssl=1 2x"},"classes":[]},{"id":3082,"url":"https:\/\/artstella-elixirs-floraux.com\/en\/product\/venus-planete-15-ml-phi\/","url_meta":{"origin":4934,"position":1},"title":"VENUS PLANETE 15 ML PHI","author":"eveapprill","date":"9 March 2025","format":false,"excerpt":"Venus Correspond au principe f\u00e9minin, cet \u00e9lixir nous aide \u00e0 reconna\u00eetre notre composante f\u00e9minine, \u00e0 l'\u00e9quilibrer et \u00e0 laisser rayonner notre beaut\u00e9 int\u00e9rieure","rel":"","context":"Similar post","block_context":{"text":"Similar post","link":""},"img":{"alt_text":"","src":"https:\/\/i0.wp.com\/artstella-elixirs-floraux.com\/wp-content\/uploads\/2025\/03\/wp-image530.png?resize=350%2C200&ssl=1","width":350,"height":200},"classes":[]},{"id":4099,"url":"https:\/\/artstella-elixirs-floraux.com\/en\/product\/lama-el-chamaniques-15ml\/","url_meta":{"origin":4934,"position":2},"title":"LAMA EL CHAMANIQUES 15ML","author":"eveapprill","date":"9 March 2025","format":false,"excerpt":"LAMA Protection \u2013 Renforce le c\u00f4t\u00e9 f\u00e9minin \u2013 R\u00e9confort de l\u2019inconscient. Elixir de protection permettant d\u2019affronter et de nettoyer les \u00e9nergies n\u00e9gatives qui nous entourent.","rel":"","context":"Similar post","block_context":{"text":"Similar post","link":""},"img":{"alt_text":"","src":"","width":0,"height":0},"classes":[]},{"id":5003,"url":"https:\/\/artstella-elixirs-floraux.com\/en\/product\/star-gentian-alaskan-f-sup\/","url_meta":{"origin":4934,"position":3},"title":"STAR GENTIAN ALASKAN F SUP","author":"eveapprill","date":"9 March 2025","format":false,"excerpt":"Star Gentian\u00a0 Swertia perennis Swertie vivace Indications\u00a0: insensibilit\u00e9, manque de d\u00e9votion ou d\u2019engagement \u00e0 des id\u00e9aux \u00e9lev\u00e9s\u00a0; tendance \u00e0 la comp\u00e9tition plut\u00f4t qu\u2019\u00e0 la coop\u00e9ration.","rel":"","context":"Similar post","block_context":{"text":"Similar post","link":""},"img":{"alt_text":"","src":"","width":0,"height":0},"classes":[]},{"id":2773,"url":"https:\/\/artstella-elixirs-floraux.com\/en\/product\/lac-baikal-bush-lf\/","url_meta":{"origin":4934,"position":4},"title":"LAC BAIKAL BUSH LF","author":"eveapprill","date":"9 March 2025","format":false,"excerpt":"Lake Baikal Essence\u2013 Elixir du lac Ba\u00efkal Aide \u00e0 r\u00e9unir les corps mental et \u00e9motionnel, favorise la gu\u00e9rison int\u00e9rieure, int\u00e8gre le masculin et le f\u00e9minin Divins de chacun et peut ramener la joie dans le coeur et dans l\u2019\u00e2me.","rel":"","context":"Similar post","block_context":{"text":"Similar post","link":""},"img":{"alt_text":"","src":"https:\/\/i0.wp.com\/artstella-elixirs-floraux.com\/wp-content\/uploads\/2025\/03\/aa91b964-46de-4b2e-8951-385a8475c42a.jpg?resize=350%2C200&ssl=1","width":350,"height":200,"srcset":"https:\/\/i0.wp.com\/artstella-elixirs-floraux.com\/wp-content\/uploads\/2025\/03\/aa91b964-46de-4b2e-8951-385a8475c42a.jpg?resize=350%2C200&ssl=1 1x, https:\/\/i0.wp.com\/artstella-elixirs-floraux.com\/wp-content\/uploads\/2025\/03\/aa91b964-46de-4b2e-8951-385a8475c42a.jpg?resize=525%2C300&ssl=1 1.5x, https:\/\/i0.wp.com\/artstella-elixirs-floraux.com\/wp-content\/uploads\/2025\/03\/aa91b964-46de-4b2e-8951-385a8475c42a.jpg?resize=700%2C400&ssl=1 2x"},"classes":[]},{"id":5887,"url":"https:\/\/artstella-elixirs-floraux.com\/en\/product\/complexe-n18-confort-feminin-50\/","url_meta":{"origin":4934,"position":5},"title":"COMPLEXE N\u00b018 Confort f\u00e9minin 50+","author":"eveapprill","date":"9 March 2025","format":false,"excerpt":"Compos\u00e9 n\u00b018 Confort f\u00e9minin 50+ Att\u00e9nue les inconforts li\u00e9s \u00e0 la m\u00e9nopause et la p\u00e9rim\u00e9nopause. Il invite \u00e0 explorer de nouveaux potentiels cr\u00e9atifs et \u00e0 r\u00e9inventer sa vie avec douceur et d\u00e9termination.","rel":"","context":"Similar post","block_context":{"text":"Similar post","link":""},"img":{"alt_text":"","src":"https:\/\/i0.wp.com\/artstella-elixirs-floraux.com\/wp-content\/uploads\/2025\/03\/3696bcd9-07eb-418b-a5c4-70918870797f.jpg?resize=350%2C200&ssl=1","width":350,"height":200,"srcset":"https:\/\/i0.wp.com\/artstella-elixirs-floraux.com\/wp-content\/uploads\/2025\/03\/3696bcd9-07eb-418b-a5c4-70918870797f.jpg?resize=350%2C200&ssl=1 1x, https:\/\/i0.wp.com\/artstella-elixirs-floraux.com\/wp-content\/uploads\/2025\/03\/3696bcd9-07eb-418b-a5c4-70918870797f.jpg?resize=525%2C300&ssl=1 1.5x, https:\/\/i0.wp.com\/artstella-elixirs-floraux.com\/wp-content\/uploads\/2025\/03\/3696bcd9-07eb-418b-a5c4-70918870797f.jpg?resize=700%2C400&ssl=1 2x"},"classes":[]}],"_links":{"self":[{"href":"https:\/\/artstella-elixirs-floraux.com\/en\/wp-json\/wp\/v2\/product\/4934","targetHints":{"allow":["GET"]}}],"collection":[{"href":"https:\/\/artstella-elixirs-floraux.com\/en\/wp-json\/wp\/v2\/product"}],"about":[{"href":"https:\/\/artstella-elixirs-floraux.com\/en\/wp-json\/wp\/v2\/types\/product"}],"version-history":[{"count":0,"href":"https:\/\/artstella-elixirs-floraux.com\/en\/wp-json\/wp\/v2\/product\/4934\/revisions"}],"wp:featuredmedia":[{"embeddable":true,"href":"https:\/\/artstella-elixirs-floraux.com\/en\/wp-json\/wp\/v2\/media\/4935"}],"wp:attachment":[{"href":"https:\/\/artstella-elixirs-floraux.com\/en\/wp-json\/wp\/v2\/media?parent=4934"}],"wp:term":[{"taxonomy":"product_brand","embeddable":true,"href":"https:\/\/artstella-elixirs-floraux.com\/en\/wp-json\/wp\/v2\/product_brand?post=4934"},{"taxonomy":"product_cat","embeddable":true,"href":"https:\/\/artstella-elixirs-floraux.com\/en\/wp-json\/wp\/v2\/product_cat?post=4934"},{"taxonomy":"product_tag","embeddable":true,"href":"https:\/\/artstella-elixirs-floraux.com\/en\/wp-json\/wp\/v2\/product_tag?post=4934"}],"curies":[{"name":"wp","href":"https:\/\/api.w.org\/{rel}","templated":true}]}}