{"id":4938,"date":"2025-03-09T13:35:39","date_gmt":"2025-03-09T13:35:39","guid":{"rendered":"https:\/\/artstella-elixirs-floraux.com\/product\/lapland-rosebay-alas-f-sup\/"},"modified":"2025-04-09T13:08:07","modified_gmt":"2025-04-09T13:08:07","slug":"lapland-rosebay-alas-f-sup","status":"publish","type":"product","link":"https:\/\/artstella-elixirs-floraux.com\/en\/product\/lapland-rosebay-alas-f-sup\/","title":{"rendered":"LAPLAND ROSEBAY ALAS F SUP"},"content":{"rendered":"","protected":false},"excerpt":{"rendered":"<p><strong>Lapland Rosebay <\/strong><em>Rhododendron lapponicum <\/em>Pour une vision int\u00e9rieure p\u00e9n\u00e9trante de soi et de la Nature ; voir sans d\u00e9formation ; aide \u00e0 un retour \u00e0 soi pour r\u00e9pondre \u00e0 ses questions ; nous rappelle que par l\u2019introspection on trouve sagesse, perspective et direction.<\/p>","protected":false},"featured_media":4939,"template":"","meta":[],"product_brand":[],"product_cat":[115],"product_tag":[],"class_list":{"0":"post-4938","1":"product","2":"type-product","3":"status-publish","4":"has-post-thumbnail","6":"product_cat-les-elixirs-de-fleurs-supplementaires","8":"first","9":"instock","10":"taxable","11":"shipping-taxable","12":"purchasable","13":"product-type-variable"},"etheme_brands":{"errors":{"invalid_taxonomy":["Invalid taxonomy."]},"error_data":[]},"jetpack_sharing_enabled":true,"jetpack-related-posts":[{"id":5462,"url":"https:\/\/artstella-elixirs-floraux.com\/en\/product\/strophaire-a-anneau-rugueux-10ml-bl\/","url_meta":{"origin":4938,"position":0},"title":"Strophaire \u00e0 anneau rugueux 10ml BL","author":"eveapprill","date":"9 March 2025","format":false,"excerpt":"Strophaire \u00e0 anneau rugueux \/ Stropharia rugoso annulata\u00a0\u00a0\u00a0\u00a0\u00a0\u00a0\u00a0\u00a0\u00a0\u00a0\u00a0\u00a0\u00a0\u00a0 Peut atteindre 40 \u00e0 50 cm de circonf\u00e9rence. Pour trouver de nouvelles intuitions dans ses activit\u00e9s.","rel":"","context":"Similar post","block_context":{"text":"Similar post","link":""},"img":{"alt_text":"","src":"","width":0,"height":0},"classes":[]},{"id":2186,"url":"https:\/\/artstella-elixirs-floraux.com\/en\/product\/harebell-alaskan\/","url_meta":{"origin":4938,"position":1},"title":"Harebell Alaskan","author":"eveapprill","date":"9 March 2025","format":false,"excerpt":"Harebell. Campanula lasiocarpa. Campanule Ne se sent pas aim\u00e9 et coup\u00e9 de la Source ; \u00e0 la recherche de l\u2019amour \u00e0 l'ext\u00e9rieur.","rel":"","context":"Similar post","block_context":{"text":"Similar post","link":""},"img":{"alt_text":"","src":"https:\/\/i0.wp.com\/artstella-elixirs-floraux.com\/wp-content\/uploads\/2025\/03\/wp-image542.png?resize=350%2C200&ssl=1","width":350,"height":200},"classes":[]},{"id":5840,"url":"https:\/\/artstella-elixirs-floraux.com\/en\/product\/paresseux-a-deux-doigts-15-ml-phi\/","url_meta":{"origin":4938,"position":2},"title":"Paresseux \u00e0 deux doigts 15 ml PHI","author":"eveapprill","date":"9 March 2025","format":false,"excerpt":"Paresseux \u00e0 deux doigts - Southern two toed Sloth (Choloepus didactylus) Cet animal nous aide \u00e0 d\u00e9velopper une meilleure relation au temps et \u00e0 la relaxation. Il nous aide \u00e0 mieux g\u00e9rer des situations de stress, en prenant les choses plus l\u00e9g\u00e8rement et de fa\u00e7on plus d\u00e9tendue. Il nous aide\u2026","rel":"","context":"Similar post","block_context":{"text":"Similar post","link":""},"img":{"alt_text":"","src":"","width":0,"height":0},"classes":[]},{"id":5852,"url":"https:\/\/artstella-elixirs-floraux.com\/en\/product\/la-baleine-a-bosse-humpbackwhale-15ml-phi\/","url_meta":{"origin":4938,"position":3},"title":"La baleine \u00e0 bosse (Humpbackwhale) 15ml PHI","author":"eveapprill","date":"9 March 2025","format":false,"excerpt":"La baleine \u00e0 bosse (Humpbackwhale)\u00a0 Cette baleine ouvre notre conscience \u00e0 la 5\u00e8me dimension. Nous pouvons nous connecter au-del\u00e0 de l\u2019espace et du temps \u00e0 l\u2019exp\u00e9rience int\u00e9rieure de la matrice et du son. Favorable aux exp\u00e9riences transpersonnelles et \u00e0 la m\u00e9ditation. Il est important que la personne soit bien enracin\u00e9e.","rel":"","context":"Similar post","block_context":{"text":"Similar post","link":""},"img":{"alt_text":"","src":"","width":0,"height":0},"classes":[]},{"id":4412,"url":"https:\/\/artstella-elixirs-floraux.com\/en\/product\/loving-child-lamour-enfantin\/","url_meta":{"origin":4938,"position":4},"title":"Loving Child &#8211; L&rsquo;amour enfantin WEAE 30ml","author":"eveapprill","date":"9 March 2025","format":false,"excerpt":"Loving Child (l'amour enfantin) L'amour Enfantin est une ressource unique con\u00e7ue pour aider les enfants \u00e0 ressentir et \u00e0 exprimer l'amour dans tous les aspects de leur vie.","rel":"","context":"Similar post","block_context":{"text":"Similar post","link":""},"img":{"alt_text":"","src":"https:\/\/i0.wp.com\/artstella-elixirs-floraux.com\/wp-content\/uploads\/2025\/03\/092b058c-0517-4bc8-8049-d757b3d14f3e.webp?resize=350%2C200&ssl=1","width":350,"height":200,"srcset":"https:\/\/i0.wp.com\/artstella-elixirs-floraux.com\/wp-content\/uploads\/2025\/03\/092b058c-0517-4bc8-8049-d757b3d14f3e.webp?resize=350%2C200&ssl=1 1x, https:\/\/i0.wp.com\/artstella-elixirs-floraux.com\/wp-content\/uploads\/2025\/03\/092b058c-0517-4bc8-8049-d757b3d14f3e.webp?resize=525%2C300&ssl=1 1.5x, https:\/\/i0.wp.com\/artstella-elixirs-floraux.com\/wp-content\/uploads\/2025\/03\/092b058c-0517-4bc8-8049-d757b3d14f3e.webp?resize=700%2C400&ssl=1 2x"},"classes":[]},{"id":4651,"url":"https:\/\/artstella-elixirs-floraux.com\/en\/product\/go-create\/","url_meta":{"origin":4938,"position":5},"title":"GO-CREATE","author":"eveapprill","date":"9 March 2025","format":false,"excerpt":"GO-CREATE Go-Create est un complexe d'abondance. Il a \u00e9t\u00e9 formul\u00e9 pour nous aider \u00e0 co-cr\u00e9er ce que nous voulons et souhaitons dans notre vie avec moins de r\u00e9sistance, plus de facilit\u00e9 et d'efficacit\u00e9.","rel":"","context":"Similar post","block_context":{"text":"Similar post","link":""},"img":{"alt_text":"","src":"https:\/\/i0.wp.com\/artstella-elixirs-floraux.com\/wp-content\/uploads\/2025\/03\/7bbe4e42-149d-46f3-9e4f-73f4081edae4.jpg?resize=350%2C200&ssl=1","width":350,"height":200,"srcset":"https:\/\/i0.wp.com\/artstella-elixirs-floraux.com\/wp-content\/uploads\/2025\/03\/7bbe4e42-149d-46f3-9e4f-73f4081edae4.jpg?resize=350%2C200&ssl=1 1x, https:\/\/i0.wp.com\/artstella-elixirs-floraux.com\/wp-content\/uploads\/2025\/03\/7bbe4e42-149d-46f3-9e4f-73f4081edae4.jpg?resize=525%2C300&ssl=1 1.5x, https:\/\/i0.wp.com\/artstella-elixirs-floraux.com\/wp-content\/uploads\/2025\/03\/7bbe4e42-149d-46f3-9e4f-73f4081edae4.jpg?resize=700%2C400&ssl=1 2x"},"classes":[]}],"_links":{"self":[{"href":"https:\/\/artstella-elixirs-floraux.com\/en\/wp-json\/wp\/v2\/product\/4938","targetHints":{"allow":["GET"]}}],"collection":[{"href":"https:\/\/artstella-elixirs-floraux.com\/en\/wp-json\/wp\/v2\/product"}],"about":[{"href":"https:\/\/artstella-elixirs-floraux.com\/en\/wp-json\/wp\/v2\/types\/product"}],"version-history":[{"count":0,"href":"https:\/\/artstella-elixirs-floraux.com\/en\/wp-json\/wp\/v2\/product\/4938\/revisions"}],"wp:featuredmedia":[{"embeddable":true,"href":"https:\/\/artstella-elixirs-floraux.com\/en\/wp-json\/wp\/v2\/media\/4939"}],"wp:attachment":[{"href":"https:\/\/artstella-elixirs-floraux.com\/en\/wp-json\/wp\/v2\/media?parent=4938"}],"wp:term":[{"taxonomy":"product_brand","embeddable":true,"href":"https:\/\/artstella-elixirs-floraux.com\/en\/wp-json\/wp\/v2\/product_brand?post=4938"},{"taxonomy":"product_cat","embeddable":true,"href":"https:\/\/artstella-elixirs-floraux.com\/en\/wp-json\/wp\/v2\/product_cat?post=4938"},{"taxonomy":"product_tag","embeddable":true,"href":"https:\/\/artstella-elixirs-floraux.com\/en\/wp-json\/wp\/v2\/product_tag?post=4938"}],"curies":[{"name":"wp","href":"https:\/\/api.w.org\/{rel}","templated":true}]}}