{"id":4942,"date":"2025-03-09T13:35:43","date_gmt":"2025-03-09T13:35:43","guid":{"rendered":"https:\/\/artstella-elixirs-floraux.com\/product\/lavender-yarrow-alaskan-f-sup\/"},"modified":"2025-04-09T13:06:51","modified_gmt":"2025-04-09T13:06:51","slug":"lavender-yarrow-alaskan-f-sup","status":"publish","type":"product","link":"https:\/\/artstella-elixirs-floraux.com\/en\/product\/lavender-yarrow-alaskan-f-sup\/","title":{"rendered":"LAVENDER YARROW ALASKAN F SUP"},"content":{"rendered":"","protected":false},"excerpt":{"rendered":"<p><strong>Lavender Yarrow<\/strong> <em>Achil\u00e9e bor\u00e9ale <\/em>Donne force et protection aux chakras sup\u00e9rieurs ; Equilibre le flux d\u2019\u00e9nergie vers le c\u0153ur ; traite le d\u00e9p\u00e9rissement caus\u00e9 par une dissipation des forces cardiaques ou par un influx d\u2019\u00e9nergie chaotique \u00e0 travers le chakra coronal.<\/p>","protected":false},"featured_media":4943,"template":"","meta":[],"product_brand":[],"product_cat":[115],"product_tag":[],"class_list":{"0":"post-4942","1":"product","2":"type-product","3":"status-publish","4":"has-post-thumbnail","6":"product_cat-les-elixirs-de-fleurs-supplementaires","8":"first","9":"instock","10":"taxable","11":"shipping-taxable","12":"purchasable","13":"product-type-variable"},"etheme_brands":{"errors":{"invalid_taxonomy":["Invalid taxonomy."]},"error_data":[]},"jetpack_sharing_enabled":true,"jetpack-related-posts":[{"id":2359,"url":"https:\/\/artstella-elixirs-floraux.com\/en\/product\/yarrow-alaskan\/","url_meta":{"origin":4942,"position":0},"title":"Yarrow Alaskan","author":"eveapprill","date":"9 March 2025","format":false,"excerpt":"Yarrow. Achillea borealis. Achill\u00e9e Hypersensibilit\u00e9 \u00e0 l'environnement ; recherche la protection \u00e0 l'ext\u00e9rieur, int\u00e9grit\u00e9 de l'aura atteinte par un accident ou un traumatisme pass\u00e9 ou pr\u00e9sent.","rel":"","context":"Similar post","block_context":{"text":"Similar post","link":""},"img":{"alt_text":"","src":"https:\/\/i0.wp.com\/artstella-elixirs-floraux.com\/wp-content\/uploads\/2025\/03\/wp-image603.png?resize=350%2C200&ssl=1","width":350,"height":200},"classes":[]},{"id":4770,"url":"https:\/\/artstella-elixirs-floraux.com\/en\/product\/yellow-yarrow-14-2ml-npe\/","url_meta":{"origin":4942,"position":1},"title":"YELLOW YARROW 14.2ML NPE","author":"eveapprill","date":"9 March 2025","format":false,"excerpt":"YELLOW YARROW 15 ML NPE","rel":"","context":"Similar post","block_context":{"text":"Similar post","link":""},"img":{"alt_text":"","src":"https:\/\/i0.wp.com\/artstella-elixirs-floraux.com\/wp-content\/uploads\/2025\/03\/wp-image1318.png?resize=350%2C200&ssl=1","width":350,"height":200},"classes":[]},{"id":2694,"url":"https:\/\/artstella-elixirs-floraux.com\/en\/product\/guardian-alaska\/","url_meta":{"origin":4942,"position":2},"title":"GUARDIAN ALASKA","author":"eveapprill","date":"9 March 2025","format":false,"excerpt":"Guardian (Guardien) existe en gouttes et en\u00a0 spray. Contient : Covellite . Devil\u2019s club. Round leave orchid . Stone circle. White Violet . Yarrow. Apporte un puissant champ de protection au niveau de l\u2019aura. Elle invoque une \u00e9nergie harmonieuse qui vous permet d\u2019avoir votre espace, de maintenir votre ancrage et\u2026","rel":"","context":"Similar post","block_context":{"text":"Similar post","link":""},"img":{"alt_text":"","src":"https:\/\/i0.wp.com\/artstella-elixirs-floraux.com\/wp-content\/uploads\/2025\/03\/1cb3fc0a-98e4-4c12-85cf-fdb300461280.jpg?resize=350%2C200&ssl=1","width":350,"height":200,"srcset":"https:\/\/i0.wp.com\/artstella-elixirs-floraux.com\/wp-content\/uploads\/2025\/03\/1cb3fc0a-98e4-4c12-85cf-fdb300461280.jpg?resize=350%2C200&ssl=1 1x, https:\/\/i0.wp.com\/artstella-elixirs-floraux.com\/wp-content\/uploads\/2025\/03\/1cb3fc0a-98e4-4c12-85cf-fdb300461280.jpg?resize=525%2C300&ssl=1 1.5x, https:\/\/i0.wp.com\/artstella-elixirs-floraux.com\/wp-content\/uploads\/2025\/03\/1cb3fc0a-98e4-4c12-85cf-fdb300461280.jpg?resize=700%2C400&ssl=1 2x"},"classes":[]},{"id":5049,"url":"https:\/\/artstella-elixirs-floraux.com\/en\/product\/black-tourmaline-master-q-7-5-ml\/","url_meta":{"origin":4942,"position":3},"title":"BLACK TOURMALINE MASTER Q 7.5 ML","author":"eveapprill","date":"9 March 2025","format":false,"excerpt":"Black Tourmaline\/Master Quartz \u2013 Tourmaline noire \/quartz ma\u00eetre Indication flux d\u2019\u00e9nergie restreint dans certaines parties du corps\u00a0; haut niveau d\u2019\u00e9nergies toxiques dans les chakras\u00a0; incapacit\u00e9 \u00e0 int\u00e9grer l\u2019\u00e9nergie spirituelle avec la programmation de la survie.","rel":"","context":"Similar post","block_context":{"text":"Similar post","link":""},"img":{"alt_text":"","src":"https:\/\/i0.wp.com\/artstella-elixirs-floraux.com\/wp-content\/uploads\/2025\/03\/wp-image1400.png?resize=350%2C200&ssl=1","width":350,"height":200},"classes":[]},{"id":5590,"url":"https:\/\/artstella-elixirs-floraux.com\/en\/product\/pyramide-bosnie-phi-15ml\/","url_meta":{"origin":4942,"position":4},"title":"PYRAMIDE BOSNIE PHI 15ML","author":"eveapprill","date":"9 March 2025","format":false,"excerpt":"Cet \u00e9lixir nous relie fortement \u00e0 la terre. Il apporte stabilit\u00e9 et force et par le septi\u00e8me chakra nous relie aux chakras sup\u00e9rieurs. Il s\u2019agit d\u2019\u00e9quilibrer le haut et le bas. Les \u00e9nergies corporelles sont stimul\u00e9es et peuvent circuler librement.\u00a0","rel":"","context":"Similar post","block_context":{"text":"Similar post","link":""},"img":{"alt_text":"","src":"","width":0,"height":0},"classes":[]},{"id":6325,"url":"https:\/\/artstella-elixirs-floraux.com\/en\/product\/septieme-chakra-weae-30ml\/","url_meta":{"origin":4942,"position":5},"title":"SEPTIEME CHAKRA WEAE 30 ml","author":"eveapprill","date":"9 March 2025","format":false,"excerpt":"Seventh Chakra Essence fournit un soutien pour recevoir les dons du septi\u00e8me chakra, y compris: \u00eatre en unit\u00e9 avec l'esprit, recevoir des conseils sup\u00e9rieurs, la connexion divine.","rel":"","context":"Similar post","block_context":{"text":"Similar post","link":""},"img":{"alt_text":"","src":"https:\/\/i0.wp.com\/artstella-elixirs-floraux.com\/wp-content\/uploads\/2025\/03\/1f748c53-28aa-4d2b-a2a4-484c606e5bf4.jpg?resize=350%2C200&ssl=1","width":350,"height":200,"srcset":"https:\/\/i0.wp.com\/artstella-elixirs-floraux.com\/wp-content\/uploads\/2025\/03\/1f748c53-28aa-4d2b-a2a4-484c606e5bf4.jpg?resize=350%2C200&ssl=1 1x, https:\/\/i0.wp.com\/artstella-elixirs-floraux.com\/wp-content\/uploads\/2025\/03\/1f748c53-28aa-4d2b-a2a4-484c606e5bf4.jpg?resize=525%2C300&ssl=1 1.5x, https:\/\/i0.wp.com\/artstella-elixirs-floraux.com\/wp-content\/uploads\/2025\/03\/1f748c53-28aa-4d2b-a2a4-484c606e5bf4.jpg?resize=700%2C400&ssl=1 2x"},"classes":[]}],"_links":{"self":[{"href":"https:\/\/artstella-elixirs-floraux.com\/en\/wp-json\/wp\/v2\/product\/4942","targetHints":{"allow":["GET"]}}],"collection":[{"href":"https:\/\/artstella-elixirs-floraux.com\/en\/wp-json\/wp\/v2\/product"}],"about":[{"href":"https:\/\/artstella-elixirs-floraux.com\/en\/wp-json\/wp\/v2\/types\/product"}],"version-history":[{"count":0,"href":"https:\/\/artstella-elixirs-floraux.com\/en\/wp-json\/wp\/v2\/product\/4942\/revisions"}],"wp:featuredmedia":[{"embeddable":true,"href":"https:\/\/artstella-elixirs-floraux.com\/en\/wp-json\/wp\/v2\/media\/4943"}],"wp:attachment":[{"href":"https:\/\/artstella-elixirs-floraux.com\/en\/wp-json\/wp\/v2\/media?parent=4942"}],"wp:term":[{"taxonomy":"product_brand","embeddable":true,"href":"https:\/\/artstella-elixirs-floraux.com\/en\/wp-json\/wp\/v2\/product_brand?post=4942"},{"taxonomy":"product_cat","embeddable":true,"href":"https:\/\/artstella-elixirs-floraux.com\/en\/wp-json\/wp\/v2\/product_cat?post=4942"},{"taxonomy":"product_tag","embeddable":true,"href":"https:\/\/artstella-elixirs-floraux.com\/en\/wp-json\/wp\/v2\/product_tag?post=4942"}],"curies":[{"name":"wp","href":"https:\/\/api.w.org\/{rel}","templated":true}]}}