{"id":4950,"date":"2025-03-09T13:35:51","date_gmt":"2025-03-09T13:35:51","guid":{"rendered":"https:\/\/artstella-elixirs-floraux.com\/product\/nootka-lupine-alaskan-f-sup\/"},"modified":"2025-04-09T13:04:44","modified_gmt":"2025-04-09T13:04:44","slug":"nootka-lupine-alaskan-f-sup","status":"publish","type":"product","link":"https:\/\/artstella-elixirs-floraux.com\/en\/product\/nootka-lupine-alaskan-f-sup\/","title":{"rendered":"NOOTKA LUPINE ALASKAN F SUP"},"content":{"rendered":"","protected":false},"excerpt":{"rendered":"<p><strong>Nootka Lupine<\/strong> Lupin Nous aide \u00e0 r\u00e9v\u00e9ler et \u00e0 faire face \u00e0 des sujets karmiques qui font r\u00e9guli\u00e8rement surface afin de les r\u00e9soudre ; nous montre o\u00f9 porter notre attention et notre \u00e9nergie afin de r\u00e9soudre ces probl\u00e8mes.<\/p>","protected":false},"featured_media":4951,"template":"","meta":[],"product_brand":[],"product_cat":[115],"product_tag":[],"class_list":{"0":"post-4950","1":"product","2":"type-product","3":"status-publish","4":"has-post-thumbnail","6":"product_cat-les-elixirs-de-fleurs-supplementaires","8":"first","9":"instock","10":"taxable","11":"shipping-taxable","12":"purchasable","13":"product-type-variable"},"etheme_brands":{"errors":{"invalid_taxonomy":["Invalid taxonomy."]},"error_data":[]},"jetpack_sharing_enabled":true,"jetpack-related-posts":[{"id":5015,"url":"https:\/\/artstella-elixirs-floraux.com\/en\/product\/white-lupine-alaskan-f-sup\/","url_meta":{"origin":4950,"position":0},"title":"WHITE LUPINE ALASKAN F SUP","author":"eveapprill","date":"9 March 2025","format":false,"excerpt":"White Lupine Lupinus nootkatensis Lupin Indications\u00a0: enferm\u00e9s dans des sch\u00e9mas ancestraux ou des dynamiques familiales malsaines\u00a0; coinc\u00e9s dans la ranc\u0153ur et le ressentiment.","rel":"","context":"Similar post","block_context":{"text":"Similar post","link":""},"img":{"alt_text":"","src":"","width":0,"height":0},"classes":[]},{"id":1959,"url":"https:\/\/artstella-elixirs-floraux.com\/en\/product\/lupin-15-ml-fleur-sylfos\/","url_meta":{"origin":4950,"position":1},"title":"LUPIN 15 ML Tarwi FLEUR SYLFOS","author":"eveapprill","date":"26 August 2025","format":false,"excerpt":"Lupin \/ Tarwi\u00a0 \u00a0\u00a0Lupinus perennis \u00a0Stimule la g\u00e9n\u00e9rosit\u00e9, l\u2019ouverture de soi, la solidarit\u00e9. Il aide au d\u00e9veloppement autonome de la personnalit\u00e9. Pour se rel\u00e2cher et naviguer dans le fleuve de la vie avec s\u00e9curit\u00e9 et confiance.\u00a0 Accompagne l\u2019accouchement.","rel":"","context":"Similar post","block_context":{"text":"Similar post","link":""},"img":{"alt_text":"","src":"https:\/\/i0.wp.com\/artstella-elixirs-floraux.com\/wp-content\/uploads\/2025\/03\/tarwi.jpg?resize=350%2C200&ssl=1","width":350,"height":200},"classes":[]},{"id":2174,"url":"https:\/\/artstella-elixirs-floraux.com\/en\/product\/green-fairy-orchid-alaskan\/","url_meta":{"origin":4950,"position":2},"title":"Green fairy orchid Alaskan","author":"eveapprill","date":"9 March 2025","format":false,"excerpt":"Green fairy orchid. Hammarbya paludosa D\u00e9s\u00e9quilibre de base entre les aspects masculins et f\u00e9minins du moi ; difficult\u00e9 \u00e0 r\u00e9soudre les conflits internes ; maintient la s\u00e9paration par la d\u00e9fensive.","rel":"","context":"Similar post","block_context":{"text":"Similar post","link":""},"img":{"alt_text":"","src":"https:\/\/i0.wp.com\/artstella-elixirs-floraux.com\/wp-content\/uploads\/2025\/03\/wp-image539.png?resize=350%2C200&ssl=1","width":350,"height":200},"classes":[]},{"id":2182,"url":"https:\/\/artstella-elixirs-floraux.com\/en\/product\/hairy-buttertwort-alaskan\/","url_meta":{"origin":4950,"position":3},"title":"Hairy buttertwort Alaskan","author":"eveapprill","date":"9 March 2025","format":false,"excerpt":"Hairy buttertwort. Pinguicula villosa Incapacit\u00e9 \u00e0 reconna\u00eetre ou \u00e0 faire confiance \u00e0 la guidance int\u00e9rieure, plus sp\u00e9cialement dans les moments de d\u00e9fi ou de le\u00e7ons de vie ; manque de conscience du probl\u00e8me cl\u00e9 qui permet de r\u00e9soudre une situation.","rel":"","context":"Similar post","block_context":{"text":"Similar post","link":""},"img":{"alt_text":"","src":"https:\/\/i0.wp.com\/artstella-elixirs-floraux.com\/wp-content\/uploads\/2025\/03\/wp-image541.png?resize=350%2C200&ssl=1","width":350,"height":200},"classes":[]},{"id":3644,"url":"https:\/\/artstella-elixirs-floraux.com\/en\/product\/47-redemption-dream-lto-15-ml\/","url_meta":{"origin":4950,"position":4},"title":"47. REDEMPTION DREAM LTO 15 ML","author":"eveapprill","date":"9 March 2025","format":false,"excerpt":"Redemption dream \/ R\u00eave de r\u00e9demption : Nous aide \u00e0 entrer en contact avec des couches profondes de culpabilit\u00e9 ou de honte, permettant \u00e0 la conscience de les r\u00e9soudre, consciemment ou inconsciemment.","rel":"","context":"Similar post","block_context":{"text":"Similar post","link":""},"img":{"alt_text":"","src":"https:\/\/i0.wp.com\/artstella-elixirs-floraux.com\/wp-content\/uploads\/2025\/03\/c06df7e9-ffe1-4f58-a720-122549177628.jpg?resize=350%2C200&ssl=1","width":350,"height":200,"srcset":"https:\/\/i0.wp.com\/artstella-elixirs-floraux.com\/wp-content\/uploads\/2025\/03\/c06df7e9-ffe1-4f58-a720-122549177628.jpg?resize=350%2C200&ssl=1 1x, https:\/\/i0.wp.com\/artstella-elixirs-floraux.com\/wp-content\/uploads\/2025\/03\/c06df7e9-ffe1-4f58-a720-122549177628.jpg?resize=525%2C300&ssl=1 1.5x, https:\/\/i0.wp.com\/artstella-elixirs-floraux.com\/wp-content\/uploads\/2025\/03\/c06df7e9-ffe1-4f58-a720-122549177628.jpg?resize=700%2C400&ssl=1 2x"},"classes":[]},{"id":4034,"url":"https:\/\/artstella-elixirs-floraux.com\/en\/product\/don-diego-de-noche-15-ml-sylfos\/","url_meta":{"origin":4950,"position":5},"title":"DON DIEGO DE NOCHE \/ ONAGRE SYLFOS","author":"eveapprill","date":"9 March 2025","format":false,"excerpt":"DONDIEGO DE NOCHE Oenothera affinis Equilibre affectif. Aide \u00e0 r\u00e9soudre les traumatismes de la petite enfance dont l\u2019origine se trouve dans le v\u00e9cu maternel de douleurs \u00e9motionnelles","rel":"","context":"Similar post","block_context":{"text":"Similar post","link":""},"img":{"alt_text":"","src":"","width":0,"height":0},"classes":[]}],"_links":{"self":[{"href":"https:\/\/artstella-elixirs-floraux.com\/en\/wp-json\/wp\/v2\/product\/4950","targetHints":{"allow":["GET"]}}],"collection":[{"href":"https:\/\/artstella-elixirs-floraux.com\/en\/wp-json\/wp\/v2\/product"}],"about":[{"href":"https:\/\/artstella-elixirs-floraux.com\/en\/wp-json\/wp\/v2\/types\/product"}],"version-history":[{"count":0,"href":"https:\/\/artstella-elixirs-floraux.com\/en\/wp-json\/wp\/v2\/product\/4950\/revisions"}],"wp:featuredmedia":[{"embeddable":true,"href":"https:\/\/artstella-elixirs-floraux.com\/en\/wp-json\/wp\/v2\/media\/4951"}],"wp:attachment":[{"href":"https:\/\/artstella-elixirs-floraux.com\/en\/wp-json\/wp\/v2\/media?parent=4950"}],"wp:term":[{"taxonomy":"product_brand","embeddable":true,"href":"https:\/\/artstella-elixirs-floraux.com\/en\/wp-json\/wp\/v2\/product_brand?post=4950"},{"taxonomy":"product_cat","embeddable":true,"href":"https:\/\/artstella-elixirs-floraux.com\/en\/wp-json\/wp\/v2\/product_cat?post=4950"},{"taxonomy":"product_tag","embeddable":true,"href":"https:\/\/artstella-elixirs-floraux.com\/en\/wp-json\/wp\/v2\/product_tag?post=4950"}],"curies":[{"name":"wp","href":"https:\/\/api.w.org\/{rel}","templated":true}]}}