{"id":4970,"date":"2025-03-09T13:36:09","date_gmt":"2025-03-09T13:36:09","guid":{"rendered":"https:\/\/artstella-elixirs-floraux.com\/product\/potatoe-alaska-f-sup\/"},"modified":"2025-04-09T12:54:06","modified_gmt":"2025-04-09T12:54:06","slug":"potatoe-alaska-f-sup","status":"publish","type":"product","link":"https:\/\/artstella-elixirs-floraux.com\/en\/product\/potatoe-alaska-f-sup\/","title":{"rendered":"POTATOE ALASKA F SUP"},"content":{"rendered":"<p class=\"Tableformating\"><strong><strong>Qualit\u00e9s\u00a0: <\/strong><\/strong>soulagement au niveau physique\u00a0; pour d\u00e9congestionner des cycles inachev\u00e9s d\u2019exp\u00e9riences qui restent bloqu\u00e9s dans le corps\u00a0; encourage l\u2019amour propre et l\u2019acceptation de soi jusqu\u2019au niveau cellulaire du corps.<\/p>","protected":false},"excerpt":{"rendered":"<p class=\"Tableformating\"><strong>Potato <\/strong><em>Solanum tuberosum <\/em>Pomme de Terre<\/p>\n<p class=\"Tableformating\"><strong>Indications\u00a0: <\/strong>r\u00e9tention\u00a0; rigidit\u00e9\u00a0; manque de mobilit\u00e9\u00a0; personnalit\u00e9 dure et inflexible\u00a0; r\u00e9sistance \u00e0 l\u00e2cher le pass\u00e9.<\/p>","protected":false},"featured_media":4971,"template":"","meta":[],"product_brand":[],"product_cat":[115],"product_tag":[],"class_list":{"0":"post-4970","1":"product","2":"type-product","3":"status-publish","4":"has-post-thumbnail","6":"product_cat-les-elixirs-de-fleurs-supplementaires","8":"first","9":"instock","10":"taxable","11":"shipping-taxable","12":"purchasable","13":"product-type-variable"},"etheme_brands":{"errors":{"invalid_taxonomy":["Invalid taxonomy."]},"error_data":[]},"jetpack_sharing_enabled":true,"jetpack-related-posts":[{"id":4499,"url":"https:\/\/artstella-elixirs-floraux.com\/en\/product\/wild-potato-bush-15-ml\/","url_meta":{"origin":4970,"position":0},"title":"WILD POTATO BUSH 15 ML","author":"eveapprill","date":"9 March 2025","format":false,"excerpt":"Wild Potato Bush Accablement, frustration. Pouvoir avancer dans la vie.","rel":"","context":"Similar post","block_context":{"text":"Similar post","link":""},"img":{"alt_text":"","src":"","width":0,"height":0},"classes":[]},{"id":2737,"url":"https:\/\/artstella-elixirs-floraux.com\/en\/product\/purifying-purification-bush-30ml\/","url_meta":{"origin":4970,"position":1},"title":"PURIFYING Purification BUSH 30ml","author":"eveapprill","date":"9 March 2025","format":false,"excerpt":"Purifying -\u00a0Purification Pour clarifier les r\u00e9sidus \u00e9motionnels accumul\u00e9s au fil du temps et se d\u00e9faire de ces ''bagages'' psychiques encombrants. Compos\u00e9 de Bauhinia Bush Iris, Bottlebrush, Dagger Hakea, Dog Rose, Wild Potato Bush.","rel":"","context":"Similar post","block_context":{"text":"Similar post","link":""},"img":{"alt_text":"","src":"https:\/\/i0.wp.com\/artstella-elixirs-floraux.com\/wp-content\/uploads\/2025\/03\/98f26060-c4ae-440e-839e-9e9fc7f90583.jpg?resize=350%2C200&ssl=1","width":350,"height":200,"srcset":"https:\/\/i0.wp.com\/artstella-elixirs-floraux.com\/wp-content\/uploads\/2025\/03\/98f26060-c4ae-440e-839e-9e9fc7f90583.jpg?resize=350%2C200&ssl=1 1x, https:\/\/i0.wp.com\/artstella-elixirs-floraux.com\/wp-content\/uploads\/2025\/03\/98f26060-c4ae-440e-839e-9e9fc7f90583.jpg?resize=525%2C300&ssl=1 1.5x, https:\/\/i0.wp.com\/artstella-elixirs-floraux.com\/wp-content\/uploads\/2025\/03\/98f26060-c4ae-440e-839e-9e9fc7f90583.jpg?resize=700%2C400&ssl=1 2x"},"classes":[]},{"id":3515,"url":"https:\/\/artstella-elixirs-floraux.com\/en\/product\/shivas-crown-lto-15-ml\/","url_meta":{"origin":4970,"position":2},"title":"SHIVAS CROWN LTO 15 ML","author":"eveapprill","date":"9 March 2025","format":false,"excerpt":"Shiva's crown \/ Couronne de Shiva : Approfondit la compr\u00e9hension au niveau de notre \u00e2me du voyage dans le corps physique. Cette pr\u00e9paration va jusqu'\u00e0 une partie du cerveau appel\u00e9e syst\u00e8me\u00a0 limbique","rel":"","context":"Similar post","block_context":{"text":"Similar post","link":""},"img":{"alt_text":"","src":"https:\/\/i0.wp.com\/artstella-elixirs-floraux.com\/wp-content\/uploads\/2025\/03\/7844c974-3a24-4e36-8826-337620b0fdaf.jpg?resize=350%2C200&ssl=1","width":350,"height":200,"srcset":"https:\/\/i0.wp.com\/artstella-elixirs-floraux.com\/wp-content\/uploads\/2025\/03\/7844c974-3a24-4e36-8826-337620b0fdaf.jpg?resize=350%2C200&ssl=1 1x, https:\/\/i0.wp.com\/artstella-elixirs-floraux.com\/wp-content\/uploads\/2025\/03\/7844c974-3a24-4e36-8826-337620b0fdaf.jpg?resize=525%2C300&ssl=1 1.5x, https:\/\/i0.wp.com\/artstella-elixirs-floraux.com\/wp-content\/uploads\/2025\/03\/7844c974-3a24-4e36-8826-337620b0fdaf.jpg?resize=700%2C400&ssl=1 2x"},"classes":[]},{"id":2162,"url":"https:\/\/artstella-elixirs-floraux.com\/en\/product\/grass-of-parnassus-alaskan\/","url_meta":{"origin":4970,"position":3},"title":"GRASS OF PARNASSUS ALASKAN","author":"eveapprill","date":"9 March 2025","format":false,"excerpt":"Grass of Parnassus. Parnassia palustris Difficult\u00e9 \u00e0 maintenir l'int\u00e9grit\u00e9 de son champ d'\u00e9nergie dans des environnements toxiques ou surpeupl\u00e9s, besoin des corps subtils d'\u00eatre nettoy\u00e9s et r\u00e9 \u00e9nerg\u00e9tis\u00e9s.","rel":"","context":"Similar post","block_context":{"text":"Similar post","link":""},"img":{"alt_text":"","src":"https:\/\/i0.wp.com\/artstella-elixirs-floraux.com\/wp-content\/uploads\/2025\/03\/wp-image531.png?resize=350%2C200&ssl=1","width":350,"height":200},"classes":[]},{"id":3600,"url":"https:\/\/artstella-elixirs-floraux.com\/en\/product\/26-internal-cleansing-15-ml-ltoe\/","url_meta":{"origin":4970,"position":4},"title":"Nettoyage interne LTOE 15ml","author":"eveapprill","date":"9 March 2025","format":false,"excerpt":"Internal Cleansing \/Nettoyage interne : op\u00e8re avec diligence un nettoyage interne du corps et aide \u00e0 \u00e9liminer les reliquats \u00e9nerg\u00e9tiques du corps \u00e9th\u00e9rique.","rel":"","context":"Similar post","block_context":{"text":"Similar post","link":""},"img":{"alt_text":"","src":"https:\/\/i0.wp.com\/artstella-elixirs-floraux.com\/wp-content\/uploads\/2025\/03\/af463573-ff43-45f8-82ec-c45521557a3a.jpg?resize=350%2C200&ssl=1","width":350,"height":200,"srcset":"https:\/\/i0.wp.com\/artstella-elixirs-floraux.com\/wp-content\/uploads\/2025\/03\/af463573-ff43-45f8-82ec-c45521557a3a.jpg?resize=350%2C200&ssl=1 1x, https:\/\/i0.wp.com\/artstella-elixirs-floraux.com\/wp-content\/uploads\/2025\/03\/af463573-ff43-45f8-82ec-c45521557a3a.jpg?resize=525%2C300&ssl=1 1.5x, https:\/\/i0.wp.com\/artstella-elixirs-floraux.com\/wp-content\/uploads\/2025\/03\/af463573-ff43-45f8-82ec-c45521557a3a.jpg?resize=700%2C400&ssl=1 2x"},"classes":[]},{"id":2211,"url":"https:\/\/artstella-elixirs-floraux.com\/en\/product\/ladies-tresses-alaskan\/","url_meta":{"origin":4970,"position":5},"title":"Ladie\u2019s tresses.Alaskan","author":"eveapprill","date":"9 March 2025","format":false,"excerpt":"Ladie\u2019s tresses. Spiranthes romanzoffiana Manque de connexion entre les le\u00e7ons de notre vie et notre but. Reconnection difficile avec le corps \u00e0 la suite d'une blessure s\u00e9rieuse ou d'une exp\u00e9rience traumatisante","rel":"","context":"Similar post","block_context":{"text":"Similar post","link":""},"img":{"alt_text":"","src":"https:\/\/i0.wp.com\/artstella-elixirs-floraux.com\/wp-content\/uploads\/2025\/03\/wp-image562.png?resize=350%2C200&ssl=1","width":350,"height":200},"classes":[]}],"_links":{"self":[{"href":"https:\/\/artstella-elixirs-floraux.com\/en\/wp-json\/wp\/v2\/product\/4970","targetHints":{"allow":["GET"]}}],"collection":[{"href":"https:\/\/artstella-elixirs-floraux.com\/en\/wp-json\/wp\/v2\/product"}],"about":[{"href":"https:\/\/artstella-elixirs-floraux.com\/en\/wp-json\/wp\/v2\/types\/product"}],"version-history":[{"count":0,"href":"https:\/\/artstella-elixirs-floraux.com\/en\/wp-json\/wp\/v2\/product\/4970\/revisions"}],"wp:featuredmedia":[{"embeddable":true,"href":"https:\/\/artstella-elixirs-floraux.com\/en\/wp-json\/wp\/v2\/media\/4971"}],"wp:attachment":[{"href":"https:\/\/artstella-elixirs-floraux.com\/en\/wp-json\/wp\/v2\/media?parent=4970"}],"wp:term":[{"taxonomy":"product_brand","embeddable":true,"href":"https:\/\/artstella-elixirs-floraux.com\/en\/wp-json\/wp\/v2\/product_brand?post=4970"},{"taxonomy":"product_cat","embeddable":true,"href":"https:\/\/artstella-elixirs-floraux.com\/en\/wp-json\/wp\/v2\/product_cat?post=4970"},{"taxonomy":"product_tag","embeddable":true,"href":"https:\/\/artstella-elixirs-floraux.com\/en\/wp-json\/wp\/v2\/product_tag?post=4970"}],"curies":[{"name":"wp","href":"https:\/\/api.w.org\/{rel}","templated":true}]}}