{"id":5015,"date":"2025-03-09T13:37:05","date_gmt":"2025-03-09T13:37:05","guid":{"rendered":"https:\/\/artstella-elixirs-floraux.com\/product\/white-lupine-alaskan-f-sup\/"},"modified":"2025-04-09T12:18:41","modified_gmt":"2025-04-09T12:18:41","slug":"white-lupine-alaskan-f-sup","status":"publish","type":"product","link":"https:\/\/artstella-elixirs-floraux.com\/en\/product\/white-lupine-alaskan-f-sup\/","title":{"rendered":"WHITE LUPINE ALASKAN F SUP"},"content":{"rendered":"<p class=\"Tableformating\"><strong>Qualit\u00e9s\u00a0: <\/strong>Favorise l\u2019\u00e9mergence d\u2019un nouvel arch\u00e9type de spiritualit\u00e9 masculine\u00a0; stimule la lib\u00e9ration des anciens sch\u00e9mas de comportement familiaux ou tribaux ou des anciennes blessures ou deuils.<\/p>","protected":false},"excerpt":{"rendered":"<p class=\"Tableformating\"><strong>White Lupine <\/strong><em>Lupinus nootkatensis <\/em>Lupin<\/p>\n<p class=\"Tableformating\"><strong>Indications\u00a0: <\/strong>enferm\u00e9s dans des sch\u00e9mas ancestraux ou des dynamiques familiales malsaines\u00a0; coinc\u00e9s dans la ranc\u0153ur et le ressentiment.<\/p>","protected":false},"featured_media":5016,"template":"","meta":[],"product_brand":[],"product_cat":[115],"product_tag":[],"class_list":{"0":"post-5015","1":"product","2":"type-product","3":"status-publish","4":"has-post-thumbnail","6":"product_cat-les-elixirs-de-fleurs-supplementaires","8":"first","9":"instock","10":"taxable","11":"shipping-taxable","12":"purchasable","13":"product-type-variable"},"etheme_brands":{"errors":{"invalid_taxonomy":["Invalid taxonomy."]},"error_data":[]},"jetpack_sharing_enabled":true,"jetpack-related-posts":[{"id":4950,"url":"https:\/\/artstella-elixirs-floraux.com\/en\/product\/nootka-lupine-alaskan-f-sup\/","url_meta":{"origin":5015,"position":0},"title":"NOOTKA LUPINE ALASKAN F SUP","author":"eveapprill","date":"9 March 2025","format":false,"excerpt":"Nootka Lupine Lupin Nous aide \u00e0 r\u00e9v\u00e9ler et \u00e0 faire face \u00e0 des sujets karmiques qui font r\u00e9guli\u00e8rement surface afin de les r\u00e9soudre ; nous montre o\u00f9 porter notre attention et notre \u00e9nergie afin de r\u00e9soudre ces probl\u00e8mes.","rel":"","context":"Similar post","block_context":{"text":"Similar post","link":""},"img":{"alt_text":"","src":"https:\/\/i0.wp.com\/artstella-elixirs-floraux.com\/wp-content\/uploads\/2025\/03\/wp-image1394.png?resize=350%2C200&ssl=1","width":350,"height":200},"classes":[]},{"id":1959,"url":"https:\/\/artstella-elixirs-floraux.com\/en\/product\/lupin-15-ml-fleur-sylfos\/","url_meta":{"origin":5015,"position":1},"title":"LUPIN 15 ML Tarwi FLEUR SYLFOS","author":"eveapprill","date":"26 August 2025","format":false,"excerpt":"Lupin \/ Tarwi\u00a0 \u00a0\u00a0Lupinus perennis \u00a0Stimule la g\u00e9n\u00e9rosit\u00e9, l\u2019ouverture de soi, la solidarit\u00e9. Il aide au d\u00e9veloppement autonome de la personnalit\u00e9. Pour se rel\u00e2cher et naviguer dans le fleuve de la vie avec s\u00e9curit\u00e9 et confiance.\u00a0 Accompagne l\u2019accouchement.","rel":"","context":"Similar post","block_context":{"text":"Similar post","link":""},"img":{"alt_text":"","src":"https:\/\/i0.wp.com\/artstella-elixirs-floraux.com\/wp-content\/uploads\/2025\/03\/tarwi.jpg?resize=350%2C200&ssl=1","width":350,"height":200},"classes":[]},{"id":6266,"url":"https:\/\/artstella-elixirs-floraux.com\/en\/product\/arbol-de-josue-15-ml-sylfos\/","url_meta":{"origin":5015,"position":2},"title":"ARBOL DE JOSUE 15 ML SYLFOS","author":"eveapprill","date":"9 March 2025","format":false,"excerpt":"Arbre de Josue Lib\u00e9ration des sch\u00e9mas h\u00e9rit\u00e9s - Karma g\u00e9n\u00e9rationnel Gu\u00e9rir son propre arbre g\u00e9n\u00e9rationnel, se lib\u00e9rer des sch\u00e9mas h\u00e9rit\u00e9s g\u00e9n\u00e9ration apr\u00e8s g\u00e9n\u00e9ration, sans renier ses origines. Permet d'int\u00e9grer l'h\u00e9ritage, la lign\u00e9e, sans \u00eatre esclave des traditions familiales.","rel":"","context":"Similar post","block_context":{"text":"Similar post","link":""},"img":{"alt_text":"","src":"https:\/\/i0.wp.com\/artstella-elixirs-floraux.com\/wp-content\/uploads\/2025\/03\/wp-image2223.png?resize=350%2C200&ssl=1","width":350,"height":200},"classes":[]},{"id":4702,"url":"https:\/\/artstella-elixirs-floraux.com\/en\/product\/white-lightning-14-2ml-perelandra\/","url_meta":{"origin":5015,"position":3},"title":"WHITE LIGHTNING 14.2ML PERELANDRA","author":"eveapprill","date":"9 March 2025","format":false,"excerpt":"WHITE LIGHTNING 15 ML PERELANDRA","rel":"","context":"Similar post","block_context":{"text":"Similar post","link":""},"img":{"alt_text":"","src":"https:\/\/i0.wp.com\/artstella-elixirs-floraux.com\/wp-content\/uploads\/2025\/03\/wp-image1281.png?resize=350%2C200&ssl=1","width":350,"height":200},"classes":[]},{"id":3904,"url":"https:\/\/artstella-elixirs-floraux.com\/en\/product\/alligator-15-ml-phi\/","url_meta":{"origin":5015,"position":4},"title":"ALLIGATOR 15 ML PHI","author":"eveapprill","date":"27 May 2025","format":false,"excerpt":"Alligator (Crocodylus Acutus) permet de transformer les vieux sch\u00e9mas pour nous en s\u00e9parer. Quand nous sentons que ces anciens sch\u00e9mas et traditions ne nous correspondent plus et handicapent notre d\u00e9veloppement.","rel":"","context":"Similar post","block_context":{"text":"Similar post","link":""},"img":{"alt_text":"","src":"https:\/\/i0.wp.com\/artstella-elixirs-floraux.com\/wp-content\/uploads\/2025\/03\/wp-image731.png?resize=350%2C200&ssl=1","width":350,"height":200},"classes":[]},{"id":5442,"url":"https:\/\/artstella-elixirs-floraux.com\/en\/product\/coprin-little-inky-cap-10-ml\/","url_meta":{"origin":5015,"position":5},"title":"Coprin &#8211; Little Inky Cap 10 ML","author":"eveapprill","date":"9 March 2025","format":false,"excerpt":"Coprin \/ Coprinus xanthotrix (little inky cap\/Coprin) Ce petit champignon aide \u00e0 se lib\u00e9rer des \u00e9motions. \u00a0telle la col\u00e8re ainsi que des sch\u00e9mas familiaux souvent inconscients. A ceux qui se sentent vuln\u00e9rables, l\u2019\u00e9lixir apporte de la force \u00e9motionnelle\u00a0","rel":"","context":"Similar post","block_context":{"text":"Similar post","link":""},"img":{"alt_text":"","src":"","width":0,"height":0},"classes":[]}],"_links":{"self":[{"href":"https:\/\/artstella-elixirs-floraux.com\/en\/wp-json\/wp\/v2\/product\/5015","targetHints":{"allow":["GET"]}}],"collection":[{"href":"https:\/\/artstella-elixirs-floraux.com\/en\/wp-json\/wp\/v2\/product"}],"about":[{"href":"https:\/\/artstella-elixirs-floraux.com\/en\/wp-json\/wp\/v2\/types\/product"}],"version-history":[{"count":0,"href":"https:\/\/artstella-elixirs-floraux.com\/en\/wp-json\/wp\/v2\/product\/5015\/revisions"}],"wp:featuredmedia":[{"embeddable":true,"href":"https:\/\/artstella-elixirs-floraux.com\/en\/wp-json\/wp\/v2\/media\/5016"}],"wp:attachment":[{"href":"https:\/\/artstella-elixirs-floraux.com\/en\/wp-json\/wp\/v2\/media?parent=5015"}],"wp:term":[{"taxonomy":"product_brand","embeddable":true,"href":"https:\/\/artstella-elixirs-floraux.com\/en\/wp-json\/wp\/v2\/product_brand?post=5015"},{"taxonomy":"product_cat","embeddable":true,"href":"https:\/\/artstella-elixirs-floraux.com\/en\/wp-json\/wp\/v2\/product_cat?post=5015"},{"taxonomy":"product_tag","embeddable":true,"href":"https:\/\/artstella-elixirs-floraux.com\/en\/wp-json\/wp\/v2\/product_tag?post=5015"}],"curies":[{"name":"wp","href":"https:\/\/api.w.org\/{rel}","templated":true}]}}