{"id":5027,"date":"2025-03-09T13:37:16","date_gmt":"2025-03-09T13:37:16","guid":{"rendered":"https:\/\/artstella-elixirs-floraux.com\/product\/yellow-violet-alas-f-sup\/"},"modified":"2025-04-09T12:14:16","modified_gmt":"2025-04-09T12:14:16","slug":"yellow-violet-alas-f-sup","status":"publish","type":"product","link":"https:\/\/artstella-elixirs-floraux.com\/en\/product\/yellow-violet-alas-f-sup\/","title":{"rendered":"YELLOW VIOLET ALAS F SUP"},"content":{"rendered":"<p class=\"Tableformating\"><strong>Qualit\u00e9s\u00a0: <\/strong>Intr\u00e9pidit\u00e9\u00a0; donne la force et la confiance d\u2019exprimer naturellement et en toute circonstance l\u2019essence de notre \u00eatre, et ce, sans limitation, compromis ou oubli de soi\u00a0; apporte protection dans la prise de parole pour dire ce qui doit \u00eatre dit, m\u00eame dans une situation difficile ou dans la controverse.<\/p>","protected":false},"excerpt":{"rendered":"<p class=\"Tableformating\"><strong>Yellow Violet <\/strong><em>Viola biflora <\/em>Pens\u00e9e jaune<\/p>\n<p class=\"Tableformating\"><strong>Indications\u00a0: <\/strong>communication sur la d\u00e9fensive\u00a0; trac\u00a0; terreur pour parler en public\u00a0; expression bloqu\u00e9es par la peur d\u2019\u00eatre jug\u00e9e ou ridicule.<\/p>","protected":false},"featured_media":5028,"template":"","meta":[],"product_brand":[],"product_cat":[115],"product_tag":[],"class_list":{"0":"post-5027","1":"product","2":"type-product","3":"status-publish","4":"has-post-thumbnail","6":"product_cat-les-elixirs-de-fleurs-supplementaires","8":"first","9":"instock","10":"taxable","11":"shipping-taxable","12":"purchasable","13":"product-type-variable"},"etheme_brands":{"errors":{"invalid_taxonomy":["Invalid taxonomy."]},"error_data":[]},"jetpack_sharing_enabled":true,"jetpack-related-posts":[{"id":4503,"url":"https:\/\/artstella-elixirs-floraux.com\/en\/product\/yellow-cowslip-orchid-bush-15-ml\/","url_meta":{"origin":5027,"position":0},"title":"YELLOW COWSLIP ORCHID BUSH 15 ML","author":"eveapprill","date":"9 March 2025","format":false,"excerpt":"Yellow Cowslip Orchid Trop critique, s\u2019\u00e9riger en juge, bureaucratique. Int\u00e9r\u00eats humanitaires, impartialit\u00e9, \u00eatre constructif, arbitrage.","rel":"","context":"Similar post","block_context":{"text":"Similar post","link":""},"img":{"alt_text":"","src":"https:\/\/i0.wp.com\/artstella-elixirs-floraux.com\/wp-content\/uploads\/2025\/03\/wp-image1086.png?resize=350%2C200&ssl=1","width":350,"height":200},"classes":[]},{"id":5023,"url":"https:\/\/artstella-elixirs-floraux.com\/en\/product\/yellow-paintbrush-alaskan-f-sup\/","url_meta":{"origin":5027,"position":1},"title":"YELLOW PAINTBRUSH ALASKAN F SUP","author":"eveapprill","date":"9 March 2025","format":false,"excerpt":"Yellow Paintbrush Castilleja unalaschensis Castill\u00e9jie dor\u00e9e Indications\u00a0: alignement vertical faible; quand l\u2019inspiration et l\u2019\u00e9nergie cr\u00e9atrice ne fonctionnent pas ensemble; le processus cr\u00e9atif est d\u00e9cousu et en panne\u00a0; frustration chronique au niveau de la cr\u00e9ativit\u00e9.","rel":"","context":"Similar post","block_context":{"text":"Similar post","link":""},"img":{"alt_text":"","src":"","width":0,"height":0},"classes":[]},{"id":4770,"url":"https:\/\/artstella-elixirs-floraux.com\/en\/product\/yellow-yarrow-14-2ml-npe\/","url_meta":{"origin":5027,"position":2},"title":"YELLOW YARROW 14.2ML NPE","author":"eveapprill","date":"9 March 2025","format":false,"excerpt":"YELLOW YARROW 15 ML NPE","rel":"","context":"Similar post","block_context":{"text":"Similar post","link":""},"img":{"alt_text":"","src":"https:\/\/i0.wp.com\/artstella-elixirs-floraux.com\/wp-content\/uploads\/2025\/03\/wp-image1318.png?resize=350%2C200&ssl=1","width":350,"height":200},"classes":[]},{"id":4491,"url":"https:\/\/artstella-elixirs-floraux.com\/en\/product\/tall-yellow-top-15-ml-bush\/","url_meta":{"origin":5027,"position":3},"title":"TALL YELLOW TOP 15 ML BUSH","author":"eveapprill","date":"9 March 2025","format":false,"excerpt":"Tall Yellow Top Ali\u00e9nation, solitude, isolement. Sens d\u2019appartenance.","rel":"","context":"Similar post","block_context":{"text":"Similar post","link":""},"img":{"alt_text":"","src":"https:\/\/i0.wp.com\/artstella-elixirs-floraux.com\/wp-content\/uploads\/2025\/03\/wp-image1080.png?resize=350%2C200&ssl=1","width":350,"height":200},"classes":[]},{"id":5964,"url":"https:\/\/artstella-elixirs-floraux.com\/en\/product\/violette-deau-10ml-deva\/","url_meta":{"origin":5027,"position":4},"title":"Violette d&rsquo;eau 10ml DEVA","author":"eveapprill","date":"9 March 2025","format":false,"excerpt":"Violette d'eau - Water violet Hottonia palustris Calme, sagesse, humilit\u00e9 Pour les personnes r\u00e9serv\u00e9es, ind\u00e9pendantes, distantes, tranquilles et fi\u00e8res. Pour ceux qui aiment \u00eatre seuls et qui ont un sentiment de sup\u00e9riorit\u00e9.","rel":"","context":"Similar post","block_context":{"text":"Similar post","link":""},"img":{"alt_text":"","src":"https:\/\/i0.wp.com\/artstella-elixirs-floraux.com\/wp-content\/uploads\/2025\/03\/wp-image2454.png?resize=350%2C200&ssl=1","width":350,"height":200},"classes":[]},{"id":5436,"url":"https:\/\/artstella-elixirs-floraux.com\/en\/product\/yellow-star-tulip-10ml\/","url_meta":{"origin":5027,"position":5},"title":"Yellow star tulip 10ml","author":"eveapprill","date":"9 March 2025","format":false,"excerpt":"Yellow star tulip \/ Calochortus monophyllus\u00a0 Pour les gens sensibles, d\u00e9sorient\u00e9s. Ce rem\u00e8de est une aide pr\u00e9cieuse pour exprimer ce que nous avons gard\u00e9 \u00e0 l\u2019int\u00e9rieur et nous aide \u00e0 oser. Il d\u00e9veloppe l\u2019empathie, la confiance et stimule l\u2019action.","rel":"","context":"Similar post","block_context":{"text":"Similar post","link":""},"img":{"alt_text":"","src":"","width":0,"height":0},"classes":[]}],"_links":{"self":[{"href":"https:\/\/artstella-elixirs-floraux.com\/en\/wp-json\/wp\/v2\/product\/5027","targetHints":{"allow":["GET"]}}],"collection":[{"href":"https:\/\/artstella-elixirs-floraux.com\/en\/wp-json\/wp\/v2\/product"}],"about":[{"href":"https:\/\/artstella-elixirs-floraux.com\/en\/wp-json\/wp\/v2\/types\/product"}],"version-history":[{"count":0,"href":"https:\/\/artstella-elixirs-floraux.com\/en\/wp-json\/wp\/v2\/product\/5027\/revisions"}],"wp:featuredmedia":[{"embeddable":true,"href":"https:\/\/artstella-elixirs-floraux.com\/en\/wp-json\/wp\/v2\/media\/5028"}],"wp:attachment":[{"href":"https:\/\/artstella-elixirs-floraux.com\/en\/wp-json\/wp\/v2\/media?parent=5027"}],"wp:term":[{"taxonomy":"product_brand","embeddable":true,"href":"https:\/\/artstella-elixirs-floraux.com\/en\/wp-json\/wp\/v2\/product_brand?post=5027"},{"taxonomy":"product_cat","embeddable":true,"href":"https:\/\/artstella-elixirs-floraux.com\/en\/wp-json\/wp\/v2\/product_cat?post=5027"},{"taxonomy":"product_tag","embeddable":true,"href":"https:\/\/artstella-elixirs-floraux.com\/en\/wp-json\/wp\/v2\/product_tag?post=5027"}],"curies":[{"name":"wp","href":"https:\/\/api.w.org\/{rel}","templated":true}]}}