{"id":5041,"date":"2025-03-09T13:37:29","date_gmt":"2025-03-09T13:37:29","guid":{"rendered":"https:\/\/artstella-elixirs-floraux.com\/product\/apophyllite-7-5-ml-alas-gem-sup\/"},"modified":"2025-04-09T15:27:03","modified_gmt":"2025-04-09T15:27:03","slug":"apophyllite-7-5-ml-alas-gem-sup","status":"publish","type":"product","link":"https:\/\/artstella-elixirs-floraux.com\/en\/product\/apophyllite-7-5-ml-alas-gem-sup\/","title":{"rendered":"APOPHYLLITE 7.5 ML ALAS GEM SUP"},"content":{"rendered":"<p><strong>Qualit\u00e9s\u00a0:<\/strong> apporte un \u00e9quilibre horizontal \u00e0 ceux qui sont trop dans la verticalit\u00e9\u00a0; ouvre et adoucit le chakra du c\u0153ur\u00a0; \u00e9quilibre un exc\u00e8s d\u2019\u00e9nergie dans la t\u00eate\u00a0; permet de se relaxer et de partager ce que l\u2019on a.<\/p>","protected":false},"excerpt":{"rendered":"<p><strong>Apophyllite<\/strong> &#8211; <strong>Apophyllite<\/strong><\/p>\n<p><strong>Indication : <\/strong>distance et indiff\u00e9rence; tension; manque d\u2019empathie, de chaleur, de spontan\u00e9it\u00e9\u00a0; id\u00e9aliste et r\u00eaveur\u00a0; s\u2019\u00e9chappe dans le r\u00eave ou le travail.<\/p>","protected":false},"featured_media":5042,"template":"","meta":[],"product_brand":[],"product_cat":[117],"product_tag":[],"class_list":{"0":"post-5041","1":"product","2":"type-product","3":"status-publish","4":"has-post-thumbnail","6":"product_cat-les-elixirs-de-gemmes-supplementaires","8":"first","9":"instock","10":"taxable","11":"shipping-taxable","12":"purchasable","13":"product-type-variable"},"etheme_brands":{"errors":{"invalid_taxonomy":["Invalid taxonomy."]},"error_data":[]},"jetpack_sharing_enabled":true,"jetpack-related-posts":[{"id":12282,"url":"https:\/\/artstella-elixirs-floraux.com\/en\/product\/13-orchidee-equilibre-et-stabilite-habenella-petalodes-sylfos\/","url_meta":{"origin":5041,"position":0},"title":"13. ORCHID\u00c9E \u00c9QUILIBRE ET STABILIT\u00c9 Habenella petalodes Sylfos","author":"eveapprill","date":"13 March 2026","format":false,"excerpt":"\u00c9lixir d\u2019ancrage et de stabilisation \u00e9motionnelle. Aide \u00e0 retrouver son centre, \u00e0 calmer l\u2019anxi\u00e9t\u00e9 et \u00e0 aligner les corps \u00e9nerg\u00e9tiques en p\u00e9riode de stress ou de crise","rel":"","context":"Similar post","block_context":{"text":"Similar post","link":""},"img":{"alt_text":"","src":"https:\/\/i0.wp.com\/artstella-elixirs-floraux.com\/wp-content\/uploads\/2026\/03\/habenella.jpeg?resize=350%2C200&ssl=1","width":350,"height":200,"srcset":"https:\/\/i0.wp.com\/artstella-elixirs-floraux.com\/wp-content\/uploads\/2026\/03\/habenella.jpeg?resize=350%2C200&ssl=1 1x, https:\/\/i0.wp.com\/artstella-elixirs-floraux.com\/wp-content\/uploads\/2026\/03\/habenella.jpeg?resize=525%2C300&ssl=1 1.5x, https:\/\/i0.wp.com\/artstella-elixirs-floraux.com\/wp-content\/uploads\/2026\/03\/habenella.jpeg?resize=700%2C400&ssl=1 2x, https:\/\/i0.wp.com\/artstella-elixirs-floraux.com\/wp-content\/uploads\/2026\/03\/habenella.jpeg?resize=1050%2C600&ssl=1 3x"},"classes":[]},{"id":2248,"url":"https:\/\/artstella-elixirs-floraux.com\/en\/product\/opium-poppy-alaskan\/","url_meta":{"origin":5041,"position":1},"title":"Opium poppy Alaskan","author":"eveapprill","date":"9 March 2025","format":false,"excerpt":"Opium poppy. Papaver commutatum Ne trouve pas l'\u00e9quilibre entre l'activit\u00e9 et le repos ; ext\u00e9nu\u00e9 ; ne retient rien des exp\u00e9riences pass\u00e9es, difficult\u00e9 \u00e0 les int\u00e9grer.","rel":"","context":"Similar post","block_context":{"text":"Similar post","link":""},"img":{"alt_text":"","src":"https:\/\/i0.wp.com\/artstella-elixirs-floraux.com\/wp-content\/uploads\/2025\/03\/wp-image572.png?resize=350%2C200&ssl=1","width":350,"height":200},"classes":[]},{"id":6197,"url":"https:\/\/artstella-elixirs-floraux.com\/en\/product\/orchidee-habenella-15ml-sylfos\/","url_meta":{"origin":5041,"position":2},"title":"Orchid\u00e9e HABENELLA 15ml Sylfos","author":"eveapprill","date":"9 March 2025","format":false,"excerpt":"Orchid\u00e9e Habenalla ex\u00a0EQUILIBRE & STABILIT\u00c9 (Habenella petalodes) Harmonie, stabilit\u00e9, ancrage Elixir \u00e0 large spectre qui nous aide \u00e0 nous sentir \u00e9quilibr\u00e9 dans notre environnement","rel":"","context":"Similar post","block_context":{"text":"Similar post","link":""},"img":{"alt_text":"","src":"https:\/\/i0.wp.com\/artstella-elixirs-floraux.com\/wp-content\/uploads\/2025\/03\/wp-image2193.png?resize=350%2C200&ssl=1","width":350,"height":200},"classes":[]},{"id":5520,"url":"https:\/\/artstella-elixirs-floraux.com\/en\/product\/meduse-lune\/","url_meta":{"origin":5041,"position":3},"title":"MEDUSE LUNE","author":"eveapprill","date":"9 March 2025","format":false,"excerpt":"MEDUSE LUNE-\u00a0Qualle (Aurelia aurita) Cet \u00e9lixir poss\u00e8de une action \u00e9quilibrante sur la teneur en eau du corps. Il nous aide \u00e0 trouver un \u00e9quilibre int\u00e9rieur fluide...","rel":"","context":"Similar post","block_context":{"text":"Similar post","link":""},"img":{"alt_text":"","src":"https:\/\/i0.wp.com\/artstella-elixirs-floraux.com\/wp-content\/uploads\/2025\/03\/wp-image1755.png?resize=350%2C200&ssl=1","width":350,"height":200},"classes":[]},{"id":2430,"url":"https:\/\/artstella-elixirs-floraux.com\/en\/product\/solar-eclipse\/","url_meta":{"origin":5041,"position":4},"title":"Solar Eclipse &#8211; Eclipse solaire","author":"eveapprill","date":"9 March 2025","format":false,"excerpt":"Eclipse Solaire Harmonise et \u00e9quilibre les \u00e9nergies f\u00e9minines et masculines, aussi bien chez les hommes que les femmes, il soutient la conscience de l\u2019accroissement du pouvoir masculin int\u00e9rieur. (\u00c9dition limit\u00e9e)","rel":"","context":"Similar post","block_context":{"text":"Similar post","link":""},"img":{"alt_text":"","src":"","width":0,"height":0},"classes":[]},{"id":4046,"url":"https:\/\/artstella-elixirs-floraux.com\/en\/product\/mayu-genet-15-ml-sylfos\/","url_meta":{"origin":5041,"position":5},"title":"MAYU \/ GENET DE NOUVELLE ZELANDE SYLFOS","author":"eveapprill","date":"9 March 2025","format":false,"excerpt":"MAY\u00da Sophora macrocarpa Communication, concentration, \u00e9quilibre \u00e9motionnel Aide \u00e0 verbaliser les \u00e9motions.","rel":"","context":"Similar post","block_context":{"text":"Similar post","link":""},"img":{"alt_text":"","src":"","width":0,"height":0},"classes":[]}],"_links":{"self":[{"href":"https:\/\/artstella-elixirs-floraux.com\/en\/wp-json\/wp\/v2\/product\/5041","targetHints":{"allow":["GET"]}}],"collection":[{"href":"https:\/\/artstella-elixirs-floraux.com\/en\/wp-json\/wp\/v2\/product"}],"about":[{"href":"https:\/\/artstella-elixirs-floraux.com\/en\/wp-json\/wp\/v2\/types\/product"}],"version-history":[{"count":0,"href":"https:\/\/artstella-elixirs-floraux.com\/en\/wp-json\/wp\/v2\/product\/5041\/revisions"}],"wp:featuredmedia":[{"embeddable":true,"href":"https:\/\/artstella-elixirs-floraux.com\/en\/wp-json\/wp\/v2\/media\/5042"}],"wp:attachment":[{"href":"https:\/\/artstella-elixirs-floraux.com\/en\/wp-json\/wp\/v2\/media?parent=5041"}],"wp:term":[{"taxonomy":"product_brand","embeddable":true,"href":"https:\/\/artstella-elixirs-floraux.com\/en\/wp-json\/wp\/v2\/product_brand?post=5041"},{"taxonomy":"product_cat","embeddable":true,"href":"https:\/\/artstella-elixirs-floraux.com\/en\/wp-json\/wp\/v2\/product_cat?post=5041"},{"taxonomy":"product_tag","embeddable":true,"href":"https:\/\/artstella-elixirs-floraux.com\/en\/wp-json\/wp\/v2\/product_tag?post=5041"}],"curies":[{"name":"wp","href":"https:\/\/api.w.org\/{rel}","templated":true}]}}