{"id":5066,"date":"2025-03-09T13:37:53","date_gmt":"2025-03-09T13:37:53","guid":{"rendered":"https:\/\/artstella-elixirs-floraux.com\/product\/diopside-7-5ml-alaska-gem-sup\/"},"modified":"2025-04-09T15:17:23","modified_gmt":"2025-04-09T15:17:23","slug":"diopside-7-5ml-alaska-gem-sup","status":"publish","type":"product","link":"https:\/\/artstella-elixirs-floraux.com\/en\/product\/diopside-7-5ml-alaska-gem-sup\/","title":{"rendered":"DIOPSIDE 7.5ML ALASKA GEM SUP"},"content":{"rendered":"<p><strong>Qualit\u00e9s<\/strong> : Dissout les programmations d\u2019autodestruction au niveau du 1er chakra; dissout les cristallisations des peurs, de col\u00e8re, et d\u2019une mauvaise estime de soi qui bloquent le c\u0153ur et emp\u00eachent d\u2019acc\u00e9der \u00e0 des niveaux plus \u00e9lev\u00e9s de conscience et de Sagesse Divine\u00a0;\u00a0 aide \u00e0 transformer les \u00e9motions denses de tristesse et du deuil dus \u00e0 la s\u00e9paration\u00a0; dissout le sentiment d\u2019ali\u00e9nation et permet de reconstruire confiance et intimit\u00e9 dans la vie<\/p>","protected":false},"excerpt":{"rendered":"<p><strong>Diopside<\/strong> \u2013 <strong>Diopside<\/strong><\/p>\n<p><strong>Indication\u00a0: <\/strong>peur de l\u2019abandon, de dispara\u00eetre, mauvaise estime de soi et de sa valeur\u00a0; attitudes compulsives et n\u00e9gatives envers soi-m\u00eame\u00a0; surcompensation \u00e0 cause d\u2019un sentiment d\u2019inf\u00e9riorit\u00e9\u00a0; manque d\u2019intimit\u00e9 dans les relations avec les autres et soi-m\u00eame.<\/p>","protected":false},"featured_media":0,"template":"","meta":[],"product_brand":[],"product_cat":[117],"product_tag":[],"class_list":{"0":"post-5066","1":"product","2":"type-product","3":"status-publish","5":"product_cat-les-elixirs-de-gemmes-supplementaires","7":"first","8":"instock","9":"taxable","10":"shipping-taxable","11":"purchasable","12":"product-type-variable"},"etheme_brands":{"errors":{"invalid_taxonomy":["Invalid taxonomy."]},"error_data":[]},"jetpack_sharing_enabled":true,"jetpack-related-posts":[{"id":3322,"url":"https:\/\/artstella-elixirs-floraux.com\/en\/product\/aubepine-15-ml-phi\/","url_meta":{"origin":5066,"position":0},"title":"AUBEPINE 15 ML PHI","author":"eveapprill","date":"9 March 2025","format":false,"excerpt":"Aub\u00e9pine (Crataegus oxyacantha) (Weissdorn) L'\u00e9lixir dissout les profonds sentiments de tristesse et apporte une d\u00e9tente \u00e9motionnelle. Il aide \u00e0 l\u00e2cher prise et permet \u00e0 la vie de se r\u00e9animer en nous.","rel":"","context":"Similar post","block_context":{"text":"Similar post","link":""},"img":{"alt_text":"","src":"https:\/\/i0.wp.com\/artstella-elixirs-floraux.com\/wp-content\/uploads\/2025\/03\/wp-image701.png?resize=350%2C200&ssl=1","width":350,"height":200},"classes":[]},{"id":6062,"url":"https:\/\/artstella-elixirs-floraux.com\/en\/product\/elixir-ocean-n17-phi-15ml\/","url_meta":{"origin":5066,"position":1},"title":"ELIXIR OCEAN N\u00b017 PHI 15ML","author":"eveapprill","date":"9 March 2025","format":false,"excerpt":"L\u2019\u00e9lixir agit sur les blocages tr\u00e8s profond\u00e9ment ancr\u00e9s dans le subconscient. Les sentiments tels la peur et la honte peuvent \u00eatre lib\u00e9r\u00e9s. Il aide \u00e0 d\u00e9velopper une clart\u00e9 int\u00e9rieure et am\u00e9liore l\u2019estime de soi.e.","rel":"","context":"Similar post","block_context":{"text":"Similar post","link":""},"img":{"alt_text":"","src":"","width":0,"height":0},"classes":[]},{"id":3653,"url":"https:\/\/artstella-elixirs-floraux.com\/en\/product\/rhododendron-griffithianum-15-ml-ltoe\/","url_meta":{"origin":5066,"position":2},"title":"RHODODENDRON GRIFFITHIANUM 15 ML LTOE","author":"eveapprill","date":"9 March 2025","format":false,"excerpt":"Rhododendron griffithianum Une esp\u00e8ce d\u2019un blanc presque immacul\u00e9. En prenant quelques gouttes on peut ressentir rapidement s\u00e9r\u00e9nit\u00e9, paix et tranquillit\u00e9.\u00a0","rel":"","context":"Similar post","block_context":{"text":"Similar post","link":""},"img":{"alt_text":"","src":"https:\/\/i0.wp.com\/artstella-elixirs-floraux.com\/wp-content\/uploads\/2025\/03\/7059cac5-ea4f-40bb-b387-bd96b7f95ccb.jpg?resize=350%2C200&ssl=1","width":350,"height":200,"srcset":"https:\/\/i0.wp.com\/artstella-elixirs-floraux.com\/wp-content\/uploads\/2025\/03\/7059cac5-ea4f-40bb-b387-bd96b7f95ccb.jpg?resize=350%2C200&ssl=1 1x, https:\/\/i0.wp.com\/artstella-elixirs-floraux.com\/wp-content\/uploads\/2025\/03\/7059cac5-ea4f-40bb-b387-bd96b7f95ccb.jpg?resize=525%2C300&ssl=1 1.5x, https:\/\/i0.wp.com\/artstella-elixirs-floraux.com\/wp-content\/uploads\/2025\/03\/7059cac5-ea4f-40bb-b387-bd96b7f95ccb.jpg?resize=700%2C400&ssl=1 2x"},"classes":[]},{"id":2767,"url":"https:\/\/artstella-elixirs-floraux.com\/en\/product\/antarctic-bush-lf\/","url_meta":{"origin":5066,"position":3},"title":"ANTARCTIC BUSH LF","author":"eveapprill","date":"9 March 2025","format":false,"excerpt":"Antarctic Essence \u2013 Elixir de l'Antarctique Favorise le calme, la paix et le repos. Donne une meilleure vision de ce qui est n\u00e9cessaire et essentiel dans la vie. Antarctic Essence r\u00e9v\u00e8le et dissout les aspects profonds et cach\u00e9s de notre personnalit\u00e9.","rel":"","context":"Similar post","block_context":{"text":"Similar post","link":""},"img":{"alt_text":"","src":"https:\/\/i0.wp.com\/artstella-elixirs-floraux.com\/wp-content\/uploads\/2025\/03\/619e443f-a1e4-4582-9202-7ae7c3b159c7.jpg?resize=350%2C200&ssl=1","width":350,"height":200,"srcset":"https:\/\/i0.wp.com\/artstella-elixirs-floraux.com\/wp-content\/uploads\/2025\/03\/619e443f-a1e4-4582-9202-7ae7c3b159c7.jpg?resize=350%2C200&ssl=1 1x, https:\/\/i0.wp.com\/artstella-elixirs-floraux.com\/wp-content\/uploads\/2025\/03\/619e443f-a1e4-4582-9202-7ae7c3b159c7.jpg?resize=525%2C300&ssl=1 1.5x, https:\/\/i0.wp.com\/artstella-elixirs-floraux.com\/wp-content\/uploads\/2025\/03\/619e443f-a1e4-4582-9202-7ae7c3b159c7.jpg?resize=700%2C400&ssl=1 2x"},"classes":[]},{"id":4966,"url":"https:\/\/artstella-elixirs-floraux.com\/en\/product\/pasque-flower-alaskan-f-sup\/","url_meta":{"origin":5066,"position":4},"title":"PASQUE FLOWER ALASKAN F SUP","author":"eveapprill","date":"9 March 2025","format":false,"excerpt":"Pasque Flower Pulsatilla patens An\u00e9mone de Prairie Indications\u00a0: timide et distant\u00a0; mauvaises d\u00e9limitations\u00a0; trop sensible au contact\u00a0physique; perte d\u2019identit\u00e9 dans la foule ou dans l\u2019intimit\u00e9.","rel":"","context":"Similar post","block_context":{"text":"Similar post","link":""},"img":{"alt_text":"","src":"","width":0,"height":0},"classes":[]},{"id":3754,"url":"https:\/\/artstella-elixirs-floraux.com\/en\/product\/aggression-orchid-phi\/","url_meta":{"origin":5066,"position":5},"title":"AGGRESSION ORCHID PHI","author":"eveapprill","date":"9 March 2025","format":false,"excerpt":"Aggression Orchid (Acineta superba) D\u00e9noue les blocages dans les chakras inf\u00e9rieurs et les transforme. L'\u00e9nergie de la base est lib\u00e9r\u00e9e et les m\u00e9moires des agressions dissoutes. La vitalit\u00e9 peut \u00e0 nouveau \u00eatre utilis\u00e9e positivement. Cet \u00e9lixir est \u00e0 prendre avec pr\u00e9caution.","rel":"","context":"Similar post","block_context":{"text":"Similar post","link":""},"img":{"alt_text":"","src":"https:\/\/i0.wp.com\/artstella-elixirs-floraux.com\/wp-content\/uploads\/2025\/03\/wp-image499.png?resize=350%2C200&ssl=1","width":350,"height":200},"classes":[]}],"_links":{"self":[{"href":"https:\/\/artstella-elixirs-floraux.com\/en\/wp-json\/wp\/v2\/product\/5066","targetHints":{"allow":["GET"]}}],"collection":[{"href":"https:\/\/artstella-elixirs-floraux.com\/en\/wp-json\/wp\/v2\/product"}],"about":[{"href":"https:\/\/artstella-elixirs-floraux.com\/en\/wp-json\/wp\/v2\/types\/product"}],"version-history":[{"count":0,"href":"https:\/\/artstella-elixirs-floraux.com\/en\/wp-json\/wp\/v2\/product\/5066\/revisions"}],"wp:attachment":[{"href":"https:\/\/artstella-elixirs-floraux.com\/en\/wp-json\/wp\/v2\/media?parent=5066"}],"wp:term":[{"taxonomy":"product_brand","embeddable":true,"href":"https:\/\/artstella-elixirs-floraux.com\/en\/wp-json\/wp\/v2\/product_brand?post=5066"},{"taxonomy":"product_cat","embeddable":true,"href":"https:\/\/artstella-elixirs-floraux.com\/en\/wp-json\/wp\/v2\/product_cat?post=5066"},{"taxonomy":"product_tag","embeddable":true,"href":"https:\/\/artstella-elixirs-floraux.com\/en\/wp-json\/wp\/v2\/product_tag?post=5066"}],"curies":[{"name":"wp","href":"https:\/\/api.w.org\/{rel}","templated":true}]}}