{"id":5069,"date":"2025-03-09T13:37:56","date_gmt":"2025-03-09T13:37:56","guid":{"rendered":"https:\/\/artstella-elixirs-floraux.com\/product\/green-tour-verte-30ml-gem-sup\/"},"modified":"2025-04-09T15:15:54","modified_gmt":"2025-04-09T15:15:54","slug":"green-tour-verte-30ml-gem-sup","status":"publish","type":"product","link":"https:\/\/artstella-elixirs-floraux.com\/en\/product\/green-tour-verte-30ml-gem-sup\/","title":{"rendered":"GREEN TOUR\/ VERTE 30ML GEM SUP"},"content":{"rendered":"<p><strong>Qualit\u00e9s\u00a0:<\/strong> pierre transparente qui nous aide \u00e0 voir \u00e0 travers l\u2019illusion de la s\u00e9paration et \u00e0 exp\u00e9rimenter l\u2019unit\u00e9 avec la vie\u00a0; l\u00e8ve le voile entre l\u2019humain et la Nature, de fa\u00e7on \u00e0 ce que nous puissions voir notre reflet dans toute vie et ressentir chaque forme de vie en nous-m\u00eames.<\/p>","protected":false},"excerpt":{"rendered":"<p><strong>Green Tourmaline<\/strong> \u2013 <strong>Tourmaline verte<\/strong><\/p>\n<p><strong>Indication :<\/strong> peurs et sentiments d\u2019inf\u00e9riorit\u00e9 bloquant les liens intimes du c\u0153ur aux autres\u00a0; manque de transparence dans les relations\u00a0; difficult\u00e9 \u00e0 rester pr\u00e9sent dans la confrontation \u00e0 de fortes \u00e9motions ou aux autres.<\/p>","protected":false},"featured_media":5070,"template":"","meta":[],"product_brand":[],"product_cat":[117],"product_tag":[],"class_list":{"0":"post-5069","1":"product","2":"type-product","3":"status-publish","4":"has-post-thumbnail","6":"product_cat-les-elixirs-de-gemmes-supplementaires","8":"first","9":"instock","10":"taxable","11":"shipping-taxable","12":"purchasable","13":"product-type-variable"},"etheme_brands":{"errors":{"invalid_taxonomy":["Invalid taxonomy."]},"error_data":[]},"jetpack_sharing_enabled":true,"jetpack-related-posts":[{"id":5053,"url":"https:\/\/artstella-elixirs-floraux.com\/en\/product\/blue-green-tourmaline-alas-r-30ml\/","url_meta":{"origin":5069,"position":0},"title":"BLUE GREEN TOURMALINE ALAS R 30ML","author":"eveapprill","date":"9 March 2025","format":false,"excerpt":"Blue Green Tourmaline \u2013 Tourmaline bleu vert Indication : agitation, trouble int\u00e9rieur\u00a0; alignement vertical faible\u00a0; exc\u00e8s d\u2019\u00e9nergie mentale bloquant le flux descendant des forces spirituelles\u00a0; peur et r\u00e9sistance au niveau du c\u0153ur","rel":"","context":"Similar post","block_context":{"text":"Similar post","link":""},"img":{"alt_text":"","src":"https:\/\/i0.wp.com\/artstella-elixirs-floraux.com\/wp-content\/uploads\/2025\/03\/wp-image1401.png?resize=350%2C200&ssl=1","width":350,"height":200},"classes":[]},{"id":5077,"url":"https:\/\/artstella-elixirs-floraux.com\/en\/product\/green-tour-smoky-quartz-7-5m-g-sup\/","url_meta":{"origin":5069,"position":1},"title":"GREEN TOUR\/SMOKY QUARTZ 7.5M G SUP","author":"eveapprill","date":"9 March 2025","format":false,"excerpt":"Green Tourmaline\/Smoky Quartz \u2013 Tourmaline verte\/quartz fum\u00e9 : Indication\u00a0: anxi\u00e9t\u00e9, tensions dans le corps, manque de synchronisation entre les diff\u00e9rentes parties du champ \u00e9nerg\u00e9tique et de la Terre\u00a0; difficult\u00e9 \u00e0 mener des activit\u00e9s coordonn\u00e9es apr\u00e8s un choc ou un bouleversement.","rel":"","context":"Similar post","block_context":{"text":"Similar post","link":""},"img":{"alt_text":"Les Elixirs de Gemmes en recherche","src":"https:\/\/i0.wp.com\/artstella-elixirs-floraux.com\/wp-content\/uploads\/2025\/03\/wp-image1410.png?resize=350%2C200&ssl=1","width":350,"height":200},"classes":[]},{"id":4531,"url":"https:\/\/artstella-elixirs-floraux.com\/en\/product\/collier-paradies-phi\/","url_meta":{"origin":5069,"position":2},"title":"COLLIER PARADIES PHI","author":"eveapprill","date":"9 March 2025","format":false,"excerpt":"Le pendentif \u00ab\u00a0Paradise\u00a0\u00bb\u00a0: Energie vitale En verre souffl\u00e9 transparent avec une perle de tourmaline noire Renforce l\u2019\u00e9nergie vitale ainsi que les pens\u00e9es positives. Aide les personnes dans les situations difficiles \u00e0 voir positivement et \u00e0 se relier au Divin.","rel":"","context":"Similar post","block_context":{"text":"Similar post","link":""},"img":{"alt_text":"","src":"","width":0,"height":0},"classes":[]},{"id":3750,"url":"https:\/\/artstella-elixirs-floraux.com\/en\/product\/green-orchid-cuba-15ml-phi\/","url_meta":{"origin":5069,"position":3},"title":"GREEN ORCHID (CUBA) 15ML PHI","author":"eveapprill","date":"9 March 2025","format":false,"excerpt":"GREEN ORCHIDEpidendrum umbellatum\u00a0\u00ab\u00a0Orchid\u00e9e verte\u00a0\u00bb\u00a0Les p\u00e9tales de la fleur contiennent de la chlorophylle comme les feuilles et peuvent de ce fait \u00e9galement r\u00e9aliser la photosynth\u00e8se.","rel":"","context":"Similar post","block_context":{"text":"Similar post","link":""},"img":{"alt_text":"","src":"","width":0,"height":0},"classes":[]},{"id":2968,"url":"https:\/\/artstella-elixirs-floraux.com\/en\/product\/tourmaline-rose-15-ml-phi\/","url_meta":{"origin":5069,"position":4},"title":"TOURMALINE ROSE 15 ML PHI","author":"eveapprill","date":"9 March 2025","format":false,"excerpt":"Tourmaline rose (Turmalin rosa) Lib\u00e8re le chakra du c\u0153ur de blocages r\u00e9sultant d'exp\u00e9riences n\u00e9gatives de la vie. Lib\u00e8re le chakra du c\u0153ur et l'harmonise. \u00a0","rel":"","context":"Similar post","block_context":{"text":"Similar post","link":""},"img":{"alt_text":"","src":"https:\/\/i0.wp.com\/artstella-elixirs-floraux.com\/wp-content\/uploads\/2025\/03\/wp-image309.png?resize=350%2C200&ssl=1","width":350,"height":200},"classes":[]},{"id":3177,"url":"https:\/\/artstella-elixirs-floraux.com\/en\/product\/rose-verte-phi-15-ml-green-rose\/","url_meta":{"origin":5069,"position":5},"title":"ROSE VERTE PHI 15 ML Green rose","author":"eveapprill","date":"9 March 2025","format":false,"excerpt":"Rose verte (Rosa chinensis viridiflora) (Gr\u00fcne Rose) Green rose Quand nous nous sentons \u00e0 l'\u00e9troit et sous pression, l'\u00e9lixir nous aide \u00e0 nous d\u00e9tendre et \u00e0 retrouver la paix. Il agit en lib\u00e9rant et en \u00e9largissant le c\u0153ur.","rel":"","context":"Similar post","block_context":{"text":"Similar post","link":""},"img":{"alt_text":"","src":"https:\/\/i0.wp.com\/artstella-elixirs-floraux.com\/wp-content\/uploads\/2025\/03\/wp-image405.png?resize=350%2C200&ssl=1","width":350,"height":200},"classes":[]}],"_links":{"self":[{"href":"https:\/\/artstella-elixirs-floraux.com\/en\/wp-json\/wp\/v2\/product\/5069","targetHints":{"allow":["GET"]}}],"collection":[{"href":"https:\/\/artstella-elixirs-floraux.com\/en\/wp-json\/wp\/v2\/product"}],"about":[{"href":"https:\/\/artstella-elixirs-floraux.com\/en\/wp-json\/wp\/v2\/types\/product"}],"version-history":[{"count":0,"href":"https:\/\/artstella-elixirs-floraux.com\/en\/wp-json\/wp\/v2\/product\/5069\/revisions"}],"wp:featuredmedia":[{"embeddable":true,"href":"https:\/\/artstella-elixirs-floraux.com\/en\/wp-json\/wp\/v2\/media\/5070"}],"wp:attachment":[{"href":"https:\/\/artstella-elixirs-floraux.com\/en\/wp-json\/wp\/v2\/media?parent=5069"}],"wp:term":[{"taxonomy":"product_brand","embeddable":true,"href":"https:\/\/artstella-elixirs-floraux.com\/en\/wp-json\/wp\/v2\/product_brand?post=5069"},{"taxonomy":"product_cat","embeddable":true,"href":"https:\/\/artstella-elixirs-floraux.com\/en\/wp-json\/wp\/v2\/product_cat?post=5069"},{"taxonomy":"product_tag","embeddable":true,"href":"https:\/\/artstella-elixirs-floraux.com\/en\/wp-json\/wp\/v2\/product_tag?post=5069"}],"curies":[{"name":"wp","href":"https:\/\/api.w.org\/{rel}","templated":true}]}}