{"id":5073,"date":"2025-03-09T13:37:59","date_gmt":"2025-03-09T13:37:59","guid":{"rendered":"https:\/\/artstella-elixirs-floraux.com\/product\/green-garnet-7-5ml-alas-gem-sup\/"},"modified":"2025-04-09T15:14:34","modified_gmt":"2025-04-09T15:14:34","slug":"green-garnet-7-5ml-alas-gem-sup","status":"publish","type":"product","link":"https:\/\/artstella-elixirs-floraux.com\/en\/product\/green-garnet-7-5ml-alas-gem-sup\/","title":{"rendered":"GREEN GARNET 7.5ML ALAS GEM SUP"},"content":{"rendered":"<p><strong>Qualit\u00e9s<\/strong>\u00a0: enracine dans le plan terrestre l\u2019\u00e9nergie d\u2019une personne, sa concentration\u00a0; facilite un enracinent vertical et une stabilit\u00e9 horizontale\u00a0; travaille sur les deux aspects \u00e9nerg\u00e9tiques et d\u2019information entre le chakra du c\u0153ur et de la base\u00a0; nous aide \u00e0 avoir une relation \u00e0 la Terre plus intime et plus douce.<\/p>","protected":false},"excerpt":{"rendered":"<p><strong>Green Garnet<\/strong> \u2013 <strong>Grenat vert<\/strong><\/p>\n<p><strong>Indication : <\/strong>manque d\u2019enracinement\u00a0; d\u00e9connect\u00e9 de la Terre\u00a0; d\u00e9sorientation\u00a0; facilement d\u00e9pass\u00e9\u00a0; tendance \u00e0 \u00eatre trop en expansion et \u00e0 la dispersion\u00a0; difficult\u00e9 \u00e0 \u00eatre concentr\u00e9 sur l\u2019instant pr\u00e9sent<\/p>","protected":false},"featured_media":5074,"template":"","meta":[],"product_brand":[],"product_cat":[117],"product_tag":[],"class_list":{"0":"post-5073","1":"product","2":"type-product","3":"status-publish","4":"has-post-thumbnail","6":"product_cat-les-elixirs-de-gemmes-supplementaires","8":"first","9":"instock","10":"taxable","11":"shipping-taxable","12":"purchasable","13":"product-type-variable"},"etheme_brands":{"errors":{"invalid_taxonomy":["Invalid taxonomy."]},"error_data":[]},"jetpack_sharing_enabled":true,"jetpack-related-posts":[{"id":4979,"url":"https:\/\/artstella-elixirs-floraux.com\/en\/product\/red-elder-alaskan-f-sup\/","url_meta":{"origin":5073,"position":0},"title":"RED ELDER ALASKAN F SUP","author":"eveapprill","date":"9 March 2025","format":false,"excerpt":"Red Elder Sambucus racemosa Sureau de montagne Indications\u00a0: sensation de manque d\u2019enracinement et de soutien dans le monde physique\u00a0; concentration troubl\u00e9e et dispers\u00e9e.","rel":"","context":"Similar post","block_context":{"text":"Similar post","link":""},"img":{"alt_text":"","src":"","width":0,"height":0},"classes":[]},{"id":5077,"url":"https:\/\/artstella-elixirs-floraux.com\/en\/product\/green-tour-smoky-quartz-7-5m-g-sup\/","url_meta":{"origin":5073,"position":1},"title":"GREEN TOUR\/SMOKY QUARTZ 7.5M G SUP","author":"eveapprill","date":"9 March 2025","format":false,"excerpt":"Green Tourmaline\/Smoky Quartz \u2013 Tourmaline verte\/quartz fum\u00e9 : Indication\u00a0: anxi\u00e9t\u00e9, tensions dans le corps, manque de synchronisation entre les diff\u00e9rentes parties du champ \u00e9nerg\u00e9tique et de la Terre\u00a0; difficult\u00e9 \u00e0 mener des activit\u00e9s coordonn\u00e9es apr\u00e8s un choc ou un bouleversement.","rel":"","context":"Similar post","block_context":{"text":"Similar post","link":""},"img":{"alt_text":"Les Elixirs de Gemmes en recherche","src":"https:\/\/i0.wp.com\/artstella-elixirs-floraux.com\/wp-content\/uploads\/2025\/03\/wp-image1410.png?resize=350%2C200&ssl=1","width":350,"height":200},"classes":[]},{"id":5120,"url":"https:\/\/artstella-elixirs-floraux.com\/en\/product\/star-ruby-ruby-etoile\/","url_meta":{"origin":5073,"position":2},"title":"Star Ruby -ruby \u00e9toil\u00e9","author":"eveapprill","date":"9 March 2025","format":false,"excerpt":"Star Ruby \u2013 Rubis \u00e9toil\u00e9 Indication: facilement distrait, difficult\u00e9 \u00e0 rester concentre du \u00e0 un manque d\u2019enracinement; attention non align\u00e9e avec le corps physique\u00a0; pris par des \u00e9motions et par\u00a0 les d\u00e9tails d\u2019une situation, en perdant la vision plus large.","rel":"","context":"Similar post","block_context":{"text":"Similar post","link":""},"img":{"alt_text":"","src":"https:\/\/i0.wp.com\/artstella-elixirs-floraux.com\/wp-content\/uploads\/2025\/03\/wp-image1423.png?resize=350%2C200&ssl=1","width":350,"height":200},"classes":[]},{"id":6175,"url":"https:\/\/artstella-elixirs-floraux.com\/en\/product\/terra-extra-bloesem-remedies\/","url_meta":{"origin":5073,"position":3},"title":"TERRA EXTRA Bloesem Remedies","author":"eveapprill","date":"9 March 2025","format":false,"excerpt":"TERRA EXTRA \u2013 Rem\u00e8de de premiers secours Terra Extra est un compos\u00e9 d\u2019\u00e9lixirss contenant les cinq essences qui se trouvent dans le Terra standard, sauf que Myc\u00e8ne\u00a0 est remplac\u00e9 par le Coprin \u00e0 t\u00eate dor\u00e9e.","rel":"","context":"Similar post","block_context":{"text":"Similar post","link":""},"img":{"alt_text":"","src":"https:\/\/i0.wp.com\/artstella-elixirs-floraux.com\/wp-content\/uploads\/2025\/03\/wp-image2179.png?resize=350%2C200&ssl=1","width":350,"height":200},"classes":[]},{"id":5112,"url":"https:\/\/artstella-elixirs-floraux.com\/en\/product\/vesuvianite-7-5-ml-alas-gem-sup\/","url_meta":{"origin":5073,"position":4},"title":"VESUVIANITE 7.5 ML ALAS GEM SUP","author":"eveapprill","date":"9 March 2025","format":false,"excerpt":"Vesuvianite - V\u00e9suvianite Indications: d\u00e9sincarn\u00e9; solitaire; difficult\u00e9 \u00e0 maintenir des relations amoureuses positives et centr\u00e9es dans le c\u0153ur; manque de confiance \u00e0 se croire capable de cr\u00e9er la vie que l\u2019on d\u00e9sire.","rel":"","context":"Similar post","block_context":{"text":"Similar post","link":""},"img":{"alt_text":"Les Elixirs de gemmes","src":"https:\/\/i0.wp.com\/artstella-elixirs-floraux.com\/wp-content\/uploads\/2025\/03\/wp-image1421.png?resize=350%2C200&ssl=1","width":350,"height":200},"classes":[]},{"id":5007,"url":"https:\/\/artstella-elixirs-floraux.com\/en\/product\/stinging-nettle-alaskan-f-sup\/","url_meta":{"origin":5073,"position":5},"title":"STINGING NETTLE ALASKAN F SUP","author":"eveapprill","date":"9 March 2025","format":false,"excerpt":"Stinging Nettle Urtica gracilis Ortie Indications\u00a0: sur la d\u00e9fensive en raison de traumatismes non r\u00e9solus\u00a0; en col\u00e8re, contrari\u00e9\u00a0; d\u00e9connect\u00e9 quand il y a beaucoup \u00e0 faire.","rel":"","context":"Similar post","block_context":{"text":"Similar post","link":""},"img":{"alt_text":"","src":"","width":0,"height":0},"classes":[]}],"_links":{"self":[{"href":"https:\/\/artstella-elixirs-floraux.com\/en\/wp-json\/wp\/v2\/product\/5073","targetHints":{"allow":["GET"]}}],"collection":[{"href":"https:\/\/artstella-elixirs-floraux.com\/en\/wp-json\/wp\/v2\/product"}],"about":[{"href":"https:\/\/artstella-elixirs-floraux.com\/en\/wp-json\/wp\/v2\/types\/product"}],"version-history":[{"count":0,"href":"https:\/\/artstella-elixirs-floraux.com\/en\/wp-json\/wp\/v2\/product\/5073\/revisions"}],"wp:featuredmedia":[{"embeddable":true,"href":"https:\/\/artstella-elixirs-floraux.com\/en\/wp-json\/wp\/v2\/media\/5074"}],"wp:attachment":[{"href":"https:\/\/artstella-elixirs-floraux.com\/en\/wp-json\/wp\/v2\/media?parent=5073"}],"wp:term":[{"taxonomy":"product_brand","embeddable":true,"href":"https:\/\/artstella-elixirs-floraux.com\/en\/wp-json\/wp\/v2\/product_brand?post=5073"},{"taxonomy":"product_cat","embeddable":true,"href":"https:\/\/artstella-elixirs-floraux.com\/en\/wp-json\/wp\/v2\/product_cat?post=5073"},{"taxonomy":"product_tag","embeddable":true,"href":"https:\/\/artstella-elixirs-floraux.com\/en\/wp-json\/wp\/v2\/product_tag?post=5073"}],"curies":[{"name":"wp","href":"https:\/\/api.w.org\/{rel}","templated":true}]}}