{"id":5077,"date":"2025-03-09T13:38:03","date_gmt":"2025-03-09T13:38:03","guid":{"rendered":"https:\/\/artstella-elixirs-floraux.com\/product\/green-tour-smoky-quartz-7-5m-g-sup\/"},"modified":"2025-04-09T15:12:16","modified_gmt":"2025-04-09T15:12:16","slug":"green-tour-smoky-quartz-7-5m-g-sup","status":"publish","type":"product","link":"https:\/\/artstella-elixirs-floraux.com\/en\/product\/green-tour-smoky-quartz-7-5m-g-sup\/","title":{"rendered":"GREEN TOUR\/SMOKY QUARTZ 7.5M G SUP"},"content":{"rendered":"<p><strong>Qualit\u00e9s\u00a0: <\/strong>agrandit la connexion entre le chakra du c\u0153ur et la Terre\u00a0; permet de rel\u00e2cher dans la Terre des \u00e9nergies dont nous n\u2019avons plus besoin\u00a0; rassemble nos \u00e9nergies cr\u00e9atrices sans effort comme un don du c\u0153ur. Soutient la concentration et une ferme volont\u00e9 dans l\u2019acte cr\u00e9ateur.<\/p>","protected":false},"excerpt":{"rendered":"<p><strong>Green Tourmaline\/Smoky Quartz<\/strong> \u2013 <strong>Tourmaline verte\/quartz fum\u00e9 :<\/strong><\/p>\n<p><strong>Indication\u00a0: <\/strong>anxi\u00e9t\u00e9, tensions dans le corps, manque de synchronisation entre les diff\u00e9rentes parties du champ \u00e9nerg\u00e9tique et de la Terre\u00a0; difficult\u00e9 \u00e0 mener des activit\u00e9s coordonn\u00e9es apr\u00e8s un choc ou un bouleversement.<\/p>","protected":false},"featured_media":5078,"template":"","meta":[],"product_brand":[],"product_cat":[117],"product_tag":[],"class_list":{"0":"post-5077","1":"product","2":"type-product","3":"status-publish","4":"has-post-thumbnail","6":"product_cat-les-elixirs-de-gemmes-supplementaires","8":"first","9":"instock","10":"taxable","11":"shipping-taxable","12":"purchasable","13":"product-type-variable"},"etheme_brands":{"errors":{"invalid_taxonomy":["Invalid taxonomy."]},"error_data":[]},"jetpack_sharing_enabled":true,"jetpack-related-posts":[{"id":5100,"url":"https:\/\/artstella-elixirs-floraux.com\/en\/product\/rose-smoky-quartz-gems-rech-7-5ml\/","url_meta":{"origin":5077,"position":0},"title":"ROSE SMOKY QUARTZ GEMS RECH 7.5ML","author":"eveapprill","date":"9 March 2025","format":false,"excerpt":"Rose\/Smoky Quartz \u2013 Quartz rose-quartz fume Indication\u00a0: honte\u00a0; sentiments de culpabilit\u00e9\u00a0; difficult\u00e9s \u00e0 accepter des actions pass\u00e9es et leurs cons\u00e9quences\u00a0; connexion faible entre le chakra du c\u0153ur et la Terre.","rel":"","context":"Similar post","block_context":{"text":"Similar post","link":""},"img":{"alt_text":"","src":"https:\/\/i0.wp.com\/artstella-elixirs-floraux.com\/wp-content\/uploads\/2025\/03\/wp-image1416.png?resize=350%2C200&ssl=1","width":350,"height":200},"classes":[]},{"id":5049,"url":"https:\/\/artstella-elixirs-floraux.com\/en\/product\/black-tourmaline-master-q-7-5-ml\/","url_meta":{"origin":5077,"position":1},"title":"BLACK TOURMALINE MASTER Q 7.5 ML","author":"eveapprill","date":"9 March 2025","format":false,"excerpt":"Black Tourmaline\/Master Quartz \u2013 Tourmaline noire \/quartz ma\u00eetre Indication flux d\u2019\u00e9nergie restreint dans certaines parties du corps\u00a0; haut niveau d\u2019\u00e9nergies toxiques dans les chakras\u00a0; incapacit\u00e9 \u00e0 int\u00e9grer l\u2019\u00e9nergie spirituelle avec la programmation de la survie.","rel":"","context":"Similar post","block_context":{"text":"Similar post","link":""},"img":{"alt_text":"","src":"https:\/\/i0.wp.com\/artstella-elixirs-floraux.com\/wp-content\/uploads\/2025\/03\/wp-image1400.png?resize=350%2C200&ssl=1","width":350,"height":200},"classes":[]},{"id":5108,"url":"https:\/\/artstella-elixirs-floraux.com\/en\/product\/tourmalated-quartz-30-ml-gem-sup\/","url_meta":{"origin":5077,"position":2},"title":"TOURMALATED QUARTZ 30 ML GEM SUP","author":"eveapprill","date":"9 April 2025","format":false,"excerpt":"Tourmalated Quartz \u2013 Quartz tourmaline Indications\u00a0: flux d\u2019\u00e9nergie congestionn\u00e9 ou d\u00e9s\u00e9quilibr\u00e9 entre les chakras et les corps subtils\u00a0; \u00e9nergie toxique dans l\u2019aura\u00a0; manque de circulation dans les chakras inf\u00e9rieurs d\u2019\u00e9nergies spirituelles","rel":"","context":"Similar post","block_context":{"text":"Similar post","link":""},"img":{"alt_text":"","src":"https:\/\/i0.wp.com\/artstella-elixirs-floraux.com\/wp-content\/uploads\/2025\/03\/wp-image1420.png?resize=350%2C200&ssl=1","width":350,"height":200},"classes":[]},{"id":4542,"url":"https:\/\/artstella-elixirs-floraux.com\/en\/product\/coffret-pierres-precieuses-15-ml\/","url_meta":{"origin":5077,"position":3},"title":"COFFRET PIERRES PRECIEUSES 15 ML","author":"eveapprill","date":"9 March 2025","format":false,"excerpt":"\u00a0Les 20 \u00e9lixirs de pierres pr\u00e9cieuses Les pierres pr\u00e9cieuses sont un cadeau de la terre. Durant des millions d\u2019ann\u00e9es, elles se sont form\u00e9es en son sein jusqu\u2019\u00e0 ce que les hommes les d\u00e9couvrent et les mettent \u00e0 la lumi\u00e8re.","rel":"","context":"Similar post","block_context":{"text":"Similar post","link":""},"img":{"alt_text":"","src":"https:\/\/i0.wp.com\/artstella-elixirs-floraux.com\/wp-content\/uploads\/2025\/03\/wp-image1169.png?resize=350%2C200&ssl=1","width":350,"height":200,"srcset":"https:\/\/i0.wp.com\/artstella-elixirs-floraux.com\/wp-content\/uploads\/2025\/03\/wp-image1169.png?resize=350%2C200&ssl=1 1x, https:\/\/i0.wp.com\/artstella-elixirs-floraux.com\/wp-content\/uploads\/2025\/03\/wp-image1169.png?resize=525%2C300&ssl=1 1.5x, https:\/\/i0.wp.com\/artstella-elixirs-floraux.com\/wp-content\/uploads\/2025\/03\/wp-image1169.png?resize=700%2C400&ssl=1 2x"},"classes":[]},{"id":5053,"url":"https:\/\/artstella-elixirs-floraux.com\/en\/product\/blue-green-tourmaline-alas-r-30ml\/","url_meta":{"origin":5077,"position":4},"title":"BLUE GREEN TOURMALINE ALAS R 30ML","author":"eveapprill","date":"9 March 2025","format":false,"excerpt":"Blue Green Tourmaline \u2013 Tourmaline bleu vert Indication : agitation, trouble int\u00e9rieur\u00a0; alignement vertical faible\u00a0; exc\u00e8s d\u2019\u00e9nergie mentale bloquant le flux descendant des forces spirituelles\u00a0; peur et r\u00e9sistance au niveau du c\u0153ur","rel":"","context":"Similar post","block_context":{"text":"Similar post","link":""},"img":{"alt_text":"","src":"https:\/\/i0.wp.com\/artstella-elixirs-floraux.com\/wp-content\/uploads\/2025\/03\/wp-image1401.png?resize=350%2C200&ssl=1","width":350,"height":200},"classes":[]},{"id":11331,"url":"https:\/\/artstella-elixirs-floraux.com\/en\/product\/travel-ease-voyage-facile-spray\/","url_meta":{"origin":5077,"position":5},"title":"Travel Ease (Voyage facile) &#8211; Spray","author":"eveapprill","date":"31 August 2025","format":false,"excerpt":"La combinaison Travel Ease est sp\u00e9cialement con\u00e7ue pour att\u00e9nuer les effets n\u00e9gatifs du transport a\u00e9rien, y compris ce qui est commun\u00e9ment appel\u00e9 le d\u00e9calage horaire. Cette formule renforce et maintien des limites \u00e9nerg\u00e9tiques fonctionnelles. Si vous \u00eates sensible \u00e0 l'environnement et avez de la difficult\u00e9 \u00e0 rester confin\u00e9 dans de\u2026","rel":"","context":"Similar post","block_context":{"text":"Similar post","link":""},"img":{"alt_text":"","src":"https:\/\/i0.wp.com\/artstella-elixirs-floraux.com\/wp-content\/uploads\/2025\/08\/travel-ease.jpg?resize=350%2C200&ssl=1","width":350,"height":200},"classes":[]}],"_links":{"self":[{"href":"https:\/\/artstella-elixirs-floraux.com\/en\/wp-json\/wp\/v2\/product\/5077","targetHints":{"allow":["GET"]}}],"collection":[{"href":"https:\/\/artstella-elixirs-floraux.com\/en\/wp-json\/wp\/v2\/product"}],"about":[{"href":"https:\/\/artstella-elixirs-floraux.com\/en\/wp-json\/wp\/v2\/types\/product"}],"version-history":[{"count":0,"href":"https:\/\/artstella-elixirs-floraux.com\/en\/wp-json\/wp\/v2\/product\/5077\/revisions"}],"wp:featuredmedia":[{"embeddable":true,"href":"https:\/\/artstella-elixirs-floraux.com\/en\/wp-json\/wp\/v2\/media\/5078"}],"wp:attachment":[{"href":"https:\/\/artstella-elixirs-floraux.com\/en\/wp-json\/wp\/v2\/media?parent=5077"}],"wp:term":[{"taxonomy":"product_brand","embeddable":true,"href":"https:\/\/artstella-elixirs-floraux.com\/en\/wp-json\/wp\/v2\/product_brand?post=5077"},{"taxonomy":"product_cat","embeddable":true,"href":"https:\/\/artstella-elixirs-floraux.com\/en\/wp-json\/wp\/v2\/product_cat?post=5077"},{"taxonomy":"product_tag","embeddable":true,"href":"https:\/\/artstella-elixirs-floraux.com\/en\/wp-json\/wp\/v2\/product_tag?post=5077"}],"curies":[{"name":"wp","href":"https:\/\/api.w.org\/{rel}","templated":true}]}}