{"id":5081,"date":"2025-03-09T13:38:07","date_gmt":"2025-03-09T13:38:07","guid":{"rendered":"https:\/\/artstella-elixirs-floraux.com\/product\/labradorite-7-5-ml-alas-gem-sup\/"},"modified":"2025-04-09T15:13:03","modified_gmt":"2025-04-09T15:13:03","slug":"labradorite-7-5-ml-alas-gem-sup","status":"publish","type":"product","link":"https:\/\/artstella-elixirs-floraux.com\/en\/product\/labradorite-7-5-ml-alas-gem-sup\/","title":{"rendered":"LABRADORITE 7.5 ML ALAS GEM SUP"},"content":{"rendered":"<p><strong>Qualit\u00e9s<\/strong>\u00a0: aide \u00e0 attirer, rassembler et assimiler la nourriture \u00e9nerg\u00e9tique de lumi\u00e8re dans le corps\u00a0; restaure l\u2019\u00e9nergie de ceux qui manquent de lumi\u00e8re ou entament leurs r\u00e9serves d\u2019\u00e9nergie\u00a0; aide \u00e0 avoir une utilisation responsable et consciente de l\u2019\u00e9nergie que nous attirons ou projetons.<\/p>","protected":false},"excerpt":{"rendered":"<p><strong>Labradorite<\/strong> \u2013 <strong>Labradorite<\/strong><\/p>\n<p><strong>Indication<\/strong> :<\/p>\n<p><strong>Qualit\u00e9s<\/strong> : morose, pens\u00e9es pessimistes\u00a0; faibles r\u00e9serves d\u2019\u00e9nergies\u00a0; fatigue du \u00e0 un rythme de vie ne tenant pas compte des besoins corporels\u00a0; mauvaise utilisation de l\u2019\u00e9nergie vitale.<\/p>","protected":false},"featured_media":5082,"template":"","meta":[],"product_brand":[],"product_cat":[117],"product_tag":[],"class_list":{"0":"post-5081","1":"product","2":"type-product","3":"status-publish","4":"has-post-thumbnail","6":"product_cat-les-elixirs-de-gemmes-supplementaires","8":"first","9":"instock","10":"taxable","11":"shipping-taxable","12":"purchasable","13":"product-type-variable"},"etheme_brands":{"errors":{"invalid_taxonomy":["Invalid taxonomy."]},"error_data":[]},"jetpack_sharing_enabled":true,"jetpack-related-posts":[{"id":12348,"url":"https:\/\/artstella-elixirs-floraux.com\/en\/product\/labradorite-labradorita-15ml-sylfos\/","url_meta":{"origin":5081,"position":0},"title":"LABRADORITE &#8211; LABRADORITA 15ml Sylfos","author":"eveapprill","date":"16 March 2026","format":false,"excerpt":"Le Quartz rose apaise la douleur \u00e9motionnelle et aide \u00e0 gu\u00e9rir les blessures du c\u0153ur. Il favorise l'amour de soi, le pardon et l'ouverture affective. Il est utile en cas de deuil, de rupture ou de difficult\u00e9s relationnelles. Son \u00e9nergie transforme la duret\u00e9 en tendresse et la tristesse en r\u00e9conciliation.","rel":"","context":"Similar post","block_context":{"text":"Similar post","link":""},"img":{"alt_text":"","src":"https:\/\/i0.wp.com\/artstella-elixirs-floraux.com\/wp-content\/uploads\/2026\/03\/Labradorita_1.png?resize=350%2C200&ssl=1","width":350,"height":200},"classes":[]},{"id":12351,"url":"https:\/\/artstella-elixirs-floraux.com\/en\/product\/lapis-lazuli-15-ml-sylfos\/","url_meta":{"origin":5081,"position":1},"title":"LAPIS LAZULI 15 ml Sylfos","author":"eveapprill","date":"16 March 2026","format":false,"excerpt":"La labradorite prot\u00e8ge le champ \u00e9nerg\u00e9tique et renforce l'intuition. Elle est utile pour les personnes sensibles ou dans les environnements charg\u00e9s. Elle aide \u00e0 \u00e9viter l'absorption \u00e9motionnelle externe et \u00e0 faire confiance \u00e0 sa propre perception. Son \u00e9nergie apporte clart\u00e9, protection et \u00e9quilibre.","rel":"","context":"Similar post","block_context":{"text":"Similar post","link":""},"img":{"alt_text":"","src":"https:\/\/i0.wp.com\/artstella-elixirs-floraux.com\/wp-content\/uploads\/2026\/03\/LapisLazuli_1.png?resize=350%2C200&ssl=1","width":350,"height":200},"classes":[]},{"id":11324,"url":"https:\/\/artstella-elixirs-floraux.com\/en\/product\/lighten-up-lumiere-energie-spray\/","url_meta":{"origin":5081,"position":2},"title":"Lighten Up (Lumi\u00e8re\/Energie) &#8211; Spray","author":"eveapprill","date":"31 August 2025","format":false,"excerpt":"Lighten Up est un complexe destin\u00e9 \u00e0 amplifier notre capacit\u00e9 \u00e0 incarner la lumi\u00e8re. Il a un effet fortifiant, \u00e9nergisant, inspirateur, nourricier et all\u00e9geant. Il a \u00e9t\u00e9 cr\u00e9\u00e9 sp\u00e9cifiquement pour ceux qui souffrent du manque de lumi\u00e8re, soit en raison de leur situation g\u00e9ographique (latitudes extr\u00eame nord ou sud), de\u2026","rel":"","context":"Similar post","block_context":{"text":"Similar post","link":""},"img":{"alt_text":"","src":"https:\/\/i0.wp.com\/artstella-elixirs-floraux.com\/wp-content\/uploads\/2025\/08\/lighten-up.jpg?resize=350%2C200&ssl=1","width":350,"height":200},"classes":[]},{"id":5049,"url":"https:\/\/artstella-elixirs-floraux.com\/en\/product\/black-tourmaline-master-q-7-5-ml\/","url_meta":{"origin":5081,"position":3},"title":"BLACK TOURMALINE MASTER Q 7.5 ML","author":"eveapprill","date":"9 March 2025","format":false,"excerpt":"Black Tourmaline\/Master Quartz \u2013 Tourmaline noire \/quartz ma\u00eetre Indication flux d\u2019\u00e9nergie restreint dans certaines parties du corps\u00a0; haut niveau d\u2019\u00e9nergies toxiques dans les chakras\u00a0; incapacit\u00e9 \u00e0 int\u00e9grer l\u2019\u00e9nergie spirituelle avec la programmation de la survie.","rel":"","context":"Similar post","block_context":{"text":"Similar post","link":""},"img":{"alt_text":"","src":"https:\/\/i0.wp.com\/artstella-elixirs-floraux.com\/wp-content\/uploads\/2025\/03\/wp-image1400.png?resize=350%2C200&ssl=1","width":350,"height":200},"classes":[]},{"id":3627,"url":"https:\/\/artstella-elixirs-floraux.com\/en\/product\/39-necklace-of-beauty-15-ml\/","url_meta":{"origin":5081,"position":4},"title":"39. NECKLACE OF BEAUTY 15 ML","author":"eveapprill","date":"9 March 2025","format":false,"excerpt":"Necklace of beauty \/ Collier de beaut\u00e9 : apporte une magnifique \u00e9nergie d'amour dans le chakra sup\u00e9rieur du c\u0153ur, nous permettant de nous sentir aim\u00e9, \u00e9lev\u00e9 et en paix.","rel":"","context":"Similar post","block_context":{"text":"Similar post","link":""},"img":{"alt_text":"","src":"https:\/\/i0.wp.com\/artstella-elixirs-floraux.com\/wp-content\/uploads\/2025\/03\/0c3a666b-f328-482a-86c7-cbea44b63d1e.jpg?resize=350%2C200&ssl=1","width":350,"height":200,"srcset":"https:\/\/i0.wp.com\/artstella-elixirs-floraux.com\/wp-content\/uploads\/2025\/03\/0c3a666b-f328-482a-86c7-cbea44b63d1e.jpg?resize=350%2C200&ssl=1 1x, https:\/\/i0.wp.com\/artstella-elixirs-floraux.com\/wp-content\/uploads\/2025\/03\/0c3a666b-f328-482a-86c7-cbea44b63d1e.jpg?resize=525%2C300&ssl=1 1.5x, https:\/\/i0.wp.com\/artstella-elixirs-floraux.com\/wp-content\/uploads\/2025\/03\/0c3a666b-f328-482a-86c7-cbea44b63d1e.jpg?resize=700%2C400&ssl=1 2x"},"classes":[]},{"id":5191,"url":"https:\/\/artstella-elixirs-floraux.com\/en\/product\/soul-shield-spray\/","url_meta":{"origin":5081,"position":5},"title":"SOUL SHIELD SPRAY LTOE","author":"eveapprill","date":"9 March 2025","format":false,"excerpt":"Soul Shield + (Bouclier de l\u2019\u00e2me) Protection psychique Pour les moments o\u00f9 l\u2019on a besoin de protection. Prot\u00e8ge l\u2019aura corporelle ou les espaces de vie de l\u2019incursion d\u2019\u00e9nergies psychiques n\u00e9gatives. Les personnes travaillant avec la lumi\u00e8re peuvent facilement s\u2019attirer des d\u00e9fis divers et parfois des \u00e9nergies \u00ab\u00a0sombres\u00a0\u00bb. \u00ab\u00a0bleu\u00a0\u00bb avec les\u2026","rel":"","context":"Similar post","block_context":{"text":"Similar post","link":""},"img":{"alt_text":"","src":"https:\/\/i0.wp.com\/artstella-elixirs-floraux.com\/wp-content\/uploads\/2025\/03\/wp-image1737.png?resize=350%2C200&ssl=1","width":350,"height":200},"classes":[]}],"_links":{"self":[{"href":"https:\/\/artstella-elixirs-floraux.com\/en\/wp-json\/wp\/v2\/product\/5081","targetHints":{"allow":["GET"]}}],"collection":[{"href":"https:\/\/artstella-elixirs-floraux.com\/en\/wp-json\/wp\/v2\/product"}],"about":[{"href":"https:\/\/artstella-elixirs-floraux.com\/en\/wp-json\/wp\/v2\/types\/product"}],"version-history":[{"count":0,"href":"https:\/\/artstella-elixirs-floraux.com\/en\/wp-json\/wp\/v2\/product\/5081\/revisions"}],"wp:featuredmedia":[{"embeddable":true,"href":"https:\/\/artstella-elixirs-floraux.com\/en\/wp-json\/wp\/v2\/media\/5082"}],"wp:attachment":[{"href":"https:\/\/artstella-elixirs-floraux.com\/en\/wp-json\/wp\/v2\/media?parent=5081"}],"wp:term":[{"taxonomy":"product_brand","embeddable":true,"href":"https:\/\/artstella-elixirs-floraux.com\/en\/wp-json\/wp\/v2\/product_brand?post=5081"},{"taxonomy":"product_cat","embeddable":true,"href":"https:\/\/artstella-elixirs-floraux.com\/en\/wp-json\/wp\/v2\/product_cat?post=5081"},{"taxonomy":"product_tag","embeddable":true,"href":"https:\/\/artstella-elixirs-floraux.com\/en\/wp-json\/wp\/v2\/product_tag?post=5081"}],"curies":[{"name":"wp","href":"https:\/\/api.w.org\/{rel}","templated":true}]}}