{"id":5085,"date":"2025-03-09T13:38:11","date_gmt":"2025-03-09T13:38:11","guid":{"rendered":"https:\/\/artstella-elixirs-floraux.com\/product\/larimar-30ml-alas-gem-sup\/"},"modified":"2025-04-09T15:09:07","modified_gmt":"2025-04-09T15:09:07","slug":"larimar-30ml-alas-gem-sup","status":"publish","type":"product","link":"https:\/\/artstella-elixirs-floraux.com\/en\/product\/larimar-30ml-alas-gem-sup\/","title":{"rendered":"LARIMAR 30ML ALAS GEM SUP"},"content":{"rendered":"<p><strong>Qualit\u00e9\u00a0: <\/strong>cette pierre d\u00e9tient une \u00e9nergie de non violence, de s\u00e9curit\u00e9 et de nourriture\u00a0; construit une r\u00e9sonance dans le corps \u00e9motionnel qui attire et retient l\u2019\u00e9nergie de paix et d\u2019innocence\u00a0; permet de se relaxer et de se \u00ab\u00a0nourrir\u00a0\u00bb sans effort\u00a0; permet aux femmes de se sentir \u00e0 l\u2019aise avec leur f\u00e9minit\u00e9.<\/p>","protected":false},"excerpt":{"rendered":"<p><strong>Larimar<\/strong> \u2013 <strong>Larimar<\/strong><\/p>\n<p><strong>Indication<\/strong> : manqu\u00e9 de nourriture et de r\u00e9confort\u00a0; ne se sent pas en s\u00e9curit\u00e9 ou soutenu dans ses relations\u00a0; conflit et disharmonie entre le masculin et le f\u00e9minin int\u00e9rieur<\/p>","protected":false},"featured_media":5086,"template":"","meta":[],"product_brand":[],"product_cat":[117],"product_tag":[],"class_list":{"0":"post-5085","1":"product","2":"type-product","3":"status-publish","4":"has-post-thumbnail","6":"product_cat-les-elixirs-de-gemmes-supplementaires","8":"first","9":"instock","10":"taxable","11":"shipping-taxable","12":"purchasable","13":"product-type-variable"},"etheme_brands":{"errors":{"invalid_taxonomy":["Invalid taxonomy."]},"error_data":[]},"jetpack_sharing_enabled":true,"jetpack-related-posts":[{"id":5518,"url":"https:\/\/artstella-elixirs-floraux.com\/en\/product\/orque\/","url_meta":{"origin":5085,"position":0},"title":"ORQUE","author":"eveapprill","date":"9 March 2025","format":false,"excerpt":"ORQUE - Orca (Orcinus Orca) Cet \u00e9lixir a une forte action au niveau du chakra du c\u0153ur et nous relie \u00e0 la cinqui\u00e8me dimension. Il nous relie \u00e0 notre force int\u00e9rieure et nous permet de puiser dans notre potentiel de cr\u00e9ation, pour nous relier \u00e0 la lumi\u00e8re. Dans cette dimension,\u2026","rel":"","context":"Similar post","block_context":{"text":"Similar post","link":""},"img":{"alt_text":"","src":"https:\/\/i0.wp.com\/artstella-elixirs-floraux.com\/wp-content\/uploads\/2025\/03\/wp-image1754.png?resize=350%2C200&ssl=1","width":350,"height":200},"classes":[]},{"id":11315,"url":"https:\/\/artstella-elixirs-floraux.com\/en\/product\/guardian-gardien-spray\/","url_meta":{"origin":5085,"position":1},"title":"Guardian &#8211; Gardien Spray","author":"eveapprill","date":"31 August 2025","format":false,"excerpt":"Le Spray Guardian est \u00e0 utiliser lorsque vous souhaitez invoquer les \u00e9nergies de calme, de stabilit\u00e9 et de s\u00e9curit\u00e9. Pulv\u00e9risez votre aura et votre environnement imm\u00e9diat pour vous sentir fort et en s\u00e9curit\u00e9 tout en maintenant votre ouverture et votre sensibilit\u00e9.","rel":"","context":"Similar post","block_context":{"text":"Similar post","link":""},"img":{"alt_text":"","src":"https:\/\/i0.wp.com\/artstella-elixirs-floraux.com\/wp-content\/uploads\/2025\/08\/guardian-1.jpg?resize=350%2C200&ssl=1","width":350,"height":200},"classes":[]},{"id":5990,"url":"https:\/\/artstella-elixirs-floraux.com\/en\/product\/tulipier-sylfos-15-ml\/","url_meta":{"origin":5085,"position":2},"title":"TULIPIER SYLFOS 15 ML","author":"eveapprill","date":"9 March 2025","format":false,"excerpt":"TULIPERO \/ TULIPIER\u00a0 Liriodendrontulipifera\u00a0 Reconnexion spirituelle\u00a0 C'est une \"nourriture\" spirituelle, surtout pour ceux qui se sentent agit\u00e9s et insatisfaits ou qui ont des tendances addictives. L\u2019\u00e9lixir nous permettra de trouver des d\u00e9bouch\u00e9s positifs et d'atteindre nos nouveaux objectifs avec \u00e9nergie.","rel":"","context":"Similar post","block_context":{"text":"Similar post","link":""},"img":{"alt_text":"","src":"https:\/\/i0.wp.com\/artstella-elixirs-floraux.com\/wp-content\/uploads\/2025\/03\/wp-image2014.png?resize=350%2C200&ssl=1","width":350,"height":200,"srcset":"https:\/\/i0.wp.com\/artstella-elixirs-floraux.com\/wp-content\/uploads\/2025\/03\/wp-image2014.png?resize=350%2C200&ssl=1 1x, https:\/\/i0.wp.com\/artstella-elixirs-floraux.com\/wp-content\/uploads\/2025\/03\/wp-image2014.png?resize=525%2C300&ssl=1 1.5x"},"classes":[]},{"id":3762,"url":"https:\/\/artstella-elixirs-floraux.com\/en\/product\/angel-orchid-phi\/","url_meta":{"origin":5085,"position":3},"title":"ANGEL ORCHID PHI","author":"eveapprill","date":"9 March 2025","format":false,"excerpt":"Angel Orchid (Epidendrum secundum) Nous ouvre \u00e0 la communication avec les plans d'\u00e9nergies sup\u00e9rieurs. Cet \u00e9lixir nous all\u00e8ge et il accro\u00eet ainsi notre sentiment de s\u00e9curit\u00e9.","rel":"","context":"Similar post","block_context":{"text":"Similar post","link":""},"img":{"alt_text":"","src":"https:\/\/i0.wp.com\/artstella-elixirs-floraux.com\/wp-content\/uploads\/2025\/03\/wp-image501.png?resize=350%2C200&ssl=1","width":350,"height":200},"classes":[]},{"id":5081,"url":"https:\/\/artstella-elixirs-floraux.com\/en\/product\/labradorite-7-5-ml-alas-gem-sup\/","url_meta":{"origin":5085,"position":4},"title":"LABRADORITE 7.5 ML ALAS GEM SUP","author":"eveapprill","date":"9 March 2025","format":false,"excerpt":"Labradorite \u2013 Labradorite Indication : Qualit\u00e9s : morose, pens\u00e9es pessimistes\u00a0; faibles r\u00e9serves d\u2019\u00e9nergies\u00a0; fatigue du \u00e0 un rythme de vie ne tenant pas compte des besoins corporels\u00a0; mauvaise utilisation de l\u2019\u00e9nergie vitale.","rel":"","context":"Similar post","block_context":{"text":"Similar post","link":""},"img":{"alt_text":"","src":"https:\/\/i0.wp.com\/artstella-elixirs-floraux.com\/wp-content\/uploads\/2025\/03\/wp-image1411.png?resize=350%2C200&ssl=1","width":350,"height":200},"classes":[]},{"id":3627,"url":"https:\/\/artstella-elixirs-floraux.com\/en\/product\/39-necklace-of-beauty-15-ml\/","url_meta":{"origin":5085,"position":5},"title":"39. NECKLACE OF BEAUTY 15 ML","author":"eveapprill","date":"9 March 2025","format":false,"excerpt":"Necklace of beauty \/ Collier de beaut\u00e9 : apporte une magnifique \u00e9nergie d'amour dans le chakra sup\u00e9rieur du c\u0153ur, nous permettant de nous sentir aim\u00e9, \u00e9lev\u00e9 et en paix.","rel":"","context":"Similar post","block_context":{"text":"Similar post","link":""},"img":{"alt_text":"","src":"https:\/\/i0.wp.com\/artstella-elixirs-floraux.com\/wp-content\/uploads\/2025\/03\/0c3a666b-f328-482a-86c7-cbea44b63d1e.jpg?resize=350%2C200&ssl=1","width":350,"height":200,"srcset":"https:\/\/i0.wp.com\/artstella-elixirs-floraux.com\/wp-content\/uploads\/2025\/03\/0c3a666b-f328-482a-86c7-cbea44b63d1e.jpg?resize=350%2C200&ssl=1 1x, https:\/\/i0.wp.com\/artstella-elixirs-floraux.com\/wp-content\/uploads\/2025\/03\/0c3a666b-f328-482a-86c7-cbea44b63d1e.jpg?resize=525%2C300&ssl=1 1.5x, https:\/\/i0.wp.com\/artstella-elixirs-floraux.com\/wp-content\/uploads\/2025\/03\/0c3a666b-f328-482a-86c7-cbea44b63d1e.jpg?resize=700%2C400&ssl=1 2x"},"classes":[]}],"_links":{"self":[{"href":"https:\/\/artstella-elixirs-floraux.com\/en\/wp-json\/wp\/v2\/product\/5085","targetHints":{"allow":["GET"]}}],"collection":[{"href":"https:\/\/artstella-elixirs-floraux.com\/en\/wp-json\/wp\/v2\/product"}],"about":[{"href":"https:\/\/artstella-elixirs-floraux.com\/en\/wp-json\/wp\/v2\/types\/product"}],"version-history":[{"count":0,"href":"https:\/\/artstella-elixirs-floraux.com\/en\/wp-json\/wp\/v2\/product\/5085\/revisions"}],"wp:featuredmedia":[{"embeddable":true,"href":"https:\/\/artstella-elixirs-floraux.com\/en\/wp-json\/wp\/v2\/media\/5086"}],"wp:attachment":[{"href":"https:\/\/artstella-elixirs-floraux.com\/en\/wp-json\/wp\/v2\/media?parent=5085"}],"wp:term":[{"taxonomy":"product_brand","embeddable":true,"href":"https:\/\/artstella-elixirs-floraux.com\/en\/wp-json\/wp\/v2\/product_brand?post=5085"},{"taxonomy":"product_cat","embeddable":true,"href":"https:\/\/artstella-elixirs-floraux.com\/en\/wp-json\/wp\/v2\/product_cat?post=5085"},{"taxonomy":"product_tag","embeddable":true,"href":"https:\/\/artstella-elixirs-floraux.com\/en\/wp-json\/wp\/v2\/product_tag?post=5085"}],"curies":[{"name":"wp","href":"https:\/\/api.w.org\/{rel}","templated":true}]}}