{"id":5089,"date":"2025-03-09T13:38:14","date_gmt":"2025-03-09T13:38:14","guid":{"rendered":"https:\/\/artstella-elixirs-floraux.com\/product\/mangano-calcite-7-5-ml-gem-sup\/"},"modified":"2025-04-09T15:03:32","modified_gmt":"2025-04-09T15:03:32","slug":"mangano-calcite-7-5-ml-gem-sup","status":"publish","type":"product","link":"https:\/\/artstella-elixirs-floraux.com\/en\/product\/mangano-calcite-7-5-ml-gem-sup\/","title":{"rendered":"MANGANO CALCITE 7.5 ML GEM SUP"},"content":{"rendered":"<p><strong>Qualit\u00e9s\u00a0:<\/strong> une douce \u00e9nergie de protection aide \u00e0 se sentir totalement en s\u00e9curit\u00e9 au niveau du c\u0153ur\u00a0; travaille au niveau du chakra du c\u0153ur pour cr\u00e9er une matrice de gu\u00e9rison\u00a0; nous aide \u00e0 garder de la compassion au milieu de la peine.<\/p>","protected":false},"excerpt":{"rendered":"<p><strong>Mangano Calcite<\/strong> \u2013<strong> Manganocalcite<\/strong><\/p>\n<p><strong>Indication :<\/strong> C\u0153ur bris\u00e9; accumulation de souffrances \u00e9motionnelles dues \u00e0 des exp\u00e9riences pass\u00e9es d\u2019abus ou de perte\u00a0; anxi\u00e9t\u00e9 de s\u00e9paration\u00a0; coinc\u00e9 dans l\u2019amertume et la critique\u00a0; sensation d\u2019ins\u00e9curit\u00e9 dans le c\u0153ur et le corps<\/p>","protected":false},"featured_media":5090,"template":"","meta":[],"product_brand":[],"product_cat":[117],"product_tag":[],"class_list":{"0":"post-5089","1":"product","2":"type-product","3":"status-publish","4":"has-post-thumbnail","6":"product_cat-les-elixirs-de-gemmes-supplementaires","8":"first","9":"instock","10":"taxable","11":"shipping-taxable","12":"purchasable","13":"product-type-variable"},"etheme_brands":{"errors":{"invalid_taxonomy":["Invalid taxonomy."]},"error_data":[]},"jetpack_sharing_enabled":true,"jetpack-related-posts":[{"id":2327,"url":"https:\/\/artstella-elixirs-floraux.com\/en\/product\/tundra-twayblade-alaskan\/","url_meta":{"origin":5089,"position":0},"title":"Tundra twayblade Alaskan","author":"eveapprill","date":"9 March 2025","format":false,"excerpt":"Tundra twayblade. Listera cordata Douleur et angoisse profondes r\u00e9sultant de blessures du pass\u00e9, fermeture du c\u0153ur pour \u00e9viter de ressentir la souffrance qui y demeure.","rel":"","context":"Similar post","block_context":{"text":"Similar post","link":""},"img":{"alt_text":"","src":"https:\/\/i0.wp.com\/artstella-elixirs-floraux.com\/wp-content\/uploads\/2025\/03\/wp-image595.png?resize=350%2C200&ssl=1","width":350,"height":200},"classes":[]},{"id":3621,"url":"https:\/\/artstella-elixirs-floraux.com\/en\/product\/messager-du-coeur-ltoe-15-ml\/","url_meta":{"origin":5089,"position":1},"title":"Messager du c\u0153ur LTOE 15 ML","author":"eveapprill","date":"9 March 2025","format":false,"excerpt":"Messenger of the Heart \/ Messager du c\u0153ur Tel un messager sur un cheval blanc, galopant au travers du coeur et pouss\u00e9 par un d\u00e9sir vif d\u2019\u00eatre honn\u00eate et int\u00e8gre, cet \u00e9lixir r\u00e9v\u00e8le les valeurs que l\u2019on tient le plus profond\u00e9ment \u00e0 c\u0153ur. Il aide le c\u0153ur \u00e0 exprimer sa\u2026","rel":"","context":"Similar post","block_context":{"text":"Similar post","link":""},"img":{"alt_text":"","src":"https:\/\/i0.wp.com\/artstella-elixirs-floraux.com\/wp-content\/uploads\/2025\/03\/7c5bf41d-e65b-4d8e-832d-86be0faa2182.jpg?resize=350%2C200&ssl=1","width":350,"height":200,"srcset":"https:\/\/i0.wp.com\/artstella-elixirs-floraux.com\/wp-content\/uploads\/2025\/03\/7c5bf41d-e65b-4d8e-832d-86be0faa2182.jpg?resize=350%2C200&ssl=1 1x, https:\/\/i0.wp.com\/artstella-elixirs-floraux.com\/wp-content\/uploads\/2025\/03\/7c5bf41d-e65b-4d8e-832d-86be0faa2182.jpg?resize=525%2C300&ssl=1 1.5x, https:\/\/i0.wp.com\/artstella-elixirs-floraux.com\/wp-content\/uploads\/2025\/03\/7c5bf41d-e65b-4d8e-832d-86be0faa2182.jpg?resize=700%2C400&ssl=1 2x"},"classes":[]},{"id":5452,"url":"https:\/\/artstella-elixirs-floraux.com\/en\/product\/digitale-foxglove-vingerhoedskruid-10ml\/","url_meta":{"origin":5089,"position":2},"title":"Digitale &#8211; Foxglove- VINGERHOEDSKRUID 10ml","author":"eveapprill","date":"9 March 2025","format":false,"excerpt":"Digitale \/ Digitalis purpurea (foxglove) Pour d\u00e9passer le mental. Facilite les processus mentaux et permet de recontacter le c\u0153ur. Nous aide \u00e0 nous lib\u00e9rer de sch\u00e9mas de comportements que nous pensons devoir avoir.","rel":"","context":"Similar post","block_context":{"text":"Similar post","link":""},"img":{"alt_text":"","src":"","width":0,"height":0},"classes":[]},{"id":5104,"url":"https:\/\/artstella-elixirs-floraux.com\/en\/product\/silver-7-5-ml-alas-gem-sup\/","url_meta":{"origin":5089,"position":3},"title":"SILVER 7.5 ML ALAS GEM SUP","author":"eveapprill","date":"9 March 2025","format":false,"excerpt":"Silver \u2013 Argent Indications : manque d\u2019alignement entre le niveau personnel et la Volont\u00e9 Divine; intoxication aux m\u00e9taux lourds; probl\u00e9matiques chroniques dans la partie sup\u00e9rieure du corps due \u00e0 un mauvais alignement\u00a0; connexion faible avec le c\u0153ur et le moi sup\u00e9rieure","rel":"","context":"Similar post","block_context":{"text":"Similar post","link":""},"img":{"alt_text":"","src":"https:\/\/i0.wp.com\/artstella-elixirs-floraux.com\/wp-content\/uploads\/2025\/03\/wp-image1419.png?resize=350%2C200&ssl=1","width":350,"height":200},"classes":[]},{"id":5518,"url":"https:\/\/artstella-elixirs-floraux.com\/en\/product\/orque\/","url_meta":{"origin":5089,"position":4},"title":"ORQUE","author":"eveapprill","date":"9 March 2025","format":false,"excerpt":"ORQUE - Orca (Orcinus Orca) Cet \u00e9lixir a une forte action au niveau du chakra du c\u0153ur et nous relie \u00e0 la cinqui\u00e8me dimension. Il nous relie \u00e0 notre force int\u00e9rieure et nous permet de puiser dans notre potentiel de cr\u00e9ation, pour nous relier \u00e0 la lumi\u00e8re. Dans cette dimension,\u2026","rel":"","context":"Similar post","block_context":{"text":"Similar post","link":""},"img":{"alt_text":"","src":"https:\/\/i0.wp.com\/artstella-elixirs-floraux.com\/wp-content\/uploads\/2025\/03\/wp-image1754.png?resize=350%2C200&ssl=1","width":350,"height":200},"classes":[]},{"id":5464,"url":"https:\/\/artstella-elixirs-floraux.com\/en\/product\/escholzia-california-poppy-10ml\/","url_meta":{"origin":5089,"position":5},"title":"Escholzia &#8211; California poppy 10ML","author":"eveapprill","date":"9 March 2025","format":false,"excerpt":"Escholzia \/ Eschscholzia california (california poppy) SLAAPMUTSJE Pour faire confiance \u00e0 notre ressenti et \u00e0 notre c\u0153ur.\u00a0 Apporte chaleur, confiance et paix au niveau du c\u0153ur. Pour d\u00e9passer les aspects superficiels et rechercher la sagesse int\u00e9rieure.","rel":"","context":"Similar post","block_context":{"text":"Similar post","link":""},"img":{"alt_text":"","src":"","width":0,"height":0},"classes":[]}],"_links":{"self":[{"href":"https:\/\/artstella-elixirs-floraux.com\/en\/wp-json\/wp\/v2\/product\/5089","targetHints":{"allow":["GET"]}}],"collection":[{"href":"https:\/\/artstella-elixirs-floraux.com\/en\/wp-json\/wp\/v2\/product"}],"about":[{"href":"https:\/\/artstella-elixirs-floraux.com\/en\/wp-json\/wp\/v2\/types\/product"}],"version-history":[{"count":0,"href":"https:\/\/artstella-elixirs-floraux.com\/en\/wp-json\/wp\/v2\/product\/5089\/revisions"}],"wp:featuredmedia":[{"embeddable":true,"href":"https:\/\/artstella-elixirs-floraux.com\/en\/wp-json\/wp\/v2\/media\/5090"}],"wp:attachment":[{"href":"https:\/\/artstella-elixirs-floraux.com\/en\/wp-json\/wp\/v2\/media?parent=5089"}],"wp:term":[{"taxonomy":"product_brand","embeddable":true,"href":"https:\/\/artstella-elixirs-floraux.com\/en\/wp-json\/wp\/v2\/product_brand?post=5089"},{"taxonomy":"product_cat","embeddable":true,"href":"https:\/\/artstella-elixirs-floraux.com\/en\/wp-json\/wp\/v2\/product_cat?post=5089"},{"taxonomy":"product_tag","embeddable":true,"href":"https:\/\/artstella-elixirs-floraux.com\/en\/wp-json\/wp\/v2\/product_tag?post=5089"}],"curies":[{"name":"wp","href":"https:\/\/api.w.org\/{rel}","templated":true}]}}