{"id":5096,"date":"2025-03-09T13:38:21","date_gmt":"2025-03-09T13:38:21","guid":{"rendered":"https:\/\/artstella-elixirs-floraux.com\/product\/raspberry-rutile-7-5ml-alas-gem-sup\/"},"modified":"2025-04-09T14:55:17","modified_gmt":"2025-04-09T14:55:17","slug":"raspberry-rutile-7-5ml-alas-gem-sup","status":"publish","type":"product","link":"https:\/\/artstella-elixirs-floraux.com\/en\/product\/raspberry-rutile-7-5ml-alas-gem-sup\/","title":{"rendered":"RASPBERRY RUTILE 7.5ML ALAS GEM SUP"},"content":{"rendered":"<p><strong>Qualit\u00e9s\u00a0: <\/strong>pr\u00e9pare le 7<sup>\u00e8me<\/sup> chakra \u00e0 recevoir de l\u2019information de sources sup\u00e9rieures\u00a0; aide \u00e0 r\u00e9-enraciner l\u2019\u00e9nergie dans le corps apr\u00e8s un choc ou un\u00a0 trauma\u00a0; facilite un mouvement fluide de l\u2019\u00e9nergie entre le 8<sup>\u00e8me<\/sup> chakra et le c\u0153ur.<\/p>","protected":false},"excerpt":{"rendered":"<p><strong>Raspberry Rutile<\/strong> &#8211; <strong>\u00a0Rutile framboise<\/strong><\/p>\n<p><strong>Indication : <\/strong>manque de confiance dans ses capacit\u00e9s \u00e0 recevoir la guidance\u00a0du monde spirituel; d\u00e9sorientation apr\u00e8s un choc ou une exp\u00e9rience traumatisante\u00a0; facilement<\/p>","protected":false},"featured_media":5097,"template":"","meta":[],"product_brand":[],"product_cat":[117],"product_tag":[],"class_list":{"0":"post-5096","1":"product","2":"type-product","3":"status-publish","4":"has-post-thumbnail","6":"product_cat-les-elixirs-de-gemmes-supplementaires","8":"first","9":"instock","10":"taxable","11":"shipping-taxable","12":"purchasable","13":"product-type-variable"},"etheme_brands":{"errors":{"invalid_taxonomy":["Invalid taxonomy."]},"error_data":[]},"jetpack_sharing_enabled":true,"jetpack-related-posts":[{"id":2956,"url":"https:\/\/artstella-elixirs-floraux.com\/en\/product\/quartz-rutile-15-ml-phi\/","url_meta":{"origin":5096,"position":0},"title":"QUARTZ RUTILE 15 ML PHI","author":"eveapprill","date":"9 March 2025","format":false,"excerpt":"Quartz rutile (Rutilquarz) Aide \u00e0 trouver la racine de nos probl\u00e8mes et apporte la lumi\u00e8re dans notre \u00e2me.","rel":"","context":"Similar post","block_context":{"text":"Similar post","link":""},"img":{"alt_text":"","src":"https:\/\/i0.wp.com\/artstella-elixirs-floraux.com\/wp-content\/uploads\/2025\/03\/wp-image305.png?resize=350%2C200&ssl=1","width":350,"height":200},"classes":[]},{"id":5116,"url":"https:\/\/artstella-elixirs-floraux.com\/en\/product\/rutile-7-5-ml-alaska-gem-sup\/","url_meta":{"origin":5096,"position":1},"title":"RUTILE 7.5 ML ALASKA GEM SUP","author":"eveapprill","date":"9 March 2025","format":false,"excerpt":"Rutile Indication\u00a0: Se sentant prisonnier de la forme physique\u00a0; int\u00e9r\u00eat tourn\u00e9 vers le mat\u00e9rialiste dans la vie\u00a0; faible connexion \u00e0 la terre\u00a0; manque de conscience des dimensions non physiques de la r\u00e9alit\u00e9.","rel":"","context":"Similar post","block_context":{"text":"Similar post","link":""},"img":{"alt_text":"","src":"","width":0,"height":0},"classes":[]},{"id":6325,"url":"https:\/\/artstella-elixirs-floraux.com\/en\/product\/septieme-chakra-weae-30ml\/","url_meta":{"origin":5096,"position":2},"title":"SEPTIEME CHAKRA WEAE 30 ml","author":"eveapprill","date":"9 March 2025","format":false,"excerpt":"Seventh Chakra Essence fournit un soutien pour recevoir les dons du septi\u00e8me chakra, y compris: \u00eatre en unit\u00e9 avec l'esprit, recevoir des conseils sup\u00e9rieurs, la connexion divine.","rel":"","context":"Similar post","block_context":{"text":"Similar post","link":""},"img":{"alt_text":"","src":"https:\/\/i0.wp.com\/artstella-elixirs-floraux.com\/wp-content\/uploads\/2025\/03\/1f748c53-28aa-4d2b-a2a4-484c606e5bf4.jpg?resize=350%2C200&ssl=1","width":350,"height":200,"srcset":"https:\/\/i0.wp.com\/artstella-elixirs-floraux.com\/wp-content\/uploads\/2025\/03\/1f748c53-28aa-4d2b-a2a4-484c606e5bf4.jpg?resize=350%2C200&ssl=1 1x, https:\/\/i0.wp.com\/artstella-elixirs-floraux.com\/wp-content\/uploads\/2025\/03\/1f748c53-28aa-4d2b-a2a4-484c606e5bf4.jpg?resize=525%2C300&ssl=1 1.5x, https:\/\/i0.wp.com\/artstella-elixirs-floraux.com\/wp-content\/uploads\/2025\/03\/1f748c53-28aa-4d2b-a2a4-484c606e5bf4.jpg?resize=700%2C400&ssl=1 2x"},"classes":[]},{"id":6313,"url":"https:\/\/artstella-elixirs-floraux.com\/en\/product\/premier-chakra-weae-30-ml\/","url_meta":{"origin":5096,"position":3},"title":"Premier Chakra WEAE 30 ml","author":"eveapprill","date":"9 March 2025","format":false,"excerpt":"First Chakra Essence fournit un soutien pour recevoir les cadeaux du premier chakra, y compris: s\u2019ancrer, accepter notre corps physique, nous sentir en s\u00e9curit\u00e9, faire face aux probl\u00e8mes de survie, stabilit\u00e9 et enracinement.","rel":"","context":"Similar post","block_context":{"text":"Similar post","link":""},"img":{"alt_text":"","src":"https:\/\/i0.wp.com\/artstella-elixirs-floraux.com\/wp-content\/uploads\/2025\/03\/68bf7613-c8fd-48ce-a419-a6b266b3bb71.jpg?resize=350%2C200&ssl=1","width":350,"height":200,"srcset":"https:\/\/i0.wp.com\/artstella-elixirs-floraux.com\/wp-content\/uploads\/2025\/03\/68bf7613-c8fd-48ce-a419-a6b266b3bb71.jpg?resize=350%2C200&ssl=1 1x, https:\/\/i0.wp.com\/artstella-elixirs-floraux.com\/wp-content\/uploads\/2025\/03\/68bf7613-c8fd-48ce-a419-a6b266b3bb71.jpg?resize=525%2C300&ssl=1 1.5x, https:\/\/i0.wp.com\/artstella-elixirs-floraux.com\/wp-content\/uploads\/2025\/03\/68bf7613-c8fd-48ce-a419-a6b266b3bb71.jpg?resize=700%2C400&ssl=1 2x"},"classes":[]},{"id":5077,"url":"https:\/\/artstella-elixirs-floraux.com\/en\/product\/green-tour-smoky-quartz-7-5m-g-sup\/","url_meta":{"origin":5096,"position":4},"title":"GREEN TOUR\/SMOKY QUARTZ 7.5M G SUP","author":"eveapprill","date":"9 March 2025","format":false,"excerpt":"Green Tourmaline\/Smoky Quartz \u2013 Tourmaline verte\/quartz fum\u00e9 : Indication\u00a0: anxi\u00e9t\u00e9, tensions dans le corps, manque de synchronisation entre les diff\u00e9rentes parties du champ \u00e9nerg\u00e9tique et de la Terre\u00a0; difficult\u00e9 \u00e0 mener des activit\u00e9s coordonn\u00e9es apr\u00e8s un choc ou un bouleversement.","rel":"","context":"Similar post","block_context":{"text":"Similar post","link":""},"img":{"alt_text":"Les Elixirs de Gemmes en recherche","src":"https:\/\/i0.wp.com\/artstella-elixirs-floraux.com\/wp-content\/uploads\/2025\/03\/wp-image1410.png?resize=350%2C200&ssl=1","width":350,"height":200},"classes":[]},{"id":4946,"url":"https:\/\/artstella-elixirs-floraux.com\/en\/product\/lilac-alaska-f-sup\/","url_meta":{"origin":5096,"position":5},"title":"LILAC ALASKA F SUP","author":"eveapprill","date":"9 March 2025","format":false,"excerpt":"Lilac Lilas Aligne les chakras afin qu\u2019ils soient \u00e0 m\u00eame de recevoir et d\u2019absorber la lumi\u00e8re ; nous aide avec douceur \u00e0 \u00e9lever la fr\u00e9quence de nos champs d\u2019\u00e9nergie.","rel":"","context":"Similar post","block_context":{"text":"Similar post","link":""},"img":{"alt_text":"","src":"https:\/\/i0.wp.com\/artstella-elixirs-floraux.com\/wp-content\/uploads\/2025\/03\/wp-image1392.png?resize=350%2C200&ssl=1","width":350,"height":200},"classes":[]}],"_links":{"self":[{"href":"https:\/\/artstella-elixirs-floraux.com\/en\/wp-json\/wp\/v2\/product\/5096","targetHints":{"allow":["GET"]}}],"collection":[{"href":"https:\/\/artstella-elixirs-floraux.com\/en\/wp-json\/wp\/v2\/product"}],"about":[{"href":"https:\/\/artstella-elixirs-floraux.com\/en\/wp-json\/wp\/v2\/types\/product"}],"version-history":[{"count":0,"href":"https:\/\/artstella-elixirs-floraux.com\/en\/wp-json\/wp\/v2\/product\/5096\/revisions"}],"wp:featuredmedia":[{"embeddable":true,"href":"https:\/\/artstella-elixirs-floraux.com\/en\/wp-json\/wp\/v2\/media\/5097"}],"wp:attachment":[{"href":"https:\/\/artstella-elixirs-floraux.com\/en\/wp-json\/wp\/v2\/media?parent=5096"}],"wp:term":[{"taxonomy":"product_brand","embeddable":true,"href":"https:\/\/artstella-elixirs-floraux.com\/en\/wp-json\/wp\/v2\/product_brand?post=5096"},{"taxonomy":"product_cat","embeddable":true,"href":"https:\/\/artstella-elixirs-floraux.com\/en\/wp-json\/wp\/v2\/product_cat?post=5096"},{"taxonomy":"product_tag","embeddable":true,"href":"https:\/\/artstella-elixirs-floraux.com\/en\/wp-json\/wp\/v2\/product_tag?post=5096"}],"curies":[{"name":"wp","href":"https:\/\/api.w.org\/{rel}","templated":true}]}}