{"id":5116,"date":"2025-03-09T13:38:41","date_gmt":"2025-03-09T13:38:41","guid":{"rendered":"https:\/\/artstella-elixirs-floraux.com\/product\/rutile-7-5-ml-alaska-gem-sup\/"},"modified":"2025-04-09T14:48:31","modified_gmt":"2025-04-09T14:48:31","slug":"rutile-7-5-ml-alaska-gem-sup","status":"publish","type":"product","link":"https:\/\/artstella-elixirs-floraux.com\/en\/product\/rutile-7-5-ml-alaska-gem-sup\/","title":{"rendered":"RUTILE 7.5 ML ALASKA GEM SUP"},"content":{"rendered":"<p><strong>Qualit\u00e9s\u00a0: <\/strong>nous montre comment co-cr\u00e9er avec les intelligences sup\u00e9rieures qui habitent le r\u00e8gne physique de fa\u00e7on \u00e0 pouvoir travailler et modifier nos structures physiques pour mieux r\u00e9pondre aux exigences de notre voyage terrestre\u00a0; nous rappelle que nous sommes part de quelque chose de plus grand qui transcende le physique et qui fonctionne et reste toujours intacte.<\/p>","protected":false},"excerpt":{"rendered":"<p><strong>Rutile<\/strong><\/p>\n<p>Indication\u00a0: Se sentant prisonnier de la forme physique\u00a0; int\u00e9r\u00eat tourn\u00e9 vers le mat\u00e9rialiste dans la vie\u00a0; faible connexion \u00e0 la terre\u00a0; manque de conscience des dimensions non physiques de la r\u00e9alit\u00e9.<\/p>","protected":false},"featured_media":5117,"template":"","meta":[],"product_brand":[],"product_cat":[117],"product_tag":[],"class_list":{"0":"post-5116","1":"product","2":"type-product","3":"status-publish","4":"has-post-thumbnail","6":"product_cat-les-elixirs-de-gemmes-supplementaires","8":"first","9":"instock","10":"taxable","11":"shipping-taxable","12":"purchasable","13":"product-type-variable"},"etheme_brands":{"errors":{"invalid_taxonomy":["Invalid taxonomy."]},"error_data":[]},"jetpack_sharing_enabled":true,"jetpack-related-posts":[{"id":2956,"url":"https:\/\/artstella-elixirs-floraux.com\/en\/product\/quartz-rutile-15-ml-phi\/","url_meta":{"origin":5116,"position":0},"title":"QUARTZ RUTILE 15 ML PHI","author":"eveapprill","date":"9 March 2025","format":false,"excerpt":"Quartz rutile (Rutilquarz) Aide \u00e0 trouver la racine de nos probl\u00e8mes et apporte la lumi\u00e8re dans notre \u00e2me.","rel":"","context":"Similar post","block_context":{"text":"Similar post","link":""},"img":{"alt_text":"","src":"https:\/\/i0.wp.com\/artstella-elixirs-floraux.com\/wp-content\/uploads\/2025\/03\/wp-image305.png?resize=350%2C200&ssl=1","width":350,"height":200},"classes":[]},{"id":5096,"url":"https:\/\/artstella-elixirs-floraux.com\/en\/product\/raspberry-rutile-7-5ml-alas-gem-sup\/","url_meta":{"origin":5116,"position":1},"title":"RASPBERRY RUTILE 7.5ML ALAS GEM SUP","author":"eveapprill","date":"9 March 2025","format":false,"excerpt":"Raspberry Rutile - \u00a0Rutile framboise Indication : manque de confiance dans ses capacit\u00e9s \u00e0 recevoir la guidance\u00a0du monde spirituel; d\u00e9sorientation apr\u00e8s un choc ou une exp\u00e9rience traumatisante\u00a0; facilement","rel":"","context":"Similar post","block_context":{"text":"Similar post","link":""},"img":{"alt_text":"","src":"https:\/\/i0.wp.com\/artstella-elixirs-floraux.com\/wp-content\/uploads\/2025\/03\/wp-image1415.png?resize=350%2C200&ssl=1","width":350,"height":200},"classes":[]},{"id":4167,"url":"https:\/\/artstella-elixirs-floraux.com\/en\/product\/gabriel-messagers-sylfos-15ml\/","url_meta":{"origin":5116,"position":2},"title":"GABRIEL (MESSAGERS) SYLFOS 15ML","author":"eveapprill","date":"9 March 2025","format":false,"excerpt":"GABRIEL Puret\u00e9, Harmonie, Gentillesse, Clart\u00e9, Calme, Consolation. Pour faire face \u00e0 des abus ou des agressions ayant atteint l\u2019int\u00e9grit\u00e9, ou des attaques physique ou psychique.","rel":"","context":"Similar post","block_context":{"text":"Similar post","link":""},"img":{"alt_text":"","src":"","width":0,"height":0},"classes":[]},{"id":5619,"url":"https:\/\/artstella-elixirs-floraux.com\/en\/product\/amandier-15-ml\/","url_meta":{"origin":5116,"position":3},"title":"Amandier 15 ML","author":"eveapprill","date":"9 March 2025","format":false,"excerpt":"Amandier Joie de vivre, vitalit\u00e9. Pour accepter le vieillissement du corps et percevoir la beaut\u00e9 de l\u2019\u00eatre au-del\u00e0 de la simple apparence physique. Fortifie et r\u00e9g\u00e9n\u00e8re le corps physique.","rel":"","context":"Similar post","block_context":{"text":"Similar post","link":""},"img":{"alt_text":"","src":"https:\/\/i0.wp.com\/artstella-elixirs-floraux.com\/wp-content\/uploads\/2025\/03\/wp-image1812.png?resize=350%2C200&ssl=1","width":350,"height":200},"classes":[]},{"id":2119,"url":"https:\/\/artstella-elixirs-floraux.com\/en\/product\/chiming-bells-alaska\/","url_meta":{"origin":5116,"position":4},"title":"CHIMING BELLS ALASKA","author":"eveapprill","date":"9 March 2025","format":false,"excerpt":"CHIMING BELLS ALASKA D\u00e9prim\u00e9 abattu manque d'enthousiasme, sans joie dans la vie quotidienne, sensation de faiblesse physique et d'instabilit\u00e9. Permet\u00a0 de faire l'exp\u00e9rience de la joie de la paix et de sentir une stabilit\u00e9 sur la plan physique de notre \u00eatre. Ouvre nos coeurs \u00e0 l'\u00e9nergie d'amour de la M\u00e8re\u2026","rel":"","context":"Similar post","block_context":{"text":"Similar post","link":""},"img":{"alt_text":"","src":"https:\/\/i0.wp.com\/artstella-elixirs-floraux.com\/wp-content\/uploads\/2025\/03\/wp-image551.png?resize=350%2C200&ssl=1","width":350,"height":200},"classes":[]},{"id":2178,"url":"https:\/\/artstella-elixirs-floraux.com\/en\/product\/grove-standwort-alaskan\/","url_meta":{"origin":5116,"position":5},"title":"Grove standwort Alaskan","author":"eveapprill","date":"9 March 2025","format":false,"excerpt":"Grove standwort. Moehringia lateriflora Sensation de manque de nourriture au niveau physique et \u00e9motionnel, manque de lien entre la m\u00e8re et l'enfant, sensation de manque de soutien de la terre.","rel":"","context":"Similar post","block_context":{"text":"Similar post","link":""},"img":{"alt_text":"","src":"https:\/\/i0.wp.com\/artstella-elixirs-floraux.com\/wp-content\/uploads\/2025\/03\/wp-image540.png?resize=350%2C200&ssl=1","width":350,"height":200},"classes":[]}],"_links":{"self":[{"href":"https:\/\/artstella-elixirs-floraux.com\/en\/wp-json\/wp\/v2\/product\/5116","targetHints":{"allow":["GET"]}}],"collection":[{"href":"https:\/\/artstella-elixirs-floraux.com\/en\/wp-json\/wp\/v2\/product"}],"about":[{"href":"https:\/\/artstella-elixirs-floraux.com\/en\/wp-json\/wp\/v2\/types\/product"}],"version-history":[{"count":0,"href":"https:\/\/artstella-elixirs-floraux.com\/en\/wp-json\/wp\/v2\/product\/5116\/revisions"}],"wp:featuredmedia":[{"embeddable":true,"href":"https:\/\/artstella-elixirs-floraux.com\/en\/wp-json\/wp\/v2\/media\/5117"}],"wp:attachment":[{"href":"https:\/\/artstella-elixirs-floraux.com\/en\/wp-json\/wp\/v2\/media?parent=5116"}],"wp:term":[{"taxonomy":"product_brand","embeddable":true,"href":"https:\/\/artstella-elixirs-floraux.com\/en\/wp-json\/wp\/v2\/product_brand?post=5116"},{"taxonomy":"product_cat","embeddable":true,"href":"https:\/\/artstella-elixirs-floraux.com\/en\/wp-json\/wp\/v2\/product_cat?post=5116"},{"taxonomy":"product_tag","embeddable":true,"href":"https:\/\/artstella-elixirs-floraux.com\/en\/wp-json\/wp\/v2\/product_tag?post=5116"}],"curies":[{"name":"wp","href":"https:\/\/api.w.org\/{rel}","templated":true}]}}