{"id":5120,"date":"2025-03-09T13:38:45","date_gmt":"2025-03-09T13:38:45","guid":{"rendered":"https:\/\/artstella-elixirs-floraux.com\/product\/star-ruby-ruby-etoile\/"},"modified":"2025-04-09T14:47:09","modified_gmt":"2025-04-09T14:47:09","slug":"star-ruby-ruby-etoile","status":"publish","type":"product","link":"https:\/\/artstella-elixirs-floraux.com\/en\/product\/star-ruby-ruby-etoile\/","title":{"rendered":"Star Ruby -ruby \u00e9toil\u00e9"},"content":{"rendered":"<p><strong>Qualit\u00e9s: <\/strong>am\u00e9liore la conscience et une concentration aiguis\u00e9e du moment pr\u00e9sent; permet d\u2019attirer et d\u2019ancrer \u00e9nergie et information dans le corps physique\u00a0; aide \u00e0 enraciner ceux qui restent perdus dans leurs pens\u00e9es\u00a0; bon pour ceux qui sont facilement distraits ou pour ceux qui se perdent volontairement dans des distractions.<\/p>","protected":false},"excerpt":{"rendered":"<p><strong>Star Ruby<\/strong> <strong>\u2013 Rubis \u00e9toil\u00e9<\/strong><\/p>\n<p><strong>Indication:<\/strong> facilement distrait, difficult\u00e9 \u00e0 rester concentre du \u00e0 un manque d\u2019enracinement; attention non align\u00e9e avec le corps physique\u00a0; pris par des \u00e9motions et par\u00a0 les d\u00e9tails d\u2019une situation, en perdant la vision plus large.<\/p>","protected":false},"featured_media":5121,"template":"","meta":[],"product_brand":[],"product_cat":[117],"product_tag":[],"class_list":{"0":"post-5120","1":"product","2":"type-product","3":"status-publish","4":"has-post-thumbnail","6":"product_cat-les-elixirs-de-gemmes-supplementaires","8":"first","9":"instock","10":"taxable","11":"shipping-taxable","12":"purchasable","13":"product-type-variable"},"etheme_brands":{"errors":{"invalid_taxonomy":["Invalid taxonomy."]},"error_data":[]},"jetpack_sharing_enabled":true,"jetpack-related-posts":[{"id":2689,"url":"https:\/\/artstella-elixirs-floraux.com\/en\/product\/easy-learning-alaska\/","url_meta":{"origin":5120,"position":0},"title":"EASY LEARNING ALASKA","author":"eveapprill","date":"9 March 2025","format":false,"excerpt":"Easy Learning\u00a0 (Apprendre facilement) existe en gouttes et en\u00a0 spray Contient : Blue Topaz. Bunchberry . Lapis Lazuli . Star Ruby . Stinging Nettle\u00a0. White Spruce. Facilite tous les aspects des processus d'apprentissage, autant pour les enfants que pour les adultes. Et ceci sur trois axes :","rel":"","context":"Similar post","block_context":{"text":"Similar post","link":""},"img":{"alt_text":"","src":"https:\/\/i0.wp.com\/artstella-elixirs-floraux.com\/wp-content\/uploads\/2025\/03\/95bf250c-1f74-4836-b456-57fd1dc1b7a8.jpg?resize=350%2C200&ssl=1","width":350,"height":200,"srcset":"https:\/\/i0.wp.com\/artstella-elixirs-floraux.com\/wp-content\/uploads\/2025\/03\/95bf250c-1f74-4836-b456-57fd1dc1b7a8.jpg?resize=350%2C200&ssl=1 1x, https:\/\/i0.wp.com\/artstella-elixirs-floraux.com\/wp-content\/uploads\/2025\/03\/95bf250c-1f74-4836-b456-57fd1dc1b7a8.jpg?resize=525%2C300&ssl=1 1.5x, https:\/\/i0.wp.com\/artstella-elixirs-floraux.com\/wp-content\/uploads\/2025\/03\/95bf250c-1f74-4836-b456-57fd1dc1b7a8.jpg?resize=700%2C400&ssl=1 2x"},"classes":[]},{"id":11338,"url":"https:\/\/artstella-elixirs-floraux.com\/en\/product\/easy-learning-apprendre-facilement-spray-alaska\/","url_meta":{"origin":5120,"position":1},"title":"EASY LEARNING &#8211; Apprendre Facilement SPRAY ALASKA","author":"eveapprill","date":"31 August 2025","format":false,"excerpt":"Easy Learning (Apprendre facilement) - \u00a0 Blue Topaz\u009f Bunchberry \u009f Lapis Lazuli \u009f Star Ruby Stinging Nettle \u009f White Spruce Easy Learning est un spray destin\u00e9 \u00e0 faciliter tous les aspects du processus d'apprentissage, tant pour les enfants que les adultes. Il am\u00e9liore la concentration, la capacit\u00e9 \u00e0 ne pas\u2026","rel":"","context":"Similar post","block_context":{"text":"Similar post","link":""},"img":{"alt_text":"","src":"https:\/\/i0.wp.com\/artstella-elixirs-floraux.com\/wp-content\/uploads\/2025\/08\/easy-learning.jpg?resize=350%2C200&ssl=1","width":350,"height":200},"classes":[]},{"id":4979,"url":"https:\/\/artstella-elixirs-floraux.com\/en\/product\/red-elder-alaskan-f-sup\/","url_meta":{"origin":5120,"position":2},"title":"RED ELDER ALASKAN F SUP","author":"eveapprill","date":"9 March 2025","format":false,"excerpt":"Red Elder Sambucus racemosa Sureau de montagne Indications\u00a0: sensation de manque d\u2019enracinement et de soutien dans le monde physique\u00a0; concentration troubl\u00e9e et dispers\u00e9e.","rel":"","context":"Similar post","block_context":{"text":"Similar post","link":""},"img":{"alt_text":"","src":"","width":0,"height":0},"classes":[]},{"id":5073,"url":"https:\/\/artstella-elixirs-floraux.com\/en\/product\/green-garnet-7-5ml-alas-gem-sup\/","url_meta":{"origin":5120,"position":3},"title":"GREEN GARNET 7.5ML ALAS GEM SUP","author":"eveapprill","date":"9 March 2025","format":false,"excerpt":"Green Garnet \u2013 Grenat vert Indication : manque d\u2019enracinement\u00a0; d\u00e9connect\u00e9 de la Terre\u00a0; d\u00e9sorientation\u00a0; facilement d\u00e9pass\u00e9\u00a0; tendance \u00e0 \u00eatre trop en expansion et \u00e0 la dispersion\u00a0; difficult\u00e9 \u00e0 \u00eatre concentr\u00e9 sur l\u2019instant pr\u00e9sent","rel":"","context":"Similar post","block_context":{"text":"Similar post","link":""},"img":{"alt_text":"","src":"https:\/\/i0.wp.com\/artstella-elixirs-floraux.com\/wp-content\/uploads\/2025\/03\/wp-image1406.png?resize=350%2C200&ssl=1","width":350,"height":200},"classes":[]},{"id":5146,"url":"https:\/\/artstella-elixirs-floraux.com\/en\/product\/sundew-15-ml\/","url_meta":{"origin":5120,"position":4},"title":"Sundew 15 ml","author":"eveapprill","date":"9 March 2025","format":false,"excerpt":"Cette plante carnivore est destin\u00e9e aux ind\u00e9cis, aux impr\u00e9cis qui ne font pas attention aux d\u00e9tails. A ceux qui ont tendance \u00e0 fuir facilement, particuli\u00e8rement quand il y a un travail \u00e0 faire. Cet \u00e9lixir va leur permettre de se relier au pr\u00e9sent, \u00e0 les enraciner dans \"l'ici et maintenant\".","rel":"","context":"Similar post","block_context":{"text":"Similar post","link":""},"img":{"alt_text":"","src":"https:\/\/i0.wp.com\/artstella-elixirs-floraux.com\/wp-content\/uploads\/2025\/03\/wp-image1451.png?resize=350%2C200&ssl=1","width":350,"height":200},"classes":[]},{"id":6313,"url":"https:\/\/artstella-elixirs-floraux.com\/en\/product\/premier-chakra-weae-30-ml\/","url_meta":{"origin":5120,"position":5},"title":"Premier Chakra WEAE 30 ml","author":"eveapprill","date":"9 March 2025","format":false,"excerpt":"First Chakra Essence fournit un soutien pour recevoir les cadeaux du premier chakra, y compris: s\u2019ancrer, accepter notre corps physique, nous sentir en s\u00e9curit\u00e9, faire face aux probl\u00e8mes de survie, stabilit\u00e9 et enracinement.","rel":"","context":"Similar post","block_context":{"text":"Similar post","link":""},"img":{"alt_text":"","src":"https:\/\/i0.wp.com\/artstella-elixirs-floraux.com\/wp-content\/uploads\/2025\/03\/68bf7613-c8fd-48ce-a419-a6b266b3bb71.jpg?resize=350%2C200&ssl=1","width":350,"height":200,"srcset":"https:\/\/i0.wp.com\/artstella-elixirs-floraux.com\/wp-content\/uploads\/2025\/03\/68bf7613-c8fd-48ce-a419-a6b266b3bb71.jpg?resize=350%2C200&ssl=1 1x, https:\/\/i0.wp.com\/artstella-elixirs-floraux.com\/wp-content\/uploads\/2025\/03\/68bf7613-c8fd-48ce-a419-a6b266b3bb71.jpg?resize=525%2C300&ssl=1 1.5x, https:\/\/i0.wp.com\/artstella-elixirs-floraux.com\/wp-content\/uploads\/2025\/03\/68bf7613-c8fd-48ce-a419-a6b266b3bb71.jpg?resize=700%2C400&ssl=1 2x"},"classes":[]}],"_links":{"self":[{"href":"https:\/\/artstella-elixirs-floraux.com\/en\/wp-json\/wp\/v2\/product\/5120","targetHints":{"allow":["GET"]}}],"collection":[{"href":"https:\/\/artstella-elixirs-floraux.com\/en\/wp-json\/wp\/v2\/product"}],"about":[{"href":"https:\/\/artstella-elixirs-floraux.com\/en\/wp-json\/wp\/v2\/types\/product"}],"version-history":[{"count":0,"href":"https:\/\/artstella-elixirs-floraux.com\/en\/wp-json\/wp\/v2\/product\/5120\/revisions"}],"wp:featuredmedia":[{"embeddable":true,"href":"https:\/\/artstella-elixirs-floraux.com\/en\/wp-json\/wp\/v2\/media\/5121"}],"wp:attachment":[{"href":"https:\/\/artstella-elixirs-floraux.com\/en\/wp-json\/wp\/v2\/media?parent=5120"}],"wp:term":[{"taxonomy":"product_brand","embeddable":true,"href":"https:\/\/artstella-elixirs-floraux.com\/en\/wp-json\/wp\/v2\/product_brand?post=5120"},{"taxonomy":"product_cat","embeddable":true,"href":"https:\/\/artstella-elixirs-floraux.com\/en\/wp-json\/wp\/v2\/product_cat?post=5120"},{"taxonomy":"product_tag","embeddable":true,"href":"https:\/\/artstella-elixirs-floraux.com\/en\/wp-json\/wp\/v2\/product_tag?post=5120"}],"curies":[{"name":"wp","href":"https:\/\/api.w.org\/{rel}","templated":true}]}}