{"id":5132,"date":"2025-03-09T13:38:53","date_gmt":"2025-03-09T13:38:53","guid":{"rendered":"https:\/\/artstella-elixirs-floraux.com\/product\/dreamers-awareness-spray-50ml\/"},"modified":"2025-04-25T13:13:21","modified_gmt":"2025-04-25T13:13:21","slug":"dreamers-awareness-spray-50ml","status":"publish","type":"product","link":"https:\/\/artstella-elixirs-floraux.com\/en\/product\/dreamers-awareness-spray-50ml\/","title":{"rendered":"Dreamers Awareness spray 50ml"},"content":{"rendered":"","protected":false},"excerpt":{"rendered":"<p><strong>Sprays pour les enfants et adultes :<\/strong> ce spray<strong> <\/strong>soutient la pr\u00e9sence, il\u00a0apaise tout en clarifiant les processus de pens\u00e9es. et permet de se prot\u00e9ger par rapport \u00e0 une <span style=\"font-size:12px\">surcharge<\/span> de stimulis. Renforce la confiance.<\/p>","protected":false},"featured_media":7597,"template":"","meta":[],"product_brand":[],"product_cat":[136],"product_tag":[],"class_list":{"0":"post-5132","1":"product","2":"type-product","3":"status-publish","4":"has-post-thumbnail","6":"product_cat-les-elixirs-en-spray","8":"first","9":"instock","10":"taxable","11":"shipping-taxable","12":"purchasable","13":"product-type-simple"},"etheme_brands":{"errors":{"invalid_taxonomy":["Invalid taxonomy."]},"error_data":[]},"jetpack_sharing_enabled":true,"jetpack-related-posts":[{"id":3891,"url":"https:\/\/artstella-elixirs-floraux.com\/en\/product\/delph-spray-spray-energie-dauphin-phi\/","url_meta":{"origin":5132,"position":0},"title":"DELPH -SPRAY spray \u00e9nergie dauphin PHI","author":"eveapprill","date":"9 March 2025","format":false,"excerpt":"Delph spray - Spray \u00e0 l'\u00e9nergie des dauphins Action bienfaisante et purifiante de Delph\u00ae existe en spray. Il s'utilise en vaporisation pour purifier les pi\u00e8ces charg\u00e9es \u00e9nerg\u00e9tiquement (bureau, cabinet de consultation, salle de conf\u00e9rences, etc.).","rel":"","context":"Similar post","block_context":{"text":"Similar post","link":""},"img":{"alt_text":"","src":"","width":0,"height":0},"classes":[]},{"id":5128,"url":"https:\/\/artstella-elixirs-floraux.com\/en\/product\/concentration-spray-50ml\/","url_meta":{"origin":5132,"position":1},"title":"Concentration Spray 50ml","author":"eveapprill","date":"9 March 2025","format":false,"excerpt":"Sprays pour les enfants :ce spray \"concentration\" favorise l'apprentissage (valable aussi pour les adultes)","rel":"","context":"Similar post","block_context":{"text":"Similar post","link":""},"img":{"alt_text":"","src":"https:\/\/i0.wp.com\/artstella-elixirs-floraux.com\/wp-content\/uploads\/2025\/03\/9a7cf054-da90-4a10-82e9-9ab7ad1819c0.jpg?resize=350%2C200&ssl=1","width":350,"height":200,"srcset":"https:\/\/i0.wp.com\/artstella-elixirs-floraux.com\/wp-content\/uploads\/2025\/03\/9a7cf054-da90-4a10-82e9-9ab7ad1819c0.jpg?resize=350%2C200&ssl=1 1x, https:\/\/i0.wp.com\/artstella-elixirs-floraux.com\/wp-content\/uploads\/2025\/03\/9a7cf054-da90-4a10-82e9-9ab7ad1819c0.jpg?resize=525%2C300&ssl=1 1.5x, https:\/\/i0.wp.com\/artstella-elixirs-floraux.com\/wp-content\/uploads\/2025\/03\/9a7cf054-da90-4a10-82e9-9ab7ad1819c0.jpg?resize=700%2C400&ssl=1 2x"},"classes":[]},{"id":3885,"url":"https:\/\/artstella-elixirs-floraux.com\/en\/product\/rq7-phi-spray-durgence\/","url_meta":{"origin":5132,"position":2},"title":"RQ7 PHI SPRAY D&rsquo;URGENCE","author":"eveapprill","date":"9 March 2025","format":false,"excerpt":"RQ7 en spray (spray d\u2019urgence) La combinaison d'urgence existe maintenant en spray pour un usage externe. En cas de stress important ou de choc, vous pouvez le vaporiser plusieurs fois autour de vous ou directement sur la peau","rel":"","context":"Similar post","block_context":{"text":"Similar post","link":""},"img":{"alt_text":"","src":"https:\/\/i0.wp.com\/artstella-elixirs-floraux.com\/wp-content\/uploads\/2025\/03\/8b37bd36-1578-4bda-bf29-27659c5152c5.jpg?resize=350%2C200&ssl=1","width":350,"height":200,"srcset":"https:\/\/i0.wp.com\/artstella-elixirs-floraux.com\/wp-content\/uploads\/2025\/03\/8b37bd36-1578-4bda-bf29-27659c5152c5.jpg?resize=350%2C200&ssl=1 1x, https:\/\/i0.wp.com\/artstella-elixirs-floraux.com\/wp-content\/uploads\/2025\/03\/8b37bd36-1578-4bda-bf29-27659c5152c5.jpg?resize=525%2C300&ssl=1 1.5x, https:\/\/i0.wp.com\/artstella-elixirs-floraux.com\/wp-content\/uploads\/2025\/03\/8b37bd36-1578-4bda-bf29-27659c5152c5.jpg?resize=700%2C400&ssl=1 2x"},"classes":[]},{"id":5130,"url":"https:\/\/artstella-elixirs-floraux.com\/en\/product\/calming-down-spray-50ml\/","url_meta":{"origin":5132,"position":3},"title":"Calming down spray 50ml","author":"eveapprill","date":"9 March 2025","format":false,"excerpt":"Sprays pour les enfants : un spray apaisant qui permet de retrouver le calme dans les moments de stress et d'agitation, pour les enfants impulsifs.","rel":"","context":"Similar post","block_context":{"text":"Similar post","link":""},"img":{"alt_text":"","src":"https:\/\/i0.wp.com\/artstella-elixirs-floraux.com\/wp-content\/uploads\/2025\/03\/8b6c0b3f-9d9b-4c6e-bf3c-63ff73e57686.jpg?resize=350%2C200&ssl=1","width":350,"height":200,"srcset":"https:\/\/i0.wp.com\/artstella-elixirs-floraux.com\/wp-content\/uploads\/2025\/03\/8b6c0b3f-9d9b-4c6e-bf3c-63ff73e57686.jpg?resize=350%2C200&ssl=1 1x, https:\/\/i0.wp.com\/artstella-elixirs-floraux.com\/wp-content\/uploads\/2025\/03\/8b6c0b3f-9d9b-4c6e-bf3c-63ff73e57686.jpg?resize=525%2C300&ssl=1 1.5x, https:\/\/i0.wp.com\/artstella-elixirs-floraux.com\/wp-content\/uploads\/2025\/03\/8b6c0b3f-9d9b-4c6e-bf3c-63ff73e57686.jpg?resize=700%2C400&ssl=1 2x"},"classes":[]},{"id":5348,"url":"https:\/\/artstella-elixirs-floraux.com\/en\/product\/emergency-spray-50ml-urgence\/","url_meta":{"origin":5132,"position":4},"title":"EMERGENCY SPRAY 50ML Urgence","author":"eveapprill","date":"9 March 2025","format":false,"excerpt":"Le spray Emergency (situation d\u2019urgence) Dans les situations de panique, d\u00e9tresse, peur, ce spray vous aidera \u00e0 trouver de l\u2019apaisement.","rel":"","context":"Similar post","block_context":{"text":"Similar post","link":""},"img":{"alt_text":"","src":"","width":0,"height":0},"classes":[]},{"id":11315,"url":"https:\/\/artstella-elixirs-floraux.com\/en\/product\/guardian-gardien-spray\/","url_meta":{"origin":5132,"position":5},"title":"Guardian &#8211; Gardien Spray","author":"eveapprill","date":"31 August 2025","format":false,"excerpt":"Le Spray Guardian est \u00e0 utiliser lorsque vous souhaitez invoquer les \u00e9nergies de calme, de stabilit\u00e9 et de s\u00e9curit\u00e9. Pulv\u00e9risez votre aura et votre environnement imm\u00e9diat pour vous sentir fort et en s\u00e9curit\u00e9 tout en maintenant votre ouverture et votre sensibilit\u00e9.","rel":"","context":"Similar post","block_context":{"text":"Similar post","link":""},"img":{"alt_text":"","src":"https:\/\/i0.wp.com\/artstella-elixirs-floraux.com\/wp-content\/uploads\/2025\/08\/guardian-1.jpg?resize=350%2C200&ssl=1","width":350,"height":200},"classes":[]}],"_links":{"self":[{"href":"https:\/\/artstella-elixirs-floraux.com\/en\/wp-json\/wp\/v2\/product\/5132","targetHints":{"allow":["GET"]}}],"collection":[{"href":"https:\/\/artstella-elixirs-floraux.com\/en\/wp-json\/wp\/v2\/product"}],"about":[{"href":"https:\/\/artstella-elixirs-floraux.com\/en\/wp-json\/wp\/v2\/types\/product"}],"version-history":[{"count":0,"href":"https:\/\/artstella-elixirs-floraux.com\/en\/wp-json\/wp\/v2\/product\/5132\/revisions"}],"wp:featuredmedia":[{"embeddable":true,"href":"https:\/\/artstella-elixirs-floraux.com\/en\/wp-json\/wp\/v2\/media\/7597"}],"wp:attachment":[{"href":"https:\/\/artstella-elixirs-floraux.com\/en\/wp-json\/wp\/v2\/media?parent=5132"}],"wp:term":[{"taxonomy":"product_brand","embeddable":true,"href":"https:\/\/artstella-elixirs-floraux.com\/en\/wp-json\/wp\/v2\/product_brand?post=5132"},{"taxonomy":"product_cat","embeddable":true,"href":"https:\/\/artstella-elixirs-floraux.com\/en\/wp-json\/wp\/v2\/product_cat?post=5132"},{"taxonomy":"product_tag","embeddable":true,"href":"https:\/\/artstella-elixirs-floraux.com\/en\/wp-json\/wp\/v2\/product_tag?post=5132"}],"curies":[{"name":"wp","href":"https:\/\/api.w.org\/{rel}","templated":true}]}}