{"id":5134,"date":"2025-03-09T13:38:55","date_gmt":"2025-03-09T13:38:55","guid":{"rendered":"https:\/\/artstella-elixirs-floraux.com\/product\/mater\/"},"modified":"2025-04-30T20:30:12","modified_gmt":"2025-04-30T20:30:12","slug":"mater","status":"publish","type":"product","link":"https:\/\/artstella-elixirs-floraux.com\/en\/product\/mater\/","title":{"rendered":"MATER"},"content":{"rendered":"<p><strong>MATER<\/strong><\/p>\n<p>Pour se reconnecter au sch\u00e9ma \u00e9motionnel de la \u00a0\u00bb M\u00e8re Int\u00e9rieur \u00ab\u00a0.\u00a0Aide \u00e0 clarifier la lign\u00e9e maternelle, aussi bien ascendante que descendante. Apporte soutien et sensibilit\u00e9 physique et psychique \u00e0 la m\u00e8re et d\u00e9veloppe \u00a0l&rsquo;union et la r\u00e9conciliation m\u00e8re\/enfant. Permet une relation saine \u00e0 l\u2019aspect nourricier aussi bien aux hommes qu\u2019aux femmes et de ce fait augmente la cr\u00e9ativit\u00e9.<\/p>","protected":false},"excerpt":{"rendered":"<p><strong>MATER<\/strong><\/p>\n<p>Pour se reconnecter au sch\u00e9ma \u00e9motionnel de la \u00a0\u00bb M\u00e8re Int\u00e9rieur \u00ab\u00a0.\u00a0Aide \u00e0 clarifier la lign\u00e9e maternelle, aussi bien ascendante que descendante. Apporte soutien et sensibilit\u00e9 physique et psychique \u00e0 la m\u00e8re et d\u00e9veloppe \u00a0l&rsquo;union et la r\u00e9conciliation m\u00e8re\/enfant. Permet une relation saine \u00e0 l\u2019aspect nourricier aussi bien aux hommes qu\u2019aux femmes et de ce fait augmente la cr\u00e9ativit\u00e9.<\/p>","protected":false},"featured_media":7755,"template":"","meta":[],"product_brand":[],"product_cat":[138],"product_tag":[],"class_list":{"0":"post-5134","1":"product","2":"type-product","3":"status-publish","4":"has-post-thumbnail","6":"product_cat-les-composes-des-fleurs-andines","8":"first","9":"instock","10":"taxable","11":"shipping-taxable","12":"purchasable","13":"product-type-variable"},"etheme_brands":{"errors":{"invalid_taxonomy":["Invalid taxonomy."]},"error_data":[]},"jetpack_sharing_enabled":true,"jetpack-related-posts":[{"id":5138,"url":"https:\/\/artstella-elixirs-floraux.com\/en\/product\/pater-15-ml\/","url_meta":{"origin":5134,"position":0},"title":"PATER 15 ML","author":"eveapprill","date":"9 March 2025","format":false,"excerpt":"PATER 15ML Pour se reconnecter au sch\u00e9ma \u00e9motionnel du \u00ab\u00a0P\u00e8re Int\u00e9rieur\u00a0\u00bb. Aide \u00e0 clarifier la lign\u00e9e paternelle, aussi bien ascendante que descendante. Apporte un soutien au niveau physique et psychique dans la relation au p\u00e8re et d\u00e9veloppe \u00a0l'union et la r\u00e9conciliation p\u00e8re\/enfant. Permet une relation saine \u00e0 l\u2019autorit\u00e9 et au\u2026","rel":"","context":"Similar post","block_context":{"text":"Similar post","link":""},"img":{"alt_text":"","src":"https:\/\/i0.wp.com\/artstella-elixirs-floraux.com\/wp-content\/uploads\/2025\/03\/825ba292-20de-49d2-a6f8-42ef8c9b88bc.jpg?resize=350%2C200&ssl=1","width":350,"height":200,"srcset":"https:\/\/i0.wp.com\/artstella-elixirs-floraux.com\/wp-content\/uploads\/2025\/03\/825ba292-20de-49d2-a6f8-42ef8c9b88bc.jpg?resize=350%2C200&ssl=1 1x, https:\/\/i0.wp.com\/artstella-elixirs-floraux.com\/wp-content\/uploads\/2025\/03\/825ba292-20de-49d2-a6f8-42ef8c9b88bc.jpg?resize=525%2C300&ssl=1 1.5x, https:\/\/i0.wp.com\/artstella-elixirs-floraux.com\/wp-content\/uploads\/2025\/03\/825ba292-20de-49d2-a6f8-42ef8c9b88bc.jpg?resize=700%2C400&ssl=1 2x"},"classes":[]},{"id":6163,"url":"https:\/\/artstella-elixirs-floraux.com\/en\/product\/duo-pater-mater-sylfos-30-ml\/","url_meta":{"origin":5134,"position":1},"title":"DUO PATER MATER SYLFOS 30 ML","author":"eveapprill","date":"9 March 2025","format":false,"excerpt":"Pack duo Sylfos : Pater Mater Pour se reconnecter au sch\u00e9ma \u00e9motionnel de la \" M\u00e8re ou du P\u00e8re Int\u00e9rieur \".\u00a0Aide \u00e0 clarifier la lign\u00e9e maternelle et\/ou paternelle, aussi bien ascendante que descendante.","rel":"","context":"Similar post","block_context":{"text":"Similar post","link":""},"img":{"alt_text":"","src":"https:\/\/i0.wp.com\/artstella-elixirs-floraux.com\/wp-content\/uploads\/2025\/03\/9f2a5b36-2fcd-415e-a491-6b478fd29eaa.jpg?resize=350%2C200&ssl=1","width":350,"height":200,"srcset":"https:\/\/i0.wp.com\/artstella-elixirs-floraux.com\/wp-content\/uploads\/2025\/03\/9f2a5b36-2fcd-415e-a491-6b478fd29eaa.jpg?resize=350%2C200&ssl=1 1x, https:\/\/i0.wp.com\/artstella-elixirs-floraux.com\/wp-content\/uploads\/2025\/03\/9f2a5b36-2fcd-415e-a491-6b478fd29eaa.jpg?resize=525%2C300&ssl=1 1.5x, https:\/\/i0.wp.com\/artstella-elixirs-floraux.com\/wp-content\/uploads\/2025\/03\/9f2a5b36-2fcd-415e-a491-6b478fd29eaa.jpg?resize=700%2C400&ssl=1 2x"},"classes":[]},{"id":2178,"url":"https:\/\/artstella-elixirs-floraux.com\/en\/product\/grove-standwort-alaskan\/","url_meta":{"origin":5134,"position":2},"title":"Grove standwort Alaskan","author":"eveapprill","date":"9 March 2025","format":false,"excerpt":"Grove standwort. Moehringia lateriflora Sensation de manque de nourriture au niveau physique et \u00e9motionnel, manque de lien entre la m\u00e8re et l'enfant, sensation de manque de soutien de la terre.","rel":"","context":"Similar post","block_context":{"text":"Similar post","link":""},"img":{"alt_text":"","src":"https:\/\/i0.wp.com\/artstella-elixirs-floraux.com\/wp-content\/uploads\/2025\/03\/wp-image540.png?resize=350%2C200&ssl=1","width":350,"height":200},"classes":[]},{"id":5300,"url":"https:\/\/artstella-elixirs-floraux.com\/en\/product\/complexe-n10-emotions-de-grossesse-deva-30ml\/","url_meta":{"origin":5134,"position":3},"title":"COMPLEXE N\u00b010 Emotions de Grossesse DEVA 30ML","author":"eveapprill","date":"9 March 2025","format":false,"excerpt":"COMPLEXE N\u00b010 Emotions de la Grossesse 30ml aide \u00e0 surmonter la sensibilit\u00e9 \u00e9motionnelle et l'inqui\u00e9tude chez la femme enceinte. Il optimisme les qualit\u00e9s maternelles et d\u00e9veloppe la confiance dans sa capacit\u00e9 \u00e0 \u00eatre m\u00e8re.","rel":"","context":"Similar post","block_context":{"text":"Similar post","link":""},"img":{"alt_text":"","src":"https:\/\/i0.wp.com\/artstella-elixirs-floraux.com\/wp-content\/uploads\/2025\/03\/ce77edc3-42f0-44cb-8d3f-84e70aaa2e0a.jpg?resize=350%2C200&ssl=1","width":350,"height":200,"srcset":"https:\/\/i0.wp.com\/artstella-elixirs-floraux.com\/wp-content\/uploads\/2025\/03\/ce77edc3-42f0-44cb-8d3f-84e70aaa2e0a.jpg?resize=350%2C200&ssl=1 1x, https:\/\/i0.wp.com\/artstella-elixirs-floraux.com\/wp-content\/uploads\/2025\/03\/ce77edc3-42f0-44cb-8d3f-84e70aaa2e0a.jpg?resize=525%2C300&ssl=1 1.5x, https:\/\/i0.wp.com\/artstella-elixirs-floraux.com\/wp-content\/uploads\/2025\/03\/ce77edc3-42f0-44cb-8d3f-84e70aaa2e0a.jpg?resize=700%2C400&ssl=1 2x"},"classes":[]},{"id":5554,"url":"https:\/\/artstella-elixirs-floraux.com\/en\/product\/mariposa-lilly-15-ml-sylfos\/","url_meta":{"origin":5134,"position":4},"title":"MARIPOSA LILLY 15 ML SYLFOS","author":"eveapprill","date":"9 March 2025","format":false,"excerpt":"MARIPOSA LILY Calochortus leichtlinii \u00a0 \u00a0 Pour les personnes qui ont ou ont eu des probl\u00e8mes avec la m\u00e8re. Pour le manque d\u2019image f\u00e9minine aussi bien pour les hommes que les femmes.","rel":"","context":"Similar post","block_context":{"text":"Similar post","link":""},"img":{"alt_text":"","src":"","width":0,"height":0},"classes":[]},{"id":4169,"url":"https:\/\/artstella-elixirs-floraux.com\/en\/product\/mere-divine-messagers-15ml\/","url_meta":{"origin":5134,"position":5},"title":"MERE DIVINE (MESSAGERS) 15ML","author":"eveapprill","date":"9 March 2025","format":false,"excerpt":"MADRE DIVINA \/ MERE DIVINE Cr\u00e9ation des conditions de l\u2019\u00e9volution \u00b7 Acceptation des contraintes du karma \u00b7 Renforce la r\u00e9alisation de l\u2019\u00e9volution \u00b7 Perfection spirituelle\u00a0","rel":"","context":"Similar post","block_context":{"text":"Similar post","link":""},"img":{"alt_text":"","src":"","width":0,"height":0},"classes":[]}],"_links":{"self":[{"href":"https:\/\/artstella-elixirs-floraux.com\/en\/wp-json\/wp\/v2\/product\/5134","targetHints":{"allow":["GET"]}}],"collection":[{"href":"https:\/\/artstella-elixirs-floraux.com\/en\/wp-json\/wp\/v2\/product"}],"about":[{"href":"https:\/\/artstella-elixirs-floraux.com\/en\/wp-json\/wp\/v2\/types\/product"}],"version-history":[{"count":0,"href":"https:\/\/artstella-elixirs-floraux.com\/en\/wp-json\/wp\/v2\/product\/5134\/revisions"}],"wp:featuredmedia":[{"embeddable":true,"href":"https:\/\/artstella-elixirs-floraux.com\/en\/wp-json\/wp\/v2\/media\/7755"}],"wp:attachment":[{"href":"https:\/\/artstella-elixirs-floraux.com\/en\/wp-json\/wp\/v2\/media?parent=5134"}],"wp:term":[{"taxonomy":"product_brand","embeddable":true,"href":"https:\/\/artstella-elixirs-floraux.com\/en\/wp-json\/wp\/v2\/product_brand?post=5134"},{"taxonomy":"product_cat","embeddable":true,"href":"https:\/\/artstella-elixirs-floraux.com\/en\/wp-json\/wp\/v2\/product_cat?post=5134"},{"taxonomy":"product_tag","embeddable":true,"href":"https:\/\/artstella-elixirs-floraux.com\/en\/wp-json\/wp\/v2\/product_tag?post=5134"}],"curies":[{"name":"wp","href":"https:\/\/api.w.org\/{rel}","templated":true}]}}