{"id":5138,"date":"2025-03-09T13:38:58","date_gmt":"2025-03-09T13:38:58","guid":{"rendered":"https:\/\/artstella-elixirs-floraux.com\/product\/pater-15-ml\/"},"modified":"2025-04-30T20:27:09","modified_gmt":"2025-04-30T20:27:09","slug":"pater-15-ml","status":"publish","type":"product","link":"https:\/\/artstella-elixirs-floraux.com\/en\/product\/pater-15-ml\/","title":{"rendered":"PATER 15 ML"},"content":{"rendered":"<p><strong>PATER<\/strong><\/p>\n<p>Pour se reconnecter au sch\u00e9ma \u00e9motionnel du \u00ab\u00a0P\u00e8re Int\u00e9rieur\u00a0\u00bb. Aide \u00e0 clarifier la lign\u00e9e paternelle, aussi bien ascendante que descendante. Apporte un soutien au niveau physique et psychique dans la relation au p\u00e8re et d\u00e9veloppe \u00a0l&rsquo;union et la r\u00e9conciliation p\u00e8re\/enfant. Permet une relation saine \u00e0 l\u2019autorit\u00e9 et au relationnel aussi bien aux hommes qu\u2019aux femmes.<\/p>","protected":false},"excerpt":{"rendered":"<p><strong>PATER 15ML<br \/>\n<\/strong><\/p>\n<p>Pour se reconnecter au sch\u00e9ma \u00e9motionnel du \u00ab\u00a0P\u00e8re Int\u00e9rieur\u00a0\u00bb. Aide \u00e0 clarifier la lign\u00e9e paternelle, aussi bien ascendante que descendante. Apporte un soutien au niveau physique et psychique dans la relation au p\u00e8re et d\u00e9veloppe \u00a0l&rsquo;union et la r\u00e9conciliation p\u00e8re\/enfant. Permet une relation saine \u00e0 l\u2019autorit\u00e9 et au relationnel aussi bien aux hommes qu\u2019aux femmes.<\/p>","protected":false},"featured_media":7756,"template":"","meta":[],"product_brand":[],"product_cat":[138],"product_tag":[],"class_list":{"0":"post-5138","1":"product","2":"type-product","3":"status-publish","4":"has-post-thumbnail","6":"product_cat-les-composes-des-fleurs-andines","8":"first","9":"instock","10":"taxable","11":"shipping-taxable","12":"purchasable","13":"product-type-variable"},"etheme_brands":{"errors":{"invalid_taxonomy":["Invalid taxonomy."]},"error_data":[]},"jetpack_sharing_enabled":true,"jetpack-related-posts":[{"id":5134,"url":"https:\/\/artstella-elixirs-floraux.com\/en\/product\/mater\/","url_meta":{"origin":5138,"position":0},"title":"MATER","author":"eveapprill","date":"9 March 2025","format":false,"excerpt":"MATER Pour se reconnecter au sch\u00e9ma \u00e9motionnel de la \" M\u00e8re Int\u00e9rieur \".\u00a0Aide \u00e0 clarifier la lign\u00e9e maternelle, aussi bien ascendante que descendante. Apporte soutien et sensibilit\u00e9 physique et psychique \u00e0 la m\u00e8re et d\u00e9veloppe \u00a0l'union et la r\u00e9conciliation m\u00e8re\/enfant. Permet une relation saine \u00e0 l\u2019aspect nourricier aussi bien aux\u2026","rel":"","context":"Similar post","block_context":{"text":"Similar post","link":""},"img":{"alt_text":"","src":"https:\/\/i0.wp.com\/artstella-elixirs-floraux.com\/wp-content\/uploads\/2025\/03\/a6cfe814-5c3a-4495-93cc-4857c3bf04fb.jpg?resize=350%2C200&ssl=1","width":350,"height":200,"srcset":"https:\/\/i0.wp.com\/artstella-elixirs-floraux.com\/wp-content\/uploads\/2025\/03\/a6cfe814-5c3a-4495-93cc-4857c3bf04fb.jpg?resize=350%2C200&ssl=1 1x, https:\/\/i0.wp.com\/artstella-elixirs-floraux.com\/wp-content\/uploads\/2025\/03\/a6cfe814-5c3a-4495-93cc-4857c3bf04fb.jpg?resize=525%2C300&ssl=1 1.5x, https:\/\/i0.wp.com\/artstella-elixirs-floraux.com\/wp-content\/uploads\/2025\/03\/a6cfe814-5c3a-4495-93cc-4857c3bf04fb.jpg?resize=700%2C400&ssl=1 2x"},"classes":[]},{"id":6163,"url":"https:\/\/artstella-elixirs-floraux.com\/en\/product\/duo-pater-mater-sylfos-30-ml\/","url_meta":{"origin":5138,"position":1},"title":"DUO PATER MATER SYLFOS 30 ML","author":"eveapprill","date":"9 March 2025","format":false,"excerpt":"Pack duo Sylfos : Pater Mater Pour se reconnecter au sch\u00e9ma \u00e9motionnel de la \" M\u00e8re ou du P\u00e8re Int\u00e9rieur \".\u00a0Aide \u00e0 clarifier la lign\u00e9e maternelle et\/ou paternelle, aussi bien ascendante que descendante.","rel":"","context":"Similar post","block_context":{"text":"Similar post","link":""},"img":{"alt_text":"","src":"https:\/\/i0.wp.com\/artstella-elixirs-floraux.com\/wp-content\/uploads\/2025\/03\/9f2a5b36-2fcd-415e-a491-6b478fd29eaa.jpg?resize=350%2C200&ssl=1","width":350,"height":200,"srcset":"https:\/\/i0.wp.com\/artstella-elixirs-floraux.com\/wp-content\/uploads\/2025\/03\/9f2a5b36-2fcd-415e-a491-6b478fd29eaa.jpg?resize=350%2C200&ssl=1 1x, https:\/\/i0.wp.com\/artstella-elixirs-floraux.com\/wp-content\/uploads\/2025\/03\/9f2a5b36-2fcd-415e-a491-6b478fd29eaa.jpg?resize=525%2C300&ssl=1 1.5x, https:\/\/i0.wp.com\/artstella-elixirs-floraux.com\/wp-content\/uploads\/2025\/03\/9f2a5b36-2fcd-415e-a491-6b478fd29eaa.jpg?resize=700%2C400&ssl=1 2x"},"classes":[]},{"id":2307,"url":"https:\/\/artstella-elixirs-floraux.com\/en\/product\/sunflower-alaskan\/","url_meta":{"origin":5138,"position":2},"title":"Sunflower Alaskan","author":"eveapprill","date":"9 March 2025","format":false,"excerpt":"Sunflower. Helianthus annuala., Tournesol D\u00e9s\u00e9quilibre de l'\u00e9nergie masculine chez l'homme ou la femme, lien trop faible ou dysfonctionnel au p\u00e8re, ou \u00e0 notre propre identit\u00e9 en tant que p\u00e8re.","rel":"","context":"Similar post","block_context":{"text":"Similar post","link":""},"img":{"alt_text":"Les Elixirs Floraux","src":"https:\/\/i0.wp.com\/artstella-elixirs-floraux.com\/wp-content\/uploads\/2025\/03\/wp-image590.png?resize=350%2C200&ssl=1","width":350,"height":200},"classes":[]},{"id":12273,"url":"https:\/\/artstella-elixirs-floraux.com\/en\/product\/11-orchidee-casque-rouge-red-helmet-corybas-dilatatus-sylfos\/","url_meta":{"origin":5138,"position":3},"title":"11. ORCHID\u00c9E CASQUE ROUGE \/ RED HELMET Corybas dilatatus Sylfos","author":"eveapprill","date":"13 March 2026","format":false,"excerpt":"\u00c9lixir de\u00a0gu\u00e9rison du p\u00e8re et d\u2019int\u00e9gration du masculin int\u00e9rieur. Favorise respect, autorit\u00e9 saine, maturit\u00e9 \u00e9motionnelle et relations \u00e9quilibr\u00e9es avec les figures d\u2019autorit\u00e9.","rel":"","context":"Similar post","block_context":{"text":"Similar post","link":""},"img":{"alt_text":"","src":"https:\/\/i0.wp.com\/artstella-elixirs-floraux.com\/wp-content\/uploads\/2026\/03\/11_Red-Helmet-Casco-Rojo-.png?resize=350%2C200&ssl=1","width":350,"height":200,"srcset":"https:\/\/i0.wp.com\/artstella-elixirs-floraux.com\/wp-content\/uploads\/2026\/03\/11_Red-Helmet-Casco-Rojo-.png?resize=350%2C200&ssl=1 1x, https:\/\/i0.wp.com\/artstella-elixirs-floraux.com\/wp-content\/uploads\/2026\/03\/11_Red-Helmet-Casco-Rojo-.png?resize=525%2C300&ssl=1 1.5x, https:\/\/i0.wp.com\/artstella-elixirs-floraux.com\/wp-content\/uploads\/2026\/03\/11_Red-Helmet-Casco-Rojo-.png?resize=700%2C400&ssl=1 2x, https:\/\/i0.wp.com\/artstella-elixirs-floraux.com\/wp-content\/uploads\/2026\/03\/11_Red-Helmet-Casco-Rojo-.png?resize=1050%2C600&ssl=1 3x"},"classes":[]},{"id":4119,"url":"https:\/\/artstella-elixirs-floraux.com\/en\/product\/almirante-rojo-sylfos-15-ml\/","url_meta":{"origin":5138,"position":4},"title":"ALMIRANTE ROJO SYLFOS 15 ML","author":"eveapprill","date":"9 March 2025","format":false,"excerpt":"ALMIRANTE ROJO Vanessa atalanta Autorit\u00e9 \u2013 Fermet\u00e9 . Un \u00e9lixir qui nous permet de nous affirmer sur nos propres croyances et nos objectifs de vie.","rel":"","context":"Similar post","block_context":{"text":"Similar post","link":""},"img":{"alt_text":"","src":"","width":0,"height":0},"classes":[]},{"id":5556,"url":"https:\/\/artstella-elixirs-floraux.com\/en\/product\/nemophile-bleu-sylfos-15-ml\/","url_meta":{"origin":5138,"position":5},"title":"NEMOPHILE BLEU SYLFOS 15 ML","author":"eveapprill","date":"9 March 2025","format":false,"excerpt":"NEMOPHILE BLEU\u00a0 Nemophila menziesii BEBE DE OJOS AZULES \u00a0 \u00a0 Pour ceux qui ne se sentent pas s\u00fbrs d\u2019eux-m\u00eames et sont incapables de faire confiance \u00e0 la bont\u00e9 des autres ou du monde\u00a0","rel":"","context":"Similar post","block_context":{"text":"Similar post","link":""},"img":{"alt_text":"","src":"","width":0,"height":0},"classes":[]}],"_links":{"self":[{"href":"https:\/\/artstella-elixirs-floraux.com\/en\/wp-json\/wp\/v2\/product\/5138","targetHints":{"allow":["GET"]}}],"collection":[{"href":"https:\/\/artstella-elixirs-floraux.com\/en\/wp-json\/wp\/v2\/product"}],"about":[{"href":"https:\/\/artstella-elixirs-floraux.com\/en\/wp-json\/wp\/v2\/types\/product"}],"version-history":[{"count":0,"href":"https:\/\/artstella-elixirs-floraux.com\/en\/wp-json\/wp\/v2\/product\/5138\/revisions"}],"wp:featuredmedia":[{"embeddable":true,"href":"https:\/\/artstella-elixirs-floraux.com\/en\/wp-json\/wp\/v2\/media\/7756"}],"wp:attachment":[{"href":"https:\/\/artstella-elixirs-floraux.com\/en\/wp-json\/wp\/v2\/media?parent=5138"}],"wp:term":[{"taxonomy":"product_brand","embeddable":true,"href":"https:\/\/artstella-elixirs-floraux.com\/en\/wp-json\/wp\/v2\/product_brand?post=5138"},{"taxonomy":"product_cat","embeddable":true,"href":"https:\/\/artstella-elixirs-floraux.com\/en\/wp-json\/wp\/v2\/product_cat?post=5138"},{"taxonomy":"product_tag","embeddable":true,"href":"https:\/\/artstella-elixirs-floraux.com\/en\/wp-json\/wp\/v2\/product_tag?post=5138"}],"curies":[{"name":"wp","href":"https:\/\/api.w.org\/{rel}","templated":true}]}}