{"id":5142,"date":"2025-03-09T13:39:02","date_gmt":"2025-03-09T13:39:02","guid":{"rendered":"https:\/\/artstella-elixirs-floraux.com\/product\/puerta-del-sol-porte-du-soleil\/"},"modified":"2025-04-30T20:21:05","modified_gmt":"2025-04-30T20:21:05","slug":"puerta-del-sol-porte-du-soleil","status":"publish","type":"product","link":"https:\/\/artstella-elixirs-floraux.com\/en\/product\/puerta-del-sol-porte-du-soleil\/","title":{"rendered":"PUERTA DEL SOL \/ PORTE DU SOLEIL"},"content":{"rendered":"<p>Un \u00e9lixir pour accompagner le processus de l\u2019initiation spirituelle et de l\u2019\u00e9veil des \u00e9nergies Kundalini. Permet de retrouver nos facult\u00e9s suprasensibles. Il nous permet d\u2019arriver ou d\u2019envisager notre sommet, un couronnement int\u00e9rieur, envers nous-m\u00eames et la nature.<\/p>","protected":false},"excerpt":{"rendered":"<p>PUERTA DEL SOL \/ PORTE DU SOLEIL\u00a0 15 ML<\/p>\n<p>Un \u00e9lixir pour accompagner le processus de l\u2019initiation spirituelle et de l\u2019\u00e9veil des \u00e9nergies Kundalini. Permet de retrouver nos facult\u00e9s suprasensibles. Il nous permet d\u2019arriver ou d\u2019envisager notre sommet, un couronnement int\u00e9rieur, envers nous-m\u00eames et la nature.<\/p>","protected":false},"featured_media":5143,"template":"","meta":[],"product_brand":[],"product_cat":[138],"product_tag":[],"class_list":{"0":"post-5142","1":"product","2":"type-product","3":"status-publish","4":"has-post-thumbnail","6":"product_cat-les-composes-des-fleurs-andines","8":"first","9":"instock","10":"taxable","11":"shipping-taxable","12":"purchasable","13":"product-type-simple"},"etheme_brands":{"errors":{"invalid_taxonomy":["Invalid taxonomy."]},"error_data":[]},"jetpack_sharing_enabled":true,"jetpack-related-posts":[{"id":4126,"url":"https:\/\/artstella-elixirs-floraux.com\/en\/product\/capitan-violeta-sylfos-15ml-pap\/","url_meta":{"origin":5142,"position":0},"title":"CAPITAN VIOLETA SYLFOS 15ML PAP","author":"eveapprill","date":"9 March 2025","format":false,"excerpt":"CAPITAN VIOLETA Nyctelius nyctelius Eveil spirituel \u2013 Initiation Cet \u00e9lixir et un catalyseur de transformation, qui permet de faire l\u2019exp\u00e9rience des rites de l\u2019initiation spirituelle... \u00a0","rel":"","context":"Similar post","block_context":{"text":"Similar post","link":""},"img":{"alt_text":"","src":"","width":0,"height":0},"classes":[]},{"id":3697,"url":"https:\/\/artstella-elixirs-floraux.com\/en\/product\/75-wisdom-of-compassion-ltoe-15-ml\/","url_meta":{"origin":5142,"position":1},"title":"75. WISDOM OF COMPASSION LTOE 15 ML","author":"eveapprill","date":"9 March 2025","format":false,"excerpt":"Wisdom of Compassion\/ Sagesse et compassion il fut cr\u00e9\u00e9 un soir de pleine lune, je jour anniversaire de l\u2019illumination du Bouddha. L\u2019orchid\u00e9e a demand\u00e9 doucement, mais clairement, qu\u2019on en fasse un \u00e9lixir afin de partager son message de compassion envers tous.","rel":"","context":"Similar post","block_context":{"text":"Similar post","link":""},"img":{"alt_text":"","src":"https:\/\/i0.wp.com\/artstella-elixirs-floraux.com\/wp-content\/uploads\/2025\/03\/cb85053d-2957-46e4-aff2-8c69846c56ad.jpg?resize=350%2C200&ssl=1","width":350,"height":200,"srcset":"https:\/\/i0.wp.com\/artstella-elixirs-floraux.com\/wp-content\/uploads\/2025\/03\/cb85053d-2957-46e4-aff2-8c69846c56ad.jpg?resize=350%2C200&ssl=1 1x, https:\/\/i0.wp.com\/artstella-elixirs-floraux.com\/wp-content\/uploads\/2025\/03\/cb85053d-2957-46e4-aff2-8c69846c56ad.jpg?resize=525%2C300&ssl=1 1.5x, https:\/\/i0.wp.com\/artstella-elixirs-floraux.com\/wp-content\/uploads\/2025\/03\/cb85053d-2957-46e4-aff2-8c69846c56ad.jpg?resize=700%2C400&ssl=1 2x"},"classes":[]},{"id":5380,"url":"https:\/\/artstella-elixirs-floraux.com\/en\/product\/ares-de-metal-sylfos-15-ml-pap\/","url_meta":{"origin":5142,"position":2},"title":"ARES DE METAL SYLFOS 15 ML PAP","author":"eveapprill","date":"9 March 2025","format":false,"excerpt":"24 - ARES DE METAL \/ ARES METALLIQUE \u00a0Emesis ares\u00a0\u00a0\u00a0\u00a0 (Mexico) Valeur \u2013 Renouveau Un \u00e9lixir pour initier un nouveau paradigme, nous ouvrant vers la force spirituel et le courage. Il va nous permettre d\u2019agir au del\u00e0 de ce que nous savons d\u00e9j\u00e0 pour d\u00e9couvrir ainsi de nouvelles \u00e9nergies que\u2026","rel":"","context":"Similar post","block_context":{"text":"Similar post","link":""},"img":{"alt_text":"","src":"","width":0,"height":0},"classes":[]},{"id":4150,"url":"https:\/\/artstella-elixirs-floraux.com\/en\/product\/verde-pequena-sylfos-15ml-pap\/","url_meta":{"origin":5142,"position":3},"title":"VERDE PEQUENA SYLFOS 15ML PAP","author":"eveapprill","date":"9 March 2025","format":false,"excerpt":"VERDE PEQUE\u00d1A Callophrys rubi Abondance - prosp\u00e9rit\u00e9 Afin d\u2019atteindre les situations de prosp\u00e9rit\u00e9 et d\u2019abondance. Cet \u00e9lixir permet que cette \u00e9nergie nous arrive au lieu de ressentir que nous devons la poursuivre lorsque nous pensons qu\u2019elle essaye de nous \u00e9chapper...","rel":"","context":"Similar post","block_context":{"text":"Similar post","link":""},"img":{"alt_text":"","src":"https:\/\/i0.wp.com\/artstella-elixirs-floraux.com\/wp-content\/uploads\/2025\/03\/verde-pequena-.jpg?resize=350%2C200&ssl=1","width":350,"height":200},"classes":[]},{"id":3752,"url":"https:\/\/artstella-elixirs-floraux.com\/en\/product\/power-orchid-cuba-15ml-phi\/","url_meta":{"origin":5142,"position":4},"title":"POWER ORCHID (CUBA) 15ML PHI","author":"eveapprill","date":"9 March 2025","format":false,"excerpt":"POWER ORCHID Cirrhopetalum ornatissimum\u00a0\u00ab\u00a0Orchid\u00e9e de pouvoir\u00a0\u00bb\u00a0Cette orchid\u00e9e est originaire d\u2019Asie. L\u2019\u00e9lixir\u00a0: quand dans notre vie, nous sommes arriv\u00e9s \u00e0 un point o\u00f9 nous d\u00e9sirons nous d\u00e9velopper int\u00e9rieurement.","rel":"","context":"Similar post","block_context":{"text":"Similar post","link":""},"img":{"alt_text":"","src":"","width":0,"height":0},"classes":[]},{"id":5990,"url":"https:\/\/artstella-elixirs-floraux.com\/en\/product\/tulipier-sylfos-15-ml\/","url_meta":{"origin":5142,"position":5},"title":"TULIPIER SYLFOS 15 ML","author":"eveapprill","date":"9 March 2025","format":false,"excerpt":"TULIPERO \/ TULIPIER\u00a0 Liriodendrontulipifera\u00a0 Reconnexion spirituelle\u00a0 C'est une \"nourriture\" spirituelle, surtout pour ceux qui se sentent agit\u00e9s et insatisfaits ou qui ont des tendances addictives. L\u2019\u00e9lixir nous permettra de trouver des d\u00e9bouch\u00e9s positifs et d'atteindre nos nouveaux objectifs avec \u00e9nergie.","rel":"","context":"Similar post","block_context":{"text":"Similar post","link":""},"img":{"alt_text":"","src":"https:\/\/i0.wp.com\/artstella-elixirs-floraux.com\/wp-content\/uploads\/2025\/03\/wp-image2014.png?resize=350%2C200&ssl=1","width":350,"height":200,"srcset":"https:\/\/i0.wp.com\/artstella-elixirs-floraux.com\/wp-content\/uploads\/2025\/03\/wp-image2014.png?resize=350%2C200&ssl=1 1x, https:\/\/i0.wp.com\/artstella-elixirs-floraux.com\/wp-content\/uploads\/2025\/03\/wp-image2014.png?resize=525%2C300&ssl=1 1.5x"},"classes":[]}],"_links":{"self":[{"href":"https:\/\/artstella-elixirs-floraux.com\/en\/wp-json\/wp\/v2\/product\/5142","targetHints":{"allow":["GET"]}}],"collection":[{"href":"https:\/\/artstella-elixirs-floraux.com\/en\/wp-json\/wp\/v2\/product"}],"about":[{"href":"https:\/\/artstella-elixirs-floraux.com\/en\/wp-json\/wp\/v2\/types\/product"}],"version-history":[{"count":0,"href":"https:\/\/artstella-elixirs-floraux.com\/en\/wp-json\/wp\/v2\/product\/5142\/revisions"}],"wp:featuredmedia":[{"embeddable":true,"href":"https:\/\/artstella-elixirs-floraux.com\/en\/wp-json\/wp\/v2\/media\/5143"}],"wp:attachment":[{"href":"https:\/\/artstella-elixirs-floraux.com\/en\/wp-json\/wp\/v2\/media?parent=5142"}],"wp:term":[{"taxonomy":"product_brand","embeddable":true,"href":"https:\/\/artstella-elixirs-floraux.com\/en\/wp-json\/wp\/v2\/product_brand?post=5142"},{"taxonomy":"product_cat","embeddable":true,"href":"https:\/\/artstella-elixirs-floraux.com\/en\/wp-json\/wp\/v2\/product_cat?post=5142"},{"taxonomy":"product_tag","embeddable":true,"href":"https:\/\/artstella-elixirs-floraux.com\/en\/wp-json\/wp\/v2\/product_tag?post=5142"}],"curies":[{"name":"wp","href":"https:\/\/api.w.org\/{rel}","templated":true}]}}