{"id":5162,"date":"2025-05-27T16:08:58","date_gmt":"2025-05-27T16:08:58","guid":{"rendered":"https:\/\/artstella-elixirs-floraux.com\/?post_type=product&#038;p=5162"},"modified":"2025-06-08T12:47:43","modified_gmt":"2025-06-08T12:47:43","slug":"corail-digitiforme-15-ml-phi","status":"publish","type":"product","link":"https:\/\/artstella-elixirs-floraux.com\/en\/product\/corail-digitiforme-15-ml-phi\/","title":{"rendered":"CORAIL DIGITIFORME 15 ML PHI"},"content":{"rendered":"","protected":false},"excerpt":{"rendered":"<p><strong><span style=\"font-size: 14pt;color: #3366ff\">Corail digitiforme (<em>Stylophora pistillata) <\/em>Griffelkoralle<\/span><br \/> <\/strong><br \/> Son \u00e9lixir agit \u00e9nerg\u00e9tiquement sur la structure et le squelette. Il renforce et permet d\u2019\u00e9tablir des structures.<\/p>\n<p>Il permet de se renforcer int\u00e9rieurement.<\/p>","protected":false},"featured_media":0,"template":"","meta":[],"product_brand":[],"product_cat":[168],"product_tag":[],"class_list":{"0":"post-5162","1":"product","2":"type-product","3":"status-publish","5":"product_cat-l-es-nouveaux-elixirs-de-la-mer","7":"first","8":"instock","9":"taxable","10":"shipping-taxable","11":"purchasable","12":"product-type-simple"},"etheme_brands":{"errors":{"invalid_taxonomy":["Invalid taxonomy."]},"error_data":[]},"jetpack_sharing_enabled":true,"jetpack-related-posts":[{"id":5163,"url":"https:\/\/artstella-elixirs-floraux.com\/en\/product\/corail-cervau-phi-15-ml\/","url_meta":{"origin":5162,"position":0},"title":"Corail Cervau PHI 15 ml","author":"eveapprill","date":"9 March 2025","format":false,"excerpt":"Corail cerveau (Platygyra lamellia) Hirnkoralle\u00a0 Ce corail forme des colonies de plusieurs m\u00e8tres de hauteur. Sa structure montre une analogie avec le cerveau.","rel":"","context":"Similar post","block_context":{"text":"Similar post","link":""},"img":{"alt_text":"","src":"https:\/\/i0.wp.com\/artstella-elixirs-floraux.com\/wp-content\/uploads\/2025\/03\/808b3546-c9bc-4cf6-ab18-e0e8c809d5a0.jpg?resize=350%2C200&ssl=1","width":350,"height":200,"srcset":"https:\/\/i0.wp.com\/artstella-elixirs-floraux.com\/wp-content\/uploads\/2025\/03\/808b3546-c9bc-4cf6-ab18-e0e8c809d5a0.jpg?resize=350%2C200&ssl=1 1x, https:\/\/i0.wp.com\/artstella-elixirs-floraux.com\/wp-content\/uploads\/2025\/03\/808b3546-c9bc-4cf6-ab18-e0e8c809d5a0.jpg?resize=525%2C300&ssl=1 1.5x, https:\/\/i0.wp.com\/artstella-elixirs-floraux.com\/wp-content\/uploads\/2025\/03\/808b3546-c9bc-4cf6-ab18-e0e8c809d5a0.jpg?resize=700%2C400&ssl=1 2x"},"classes":[]},{"id":5160,"url":"https:\/\/artstella-elixirs-floraux.com\/en\/product\/corail-de-feu-millepora-dichotoma-feuerkoralle\/","url_meta":{"origin":5162,"position":1},"title":"Corail de feu (Millepora dichotoma) Feuerkoralle","author":"eveapprill","date":"9 March 2025","format":false,"excerpt":"Corail de feu\u00a0\u00a0 (Millepora dichotoma) Feuerkoralle\u00a0\u00a0 Cet \u00e9lixir exerce une action \u00e9nerg\u00e9tique sur la peau. Il soutient en cas d\u2019hypersensibilit\u00e9, de r\u00e9actions conditionn\u00e9es ou de r\u00e9pulsions.","rel":"","context":"Similar post","block_context":{"text":"Similar post","link":""},"img":{"alt_text":"","src":"","width":0,"height":0},"classes":[]},{"id":5530,"url":"https:\/\/artstella-elixirs-floraux.com\/en\/product\/coffret-210-elixirs-de-la-mer-15ml-phi\/","url_meta":{"origin":5162,"position":2},"title":"COFFRET (2)10 Elixirs de la MER 15ML PHI","author":"eveapprill","date":"9 March 2025","format":false,"excerpt":"Coffret (2) 10 \u00e9lixirs de la mer Contient : Corail de feu, Corail digitiforme, Corail cerveau, Poisson ange royal, Corail Sarcophyton, Benitier Tridacne, Spongiaires, Rascasse volante, Favite, Corail dendro","rel":"","context":"Similar post","block_context":{"text":"Similar post","link":""},"img":{"alt_text":"","src":"https:\/\/i0.wp.com\/artstella-elixirs-floraux.com\/wp-content\/uploads\/2025\/03\/wp-image1760.png?resize=350%2C200&ssl=1","width":350,"height":200},"classes":[]},{"id":5167,"url":"https:\/\/artstella-elixirs-floraux.com\/en\/product\/sarcophyton-15-ml-phi\/","url_meta":{"origin":5162,"position":3},"title":"SARCOPHYTON 15 ML PHI","author":"eveapprill","date":"9 March 2025","format":false,"excerpt":"Sarcophyton (Sarcophyton) Pilzf\u00f6rmige Lederkoralle Ce corail pousse sur un style et forme une colonie de cnidaires (famille des coraux, an\u00e9mones de mer...)\u00a0","rel":"","context":"Similar post","block_context":{"text":"Similar post","link":""},"img":{"alt_text":"","src":"","width":0,"height":0},"classes":[]},{"id":5176,"url":"https:\/\/artstella-elixirs-floraux.com\/en\/product\/corail-arbuscule-15-ml-phi\/","url_meta":{"origin":5162,"position":4},"title":"CORAIL ARBUSCULE 15 ML PHI","author":"eveapprill","date":"9 March 2025","format":false,"excerpt":"Corail arbuscule (Dendrophyllia sp.) Z\u00e4pfchenkoralle\u00a0 L\u2019\u00e9lixir agit sur des zones sombres du corps et des organes, en les transformant et soutenant les processus de nettoyage.\u00a0","rel":"","context":"Similar post","block_context":{"text":"Similar post","link":""},"img":{"alt_text":"","src":"","width":0,"height":0},"classes":[]},{"id":4018,"url":"https:\/\/artstella-elixirs-floraux.com\/en\/product\/ceibo-erythrine-15-ml-sylfos\/","url_meta":{"origin":5162,"position":5},"title":"CEIBO \/ ERYTHRINE CORAIL SYLFOS","author":"eveapprill","date":"9 March 2025","format":false,"excerpt":"CEIBO Eritrina cresta-galli Communion, voix int\u00e9rieure. Pour les probl\u00e8mes de communication au sein d\u2019un couple.","rel":"","context":"Similar post","block_context":{"text":"Similar post","link":""},"img":{"alt_text":"","src":"","width":0,"height":0},"classes":[]}],"_links":{"self":[{"href":"https:\/\/artstella-elixirs-floraux.com\/en\/wp-json\/wp\/v2\/product\/5162","targetHints":{"allow":["GET"]}}],"collection":[{"href":"https:\/\/artstella-elixirs-floraux.com\/en\/wp-json\/wp\/v2\/product"}],"about":[{"href":"https:\/\/artstella-elixirs-floraux.com\/en\/wp-json\/wp\/v2\/types\/product"}],"version-history":[{"count":0,"href":"https:\/\/artstella-elixirs-floraux.com\/en\/wp-json\/wp\/v2\/product\/5162\/revisions"}],"wp:attachment":[{"href":"https:\/\/artstella-elixirs-floraux.com\/en\/wp-json\/wp\/v2\/media?parent=5162"}],"wp:term":[{"taxonomy":"product_brand","embeddable":true,"href":"https:\/\/artstella-elixirs-floraux.com\/en\/wp-json\/wp\/v2\/product_brand?post=5162"},{"taxonomy":"product_cat","embeddable":true,"href":"https:\/\/artstella-elixirs-floraux.com\/en\/wp-json\/wp\/v2\/product_cat?post=5162"},{"taxonomy":"product_tag","embeddable":true,"href":"https:\/\/artstella-elixirs-floraux.com\/en\/wp-json\/wp\/v2\/product_tag?post=5162"}],"curies":[{"name":"wp","href":"https:\/\/api.w.org\/{rel}","templated":true}]}}