{"id":5165,"date":"2025-03-09T13:39:31","date_gmt":"2025-03-09T13:39:31","guid":{"rendered":"https:\/\/artstella-elixirs-floraux.com\/product\/poisson-ange-royal-15-ml-phi\/"},"modified":"2025-04-23T11:52:29","modified_gmt":"2025-04-23T11:52:29","slug":"poisson-ange-royal-15-ml-phi","status":"publish","type":"product","link":"https:\/\/artstella-elixirs-floraux.com\/en\/product\/poisson-ange-royal-15-ml-phi\/","title":{"rendered":"POISSON ANGE ROYAL 15 ML PHI"},"content":{"rendered":"<p>\u00a0Emotionnellement il nous aide dans les passages difficiles quand nous nous sentons seuls, \u00e0 repousser nos pens\u00e9es sombres et \u00e0 d\u00e9velopper de la joie. Il soutient la dynamique de groupe et l\u2019esprit de famille.<\/p>","protected":false},"excerpt":{"rendered":"<p><span style=\"font-size: 14pt;color: #3366ff\"><strong>Poisson ange-royal <em>(Pygoplites diacanthus) <\/em>Kaiserfisch<\/strong><\/span><\/p>\n<p>Ce poisson vit au milieu du corail en groupe. Son \u00e9lixir favorise la communication et le sentiment d\u2019appartenance.<\/p>","protected":false},"featured_media":5166,"template":"","meta":[],"product_brand":[],"product_cat":[168],"product_tag":[],"class_list":{"0":"post-5165","1":"product","2":"type-product","3":"status-publish","4":"has-post-thumbnail","6":"product_cat-l-es-nouveaux-elixirs-de-la-mer","8":"first","9":"instock","10":"taxable","11":"shipping-taxable","12":"purchasable","13":"product-type-simple"},"etheme_brands":{"errors":{"invalid_taxonomy":["Invalid taxonomy."]},"error_data":[]},"jetpack_sharing_enabled":true,"jetpack-related-posts":[{"id":5530,"url":"https:\/\/artstella-elixirs-floraux.com\/en\/product\/coffret-210-elixirs-de-la-mer-15ml-phi\/","url_meta":{"origin":5165,"position":0},"title":"COFFRET (2)10 Elixirs de la MER 15ML PHI","author":"eveapprill","date":"9 March 2025","format":false,"excerpt":"Coffret (2) 10 \u00e9lixirs de la mer Contient : Corail de feu, Corail digitiforme, Corail cerveau, Poisson ange royal, Corail Sarcophyton, Benitier Tridacne, Spongiaires, Rascasse volante, Favite, Corail dendro","rel":"","context":"Similar post","block_context":{"text":"Similar post","link":""},"img":{"alt_text":"","src":"https:\/\/i0.wp.com\/artstella-elixirs-floraux.com\/wp-content\/uploads\/2025\/03\/wp-image1760.png?resize=350%2C200&ssl=1","width":350,"height":200},"classes":[]},{"id":3133,"url":"https:\/\/artstella-elixirs-floraux.com\/en\/product\/strelizia-royale-afrique-15-ml-phi\/","url_meta":{"origin":5165,"position":1},"title":"STRELIZIA ROYALE AFRIQUE 15 ML PHI","author":"eveapprill","date":"9 March 2025","format":false,"excerpt":"Strelizia royale (Strelizia reginae) (Paradiesvogelblume) Nous aide \u00e0 trouver la beaut\u00e9 int\u00e9rieure et \u00e0 relativiser les apparences. Nous apprenons \u00e0 nous accepter tels que nous sommes et \u00e0 suivre notre but.","rel":"","context":"Similar post","block_context":{"text":"Similar post","link":""},"img":{"alt_text":"","src":"https:\/\/i0.wp.com\/artstella-elixirs-floraux.com\/wp-content\/uploads\/2025\/03\/wp-image422.png?resize=350%2C200&ssl=1","width":350,"height":200},"classes":[]},{"id":4704,"url":"https:\/\/artstella-elixirs-floraux.com\/en\/product\/royal-highness-14-2ml-perelandra\/","url_meta":{"origin":5165,"position":2},"title":"ROYAL HIGHNESS 14.2ML PERELANDRA","author":"eveapprill","date":"9 March 2025","format":false,"excerpt":"ROYAL HIGHNESS 15 ML PERELANDRA","rel":"","context":"Similar post","block_context":{"text":"Similar post","link":""},"img":{"alt_text":"","src":"https:\/\/i0.wp.com\/artstella-elixirs-floraux.com\/wp-content\/uploads\/2025\/03\/wp-image1282.png?resize=350%2C200&ssl=1","width":350,"height":200},"classes":[]},{"id":11308,"url":"https:\/\/artstella-elixirs-floraux.com\/en\/product\/calling-all-angels-appeler-tous-les-anges-spray\/","url_meta":{"origin":5165,"position":3},"title":"Calling All Angels &#8211; Appeler tous les Anges-  Spray","author":"eveapprill","date":"31 August 2025","format":false,"excerpt":"Le spray Calling All Angels apporte une \u00e9nergie sacr\u00e9e et paisible \u00e0 notre environnement, o\u00f9 que nous nous trouvions. Les enfants adorent en vaporiser leur chambre avant de dormir, pour cr\u00e9er un sentiment de protection et s'assurer un sommeil profond et r\u00e9parateur.","rel":"","context":"Similar post","block_context":{"text":"Similar post","link":""},"img":{"alt_text":"","src":"https:\/\/i0.wp.com\/artstella-elixirs-floraux.com\/wp-content\/uploads\/2025\/08\/calling.jpg?resize=350%2C200&ssl=1","width":350,"height":200},"classes":[]},{"id":5261,"url":"https:\/\/artstella-elixirs-floraux.com\/en\/product\/jeu-de-23-cartes-danges\/","url_meta":{"origin":5165,"position":4},"title":"Jeu de 23 cartes d&rsquo;anges","author":"eveapprill","date":"9 March 2025","format":false,"excerpt":"Jeu de 23 cartes d'Anges avec une phrase d'affirmation positive dont Andr\u00e9as Korte a r\u00e9alis\u00e9 un \u00e9lixir.","rel":"","context":"Similar post","block_context":{"text":"Similar post","link":""},"img":{"alt_text":"","src":"https:\/\/i0.wp.com\/artstella-elixirs-floraux.com\/wp-content\/uploads\/2025\/03\/wp-image1535.png?resize=350%2C200&ssl=1","width":350,"height":200,"srcset":"https:\/\/i0.wp.com\/artstella-elixirs-floraux.com\/wp-content\/uploads\/2025\/03\/wp-image1535.png?resize=350%2C200&ssl=1 1x, https:\/\/i0.wp.com\/artstella-elixirs-floraux.com\/wp-content\/uploads\/2025\/03\/wp-image1535.png?resize=525%2C300&ssl=1 1.5x"},"classes":[]},{"id":3748,"url":"https:\/\/artstella-elixirs-floraux.com\/en\/product\/nuns-dome-coiffe-cuba-15ml-phi\/","url_meta":{"origin":5165,"position":5},"title":"NUNS DOME COIFFE (CUBA) 15ML PHI","author":"eveapprill","date":"9 March 2025","format":false,"excerpt":"NONNENHAUBE Prosthechea cochleata\u00a0\u00ab\u00a0Voilette de nonne\u00a0\u00bbOrchid\u00e9e en forme d\u2019ange avec une voilette sur la t\u00eate. C\u2019est une esp\u00e8ce end\u00e9mique des Cara\u00efbes.","rel":"","context":"Similar post","block_context":{"text":"Similar post","link":""},"img":{"alt_text":"","src":"","width":0,"height":0},"classes":[]}],"_links":{"self":[{"href":"https:\/\/artstella-elixirs-floraux.com\/en\/wp-json\/wp\/v2\/product\/5165","targetHints":{"allow":["GET"]}}],"collection":[{"href":"https:\/\/artstella-elixirs-floraux.com\/en\/wp-json\/wp\/v2\/product"}],"about":[{"href":"https:\/\/artstella-elixirs-floraux.com\/en\/wp-json\/wp\/v2\/types\/product"}],"version-history":[{"count":0,"href":"https:\/\/artstella-elixirs-floraux.com\/en\/wp-json\/wp\/v2\/product\/5165\/revisions"}],"wp:featuredmedia":[{"embeddable":true,"href":"https:\/\/artstella-elixirs-floraux.com\/en\/wp-json\/wp\/v2\/media\/5166"}],"wp:attachment":[{"href":"https:\/\/artstella-elixirs-floraux.com\/en\/wp-json\/wp\/v2\/media?parent=5165"}],"wp:term":[{"taxonomy":"product_brand","embeddable":true,"href":"https:\/\/artstella-elixirs-floraux.com\/en\/wp-json\/wp\/v2\/product_brand?post=5165"},{"taxonomy":"product_cat","embeddable":true,"href":"https:\/\/artstella-elixirs-floraux.com\/en\/wp-json\/wp\/v2\/product_cat?post=5165"},{"taxonomy":"product_tag","embeddable":true,"href":"https:\/\/artstella-elixirs-floraux.com\/en\/wp-json\/wp\/v2\/product_tag?post=5165"}],"curies":[{"name":"wp","href":"https:\/\/api.w.org\/{rel}","templated":true}]}}