{"id":5167,"date":"2025-03-09T13:39:32","date_gmt":"2025-03-09T13:39:32","guid":{"rendered":"https:\/\/artstella-elixirs-floraux.com\/product\/sarcophyton-15-ml-phi\/"},"modified":"2025-06-08T12:50:48","modified_gmt":"2025-06-08T12:50:48","slug":"sarcophyton-15-ml-phi","status":"publish","type":"product","link":"https:\/\/artstella-elixirs-floraux.com\/en\/product\/sarcophyton-15-ml-phi\/","title":{"rendered":"SARCOPHYTON 15 ML PHI"},"content":{"rendered":"<p>Rappelant par sa\u00a0 forme un champignon.L\u2019action de l\u2019\u00e9lixir nettoie \u00e9nerg\u00e9tiquement la peau et renforce la structuration. En cas de br\u00fblures, il apaise au niveau \u00e9nerg\u00e9tique, soutient la force vitale et les processus de r\u00e9g\u00e9n\u00e9ration. Au plan \u00e9motionnel, il aide les personnes qui se sentent tr\u00e8s bless\u00e9es \u00e0 se reprendre et \u00e0 pouvoir trouver et d\u00e9velopper de nouveaux liens sociaux.\u00a0<\/p>","protected":false},"excerpt":{"rendered":"<p><span style=\"color: #0000ff\"><strong><span style=\"font-size: 14pt\">Sarcophyton (Sarcophyton) Pilzf\u00f6rmige Lederkoralle<\/span><\/strong><\/span><\/p>\n<p>Ce corail pousse sur un style et forme une colonie de cnidaires (famille des coraux, an\u00e9mones de mer&#8230;)\u00a0<\/p>","protected":false},"featured_media":5168,"template":"","meta":[],"product_brand":[],"product_cat":[168],"product_tag":[],"class_list":{"0":"post-5167","1":"product","2":"type-product","3":"status-publish","4":"has-post-thumbnail","6":"product_cat-l-es-nouveaux-elixirs-de-la-mer","8":"first","9":"instock","10":"taxable","11":"shipping-taxable","12":"purchasable","13":"product-type-simple"},"etheme_brands":{"errors":{"invalid_taxonomy":["Invalid taxonomy."]},"error_data":[]},"jetpack_sharing_enabled":true,"jetpack-related-posts":[{"id":6042,"url":"https:\/\/artstella-elixirs-floraux.com\/en\/product\/elixir-ocean-n07-phi-15ml\/","url_meta":{"origin":5167,"position":0},"title":"ELIXIR OCEAN N\u00b007 PHI 15ML","author":"eveapprill","date":"9 March 2025","format":false,"excerpt":"L\u2018\u00e9lixir soutient les processus d\u2019\u00e9volution. Apporte un soutien \u00e9nerg\u00e9tique au d\u00e9veloppement cellulaire, \u00e0 leur formation et transformation.\u00a0A l\u2019image de la chenille qui forme un cocon et du cocon sort un papillon, il nous aide \u00e0 murir et \u00e0 poursuivre notre d\u00e9veloppement. Pour atteindre nos buts dans la vie.","rel":"","context":"Similar post","block_context":{"text":"Similar post","link":""},"img":{"alt_text":"","src":"https:\/\/i0.wp.com\/artstella-elixirs-floraux.com\/wp-content\/uploads\/2025\/03\/wp-image2045.png?resize=350%2C200&ssl=1","width":350,"height":200},"classes":[]},{"id":5045,"url":"https:\/\/artstella-elixirs-floraux.com\/en\/product\/aragonite-7-5-ml-gem-sup\/","url_meta":{"origin":5167,"position":1},"title":"ARAGONITE 7.5 ML GEM SUP","author":"eveapprill","date":"9 March 2025","format":false,"excerpt":"Aragonite - Aragonite Indication : mauvaise hygi\u00e8ne \u00e9nerg\u00e9tique; incapacit\u00e9 \u00e0 garder un \u00e9quilibre psychique\u00a0; exc\u00e8s de stimulation due \u00e0 un manque d\u2019enracinement\u00a0; tendance \u00e0 se m\u00e9langer \u00e9nerg\u00e9tiquement avec les autres.","rel":"","context":"Similar post","block_context":{"text":"Similar post","link":""},"img":{"alt_text":"","src":"https:\/\/i0.wp.com\/artstella-elixirs-floraux.com\/wp-content\/uploads\/2025\/03\/wp-image1399.png?resize=350%2C200&ssl=1","width":350,"height":200},"classes":[]},{"id":6209,"url":"https:\/\/artstella-elixirs-floraux.com\/en\/product\/elixir-ocean-n25-phi-15-ml\/","url_meta":{"origin":5167,"position":2},"title":"ELIXIR OCEAN N\u00b025 PHI 15 ML","author":"eveapprill","date":"9 March 2025","format":false,"excerpt":"ELIXIR OCEAN N\u00b025 agit \u00e9nerg\u00e9tiquement sur la peau. Nous prenons conscience de son r\u00f4le d\u2019enveloppe protectrice ce qui en favorise une stimulation \u00e9nerg\u00e9tique. (Les processus de r\u00e9g\u00e9n\u00e9ration sont soutenus \u00e9nerg\u00e9tiquement). Il a un effet nettoyant \u00e9nerg\u00e9tique sur l\u2019organisme \u2013 d\u00e9toxification par l\u2019excr\u00e9tion de l\u2019eau. La lymphe et la miction sont\u2026","rel":"","context":"Similar post","block_context":{"text":"Similar post","link":""},"img":{"alt_text":"","src":"","width":0,"height":0},"classes":[]},{"id":6038,"url":"https:\/\/artstella-elixirs-floraux.com\/en\/product\/elixir-ocean-n05-phi15ml\/","url_meta":{"origin":5167,"position":3},"title":"ELIXIR OCEAN N\u00b005 PHI15ML","author":"eveapprill","date":"9 March 2025","format":false,"excerpt":"La honte et la culpabilit\u00e9 profond\u00e9ment ancr\u00e9es dans le subconscient peuvent se dissoudre. Action \u00e9nerg\u00e9tique sur le 2\u00e8me chakra, les reins et les organes sexuels.","rel":"","context":"Similar post","block_context":{"text":"Similar post","link":""},"img":{"alt_text":"","src":"https:\/\/i0.wp.com\/artstella-elixirs-floraux.com\/wp-content\/uploads\/2025\/03\/wp-image2043.png?resize=350%2C200&ssl=1","width":350,"height":200},"classes":[]},{"id":3938,"url":"https:\/\/artstella-elixirs-floraux.com\/en\/product\/fourmi-phi-15-ml\/","url_meta":{"origin":5167,"position":4},"title":"FOURMI PHI 15 ML","author":"eveapprill","date":"27 May 2025","format":false,"excerpt":"Fourmi (Formicoidea) Ameise\u00a0 Il aide \u00e0 r\u00e9guler \u00e9nerg\u00e9tiquement l'acidit\u00e9 dans le corps,","rel":"","context":"Similar post","block_context":{"text":"Similar post","link":""},"img":{"alt_text":"","src":"","width":0,"height":0},"classes":[]},{"id":3276,"url":"https:\/\/artstella-elixirs-floraux.com\/en\/product\/ail-sauvage-phi-15-ml\/","url_meta":{"origin":5167,"position":5},"title":"AIL SAUVAGE PHI 15 ML","author":"eveapprill","date":"9 March 2025","format":false,"excerpt":"Ail sauvage (Allium angulosum) (Wilder Knoblauch) Agit \u00e9nerg\u00e9tiquement sur toutes les formes de peurs. Les \u00e9nergies bloqu\u00e9es sont lib\u00e9r\u00e9es et l'ensemble de notre syst\u00e8me se renforce.","rel":"","context":"Similar post","block_context":{"text":"Similar post","link":""},"img":{"alt_text":"","src":"https:\/\/i0.wp.com\/artstella-elixirs-floraux.com\/wp-content\/uploads\/2025\/03\/wp-image678.png?resize=350%2C200&ssl=1","width":350,"height":200},"classes":[]}],"_links":{"self":[{"href":"https:\/\/artstella-elixirs-floraux.com\/en\/wp-json\/wp\/v2\/product\/5167","targetHints":{"allow":["GET"]}}],"collection":[{"href":"https:\/\/artstella-elixirs-floraux.com\/en\/wp-json\/wp\/v2\/product"}],"about":[{"href":"https:\/\/artstella-elixirs-floraux.com\/en\/wp-json\/wp\/v2\/types\/product"}],"version-history":[{"count":0,"href":"https:\/\/artstella-elixirs-floraux.com\/en\/wp-json\/wp\/v2\/product\/5167\/revisions"}],"wp:featuredmedia":[{"embeddable":true,"href":"https:\/\/artstella-elixirs-floraux.com\/en\/wp-json\/wp\/v2\/media\/5168"}],"wp:attachment":[{"href":"https:\/\/artstella-elixirs-floraux.com\/en\/wp-json\/wp\/v2\/media?parent=5167"}],"wp:term":[{"taxonomy":"product_brand","embeddable":true,"href":"https:\/\/artstella-elixirs-floraux.com\/en\/wp-json\/wp\/v2\/product_brand?post=5167"},{"taxonomy":"product_cat","embeddable":true,"href":"https:\/\/artstella-elixirs-floraux.com\/en\/wp-json\/wp\/v2\/product_cat?post=5167"},{"taxonomy":"product_tag","embeddable":true,"href":"https:\/\/artstella-elixirs-floraux.com\/en\/wp-json\/wp\/v2\/product_tag?post=5167"}],"curies":[{"name":"wp","href":"https:\/\/api.w.org\/{rel}","templated":true}]}}