{"id":5170,"date":"2025-03-09T13:39:35","date_gmt":"2025-03-09T13:39:35","guid":{"rendered":"https:\/\/artstella-elixirs-floraux.com\/product\/eponge-tubulaire-15-ml-phi\/"},"modified":"2025-06-08T12:50:48","modified_gmt":"2025-06-08T12:50:48","slug":"eponge-tubulaire-15-ml-phi","status":"publish","type":"product","link":"https:\/\/artstella-elixirs-floraux.com\/en\/product\/eponge-tubulaire-15-ml-phi\/","title":{"rendered":"EPONGE TUBULAIRE 15 ML PHI"},"content":{"rendered":"<p>Les vieilles m\u00e9moires peuvent \u00eatre filtr\u00e9es et nous pouvons ainsi \u00eatre lib\u00e9r\u00e9s de leur poids<\/p>","protected":false},"excerpt":{"rendered":"<p><span style=\"color: #3366ff\"><strong><span style=\"font-size: 14pt\">Eponge tubulaire \u00e0 \u00e9pines\u00a0 <em>(Callyspongia sp.) <\/em>R\u00f6hrenschwamm\u00a0<\/span> <\/strong><\/span><\/p>\n<p>De la m\u00eame fa\u00e7on que cette \u00e9ponge filtre l\u2019eau de mer, son \u00e9lixir soutient \u00e9nerg\u00e9tiquement les fonctions du foie et des reins, de fa\u00e7on \u00e0 \u00e9liminer les toxines.\u00a0<\/p>","protected":false},"featured_media":5171,"template":"","meta":[],"product_brand":[],"product_cat":[168],"product_tag":[],"class_list":{"0":"post-5170","1":"product","2":"type-product","3":"status-publish","4":"has-post-thumbnail","6":"product_cat-l-es-nouveaux-elixirs-de-la-mer","8":"first","9":"instock","10":"taxable","11":"shipping-taxable","12":"purchasable","13":"product-type-simple"},"etheme_brands":{"errors":{"invalid_taxonomy":["Invalid taxonomy."]},"error_data":[]},"jetpack_sharing_enabled":true,"jetpack-related-posts":[{"id":5247,"url":"https:\/\/artstella-elixirs-floraux.com\/en\/product\/defend-protect-and-purify-15-ml\/","url_meta":{"origin":5170,"position":0},"title":"DEFEND PROTECT AND PURIFY 15 ML","author":"eveapprill","date":"9 March 2025","format":false,"excerpt":"Defend Protect & Purify ( compos\u00e9 de Defender frome the Dark, Protective Presence et Joyous Purification) Aide \u00e0 nettoyer le corps \u00e9th\u00e9rique des entit\u00e9s de bases \u00e9nergies. A tester en relation avec le 1er et le 2\u00e8me chakra. Peut \u00eatre utilis\u00e9 aussi bien par voie orale que de fa\u00e7on externe.","rel":"","context":"Similar post","block_context":{"text":"Similar post","link":""},"img":{"alt_text":"","src":"https:\/\/i0.wp.com\/artstella-elixirs-floraux.com\/wp-content\/uploads\/2025\/03\/ecb69ce2-ef0f-4bad-8272-8f4b7737aef1.jpg?resize=350%2C200&ssl=1","width":350,"height":200,"srcset":"https:\/\/i0.wp.com\/artstella-elixirs-floraux.com\/wp-content\/uploads\/2025\/03\/ecb69ce2-ef0f-4bad-8272-8f4b7737aef1.jpg?resize=350%2C200&ssl=1 1x, https:\/\/i0.wp.com\/artstella-elixirs-floraux.com\/wp-content\/uploads\/2025\/03\/ecb69ce2-ef0f-4bad-8272-8f4b7737aef1.jpg?resize=525%2C300&ssl=1 1.5x, https:\/\/i0.wp.com\/artstella-elixirs-floraux.com\/wp-content\/uploads\/2025\/03\/ecb69ce2-ef0f-4bad-8272-8f4b7737aef1.jpg?resize=700%2C400&ssl=1 2x"},"classes":[]},{"id":2094,"url":"https:\/\/artstella-elixirs-floraux.com\/en\/product\/blue-elf-viola-alaskan\/","url_meta":{"origin":5170,"position":1},"title":"Blue Elf Viola Alaskan","author":"eveapprill","date":"9 March 2025","format":false,"excerpt":"Blue Elf Viola Pour ceux qui sont incapables d'exprimer leur col\u00e8re d'une mani\u00e8re claire et non-violente, plus sp\u00e9cialement dans les groupes. Permet de dissoudre l'\u00e9nergie protectrice autour de votre col\u00e8re, rage ou frustrations et facilite la compr\u00e9hension de la racine de ces \u00e9motions de fa\u00e7on \u00e0 ce qu'elle puisse \u00eatre\u2026","rel":"","context":"Similar post","block_context":{"text":"Similar post","link":""},"img":{"alt_text":"","src":"https:\/\/i0.wp.com\/artstella-elixirs-floraux.com\/wp-content\/uploads\/2025\/03\/wp-image43.png?resize=350%2C200&ssl=1","width":350,"height":200},"classes":[]},{"id":2299,"url":"https:\/\/artstella-elixirs-floraux.com\/en\/product\/spiraea-alaskan\/","url_meta":{"origin":5170,"position":2},"title":"Spiraea Alaskan","author":"eveapprill","date":"9 March 2025","format":false,"excerpt":"Spiraea. Spirea beauverdiana Ne se sent pas soutenu par la vie, met ses propres limitations \u00e0 la fa\u00e7on dont la vie nous soutient, attachement aux choses telles qu'elles sont m\u00eame si on ne les aime pas.","rel":"","context":"Similar post","block_context":{"text":"Similar post","link":""},"img":{"alt_text":"","src":"https:\/\/i0.wp.com\/artstella-elixirs-floraux.com\/wp-content\/uploads\/2025\/03\/wp-image588.png?resize=350%2C200&ssl=1","width":350,"height":200},"classes":[]},{"id":6288,"url":"https:\/\/artstella-elixirs-floraux.com\/en\/product\/tomillo-thym-sylfos-15ml\/","url_meta":{"origin":5170,"position":3},"title":"TOMILLO THYM SYLFOS 15ML","author":"eveapprill","date":"9 March 2025","format":false,"excerpt":"TOMILLO \/ Thym\u00a0(Thymus vulgaris) Pr\u00e9sence \u2013 l\u2019Elixir du Temps Aide \u00e0 dissoudre les sentiments d\u2019urgence et de manque de temps permettant de g\u00e9rer les \u00e9v\u00e9nements quotidiens de la vie de fa\u00e7on plus d\u00e9tendue. Il am\u00e9liore la concentration, augmente l'\u00e9nergie, et aide ceux qui s'adaptent aux changements de saison.","rel":"","context":"Similar post","block_context":{"text":"Similar post","link":""},"img":{"alt_text":"","src":"https:\/\/i0.wp.com\/artstella-elixirs-floraux.com\/wp-content\/uploads\/2025\/03\/wp-image2232.png?resize=350%2C200&ssl=1","width":350,"height":200},"classes":[]},{"id":6072,"url":"https:\/\/artstella-elixirs-floraux.com\/en\/product\/coffret-elixirs-ocean-20-fl-15ml\/","url_meta":{"origin":5170,"position":4},"title":"COFFRET ELIXIRS OCEAN 20 FL 15ML","author":"eveapprill","date":"9 March 2025","format":false,"excerpt":"COFFRET ELIXIRS OCEAN contient les 21 flacons de 15ML des nouveaux \u00e9lixirs \"Oc\u00e9an\" Ces nouveaux \u00e9lixirs proviennent des \u00eatres vivants des profondeurs. Ils cherchent les blocages dans les profondeurs de l\u2019inconscient cellulaire pour les mettre \u00e0 la lumi\u00e8re et en favoriser la transformation.","rel":"","context":"Similar post","block_context":{"text":"Similar post","link":""},"img":{"alt_text":"","src":"https:\/\/i0.wp.com\/artstella-elixirs-floraux.com\/wp-content\/uploads\/2025\/03\/wp-image2060.png?resize=350%2C200&ssl=1","width":350,"height":200,"srcset":"https:\/\/i0.wp.com\/artstella-elixirs-floraux.com\/wp-content\/uploads\/2025\/03\/wp-image2060.png?resize=350%2C200&ssl=1 1x, https:\/\/i0.wp.com\/artstella-elixirs-floraux.com\/wp-content\/uploads\/2025\/03\/wp-image2060.png?resize=525%2C300&ssl=1 1.5x, https:\/\/i0.wp.com\/artstella-elixirs-floraux.com\/wp-content\/uploads\/2025\/03\/wp-image2060.png?resize=700%2C400&ssl=1 2x"},"classes":[]},{"id":6308,"url":"https:\/\/artstella-elixirs-floraux.com\/en\/product\/unconditional-love-ltoe15ml\/","url_meta":{"origin":5170,"position":5},"title":"UNCONDITIONAL LOVE LTOE15ML","author":"eveapprill","date":"9 March 2025","format":false,"excerpt":"Unconditional Love \u2013 Amour Inconditionnel L\u2019\u00e2me aspire \u00e0 se reconnecter \u00e0 notre source ultime, avec l\u2019Etre qui est au-del\u00e0 de notre compr\u00e9hension. Une \u00e9tape cl\u00e9 sur ce chemin vers ce que certains appellent le Divin est de l\u00e2cher les sch\u00e9mas restrictifs qui conditionnent l\u2019ouverture du c\u0153ur aux autres.","rel":"","context":"Similar post","block_context":{"text":"Similar post","link":""},"img":{"alt_text":"","src":"https:\/\/i0.wp.com\/artstella-elixirs-floraux.com\/wp-content\/uploads\/2025\/03\/wp-image2242.png?resize=350%2C200&ssl=1","width":350,"height":200,"srcset":"https:\/\/i0.wp.com\/artstella-elixirs-floraux.com\/wp-content\/uploads\/2025\/03\/wp-image2242.png?resize=350%2C200&ssl=1 1x, https:\/\/i0.wp.com\/artstella-elixirs-floraux.com\/wp-content\/uploads\/2025\/03\/wp-image2242.png?resize=525%2C300&ssl=1 1.5x, https:\/\/i0.wp.com\/artstella-elixirs-floraux.com\/wp-content\/uploads\/2025\/03\/wp-image2242.png?resize=700%2C400&ssl=1 2x, https:\/\/i0.wp.com\/artstella-elixirs-floraux.com\/wp-content\/uploads\/2025\/03\/wp-image2242.png?resize=1050%2C600&ssl=1 3x, https:\/\/i0.wp.com\/artstella-elixirs-floraux.com\/wp-content\/uploads\/2025\/03\/wp-image2242.png?resize=1400%2C800&ssl=1 4x"},"classes":[]}],"_links":{"self":[{"href":"https:\/\/artstella-elixirs-floraux.com\/en\/wp-json\/wp\/v2\/product\/5170","targetHints":{"allow":["GET"]}}],"collection":[{"href":"https:\/\/artstella-elixirs-floraux.com\/en\/wp-json\/wp\/v2\/product"}],"about":[{"href":"https:\/\/artstella-elixirs-floraux.com\/en\/wp-json\/wp\/v2\/types\/product"}],"version-history":[{"count":0,"href":"https:\/\/artstella-elixirs-floraux.com\/en\/wp-json\/wp\/v2\/product\/5170\/revisions"}],"wp:featuredmedia":[{"embeddable":true,"href":"https:\/\/artstella-elixirs-floraux.com\/en\/wp-json\/wp\/v2\/media\/5171"}],"wp:attachment":[{"href":"https:\/\/artstella-elixirs-floraux.com\/en\/wp-json\/wp\/v2\/media?parent=5170"}],"wp:term":[{"taxonomy":"product_brand","embeddable":true,"href":"https:\/\/artstella-elixirs-floraux.com\/en\/wp-json\/wp\/v2\/product_brand?post=5170"},{"taxonomy":"product_cat","embeddable":true,"href":"https:\/\/artstella-elixirs-floraux.com\/en\/wp-json\/wp\/v2\/product_cat?post=5170"},{"taxonomy":"product_tag","embeddable":true,"href":"https:\/\/artstella-elixirs-floraux.com\/en\/wp-json\/wp\/v2\/product_tag?post=5170"}],"curies":[{"name":"wp","href":"https:\/\/api.w.org\/{rel}","templated":true}]}}