{"id":5172,"date":"2025-03-09T13:39:36","date_gmt":"2025-03-09T13:39:36","guid":{"rendered":"https:\/\/artstella-elixirs-floraux.com\/product\/rascasse-volante-15-ml-phi\/"},"modified":"2025-06-08T12:50:48","modified_gmt":"2025-06-08T12:50:48","slug":"rascasse-volante-15-ml-phi","status":"publish","type":"product","link":"https:\/\/artstella-elixirs-floraux.com\/en\/product\/rascasse-volante-15-ml-phi\/","title":{"rendered":"RASCASSE VOLANTE 15 ML PHI"},"content":{"rendered":"<p>Il agit \u00e9galement en \u00e9vacuant \u00e9nerg\u00e9tiquement les blocages de la t\u00eate au niveau mental, nous lib\u00e9rant de nos pens\u00e9es n\u00e9gatives et de nos poisons \u00e9motionnels. Il stimule nos \u00ab\u00a0antennes de l\u2019esprit\u00a0\u00bb, les cheveux, en nous lib\u00e9rant d\u2019anciennes charges \u00e9motionnelles n\u00e9gatives. Il aide \u00e0 clarifier \u00e9nerg\u00e9tiquement les situations dans les cas de conflits.<\/p>","protected":false},"excerpt":{"rendered":"<p><span style=\"font-size: 14pt;color: #3366ff\"><strong>Rascasse volante\u00a0\u00a0 (Pterois mil<\/strong><strong>e<\/strong><\/span><strong><span style=\"font-size: 14pt;color: #3366ff\">s) Rotfeuerfisch\u00a0<\/span>\u00a0 <\/strong><\/p>\n<p>Ce poisson venimeux peut parfois s\u2019av\u00e9rer mortel pour les humains.<\/p>\n<p>L\u2019\u00e9lixir soutient \u00e9nerg\u00e9tiquement la d\u00e9toxification de tout l\u2019organisme, en soutenant notamment les reins et le foie.<\/p>","protected":false},"featured_media":5173,"template":"","meta":[],"product_brand":[],"product_cat":[168],"product_tag":[],"class_list":{"0":"post-5172","1":"product","2":"type-product","3":"status-publish","4":"has-post-thumbnail","6":"product_cat-l-es-nouveaux-elixirs-de-la-mer","8":"first","9":"instock","10":"taxable","11":"shipping-taxable","12":"purchasable","13":"product-type-simple"},"etheme_brands":{"errors":{"invalid_taxonomy":["Invalid taxonomy."]},"error_data":[]},"jetpack_sharing_enabled":true,"jetpack-related-posts":[{"id":3649,"url":"https:\/\/artstella-elixirs-floraux.com\/en\/product\/49-renewing-life-ltoe-15-ml\/","url_meta":{"origin":5172,"position":0},"title":"RENEWING LIFE LTOE 15 ML","author":"eveapprill","date":"9 March 2025","format":false,"excerpt":"Renewing Life \/ Redonner vie : Subtil et profond, il agit doucement \u00e0 plusieurs niveaux : lib\u00e9rant, au niveau cellulaire, des anciens reliquats \u00e9nerg\u00e9tiques n\u00e9gatifs;","rel":"","context":"Similar post","block_context":{"text":"Similar post","link":""},"img":{"alt_text":"","src":"https:\/\/i0.wp.com\/artstella-elixirs-floraux.com\/wp-content\/uploads\/2025\/03\/50eb3023-9af5-4171-b38d-4ecf01690847.jpg?resize=350%2C200&ssl=1","width":350,"height":200,"srcset":"https:\/\/i0.wp.com\/artstella-elixirs-floraux.com\/wp-content\/uploads\/2025\/03\/50eb3023-9af5-4171-b38d-4ecf01690847.jpg?resize=350%2C200&ssl=1 1x, https:\/\/i0.wp.com\/artstella-elixirs-floraux.com\/wp-content\/uploads\/2025\/03\/50eb3023-9af5-4171-b38d-4ecf01690847.jpg?resize=525%2C300&ssl=1 1.5x, https:\/\/i0.wp.com\/artstella-elixirs-floraux.com\/wp-content\/uploads\/2025\/03\/50eb3023-9af5-4171-b38d-4ecf01690847.jpg?resize=700%2C400&ssl=1 2x"},"classes":[]},{"id":3470,"url":"https:\/\/artstella-elixirs-floraux.com\/en\/product\/grassette-des-alpes-15-ml-phi\/","url_meta":{"origin":5172,"position":1},"title":"GRASSETTE DES ALPES 15 ML PHI","author":"eveapprill","date":"9 March 2025","format":false,"excerpt":"Grassette des Alpes (Pinguicula alpina) (Alpenfettkraut) Nettoyage des diff\u00e9rents plans \u00e9nerg\u00e9tiques et dispersion des \u00ab\u00a0poisons\u00a0\u00bb \u00e9motionnels. Par les pens\u00e9es n\u00e9gatives et critiques, nous surchargeons nous-m\u00eames notre champ \u00e9nerg\u00e9tique. L'\u00e9lixir nous aide \u00e0 d\u00e9gager notre corps et notre aura de ces charges.","rel":"","context":"Similar post","block_context":{"text":"Similar post","link":""},"img":{"alt_text":"","src":"https:\/\/i0.wp.com\/artstella-elixirs-floraux.com\/wp-content\/uploads\/2025\/03\/wp-image432.png?resize=350%2C200&ssl=1","width":350,"height":200},"classes":[]},{"id":4022,"url":"https:\/\/artstella-elixirs-floraux.com\/en\/product\/cola-de-zorro-15-ml-sylfos\/","url_meta":{"origin":5172,"position":2},"title":"COLA DE ZORRO \/ HERBE DE LA PAMPA SYLFOS","author":"eveapprill","date":"9 March 2025","format":false,"excerpt":"COLA DE ZORRO Cortaderia araucana Purification et \u00e9quilibre des \u00e9motions Aide \u00e0 se lib\u00e9rer des \u00e9motions n\u00e9gatives et \u00e0 surmonter la d\u00e9tresse \u00e9motionnelle, l\u2019amertume, la frustration, la haine\u2026","rel":"","context":"Similar post","block_context":{"text":"Similar post","link":""},"img":{"alt_text":"","src":"","width":0,"height":0},"classes":[]},{"id":6296,"url":"https:\/\/artstella-elixirs-floraux.com\/en\/product\/complexe-n21-detox-emotionnelle\/","url_meta":{"origin":5172,"position":3},"title":"COMPLEXE N\u00b021 DETOX EMOTIONNELLE","author":"eveapprill","date":"9 March 2025","format":false,"excerpt":"Compos\u00e9 n\u00b021 D\u00e9tox \u00e9motionnelle Permet un nettoyage \u00e0 tous les niveaux de l'\u00eatre. Stimule l'\u00e9limination des toxines notamment au niveau \u00e9motionnel, \u00e9nerg\u00e9tique et spirituel. All\u00e8ge et revitalise. Accompagne les forces int\u00e9rieures de r\u00e9g\u00e9n\u00e9ration. \u00a0","rel":"","context":"Similar post","block_context":{"text":"Similar post","link":""},"img":{"alt_text":"","src":"https:\/\/i0.wp.com\/artstella-elixirs-floraux.com\/wp-content\/uploads\/2025\/03\/wp-image2235.png?resize=350%2C200&ssl=1","width":350,"height":200,"srcset":"https:\/\/i0.wp.com\/artstella-elixirs-floraux.com\/wp-content\/uploads\/2025\/03\/wp-image2235.png?resize=350%2C200&ssl=1 1x, https:\/\/i0.wp.com\/artstella-elixirs-floraux.com\/wp-content\/uploads\/2025\/03\/wp-image2235.png?resize=525%2C300&ssl=1 1.5x, https:\/\/i0.wp.com\/artstella-elixirs-floraux.com\/wp-content\/uploads\/2025\/03\/wp-image2235.png?resize=700%2C400&ssl=1 2x"},"classes":[]},{"id":6056,"url":"https:\/\/artstella-elixirs-floraux.com\/en\/product\/elixir-ocean-n14-phi-15ml\/","url_meta":{"origin":5172,"position":4},"title":"ELIXIR OCEAN N\u00b014 PHI 15ML","author":"eveapprill","date":"9 March 2025","format":false,"excerpt":"L\u2019\u00e9lixir agit \u00e9nerg\u00e9tiquement pour lib\u00e9rer des blocages tr\u00e8s profond\u00e9ment ancr\u00e9s. Il nous lib\u00e8re int\u00e9rieurement des anciennes barri\u00e8res et sch\u00e9mas qui limitent l\u2019estime de soi. L\u2019\u00e9lixir agit fortement sur le cerveau, activant les h\u00e9misph\u00e8res c\u00e9r\u00e9braux et le lobe frontal.","rel":"","context":"Similar post","block_context":{"text":"Similar post","link":""},"img":{"alt_text":"","src":"https:\/\/i0.wp.com\/artstella-elixirs-floraux.com\/wp-content\/uploads\/2025\/03\/wp-image2052.png?resize=350%2C200&ssl=1","width":350,"height":200},"classes":[]},{"id":12326,"url":"https:\/\/artstella-elixirs-floraux.com\/en\/product\/ambre-ambar-15-ml-sylfos\/","url_meta":{"origin":5172,"position":5},"title":"AMBRE &#8211; AMBAR 15 ml Sylfos","author":"eveapprill","date":"16 March 2026","format":false,"excerpt":"L'ambre lib\u00e8re les charges \u00e9motionnelles du pass\u00e9 qui g\u00e9n\u00e8rent une lourdeur ou une stagnation int\u00e9rieure. Il purifie le champ \u00e9nerg\u00e9tique et redonne vitalit\u00e9 et l\u00e9g\u00e8ret\u00e9. Il est particuli\u00e8rement utile dans les processus d'\u00e9puisement ou de purification \u00e9motionnelle profonde. Son \u00e9nergie transforme la densit\u00e9 en renouveau et en mouvement int\u00e9rieur.","rel":"","context":"Similar post","block_context":{"text":"Similar post","link":""},"img":{"alt_text":"","src":"https:\/\/i0.wp.com\/artstella-elixirs-floraux.com\/wp-content\/uploads\/2026\/03\/Ambar_1.png?resize=350%2C200&ssl=1","width":350,"height":200},"classes":[]}],"_links":{"self":[{"href":"https:\/\/artstella-elixirs-floraux.com\/en\/wp-json\/wp\/v2\/product\/5172","targetHints":{"allow":["GET"]}}],"collection":[{"href":"https:\/\/artstella-elixirs-floraux.com\/en\/wp-json\/wp\/v2\/product"}],"about":[{"href":"https:\/\/artstella-elixirs-floraux.com\/en\/wp-json\/wp\/v2\/types\/product"}],"version-history":[{"count":0,"href":"https:\/\/artstella-elixirs-floraux.com\/en\/wp-json\/wp\/v2\/product\/5172\/revisions"}],"wp:featuredmedia":[{"embeddable":true,"href":"https:\/\/artstella-elixirs-floraux.com\/en\/wp-json\/wp\/v2\/media\/5173"}],"wp:attachment":[{"href":"https:\/\/artstella-elixirs-floraux.com\/en\/wp-json\/wp\/v2\/media?parent=5172"}],"wp:term":[{"taxonomy":"product_brand","embeddable":true,"href":"https:\/\/artstella-elixirs-floraux.com\/en\/wp-json\/wp\/v2\/product_brand?post=5172"},{"taxonomy":"product_cat","embeddable":true,"href":"https:\/\/artstella-elixirs-floraux.com\/en\/wp-json\/wp\/v2\/product_cat?post=5172"},{"taxonomy":"product_tag","embeddable":true,"href":"https:\/\/artstella-elixirs-floraux.com\/en\/wp-json\/wp\/v2\/product_tag?post=5172"}],"curies":[{"name":"wp","href":"https:\/\/api.w.org\/{rel}","templated":true}]}}