{"id":5176,"date":"2025-03-09T13:39:38","date_gmt":"2025-03-09T13:39:38","guid":{"rendered":"https:\/\/artstella-elixirs-floraux.com\/product\/corail-arbuscule-15-ml-phi\/"},"modified":"2025-06-08T12:50:48","modified_gmt":"2025-06-08T12:50:48","slug":"corail-arbuscule-15-ml-phi","status":"publish","type":"product","link":"https:\/\/artstella-elixirs-floraux.com\/en\/product\/corail-arbuscule-15-ml-phi\/","title":{"rendered":"CORAIL ARBUSCULE 15 ML PHI"},"content":{"rendered":"<p>Des pens\u00e9es \u00ab\u00a0noires\u00a0\u00bb engendr\u00e9es par la col\u00e8re, le stress ou la jalousie peuvent ainsi \u00eatre transform\u00e9es. Nous pouvons apprendre \u00e0 \u00eatre plus conscients de nos pens\u00e9es et \u00e0 \u00e9clairer nos sentiments par des pens\u00e9es positives.<\/p>","protected":false},"excerpt":{"rendered":"<p><strong><span style=\"font-size: 14pt;color: #3366ff\">Corail arbuscule (Dendrophyllia sp.) Z\u00e4pfchenkoralle<\/span>\u00a0<\/strong><\/p>\n<p>L\u2019\u00e9lixir agit sur des zones sombres du corps et des organes, en les transformant et soutenant les processus de nettoyage.\u00a0<\/p>","protected":false},"featured_media":5177,"template":"","meta":[],"product_brand":[],"product_cat":[168],"product_tag":[],"class_list":{"0":"post-5176","1":"product","2":"type-product","3":"status-publish","4":"has-post-thumbnail","6":"product_cat-l-es-nouveaux-elixirs-de-la-mer","8":"first","9":"instock","10":"taxable","11":"shipping-taxable","12":"purchasable","13":"product-type-simple"},"etheme_brands":{"errors":{"invalid_taxonomy":["Invalid taxonomy."]},"error_data":[]},"jetpack_sharing_enabled":true,"jetpack-related-posts":[{"id":5163,"url":"https:\/\/artstella-elixirs-floraux.com\/en\/product\/corail-cervau-phi-15-ml\/","url_meta":{"origin":5176,"position":0},"title":"Corail Cervau PHI 15 ml","author":"eveapprill","date":"9 March 2025","format":false,"excerpt":"Corail cerveau (Platygyra lamellia) Hirnkoralle\u00a0 Ce corail forme des colonies de plusieurs m\u00e8tres de hauteur. Sa structure montre une analogie avec le cerveau.","rel":"","context":"Similar post","block_context":{"text":"Similar post","link":""},"img":{"alt_text":"","src":"https:\/\/i0.wp.com\/artstella-elixirs-floraux.com\/wp-content\/uploads\/2025\/03\/808b3546-c9bc-4cf6-ab18-e0e8c809d5a0.jpg?resize=350%2C200&ssl=1","width":350,"height":200,"srcset":"https:\/\/i0.wp.com\/artstella-elixirs-floraux.com\/wp-content\/uploads\/2025\/03\/808b3546-c9bc-4cf6-ab18-e0e8c809d5a0.jpg?resize=350%2C200&ssl=1 1x, https:\/\/i0.wp.com\/artstella-elixirs-floraux.com\/wp-content\/uploads\/2025\/03\/808b3546-c9bc-4cf6-ab18-e0e8c809d5a0.jpg?resize=525%2C300&ssl=1 1.5x, https:\/\/i0.wp.com\/artstella-elixirs-floraux.com\/wp-content\/uploads\/2025\/03\/808b3546-c9bc-4cf6-ab18-e0e8c809d5a0.jpg?resize=700%2C400&ssl=1 2x"},"classes":[]},{"id":5160,"url":"https:\/\/artstella-elixirs-floraux.com\/en\/product\/corail-de-feu-millepora-dichotoma-feuerkoralle\/","url_meta":{"origin":5176,"position":1},"title":"Corail de feu (Millepora dichotoma) Feuerkoralle","author":"eveapprill","date":"9 March 2025","format":false,"excerpt":"Corail de feu\u00a0\u00a0 (Millepora dichotoma) Feuerkoralle\u00a0\u00a0 Cet \u00e9lixir exerce une action \u00e9nerg\u00e9tique sur la peau. Il soutient en cas d\u2019hypersensibilit\u00e9, de r\u00e9actions conditionn\u00e9es ou de r\u00e9pulsions.","rel":"","context":"Similar post","block_context":{"text":"Similar post","link":""},"img":{"alt_text":"","src":"","width":0,"height":0},"classes":[]},{"id":4954,"url":"https:\/\/artstella-elixirs-floraux.com\/en\/product\/northern-coral-root-alaskan-f-s\/","url_meta":{"origin":5176,"position":2},"title":"NORTHERN CORAL ROOT ALASKAN F S","author":"eveapprill","date":"9 March 2025","format":false,"excerpt":"Northern Coral Root \u00abRacine de Corail\u00a0\u00bb Aide \u00e0 transformer des \u00e9motions toxiques et d\u00e9s\u00e9quilibr\u00e9es, les formes-pens\u00e9es et les \u00e9nergies en les ramenant \u00e0 la lumi\u00e8re. Aide \u00e0 devenir plus conscient et respectueux de notre relation symbiotique avec la terre. Nous aide \u00e0 recevoir ce dont nous avons besoin \u00e0 travers\u2026","rel":"","context":"Similar post","block_context":{"text":"Similar post","link":""},"img":{"alt_text":"","src":"https:\/\/i0.wp.com\/artstella-elixirs-floraux.com\/wp-content\/uploads\/2025\/03\/wp-image1395-e1748848040392.png?resize=350%2C200&ssl=1","width":350,"height":200},"classes":[]},{"id":5165,"url":"https:\/\/artstella-elixirs-floraux.com\/en\/product\/poisson-ange-royal-15-ml-phi\/","url_meta":{"origin":5176,"position":3},"title":"POISSON ANGE ROYAL 15 ML PHI","author":"eveapprill","date":"9 March 2025","format":false,"excerpt":"Poisson ange-royal (Pygoplites diacanthus) Kaiserfisch Ce poisson vit au milieu du corail en groupe. Son \u00e9lixir favorise la communication et le sentiment d\u2019appartenance.","rel":"","context":"Similar post","block_context":{"text":"Similar post","link":""},"img":{"alt_text":"","src":"","width":0,"height":0},"classes":[]},{"id":5530,"url":"https:\/\/artstella-elixirs-floraux.com\/en\/product\/coffret-210-elixirs-de-la-mer-15ml-phi\/","url_meta":{"origin":5176,"position":4},"title":"COFFRET (2)10 Elixirs de la MER 15ML PHI","author":"eveapprill","date":"9 March 2025","format":false,"excerpt":"Coffret (2) 10 \u00e9lixirs de la mer Contient : Corail de feu, Corail digitiforme, Corail cerveau, Poisson ange royal, Corail Sarcophyton, Benitier Tridacne, Spongiaires, Rascasse volante, Favite, Corail dendro","rel":"","context":"Similar post","block_context":{"text":"Similar post","link":""},"img":{"alt_text":"","src":"https:\/\/i0.wp.com\/artstella-elixirs-floraux.com\/wp-content\/uploads\/2025\/03\/wp-image1760.png?resize=350%2C200&ssl=1","width":350,"height":200},"classes":[]},{"id":5162,"url":"https:\/\/artstella-elixirs-floraux.com\/en\/product\/corail-digitiforme-15-ml-phi\/","url_meta":{"origin":5176,"position":5},"title":"CORAIL DIGITIFORME 15 ML PHI","author":"eveapprill","date":"27 May 2025","format":false,"excerpt":"Corail digitiforme (Stylophora pistillata) Griffelkoralle Son \u00e9lixir agit \u00e9nerg\u00e9tiquement sur la structure et le squelette. Il renforce et permet d\u2019\u00e9tablir des structures. Il permet de se renforcer int\u00e9rieurement.","rel":"","context":"Similar post","block_context":{"text":"Similar post","link":""},"img":{"alt_text":"","src":"","width":0,"height":0},"classes":[]}],"_links":{"self":[{"href":"https:\/\/artstella-elixirs-floraux.com\/en\/wp-json\/wp\/v2\/product\/5176","targetHints":{"allow":["GET"]}}],"collection":[{"href":"https:\/\/artstella-elixirs-floraux.com\/en\/wp-json\/wp\/v2\/product"}],"about":[{"href":"https:\/\/artstella-elixirs-floraux.com\/en\/wp-json\/wp\/v2\/types\/product"}],"version-history":[{"count":0,"href":"https:\/\/artstella-elixirs-floraux.com\/en\/wp-json\/wp\/v2\/product\/5176\/revisions"}],"wp:featuredmedia":[{"embeddable":true,"href":"https:\/\/artstella-elixirs-floraux.com\/en\/wp-json\/wp\/v2\/media\/5177"}],"wp:attachment":[{"href":"https:\/\/artstella-elixirs-floraux.com\/en\/wp-json\/wp\/v2\/media?parent=5176"}],"wp:term":[{"taxonomy":"product_brand","embeddable":true,"href":"https:\/\/artstella-elixirs-floraux.com\/en\/wp-json\/wp\/v2\/product_brand?post=5176"},{"taxonomy":"product_cat","embeddable":true,"href":"https:\/\/artstella-elixirs-floraux.com\/en\/wp-json\/wp\/v2\/product_cat?post=5176"},{"taxonomy":"product_tag","embeddable":true,"href":"https:\/\/artstella-elixirs-floraux.com\/en\/wp-json\/wp\/v2\/product_tag?post=5176"}],"curies":[{"name":"wp","href":"https:\/\/api.w.org\/{rel}","templated":true}]}}