{"id":5181,"date":"2025-03-09T13:39:42","date_gmt":"2025-03-09T13:39:42","guid":{"rendered":"https:\/\/artstella-elixirs-floraux.com\/product\/le-livre-orchid-essence-healing-en-anglais\/"},"modified":"2025-03-09T13:39:42","modified_gmt":"2025-03-09T13:39:42","slug":"le-livre-orchid-essence-healing-en-anglais","status":"publish","type":"product","link":"https:\/\/artstella-elixirs-floraux.com\/en\/product\/le-livre-orchid-essence-healing-en-anglais\/","title":{"rendered":"Le livre Orchid Essence Healing en anglais"},"content":{"rendered":"","protected":false},"excerpt":{"rendered":"<p>Ce livre <strong>en anglais<\/strong> paru en 2010 est une introduction \u00e0 l&rsquo;utilisation des \u00e9lixirs d&rsquo;orchid\u00e9es LTOE par <strong>Don Dennis<\/strong>, cr\u00e9ateur de la gamme.<\/p>","protected":false},"featured_media":5182,"template":"","meta":[],"product_brand":[],"product_cat":[169],"product_tag":[],"class_list":{"0":"post-5181","1":"product","2":"type-product","3":"status-publish","4":"has-post-thumbnail","6":"product_cat-living-et-carte-tree-orchids","8":"first","9":"outofstock","10":"taxable","11":"shipping-taxable","12":"purchasable","13":"product-type-simple"},"etheme_brands":{"errors":{"invalid_taxonomy":["Invalid taxonomy."]},"error_data":[]},"jetpack_sharing_enabled":true,"jetpack-related-posts":[{"id":4592,"url":"https:\/\/artstella-elixirs-floraux.com\/en\/product\/petit-livre-bush-anglais\/","url_meta":{"origin":5181,"position":0},"title":"PETIT LIVRE BUSH en anglais","author":"eveapprill","date":"9 March 2025","format":false,"excerpt":"PETIT LIVRE BUSH en anglais Ce Livre de r\u00e9f\u00e9rence en anglais pr\u00e9sente les diff\u00e9rents \u00e9lixirs du Bush Australien. Il fait partie du coffret complet.","rel":"","context":"Similar post","block_context":{"text":"Similar post","link":""},"img":{"alt_text":"","src":"https:\/\/i0.wp.com\/artstella-elixirs-floraux.com\/wp-content\/uploads\/2025\/03\/Cheminer-avec-les-elixirs.jpg?resize=350%2C200&ssl=1","width":350,"height":200,"srcset":"https:\/\/i0.wp.com\/artstella-elixirs-floraux.com\/wp-content\/uploads\/2025\/03\/Cheminer-avec-les-elixirs.jpg?resize=350%2C200&ssl=1 1x, https:\/\/i0.wp.com\/artstella-elixirs-floraux.com\/wp-content\/uploads\/2025\/03\/Cheminer-avec-les-elixirs.jpg?resize=525%2C300&ssl=1 1.5x"},"classes":[]},{"id":4594,"url":"https:\/\/artstella-elixirs-floraux.com\/en\/product\/livre-white-light-anglais\/","url_meta":{"origin":5181,"position":1},"title":"LIVRE WHITE LIGHT anglais","author":"eveapprill","date":"9 March 2025","format":false,"excerpt":"LIVRE WHITE LIGHT anglais","rel":"","context":"Similar post","block_context":{"text":"Similar post","link":""},"img":{"alt_text":"","src":"","width":0,"height":0},"classes":[]},{"id":4197,"url":"https:\/\/artstella-elixirs-floraux.com\/en\/product\/livre-anglais-wild-earth-animal\/","url_meta":{"origin":5181,"position":2},"title":"LIVRE ANGLAIS WILD EARTH ANIMAL","author":"eveapprill","date":"9 March 2025","format":false,"excerpt":"Opuscule d\u00e9crivant les 45 premeirs \u00e9lixirs d'animaux r\u00e9alis\u00e9s par Daniel Mapel, en anglais.","rel":"","context":"Similar post","block_context":{"text":"Similar post","link":""},"img":{"alt_text":"","src":"https:\/\/i0.wp.com\/artstella-elixirs-floraux.com\/wp-content\/uploads\/2025\/03\/wp-image1352.png?resize=350%2C200&ssl=1","width":350,"height":200},"classes":[]},{"id":4598,"url":"https:\/\/artstella-elixirs-floraux.com\/en\/product\/animal-healing-bush-essences\/","url_meta":{"origin":5181,"position":3},"title":"ANIMAL HEALING BUSH ESSENCES","author":"eveapprill","date":"9 March 2025","format":false,"excerpt":"ANIMAL HEALING BUSH ESSENCES","rel":"","context":"Similar post","block_context":{"text":"Similar post","link":""},"img":{"alt_text":"","src":"","width":0,"height":0},"classes":[]},{"id":4596,"url":"https:\/\/artstella-elixirs-floraux.com\/en\/product\/happy-healthy-kids-bush-essences\/","url_meta":{"origin":5181,"position":4},"title":"HAPPY HEALTHY KIDS BUSH ESSENCES","author":"eveapprill","date":"9 March 2025","format":false,"excerpt":"HAPPY HEALTHY KIDS BUSH ESSENCES","rel":"","context":"Similar post","block_context":{"text":"Similar post","link":""},"img":{"alt_text":"","src":"","width":0,"height":0},"classes":[]},{"id":5178,"url":"https:\/\/artstella-elixirs-floraux.com\/en\/product\/cartes-ltoe-grang-modele\/","url_meta":{"origin":5181,"position":5},"title":"Cartes LTOE Grang mod\u00e8le","author":"eveapprill","date":"9 March 2025","format":false,"excerpt":"Un ensemble de 185 cartes (8.9 x 12.7cm) en anglais repr\u00e9sentant les principales essences des Living Tree Orchids","rel":"","context":"Similar post","block_context":{"text":"Similar post","link":""},"img":{"alt_text":"","src":"https:\/\/i0.wp.com\/artstella-elixirs-floraux.com\/wp-content\/uploads\/2025\/03\/wp-image1481.png?resize=350%2C200&ssl=1","width":350,"height":200,"srcset":"https:\/\/i0.wp.com\/artstella-elixirs-floraux.com\/wp-content\/uploads\/2025\/03\/wp-image1481.png?resize=350%2C200&ssl=1 1x, https:\/\/i0.wp.com\/artstella-elixirs-floraux.com\/wp-content\/uploads\/2025\/03\/wp-image1481.png?resize=525%2C300&ssl=1 1.5x"},"classes":[]}],"_links":{"self":[{"href":"https:\/\/artstella-elixirs-floraux.com\/en\/wp-json\/wp\/v2\/product\/5181","targetHints":{"allow":["GET"]}}],"collection":[{"href":"https:\/\/artstella-elixirs-floraux.com\/en\/wp-json\/wp\/v2\/product"}],"about":[{"href":"https:\/\/artstella-elixirs-floraux.com\/en\/wp-json\/wp\/v2\/types\/product"}],"version-history":[{"count":0,"href":"https:\/\/artstella-elixirs-floraux.com\/en\/wp-json\/wp\/v2\/product\/5181\/revisions"}],"wp:featuredmedia":[{"embeddable":true,"href":"https:\/\/artstella-elixirs-floraux.com\/en\/wp-json\/wp\/v2\/media\/5182"}],"wp:attachment":[{"href":"https:\/\/artstella-elixirs-floraux.com\/en\/wp-json\/wp\/v2\/media?parent=5181"}],"wp:term":[{"taxonomy":"product_brand","embeddable":true,"href":"https:\/\/artstella-elixirs-floraux.com\/en\/wp-json\/wp\/v2\/product_brand?post=5181"},{"taxonomy":"product_cat","embeddable":true,"href":"https:\/\/artstella-elixirs-floraux.com\/en\/wp-json\/wp\/v2\/product_cat?post=5181"},{"taxonomy":"product_tag","embeddable":true,"href":"https:\/\/artstella-elixirs-floraux.com\/en\/wp-json\/wp\/v2\/product_tag?post=5181"}],"curies":[{"name":"wp","href":"https:\/\/api.w.org\/{rel}","templated":true}]}}