{"id":5183,"date":"2025-03-09T13:39:43","date_gmt":"2025-03-09T13:39:43","guid":{"rendered":"https:\/\/artstella-elixirs-floraux.com\/product\/positive-flow-bleu\/"},"modified":"2025-08-28T16:58:45","modified_gmt":"2025-08-28T16:58:45","slug":"positive-flow-bleu","status":"publish","type":"product","link":"https:\/\/artstella-elixirs-floraux.com\/en\/product\/positive-flow-bleu\/","title":{"rendered":"POSITIVE FLOW SPRAY"},"content":{"rendered":"<p><strong>POSITIVE FLOW \/ ISSUE POSITIVE<\/strong> Dans les temps difficiles de l&rsquo;\u00e9conomie globalis\u00e9e, il peut \u00eatre facile de devenir d\u00e9faitiste, notamment en \u00e9coutant les mauvaises nouvelles diffus\u00e9es par la TV. \u00ab\u00a0Positive flow\u00a0\u00bb nous aide \u00e0 retrouver un esprit concentr\u00e9 sur le positif, qui en favorisera la concr\u00e9tisation dans nos vies. Ce spray est \u00e0 utiliser dans nos bureaux et nos maisons pour favoriser un flux sain et positif d&rsquo;abondance.<\/p>\n<p><em>\u00ab\u00a0<strong>Bleu<\/strong>\u00a0\u00bb avec Cardamone, Gen\u00e9vrier, C\u00e8dre de l&rsquo;Atlas et Poivre noir<\/em><\/p>","protected":false},"excerpt":{"rendered":"<p><strong>Positive Flow (Flux positif)<\/strong><\/p>\n<p>Est compos\u00e9 de \u00ab\u00a0Pushing back the Nigth\u00a0\u00bb et de \u00ab\u00a0Positive Outcome\u00a0\u00bb, pour favoriser l&rsquo;abondance. Cette combinaison a une forte action sur le plexus solaire de m\u00eame que le centre \u00ab\u00a0ajana\u00a0\u00bb entre les sourcils et soutient un sentiment de \u00ab\u00a0je peux le faire\u00a0\u00bb.<\/p>\n<p><em>\u00ab\u00a0<strong>Bleu<\/strong>\u00a0\u00bb avec Cardamone, Gen\u00e9vrier, C\u00e8dre de l&rsquo;Atlas et Poivre noir<\/em><\/p>","protected":false},"featured_media":5184,"template":"","meta":[],"product_brand":[],"product_cat":[133],"product_tag":[],"class_list":{"0":"post-5183","1":"product","2":"type-product","3":"status-publish","4":"has-post-thumbnail","6":"product_cat-les-sprays-bleus","8":"first","9":"instock","10":"taxable","11":"shipping-taxable","12":"purchasable","13":"product-type-variable"},"etheme_brands":{"errors":{"invalid_taxonomy":["Invalid taxonomy."]},"error_data":[]},"jetpack_sharing_enabled":true,"jetpack-related-posts":[{"id":3509,"url":"https:\/\/artstella-elixirs-floraux.com\/en\/product\/positive-flow-lto-15-ml\/","url_meta":{"origin":5183,"position":0},"title":"POSITIVE FLOW LTO 15 ML","author":"eveapprill","date":"9 March 2025","format":false,"excerpt":"Positive flow \/ Flux positif : Est compos\u00e9 de \"Pushing back the Nigth\" et de \"Positive Outcome\", pour favoriser l'abondance. Ce compos\u00e9 a une forte action sur le plexus solaire de m\u00eame que le centre \"ajana\" entre les sourcils et soutient un sentiment de \"je peux le faire","rel":"","context":"Similar post","block_context":{"text":"Similar post","link":""},"img":{"alt_text":"","src":"https:\/\/i0.wp.com\/artstella-elixirs-floraux.com\/wp-content\/uploads\/2025\/03\/dd7269bb-4eec-4fbd-b957-0f46453cd529.jpg?resize=350%2C200&ssl=1","width":350,"height":200,"srcset":"https:\/\/i0.wp.com\/artstella-elixirs-floraux.com\/wp-content\/uploads\/2025\/03\/dd7269bb-4eec-4fbd-b957-0f46453cd529.jpg?resize=350%2C200&ssl=1 1x, https:\/\/i0.wp.com\/artstella-elixirs-floraux.com\/wp-content\/uploads\/2025\/03\/dd7269bb-4eec-4fbd-b957-0f46453cd529.jpg?resize=525%2C300&ssl=1 1.5x, https:\/\/i0.wp.com\/artstella-elixirs-floraux.com\/wp-content\/uploads\/2025\/03\/dd7269bb-4eec-4fbd-b957-0f46453cd529.jpg?resize=700%2C400&ssl=1 2x"},"classes":[]},{"id":3633,"url":"https:\/\/artstella-elixirs-floraux.com\/en\/product\/42-positive-outcome-ltoe-15-ml\/","url_meta":{"origin":5183,"position":1},"title":"42. POSITIVE OUTCOME LTOE 15 ML","author":"eveapprill","date":"9 March 2025","format":false,"excerpt":"Positive Outcome\/ Issue positive Cet \u00e9lixir aide \u00e0 garder un optimisme \u00e0 toute \u00e9preuve et fournit une endurance remarquable.","rel":"","context":"Similar post","block_context":{"text":"Similar post","link":""},"img":{"alt_text":"","src":"https:\/\/i0.wp.com\/artstella-elixirs-floraux.com\/wp-content\/uploads\/2025\/03\/3b42a2f2-8bfb-46cb-bc88-cb3ba763587c.jpg?resize=350%2C200&ssl=1","width":350,"height":200,"srcset":"https:\/\/i0.wp.com\/artstella-elixirs-floraux.com\/wp-content\/uploads\/2025\/03\/3b42a2f2-8bfb-46cb-bc88-cb3ba763587c.jpg?resize=350%2C200&ssl=1 1x, https:\/\/i0.wp.com\/artstella-elixirs-floraux.com\/wp-content\/uploads\/2025\/03\/3b42a2f2-8bfb-46cb-bc88-cb3ba763587c.jpg?resize=525%2C300&ssl=1 1.5x, https:\/\/i0.wp.com\/artstella-elixirs-floraux.com\/wp-content\/uploads\/2025\/03\/3b42a2f2-8bfb-46cb-bc88-cb3ba763587c.jpg?resize=700%2C400&ssl=1 2x"},"classes":[]},{"id":3706,"url":"https:\/\/artstella-elixirs-floraux.com\/en\/product\/clear-and-relaesing-spray-blue\/","url_meta":{"origin":5183,"position":2},"title":"CLEAR AND RELEASING SPRAY BLUE","author":"eveapprill","date":"9 March 2025","format":false,"excerpt":"Clearing and releasing (Nettoyer et lib\u00e9rer) Pour faire face \u00e0 des \u00e9nergies profond\u00e9ment ancr\u00e9es et tr\u00e8s probl\u00e9matiques, soit au niveau de l'espace soit dans l'aura. Sert de \"space-clearing\", \"bleu\" Encens, Pamplemousse et Bois de Santal","rel":"","context":"Similar post","block_context":{"text":"Similar post","link":""},"img":{"alt_text":"","src":"","width":0,"height":0},"classes":[]},{"id":4531,"url":"https:\/\/artstella-elixirs-floraux.com\/en\/product\/collier-paradies-phi\/","url_meta":{"origin":5183,"position":3},"title":"COLLIER PARADIES PHI","author":"eveapprill","date":"9 March 2025","format":false,"excerpt":"Le pendentif \u00ab\u00a0Paradise\u00a0\u00bb\u00a0: Energie vitale En verre souffl\u00e9 transparent avec une perle de tourmaline noire Renforce l\u2019\u00e9nergie vitale ainsi que les pens\u00e9es positives. Aide les personnes dans les situations difficiles \u00e0 voir positivement et \u00e0 se relier au Divin.","rel":"","context":"Similar post","block_context":{"text":"Similar post","link":""},"img":{"alt_text":"","src":"","width":0,"height":0},"classes":[]},{"id":5191,"url":"https:\/\/artstella-elixirs-floraux.com\/en\/product\/soul-shield-spray\/","url_meta":{"origin":5183,"position":4},"title":"SOUL SHIELD SPRAY LTOE","author":"eveapprill","date":"9 March 2025","format":false,"excerpt":"Soul Shield + (Bouclier de l\u2019\u00e2me) Protection psychique Pour les moments o\u00f9 l\u2019on a besoin de protection. Prot\u00e8ge l\u2019aura corporelle ou les espaces de vie de l\u2019incursion d\u2019\u00e9nergies psychiques n\u00e9gatives. Les personnes travaillant avec la lumi\u00e8re peuvent facilement s\u2019attirer des d\u00e9fis divers et parfois des \u00e9nergies \u00ab\u00a0sombres\u00a0\u00bb. \u00ab\u00a0bleu\u00a0\u00bb avec les\u2026","rel":"","context":"Similar post","block_context":{"text":"Similar post","link":""},"img":{"alt_text":"","src":"https:\/\/i0.wp.com\/artstella-elixirs-floraux.com\/wp-content\/uploads\/2025\/03\/wp-image1737.png?resize=350%2C200&ssl=1","width":350,"height":200},"classes":[]},{"id":5199,"url":"https:\/\/artstella-elixirs-floraux.com\/en\/product\/immediate-reflief\/","url_meta":{"origin":5183,"position":5},"title":"IMMEDIATE REFLIEF SPRAY","author":"eveapprill","date":"9 March 2025","format":false,"excerpt":"Immediate Relief Aura Spray (Soulagement imm\u00e9diat) Le spray est efficace dans les situations d\u2019urgence et les moments de stress intenses. Dans des situations traumatisantes ou simplement stressantes. \u00ab\u00a0bleu\u00a0\u00bb avec des huiles essentielles de poivre noir Encens, Bois de Santal","rel":"","context":"Similar post","block_context":{"text":"Similar post","link":""},"img":{"alt_text":"","src":"","width":0,"height":0},"classes":[]}],"_links":{"self":[{"href":"https:\/\/artstella-elixirs-floraux.com\/en\/wp-json\/wp\/v2\/product\/5183","targetHints":{"allow":["GET"]}}],"collection":[{"href":"https:\/\/artstella-elixirs-floraux.com\/en\/wp-json\/wp\/v2\/product"}],"about":[{"href":"https:\/\/artstella-elixirs-floraux.com\/en\/wp-json\/wp\/v2\/types\/product"}],"version-history":[{"count":3,"href":"https:\/\/artstella-elixirs-floraux.com\/en\/wp-json\/wp\/v2\/product\/5183\/revisions"}],"predecessor-version":[{"id":11292,"href":"https:\/\/artstella-elixirs-floraux.com\/en\/wp-json\/wp\/v2\/product\/5183\/revisions\/11292"}],"wp:featuredmedia":[{"embeddable":true,"href":"https:\/\/artstella-elixirs-floraux.com\/en\/wp-json\/wp\/v2\/media\/5184"}],"wp:attachment":[{"href":"https:\/\/artstella-elixirs-floraux.com\/en\/wp-json\/wp\/v2\/media?parent=5183"}],"wp:term":[{"taxonomy":"product_brand","embeddable":true,"href":"https:\/\/artstella-elixirs-floraux.com\/en\/wp-json\/wp\/v2\/product_brand?post=5183"},{"taxonomy":"product_cat","embeddable":true,"href":"https:\/\/artstella-elixirs-floraux.com\/en\/wp-json\/wp\/v2\/product_cat?post=5183"},{"taxonomy":"product_tag","embeddable":true,"href":"https:\/\/artstella-elixirs-floraux.com\/en\/wp-json\/wp\/v2\/product_tag?post=5183"}],"curies":[{"name":"wp","href":"https:\/\/api.w.org\/{rel}","templated":true}]}}