{"id":5191,"date":"2025-03-09T13:39:53","date_gmt":"2025-03-09T13:39:53","guid":{"rendered":"https:\/\/artstella-elixirs-floraux.com\/product\/soul-shield-spray\/"},"modified":"2025-08-27T12:56:23","modified_gmt":"2025-08-27T12:56:23","slug":"soul-shield-spray","status":"publish","type":"product","link":"https:\/\/artstella-elixirs-floraux.com\/en\/product\/soul-shield-spray\/","title":{"rendered":"SOUL SHIELD SPRAY LTOE"},"content":{"rendered":"<p>De m\u00eame que la situation globale peut v\u00e9hiculer des \u00e9nergies difficiles. \u00ab\u00a0Soul shield\u00a0\u00bb apporte une protection sur de multiples niveaux, nous aidant \u00e0 laisser rayonner notre lumi\u00e8re int\u00e9rieure avec force et s\u00e9curit\u00e9. Avec\u00a0 <em>Knigt\u2019s Cloack, Protective Presence, Pushing back the Nigth et Defender from the Dark.<\/em><\/p>\n<p><em>\u00ab\u00a0<strong>bleu\u00a0<\/strong>\u00bb avec les huiles essentielles de santal, gen\u00e9vrier, pamplemousse<\/em><\/p>","protected":false},"excerpt":{"rendered":"<p><strong>Soul Shield + (Bouclier de l\u2019\u00e2me)<\/strong> Protection psychique<\/p>\n<p>Pour les moments o\u00f9 l\u2019on a besoin de protection. Prot\u00e8ge l\u2019aura corporelle ou les espaces de vie de l\u2019incursion d\u2019\u00e9nergies psychiques n\u00e9gatives. Les personnes travaillant avec la lumi\u00e8re peuvent facilement s\u2019attirer des d\u00e9fis divers et parfois des \u00e9nergies \u00ab\u00a0sombres\u00a0\u00bb.<\/p>\n<p><em>\u00ab\u00a0<strong>bleu\u00a0<\/strong>\u00bb avec les huiles essentielles de santal, gen\u00e9vrier, pamplemousse<\/em><\/p>","protected":false},"featured_media":5192,"template":"","meta":[],"product_brand":[],"product_cat":[134],"product_tag":[],"class_list":{"0":"post-5191","1":"product","2":"type-product","3":"status-publish","4":"has-post-thumbnail","6":"product_cat-les-sprays-defense-jaunes","8":"first","9":"instock","10":"taxable","11":"shipping-taxable","12":"purchasable","13":"product-type-variable"},"etheme_brands":{"errors":{"invalid_taxonomy":["Invalid taxonomy."]},"error_data":[]},"jetpack_sharing_enabled":true,"jetpack-related-posts":[{"id":3521,"url":"https:\/\/artstella-elixirs-floraux.com\/en\/product\/soul-shield-ltoe-15-ml\/","url_meta":{"origin":5191,"position":0},"title":"SOUL SHIELD + LTOE 15 ML","author":"eveapprill","date":"9 March 2025","format":false,"excerpt":"Bouclier de l\u2019\u00e2me \/ Soul Shield On a parfois besoin de se prot\u00e9ger, pour toutes sortes de raisons. Ceux qui travaillent avec la lumi\u00e8re peuvent, \u00e0 l\u2019occasion, \u00eatre sujets \u00e0 des attaques \u00e9nerg\u00e9tiques\u00a0;","rel":"","context":"Similar post","block_context":{"text":"Similar post","link":""},"img":{"alt_text":"","src":"https:\/\/i0.wp.com\/artstella-elixirs-floraux.com\/wp-content\/uploads\/2025\/03\/ed2b69e3-6c8e-46f6-92d8-02e5adb4a16f.jpg?resize=350%2C200&ssl=1","width":350,"height":200,"srcset":"https:\/\/i0.wp.com\/artstella-elixirs-floraux.com\/wp-content\/uploads\/2025\/03\/ed2b69e3-6c8e-46f6-92d8-02e5adb4a16f.jpg?resize=350%2C200&ssl=1 1x, https:\/\/i0.wp.com\/artstella-elixirs-floraux.com\/wp-content\/uploads\/2025\/03\/ed2b69e3-6c8e-46f6-92d8-02e5adb4a16f.jpg?resize=525%2C300&ssl=1 1.5x, https:\/\/i0.wp.com\/artstella-elixirs-floraux.com\/wp-content\/uploads\/2025\/03\/ed2b69e3-6c8e-46f6-92d8-02e5adb4a16f.jpg?resize=700%2C400&ssl=1 2x"},"classes":[]},{"id":5488,"url":"https:\/\/artstella-elixirs-floraux.com\/en\/product\/shield-of-light-spray\/","url_meta":{"origin":5191,"position":1},"title":"SHIELD OF LIGHT SPRAY","author":"eveapprill","date":"9 March 2025","format":false,"excerpt":"Shield of light - Bouclier de lumi\u00e8re Parmi les derni\u00e8res cr\u00e9ations de Don Denis en collaboration du Dr. Adrian Brito-Babapulle, voici un nouveau compos\u00e9 majeur pour se prot\u00e9ger des \u00e9nergies sombres. Sa formule permet \u00e0 l\u2019aura de refl\u00e9ter tel un miroir, de fa\u00e7on \u00e0 ce que de telles \u00e9nergies ne\u2026","rel":"","context":"Similar post","block_context":{"text":"Similar post","link":""},"img":{"alt_text":"","src":"","width":0,"height":0},"classes":[]},{"id":3713,"url":"https:\/\/artstella-elixirs-floraux.com\/en\/product\/defender-from-the-dark-spray\/","url_meta":{"origin":5191,"position":2},"title":"DEFENDER from the DARK SPRAY","author":"eveapprill","date":"9 March 2025","format":false,"excerpt":"Defender from the Dark (Protection de l\u2019obscurit\u00e9) En r\u00e9ponse aux d\u00e9fis dus au changement \u00e9nerg\u00e9tique global, cette orchid\u00e9e a demand\u00e9 \u00e0 \u00eatre pr\u00e9par\u00e9e en \u00e9lixir, en octobre 2010. Elle rappelle les images de Tolkien. Ainsi, bien que connaissant l\u2019ombre, elle n\u2019est pas de l\u2019ombre. \"Bleu\" : avec les huiles essentielles\u2026","rel":"","context":"Similar post","block_context":{"text":"Similar post","link":""},"img":{"alt_text":"sprays d\u00e9fense","src":"https:\/\/i0.wp.com\/artstella-elixirs-floraux.com\/wp-content\/uploads\/2025\/03\/wp-image1735.png?resize=350%2C200&ssl=1","width":350,"height":200},"classes":[]},{"id":5340,"url":"https:\/\/artstella-elixirs-floraux.com\/en\/product\/defend-and-protect\/","url_meta":{"origin":5191,"position":3},"title":"DEFEND and PROTECT SPRAY","author":"eveapprill","date":"9 March 2025","format":false,"excerpt":"Defend and Protect \/ D\u00e9fense et Protection \u00a0(Defender from the Dark et protective Presence) Il y a une similarit\u00e9 entre ces deux orchid\u00e9es en ce qu\u2019elles apportent une attention \u00e0 toute \u00e9preuve face aux influences malignes. Quand on doit faire face \u00e0 des entit\u00e9s n\u00e9gatives, ce compos\u00e9 apporte une armure\u2026","rel":"","context":"Similar post","block_context":{"text":"Similar post","link":""},"img":{"alt_text":"","src":"https:\/\/i0.wp.com\/artstella-elixirs-floraux.com\/wp-content\/uploads\/2025\/03\/wp-image1738.png?resize=350%2C200&ssl=1","width":350,"height":200},"classes":[]},{"id":3706,"url":"https:\/\/artstella-elixirs-floraux.com\/en\/product\/clear-and-relaesing-spray-blue\/","url_meta":{"origin":5191,"position":4},"title":"CLEAR AND RELEASING SPRAY BLUE","author":"eveapprill","date":"9 March 2025","format":false,"excerpt":"Clearing and releasing (Nettoyer et lib\u00e9rer) Pour faire face \u00e0 des \u00e9nergies profond\u00e9ment ancr\u00e9es et tr\u00e8s probl\u00e9matiques, soit au niveau de l'espace soit dans l'aura. Sert de \"space-clearing\", \"bleu\" Encens, Pamplemousse et Bois de Santal","rel":"","context":"Similar post","block_context":{"text":"Similar post","link":""},"img":{"alt_text":"","src":"","width":0,"height":0},"classes":[]},{"id":5124,"url":"https:\/\/artstella-elixirs-floraux.com\/en\/product\/shield-of-light-ltoe\/","url_meta":{"origin":5191,"position":5},"title":"SHIELD OF LIGHT &#8211; LTOE","author":"eveapprill","date":"9 March 2025","format":false,"excerpt":"Bouclier de Lumi\u00e8re - Elixir majeur pour se prot\u00e9ger des \u00e9nergies sombres. Sa formule permet \u00e0 l\u2019aura de refl\u00e9ter tel un miroir, de fa\u00e7on \u00e0 ce que de telles \u00e9nergies ne puissent pas la p\u00e9n\u00e9trer. En les r\u00e9fl\u00e9chissant, elle les renvoie vers la Source. L\u2019\u00e9lixir apporte courage et restaure la\u2026","rel":"","context":"Similar post","block_context":{"text":"Similar post","link":""},"img":{"alt_text":"","src":"https:\/\/i0.wp.com\/artstella-elixirs-floraux.com\/wp-content\/uploads\/2025\/03\/b5481c95-dc21-4a86-a775-92ba801c9614.jpg?resize=350%2C200&ssl=1","width":350,"height":200,"srcset":"https:\/\/i0.wp.com\/artstella-elixirs-floraux.com\/wp-content\/uploads\/2025\/03\/b5481c95-dc21-4a86-a775-92ba801c9614.jpg?resize=350%2C200&ssl=1 1x, https:\/\/i0.wp.com\/artstella-elixirs-floraux.com\/wp-content\/uploads\/2025\/03\/b5481c95-dc21-4a86-a775-92ba801c9614.jpg?resize=525%2C300&ssl=1 1.5x, https:\/\/i0.wp.com\/artstella-elixirs-floraux.com\/wp-content\/uploads\/2025\/03\/b5481c95-dc21-4a86-a775-92ba801c9614.jpg?resize=700%2C400&ssl=1 2x"},"classes":[]}],"_links":{"self":[{"href":"https:\/\/artstella-elixirs-floraux.com\/en\/wp-json\/wp\/v2\/product\/5191","targetHints":{"allow":["GET"]}}],"collection":[{"href":"https:\/\/artstella-elixirs-floraux.com\/en\/wp-json\/wp\/v2\/product"}],"about":[{"href":"https:\/\/artstella-elixirs-floraux.com\/en\/wp-json\/wp\/v2\/types\/product"}],"version-history":[{"count":1,"href":"https:\/\/artstella-elixirs-floraux.com\/en\/wp-json\/wp\/v2\/product\/5191\/revisions"}],"predecessor-version":[{"id":11278,"href":"https:\/\/artstella-elixirs-floraux.com\/en\/wp-json\/wp\/v2\/product\/5191\/revisions\/11278"}],"wp:featuredmedia":[{"embeddable":true,"href":"https:\/\/artstella-elixirs-floraux.com\/en\/wp-json\/wp\/v2\/media\/5192"}],"wp:attachment":[{"href":"https:\/\/artstella-elixirs-floraux.com\/en\/wp-json\/wp\/v2\/media?parent=5191"}],"wp:term":[{"taxonomy":"product_brand","embeddable":true,"href":"https:\/\/artstella-elixirs-floraux.com\/en\/wp-json\/wp\/v2\/product_brand?post=5191"},{"taxonomy":"product_cat","embeddable":true,"href":"https:\/\/artstella-elixirs-floraux.com\/en\/wp-json\/wp\/v2\/product_cat?post=5191"},{"taxonomy":"product_tag","embeddable":true,"href":"https:\/\/artstella-elixirs-floraux.com\/en\/wp-json\/wp\/v2\/product_tag?post=5191"}],"curies":[{"name":"wp","href":"https:\/\/api.w.org\/{rel}","templated":true}]}}