{"id":5199,"date":"2025-03-09T13:40:00","date_gmt":"2025-03-09T13:40:00","guid":{"rendered":"https:\/\/artstella-elixirs-floraux.com\/product\/immediate-reflief\/"},"modified":"2025-08-28T16:53:55","modified_gmt":"2025-08-28T16:53:55","slug":"immediate-reflief","status":"publish","type":"product","link":"https:\/\/artstella-elixirs-floraux.com\/en\/product\/immediate-reflief\/","title":{"rendered":"IMMEDIATE REFLIEF SPRAY"},"content":{"rendered":"<p><em><strong>IMMEDIATE RELIEF \/ APAISEMENT IMMEDIAT<\/strong> Pour apaiser les chocs profond\u00e9ment enfouis dans la psych\u00e9, apporte \u00e9galement un soutien spirituel. Quand nous avons tendance \u00e0 nous d\u00e9connecter des aspects \u00e9lev\u00e9s de notre \u00e2me ou de notre psych\u00e9. Soulage les chocs et nous reconnecte avec notre alignement int\u00e9rieur le plus haut.<\/em><\/p>\n<p><em>Avec : Blue Angel, Celestial Triangle, Centre Renewal, Fruits of Love, Night Soul, Silver Ghost, Voice of Courage and White Beauty.<\/em><\/p>\n<p><em>\u00ab\u00a0<strong>bleu\u00a0<\/strong>\u00bb avec des huiles essentielles de poivre noir Encens, Bois de Santal \u00ab\u00a0jaune\u00a0\u00bb avec les huiles essentielles de vanille, vetiver<\/em><\/p>","protected":false},"excerpt":{"rendered":"<p><strong><em>Immediate Relief Aura Spray (Soulagement imm\u00e9diat)<\/em><\/strong><\/p>\n<p>Le spray est efficace dans les situations d\u2019urgence et les moments de stress intenses. Dans des situations traumatisantes ou simplement stressantes.<\/p>\n<p><em>\u00ab\u00a0<strong>bleu\u00a0<\/strong>\u00bb avec des huiles essentielles de poivre noir Encens, Bois de Santal<\/em><\/p>","protected":false},"featured_media":5200,"template":"","meta":[],"product_brand":[],"product_cat":[133],"product_tag":[],"class_list":{"0":"post-5199","1":"product","2":"type-product","3":"status-publish","4":"has-post-thumbnail","6":"product_cat-les-sprays-bleus","8":"first","9":"instock","10":"taxable","11":"shipping-taxable","12":"purchasable","13":"product-type-variable"},"etheme_brands":{"errors":{"invalid_taxonomy":["Invalid taxonomy."]},"error_data":[]},"jetpack_sharing_enabled":true,"jetpack-related-posts":[{"id":3701,"url":"https:\/\/artstella-elixirs-floraux.com\/en\/product\/being-present-blue-spray\/","url_meta":{"origin":5199,"position":0},"title":"BEING PRESENT BLUE SPRAY","author":"eveapprill","date":"9 March 2025","format":false,"excerpt":"Being Present (Etre Pr\u00e9sent) Permet de se r\u00e9harmoniser apr\u00e8s un long voyage en avion (pour un effet accru utiliser \u00e9galement Being Present ou Being in time en gouttes) \u00ab\u00a0bleu\u00bb avec des huiles essentielles de Bois de Santal, Rose bulgare et lavande","rel":"","context":"Similar post","block_context":{"text":"Similar post","link":""},"img":{"alt_text":"","src":"","width":0,"height":0},"classes":[]},{"id":5191,"url":"https:\/\/artstella-elixirs-floraux.com\/en\/product\/soul-shield-spray\/","url_meta":{"origin":5199,"position":1},"title":"SOUL SHIELD SPRAY LTOE","author":"eveapprill","date":"9 March 2025","format":false,"excerpt":"Soul Shield + (Bouclier de l\u2019\u00e2me) Protection psychique Pour les moments o\u00f9 l\u2019on a besoin de protection. Prot\u00e8ge l\u2019aura corporelle ou les espaces de vie de l\u2019incursion d\u2019\u00e9nergies psychiques n\u00e9gatives. Les personnes travaillant avec la lumi\u00e8re peuvent facilement s\u2019attirer des d\u00e9fis divers et parfois des \u00e9nergies \u00ab\u00a0sombres\u00a0\u00bb. \u00ab\u00a0bleu\u00a0\u00bb avec les\u2026","rel":"","context":"Similar post","block_context":{"text":"Similar post","link":""},"img":{"alt_text":"","src":"https:\/\/i0.wp.com\/artstella-elixirs-floraux.com\/wp-content\/uploads\/2025\/03\/wp-image1737.png?resize=350%2C200&ssl=1","width":350,"height":200},"classes":[]},{"id":3713,"url":"https:\/\/artstella-elixirs-floraux.com\/en\/product\/defender-from-the-dark-spray\/","url_meta":{"origin":5199,"position":2},"title":"DEFENDER from the DARK SPRAY","author":"eveapprill","date":"9 March 2025","format":false,"excerpt":"Defender from the Dark (Protection de l\u2019obscurit\u00e9) En r\u00e9ponse aux d\u00e9fis dus au changement \u00e9nerg\u00e9tique global, cette orchid\u00e9e a demand\u00e9 \u00e0 \u00eatre pr\u00e9par\u00e9e en \u00e9lixir, en octobre 2010. Elle rappelle les images de Tolkien. Ainsi, bien que connaissant l\u2019ombre, elle n\u2019est pas de l\u2019ombre. \"Bleu\" : avec les huiles essentielles\u2026","rel":"","context":"Similar post","block_context":{"text":"Similar post","link":""},"img":{"alt_text":"sprays d\u00e9fense","src":"https:\/\/i0.wp.com\/artstella-elixirs-floraux.com\/wp-content\/uploads\/2025\/03\/wp-image1735.png?resize=350%2C200&ssl=1","width":350,"height":200},"classes":[]},{"id":3706,"url":"https:\/\/artstella-elixirs-floraux.com\/en\/product\/clear-and-relaesing-spray-blue\/","url_meta":{"origin":5199,"position":3},"title":"CLEAR AND RELEASING SPRAY BLUE","author":"eveapprill","date":"9 March 2025","format":false,"excerpt":"Clearing and releasing (Nettoyer et lib\u00e9rer) Pour faire face \u00e0 des \u00e9nergies profond\u00e9ment ancr\u00e9es et tr\u00e8s probl\u00e9matiques, soit au niveau de l'espace soit dans l'aura. Sert de \"space-clearing\", \"bleu\" Encens, Pamplemousse et Bois de Santal","rel":"","context":"Similar post","block_context":{"text":"Similar post","link":""},"img":{"alt_text":"","src":"","width":0,"height":0},"classes":[]},{"id":5336,"url":"https:\/\/artstella-elixirs-floraux.com\/en\/product\/silver-shadow-spray\/","url_meta":{"origin":5199,"position":4},"title":"SILVER SHADOW SPRAY","author":"eveapprill","date":"9 March 2025","format":false,"excerpt":"Silver Shadow \u2013 Ombre argent\u00e9e Aide \u00e0 percevoir les forces obscures ambiantes et nous permet de choisir ce que nous acceptons dans notre environnement. \u201cbleu\u201d avec les huiles de Leleshwa, Myrrhe et Neroli","rel":"","context":"Similar post","block_context":{"text":"Similar post","link":""},"img":{"alt_text":"","src":"https:\/\/i0.wp.com\/artstella-elixirs-floraux.com\/wp-content\/uploads\/2025\/03\/wp-image1739.png?resize=350%2C200&ssl=1","width":350,"height":200},"classes":[]},{"id":6086,"url":"https:\/\/artstella-elixirs-floraux.com\/en\/product\/gentle-sleep-spray-ltoe-100ml\/","url_meta":{"origin":5199,"position":5},"title":"Gentle sleep spray LTOE","author":"eveapprill","date":"9 March 2025","format":false,"excerpt":"Gentle sleep\u00a0 (Bon sommeil) De nos jours, les troubles du sommeil touchent un grand nombre de personnes. Pollution \u00e9lectromagn\u00e9tique, t\u00e9l\u00e9phones portables, t\u00e9l\u00e9phones sans fils, le WIFI peuvent alt\u00e9rer le sommeil. Ce spray a \u00e9t\u00e9 cr\u00e9\u00e9 pour prot\u00e9ger le sommeil de ces diff\u00e9rents stress.","rel":"","context":"Similar post","block_context":{"text":"Similar post","link":""},"img":{"alt_text":"","src":"https:\/\/i0.wp.com\/artstella-elixirs-floraux.com\/wp-content\/uploads\/2025\/03\/wp-image2120.png?resize=350%2C200&ssl=1","width":350,"height":200},"classes":[]}],"_links":{"self":[{"href":"https:\/\/artstella-elixirs-floraux.com\/en\/wp-json\/wp\/v2\/product\/5199","targetHints":{"allow":["GET"]}}],"collection":[{"href":"https:\/\/artstella-elixirs-floraux.com\/en\/wp-json\/wp\/v2\/product"}],"about":[{"href":"https:\/\/artstella-elixirs-floraux.com\/en\/wp-json\/wp\/v2\/types\/product"}],"version-history":[{"count":1,"href":"https:\/\/artstella-elixirs-floraux.com\/en\/wp-json\/wp\/v2\/product\/5199\/revisions"}],"predecessor-version":[{"id":11291,"href":"https:\/\/artstella-elixirs-floraux.com\/en\/wp-json\/wp\/v2\/product\/5199\/revisions\/11291"}],"wp:featuredmedia":[{"embeddable":true,"href":"https:\/\/artstella-elixirs-floraux.com\/en\/wp-json\/wp\/v2\/media\/5200"}],"wp:attachment":[{"href":"https:\/\/artstella-elixirs-floraux.com\/en\/wp-json\/wp\/v2\/media?parent=5199"}],"wp:term":[{"taxonomy":"product_brand","embeddable":true,"href":"https:\/\/artstella-elixirs-floraux.com\/en\/wp-json\/wp\/v2\/product_brand?post=5199"},{"taxonomy":"product_cat","embeddable":true,"href":"https:\/\/artstella-elixirs-floraux.com\/en\/wp-json\/wp\/v2\/product_cat?post=5199"},{"taxonomy":"product_tag","embeddable":true,"href":"https:\/\/artstella-elixirs-floraux.com\/en\/wp-json\/wp\/v2\/product_tag?post=5199"}],"curies":[{"name":"wp","href":"https:\/\/api.w.org\/{rel}","templated":true}]}}