{"id":5253,"date":"2025-03-09T13:40:44","date_gmt":"2025-03-09T13:40:44","guid":{"rendered":"https:\/\/artstella-elixirs-floraux.com\/product\/jeu-de-60-cartes-danimaux\/"},"modified":"2025-03-09T13:40:44","modified_gmt":"2025-03-09T13:40:44","slug":"jeu-de-60-cartes-danimaux","status":"publish","type":"product","link":"https:\/\/artstella-elixirs-floraux.com\/en\/product\/jeu-de-60-cartes-danimaux\/","title":{"rendered":"Jeu de 60 cartes d&rsquo;Animaux"},"content":{"rendered":"","protected":false},"excerpt":{"rendered":"<p>Jeu de cartes r\u00e9pr\u00e9senatnt les <strong>60 animaux<\/strong> dont Andr\u00e9as Korte a r\u00e9alis\u00e9 un \u00e9lixir (sans aucun dommage pour les animaux)<\/p>","protected":false},"featured_media":5254,"template":"","meta":[],"product_brand":[],"product_cat":[173],"product_tag":[],"class_list":{"0":"post-5253","1":"product","2":"type-product","3":"status-publish","4":"has-post-thumbnail","6":"product_cat-livres-et-cartes-phi","8":"first","9":"outofstock","10":"taxable","11":"shipping-taxable","12":"purchasable","13":"product-type-simple"},"etheme_brands":{"errors":{"invalid_taxonomy":["Invalid taxonomy."]},"error_data":[]},"jetpack_sharing_enabled":true,"jetpack-related-posts":[{"id":5356,"url":"https:\/\/artstella-elixirs-floraux.com\/en\/product\/cartes-du-chemin-de-guerison\/","url_meta":{"origin":5253,"position":0},"title":"CARTES DU CHEMIN DE GUERISON","author":"eveapprill","date":"9 March 2025","format":false,"excerpt":"Les cartes du chemin de Gu\u00e9rison par Daniel Mapel cr\u00e9ateur des \u00e9lixirs Wild Earth Animals ! Ce livre et les cartes des animaux vous permettent d'acc\u00e9der au coeur de l'enseignement de Daniel et des animaux!!!","rel":"","context":"Similar post","block_context":{"text":"Similar post","link":""},"img":{"alt_text":"","src":"https:\/\/i0.wp.com\/artstella-elixirs-floraux.com\/wp-content\/uploads\/2025\/03\/contenu-3D.png?resize=350%2C200&ssl=1","width":350,"height":200,"srcset":"https:\/\/i0.wp.com\/artstella-elixirs-floraux.com\/wp-content\/uploads\/2025\/03\/contenu-3D.png?resize=350%2C200&ssl=1 1x, https:\/\/i0.wp.com\/artstella-elixirs-floraux.com\/wp-content\/uploads\/2025\/03\/contenu-3D.png?resize=525%2C300&ssl=1 1.5x, https:\/\/i0.wp.com\/artstella-elixirs-floraux.com\/wp-content\/uploads\/2025\/03\/contenu-3D.png?resize=700%2C400&ssl=1 2x, https:\/\/i0.wp.com\/artstella-elixirs-floraux.com\/wp-content\/uploads\/2025\/03\/contenu-3D.png?resize=1050%2C600&ssl=1 3x, https:\/\/i0.wp.com\/artstella-elixirs-floraux.com\/wp-content\/uploads\/2025\/03\/contenu-3D.png?resize=1400%2C800&ssl=1 4x"},"classes":[]},{"id":4598,"url":"https:\/\/artstella-elixirs-floraux.com\/en\/product\/animal-healing-bush-essences\/","url_meta":{"origin":5253,"position":1},"title":"ANIMAL HEALING BUSH ESSENCES","author":"eveapprill","date":"9 March 2025","format":false,"excerpt":"ANIMAL HEALING BUSH ESSENCES","rel":"","context":"Similar post","block_context":{"text":"Similar post","link":""},"img":{"alt_text":"","src":"","width":0,"height":0},"classes":[]},{"id":4304,"url":"https:\/\/artstella-elixirs-floraux.com\/en\/product\/chipmunk-tamia-raye-wea-30-ml\/","url_meta":{"origin":5253,"position":2},"title":"CHIPMUNK\/TAMIA RAYE WEA 30 ML","author":"eveapprill","date":"9 March 2025","format":false,"excerpt":"Chipmunk (tamia ray\u00e9) Spontan\u00e9it\u00e9 espi\u00e8gle\u00a0; exub\u00e9rance enfantine\u00a0; jeu d\u2019enfant\u00a0; vivre la vie comme un jeu joyeux.","rel":"","context":"Similar post","block_context":{"text":"Similar post","link":""},"img":{"alt_text":"","src":"https:\/\/i0.wp.com\/artstella-elixirs-floraux.com\/wp-content\/uploads\/2025\/03\/wp-image2289.png?resize=350%2C200&ssl=1","width":350,"height":200,"srcset":"https:\/\/i0.wp.com\/artstella-elixirs-floraux.com\/wp-content\/uploads\/2025\/03\/wp-image2289.png?resize=350%2C200&ssl=1 1x, https:\/\/i0.wp.com\/artstella-elixirs-floraux.com\/wp-content\/uploads\/2025\/03\/wp-image2289.png?resize=525%2C300&ssl=1 1.5x, https:\/\/i0.wp.com\/artstella-elixirs-floraux.com\/wp-content\/uploads\/2025\/03\/wp-image2289.png?resize=700%2C400&ssl=1 2x"},"classes":[]},{"id":4273,"url":"https:\/\/artstella-elixirs-floraux.com\/en\/product\/squirrel-ecureuil-wea-30-ml\/","url_meta":{"origin":5253,"position":3},"title":"SQUIRREL\/ECUREUIL WEA 30 ML","author":"eveapprill","date":"9 March 2025","format":false,"excerpt":"Squirrel (\u00e9cureuil) Aide \u00e0 trouver une int\u00e9gration dynamique du travail et du jeu. Eveille la conscience de son enfant int\u00e9rieur plein d\u2019entrain. Pour faire de chaque t\u00e2che un jeu d\u00e9licieux. Favorise la capacit\u00e9 \u00e0 recueillir\/stocker les ressources","rel":"","context":"Similar post","block_context":{"text":"Similar post","link":""},"img":{"alt_text":"","src":"https:\/\/i0.wp.com\/artstella-elixirs-floraux.com\/wp-content\/uploads\/2025\/03\/wp-image2278.png?resize=350%2C200&ssl=1","width":350,"height":200,"srcset":"https:\/\/i0.wp.com\/artstella-elixirs-floraux.com\/wp-content\/uploads\/2025\/03\/wp-image2278.png?resize=350%2C200&ssl=1 1x, https:\/\/i0.wp.com\/artstella-elixirs-floraux.com\/wp-content\/uploads\/2025\/03\/wp-image2278.png?resize=525%2C300&ssl=1 1.5x, https:\/\/i0.wp.com\/artstella-elixirs-floraux.com\/wp-content\/uploads\/2025\/03\/wp-image2278.png?resize=700%2C400&ssl=1 2x"},"classes":[]},{"id":6233,"url":"https:\/\/artstella-elixirs-floraux.com\/en\/product\/liberte-animale-animal-freedom-10-m\/","url_meta":{"origin":5253,"position":4},"title":"LIBERTE ANIMALE  &#8211; Animal freedom","author":"eveapprill","date":"9 March 2025","format":false,"excerpt":"Ce compos\u00e9 contribue \u00e0 lib\u00e9rer l\u2019\u00e2me de l\u2019animal et \u00e0 le d\u00e9livrer des probl\u00e8mes et souffrances de son ma\u00eetre dont il s\u2019est charg\u00e9. Il soulage \u00e9galement des probl\u00e8mes et souffrances dont l\u2019animal peut \u00eatre victime des \u00eatres humains sur un niveau conscient ou inconscient","rel":"","context":"Similar post","block_context":{"text":"Similar post","link":""},"img":{"alt_text":"","src":"","width":0,"height":0},"classes":[]},{"id":5320,"url":"https:\/\/artstella-elixirs-floraux.com\/en\/product\/transport-deva-animaux-30-ml\/","url_meta":{"origin":5253,"position":5},"title":"TRANSPORT DEVA ANIMAUX 30 ML","author":"eveapprill","date":"9 March 2025","format":false,"excerpt":"TRANSPORT Ce compos\u00e9 est conseill\u00e9 dans toutes les situations o\u00f9 l'animal est amen\u00e9 \u00e0 se d\u00e9placer (court et long trajet). Il est recommand\u00e9 pour les animaux anxieux, en panique lors d'un d\u00e9placement ou sujets au mal des transports.TRANSPORT DEVA ANIMAUX 30 ML","rel":"","context":"Similar post","block_context":{"text":"Similar post","link":""},"img":{"alt_text":"Les Compos\u00e9s sp\u00e9cial animaux","src":"https:\/\/i0.wp.com\/artstella-elixirs-floraux.com\/wp-content\/uploads\/2025\/03\/608a0b90-ada5-4c87-8ea2-03a36415adf0.jpg?resize=350%2C200&ssl=1","width":350,"height":200,"srcset":"https:\/\/i0.wp.com\/artstella-elixirs-floraux.com\/wp-content\/uploads\/2025\/03\/608a0b90-ada5-4c87-8ea2-03a36415adf0.jpg?resize=350%2C200&ssl=1 1x, https:\/\/i0.wp.com\/artstella-elixirs-floraux.com\/wp-content\/uploads\/2025\/03\/608a0b90-ada5-4c87-8ea2-03a36415adf0.jpg?resize=525%2C300&ssl=1 1.5x, https:\/\/i0.wp.com\/artstella-elixirs-floraux.com\/wp-content\/uploads\/2025\/03\/608a0b90-ada5-4c87-8ea2-03a36415adf0.jpg?resize=700%2C400&ssl=1 2x"},"classes":[]}],"_links":{"self":[{"href":"https:\/\/artstella-elixirs-floraux.com\/en\/wp-json\/wp\/v2\/product\/5253","targetHints":{"allow":["GET"]}}],"collection":[{"href":"https:\/\/artstella-elixirs-floraux.com\/en\/wp-json\/wp\/v2\/product"}],"about":[{"href":"https:\/\/artstella-elixirs-floraux.com\/en\/wp-json\/wp\/v2\/types\/product"}],"version-history":[{"count":0,"href":"https:\/\/artstella-elixirs-floraux.com\/en\/wp-json\/wp\/v2\/product\/5253\/revisions"}],"wp:featuredmedia":[{"embeddable":true,"href":"https:\/\/artstella-elixirs-floraux.com\/en\/wp-json\/wp\/v2\/media\/5254"}],"wp:attachment":[{"href":"https:\/\/artstella-elixirs-floraux.com\/en\/wp-json\/wp\/v2\/media?parent=5253"}],"wp:term":[{"taxonomy":"product_brand","embeddable":true,"href":"https:\/\/artstella-elixirs-floraux.com\/en\/wp-json\/wp\/v2\/product_brand?post=5253"},{"taxonomy":"product_cat","embeddable":true,"href":"https:\/\/artstella-elixirs-floraux.com\/en\/wp-json\/wp\/v2\/product_cat?post=5253"},{"taxonomy":"product_tag","embeddable":true,"href":"https:\/\/artstella-elixirs-floraux.com\/en\/wp-json\/wp\/v2\/product_tag?post=5253"}],"curies":[{"name":"wp","href":"https:\/\/api.w.org\/{rel}","templated":true}]}}